{"id":4018,"date":"2024-12-12T23:27:32","date_gmt":"2024-12-12T15:27:32","guid":{"rendered":"https:\/\/www.jinpinlub.com\/?post_type=product&#038;p=4018"},"modified":"2024-12-13T05:49:09","modified_gmt":"2024-12-12T21:49:09","slug":"bomba-de-lubrificacao-eletrica-j200-5d-com-reservatorio-destacavel","status":"publish","type":"product","link":"https:\/\/www.jinpinlub.com\/pt\/product\/j200-5d-electric-lubrication-pump-with-detachable-reservoir\/","title":{"rendered":"Bomba de lubrifica\u00e7\u00e3o el\u00e9trica J200-5D com reservat\u00f3rio destac\u00e1vel"},"content":{"rendered":"<h2>Caracter\u00edsticas<\/h2>\n<p><span id=\"input-sentence~0\">1. Alimenta\u00e7\u00e3o e arranque<br \/>\nA bomba de lubrifica\u00e7\u00e3o \u00e9 alimentada por uma fonte de alimenta\u00e7\u00e3o de 24 V CC. Quando a energia \u00e9 ligada, o motor d\u00e1 partida. A corrente nominal do motor \u00e9 de 0,8 A. Dentro da faixa normal de alimenta\u00e7\u00e3o, o motor pode funcionar de forma est\u00e1vel e fornecer energia para a bomba.<\/span><span id=\"input-sentence~1\"><br \/>\n2. Entrega de lubrificante<br \/>\nO motor aciona a bomba de lubrifica\u00e7\u00e3o para funcionar. O lubrificante \u00e9 extra\u00eddo do recipiente de armazenamento ou cartucho atrav\u00e9s da estrutura interna, incluindo o \u00eambolo, engrenagens, etc., e \u00e9 entregue a cada ponto de lubrifica\u00e7\u00e3o da m\u00e1quina atrav\u00e9s da tubula\u00e7\u00e3o a um deslocamento de 7ml\/min.<\/span><span id=\"input-sentence~2\"> Durante o processo de entrega, a press\u00e3o de descarga pode atingir 8 MPa.<br \/>\n3. Medi\u00e7\u00e3o e controle<br \/>\nNo sistema de lubrifica\u00e7\u00e3o, o distribuidor de deslocamento positivo \u00e9 usado para controle preciso sobre a quantidade de lubrificante a ser entregue. Isso permite que cada ponto de lubrifica\u00e7\u00e3o adquira uma quantidade apropriada de lubrificante para atingir um efeito de lubrifica\u00e7\u00e3o otimizado, em vez de desperdi\u00e7ar lubrificantes. O tempo de execu\u00e7\u00e3o e o ciclo de intervalo da bomba de lubrifica\u00e7\u00e3o s\u00e3o definidos pelo temporizador instalado na m\u00e1quina e funcionam sob configura\u00e7\u00e3o de programa.<\/span><\/p>\n<h2>Especifica\u00e7\u00e3o<\/h2>\n<table>\n<tbody>\n<tr>\n<td>Modelo<\/td>\n<td>J200-5D<\/td>\n<\/tr>\n<tr>\n<td>Tempo de lubrifica\u00e7\u00e3o<\/td>\n<td>PLC ou controlador externo<\/td>\n<\/tr>\n<tr>\n<td>Tempo de intervalo<\/td>\n<td>PLC ou controlador externo<\/td>\n<\/tr>\n<tr>\n<td>Temperatura de opera\u00e7\u00e3o<\/td>\n<td>0\u2103~ +50\u00b0C (condi\u00e7\u00f5es de baixa temperatura requerem graxa anticongelante)<\/td>\n<\/tr>\n<tr>\n<td>N\u00famero de pontos de venda<\/td>\n<td>1 ou 2<\/td>\n<\/tr>\n<tr>\n<td>Capacidade do reservat\u00f3rio<\/td>\n<td>0,3 L, 0,5 L, 0,7 L<\/td>\n<\/tr>\n<tr>\n<td>Reabastecimento<\/td>\n<td>Reservat\u00f3rio\/cartucho remov\u00edvel<\/td>\n<\/tr>\n<tr>\n<td>Lubrificante<\/td>\n<td>Graxas NLGI grau 000~2#<\/td>\n<\/tr>\n<tr>\n<td>V\u00e1lvula de al\u00edvio de press\u00e3o<\/td>\n<td>Montado<\/td>\n<\/tr>\n<tr>\n<td>Descarga<\/td>\n<td>7 mL\/min<\/td>\n<\/tr>\n<tr>\n<td>Press\u00e3o m\u00e1xima de opera\u00e7\u00e3o<\/td>\n<td>5,0 ou 8,0 MPa<\/td>\n<\/tr>\n<tr>\n<td>Fio de conex\u00e3o<\/td>\n<td>Sa\u00edda \u03a66<\/td>\n<\/tr>\n<tr>\n<td>Tens\u00e3o de opera\u00e7\u00e3o<\/td>\n<td>24 VCC<\/td>\n<\/tr>\n<tr>\n<td>Certifica\u00e7\u00e3o<\/td>\n<td>CE<\/td>\n<\/tr>\n<tr>\n<td>Interruptor de baixo n\u00edvel<\/td>\n<td>Contato NC<\/td>\n<\/tr>\n<\/tbody>\n<\/table>\n<h2>Reabastecimento<\/h2>\n<p><span id=\"input-sentence~0\">\u2013 Substitua o cartucho ap\u00f3s o LHL no cartucho estar completamente esgotado para evitar a entrada de ar no cartucho devido \u00e0 graxa residual, o que pode causar mau funcionamento da bomba de lubrifica\u00e7\u00e3o.<br \/>\n\u2013 Durante o processo de substitui\u00e7\u00e3o do cartucho, certifique-se de que o ambiente esteja limpo para evitar que objetos estranhos, como poeira e impurezas, entrem no corpo da bomba de lubrifica\u00e7\u00e3o ou no cartucho.<\/span><span id=\"input-sentence~1\"><br \/>\n\u2013 \u00c9 estritamente proibido ligar a energia quando o cartucho n\u00e3o estiver instalado no lugar ou removido, caso contr\u00e1rio, a bomba de lubrifica\u00e7\u00e3o pode inalar ar ou objetos estranhos.<br \/>\n\u2013 Ao substituir o cartucho, se for necess\u00e1rio limpar ao redor da porta de suc\u00e7\u00e3o de \u00f3leo da bomba, voc\u00ea deve usar um pano limpo para evitar que objetos estranhos sejam sugados para dentro da bomba de lubrifica\u00e7\u00e3o.<br \/>\n\u2013 Use somente o cartucho de graxa LHL especificado. Usar outros lubrificantes n\u00e3o especificados pode causar falha no sistema de lubrifica\u00e7\u00e3o.<br \/>\n\u2013 Nunca encha o cartucho de graxa vazio usado com lubrificante e use-o novamente.<\/span><\/p>\n<h2>Manuais<\/h2>\n<div class=\"sdm_download_button_box_default\"><div class=\"sdm_download_link\"><a href=\"https:\/\/www.jinpinlub.com\/pt\/?sdm_process_download=1&download_id=3962\" class=\"sdm_download white\" title=\"Privado: J200 Electric Pump\" target=\"&quot;_blank&quot;\">Ver Ficha T\u00e9cnica - Bomba de Graxa J200<\/a><\/div><\/div>","protected":false},"excerpt":{"rendered":"<p>J200 \u00e9 uma bomba de lubrifica\u00e7\u00e3o el\u00e9trica, uma unidade de bomba de sistema de lubrifica\u00e7\u00e3o de linha \u00fanica. Suas principais caracter\u00edsticas incluem: fonte de alimenta\u00e7\u00e3o \u00e9 DC24V, volume de descarga \u00e9 de 7ml por minuto, press\u00e3o de descarga \u00e9 de 5MPa a 8MPa, adequada para graxa \u00e0 base de l\u00edtio, grau de prote\u00e7\u00e3o IP54.<\/p>","protected":false},"featured_media":4019,"template":"","meta":{"ocean_post_layout":"","ocean_both_sidebars_style":"","ocean_both_sidebars_content_width":0,"ocean_both_sidebars_sidebars_width":0,"ocean_sidebar":"0","ocean_second_sidebar":"0","ocean_disable_margins":"enable","ocean_add_body_class":"","ocean_shortcode_before_top_bar":"","ocean_shortcode_after_top_bar":"","ocean_shortcode_before_header":"","ocean_shortcode_after_header":"","ocean_has_shortcode":"","ocean_shortcode_after_title":"","ocean_shortcode_before_footer_widgets":"","ocean_shortcode_after_footer_widgets":"","ocean_shortcode_before_footer_bottom":"","ocean_shortcode_after_footer_bottom":"","ocean_display_top_bar":"default","ocean_display_header":"default","ocean_header_style":"","ocean_center_header_left_menu":"0","ocean_custom_header_template":"0","ocean_custom_logo":0,"ocean_custom_retina_logo":0,"ocean_custom_logo_max_width":0,"ocean_custom_logo_tablet_max_width":0,"ocean_custom_logo_mobile_max_width":0,"ocean_custom_logo_max_height":0,"ocean_custom_logo_tablet_max_height":0,"ocean_custom_logo_mobile_max_height":0,"ocean_header_custom_menu":"0","ocean_menu_typo_font_family":"0","ocean_menu_typo_font_subset":"","ocean_menu_typo_font_size":0,"ocean_menu_typo_font_size_tablet":0,"ocean_menu_typo_font_size_mobile":0,"ocean_menu_typo_font_size_unit":"px","ocean_menu_typo_font_weight":"","ocean_menu_typo_font_weight_tablet":"","ocean_menu_typo_font_weight_mobile":"","ocean_menu_typo_transform":"","ocean_menu_typo_transform_tablet":"","ocean_menu_typo_transform_mobile":"","ocean_menu_typo_line_height":0,"ocean_menu_typo_line_height_tablet":0,"ocean_menu_typo_line_height_mobile":0,"ocean_menu_typo_line_height_unit":"","ocean_menu_typo_spacing":0,"ocean_menu_typo_spacing_tablet":0,"ocean_menu_typo_spacing_mobile":0,"ocean_menu_typo_spacing_unit":"","ocean_menu_link_color":"","ocean_menu_link_color_hover":"","ocean_menu_link_color_active":"","ocean_menu_link_background":"","ocean_menu_link_hover_background":"","ocean_menu_link_active_background":"","ocean_menu_social_links_bg":"","ocean_menu_social_hover_links_bg":"","ocean_menu_social_links_color":"","ocean_menu_social_hover_links_color":"","ocean_disable_title":"default","ocean_disable_heading":"default","ocean_post_title":"","ocean_post_subheading":"","ocean_post_title_style":"","ocean_post_title_background_color":"","ocean_post_title_background":0,"ocean_post_title_bg_image_position":"","ocean_post_title_bg_image_attachment":"","ocean_post_title_bg_image_repeat":"","ocean_post_title_bg_image_size":"","ocean_post_title_height":0,"ocean_post_title_bg_overlay":0.5,"ocean_post_title_bg_overlay_color":"","ocean_disable_breadcrumbs":"default","ocean_breadcrumbs_color":"","ocean_breadcrumbs_separator_color":"","ocean_breadcrumbs_links_color":"","ocean_breadcrumbs_links_hover_color":"","ocean_display_footer_widgets":"default","ocean_display_footer_bottom":"default","ocean_custom_footer_template":"0","osh_disable_topbar_sticky":"default","osh_disable_header_sticky":"default","osh_sticky_header_style":"default","osh_sticky_header_effect":"","osh_custom_sticky_logo":0,"osh_custom_retina_sticky_logo":0,"osh_custom_sticky_logo_height":0,"osh_background_color":"","osh_links_color":"","osh_links_hover_color":"","osh_links_active_color":"","osh_links_bg_color":"","osh_links_hover_bg_color":"","osh_links_active_bg_color":"","osh_menu_social_links_color":"","osh_menu_social_hover_links_color":""},"product_brand":[],"product_cat":[38,37],"product_tag":[191,73,378,379,92],"class_list":{"0":"post-4018","1":"product","2":"type-product","3":"status-publish","4":"has-post-thumbnail","6":"product_cat-electric-pressure-relief-pumps","7":"product_cat-single-line-grease-systems","8":"product_tag-cnc-lubrication-pump","9":"product_tag-electric-lubrication-pump","10":"product_tag-lhl-lubrication-pump","11":"product_tag-machine-tool-lubrication-pump","12":"product_tag-single-line-lubrication-pump","14":"entry","15":"has-media","17":"first","18":"instock","19":"shipping-taxable","20":"product-type-external","21":"col","22":"span_1_of_3","23":"owp-content-center","24":"owp-thumbs-layout-horizontal","25":"owp-btn-very-big","26":"owp-tabs-layout-horizontal"},"_links":{"self":[{"href":"https:\/\/www.jinpinlub.com\/pt\/wp-json\/wp\/v2\/product\/4018","targetHints":{"allow":["GET"]}}],"collection":[{"href":"https:\/\/www.jinpinlub.com\/pt\/wp-json\/wp\/v2\/product"}],"about":[{"href":"https:\/\/www.jinpinlub.com\/pt\/wp-json\/wp\/v2\/types\/product"}],"wp:featuredmedia":[{"embeddable":true,"href":"https:\/\/www.jinpinlub.com\/pt\/wp-json\/wp\/v2\/media\/4019"}],"wp:attachment":[{"href":"https:\/\/www.jinpinlub.com\/pt\/wp-json\/wp\/v2\/media?parent=4018"}],"wp:term":[{"taxonomy":"product_brand","embeddable":true,"href":"https:\/\/www.jinpinlub.com\/pt\/wp-json\/wp\/v2\/product_brand?post=4018"},{"taxonomy":"product_cat","embeddable":true,"href":"https:\/\/www.jinpinlub.com\/pt\/wp-json\/wp\/v2\/product_cat?post=4018"},{"taxonomy":"product_tag","embeddable":true,"href":"https:\/\/www.jinpinlub.com\/pt\/wp-json\/wp\/v2\/product_tag?post=4018"}],"curies":[{"name":"wp","href":"https:\/\/api.w.org\/{rel}","templated":true}]}}