{"id":4028,"date":"2024-12-13T05:32:23","date_gmt":"2024-12-12T21:32:23","guid":{"rendered":"https:\/\/www.jinpinlub.com\/?post_type=product&#038;p=4028"},"modified":"2024-12-13T05:48:01","modified_gmt":"2024-12-12T21:48:01","slug":"bomba-de-lubrificacao-de-precisao-destacavel-j200-para-retificacao-cnc","status":"publish","type":"product","link":"https:\/\/www.jinpinlub.com\/pt\/product\/j200-detachable-precision-lubrication-pump-for-grinding-cnc\/","title":{"rendered":"Bomba de lubrifica\u00e7\u00e3o de precis\u00e3o destac\u00e1vel J200 para retifica\u00e7\u00e3o CNC"},"content":{"rendered":"<h2>Caracter\u00edsticas<\/h2>\n<p>Fun\u00e7\u00e3o de interruptor de n\u00edvel<br \/>\nO interruptor de n\u00edvel \u00e9 integrado dentro da bomba de lubrifica\u00e7\u00e3o J200. Quando o interruptor de n\u00edvel \u00e9 ativado, a bomba pode ser parada antes que a graxa esteja completamente esgotada, efetivamente impedindo que o ar se misture \u00e0 graxa e garantindo a opera\u00e7\u00e3o normal do sistema de lubrifica\u00e7\u00e3o.<br \/>\nRestri\u00e7\u00f5es de condi\u00e7\u00f5es de trabalho<br \/>\nO interruptor de n\u00edvel s\u00f3 emite um sinal quando a bomba de lubrifica\u00e7\u00e3o J200 \u00e9 ligada. Como a bomba para quando o interruptor de n\u00edvel \u00e9 ativado, isso pode fazer com que o interruptor de press\u00e3o n\u00e3o funcione corretamente e emita um sinal de press\u00e3o anormal.<br \/>\nPrecau\u00e7\u00f5es de opera\u00e7\u00e3o<br \/>\nO interruptor de n\u00edvel e o adaptador de filtro formam uma unidade integral. Quando o cartucho vazio \u00e9 removido, a sa\u00edda anormal no lado do dispositivo permanece. Se a energia for ligada neste caso, a bomba de lubrifica\u00e7\u00e3o J200 inalar\u00e1 ar. Portanto, certifique-se de inserir um novo cartucho antes de ligar a energia novamente e liberar a sa\u00edda anormal.<\/p>\n<h2>Especifica\u00e7\u00e3o<\/h2>\n<table>\n<tbody>\n<tr>\n<td>Modelo<\/td>\n<td>J200-5D<\/td>\n<\/tr>\n<tr>\n<td>Tempo de lubrifica\u00e7\u00e3o<\/td>\n<td>PLC ou controlador externo<\/td>\n<\/tr>\n<tr>\n<td>Tempo de intervalo<\/td>\n<td>PLC ou controlador externo<\/td>\n<\/tr>\n<tr>\n<td>Temperatura de opera\u00e7\u00e3o<\/td>\n<td>0\u2103~ +50\u00b0C (condi\u00e7\u00f5es de baixa temperatura requerem graxa anticongelante)<\/td>\n<\/tr>\n<tr>\n<td>N\u00famero de pontos de venda<\/td>\n<td>1 ou 2<\/td>\n<\/tr>\n<tr>\n<td>Capacidade do reservat\u00f3rio<\/td>\n<td>0,3 L, 0,5 L, 0,7 L<\/td>\n<\/tr>\n<tr>\n<td>Reabastecimento<\/td>\n<td>Reservat\u00f3rio\/cartucho remov\u00edvel<\/td>\n<\/tr>\n<tr>\n<td>Lubrificante<\/td>\n<td>Graxas NLGI grau 000~2#<\/td>\n<\/tr>\n<tr>\n<td>V\u00e1lvula de al\u00edvio de press\u00e3o<\/td>\n<td>Montado<\/td>\n<\/tr>\n<tr>\n<td>Descarga<\/td>\n<td>7 mL\/min<\/td>\n<\/tr>\n<tr>\n<td>Press\u00e3o m\u00e1xima de opera\u00e7\u00e3o<\/td>\n<td>5,0 ou 8,0 MPa<\/td>\n<\/tr>\n<tr>\n<td>Fio de conex\u00e3o<\/td>\n<td>Sa\u00edda \u03a66<\/td>\n<\/tr>\n<tr>\n<td>Tens\u00e3o de opera\u00e7\u00e3o<\/td>\n<td>24 VCC<\/td>\n<\/tr>\n<tr>\n<td>Certifica\u00e7\u00e3o<\/td>\n<td>CE<\/td>\n<\/tr>\n<tr>\n<td>Interruptor de baixo n\u00edvel<\/td>\n<td>Contato NC<\/td>\n<\/tr>\n<\/tbody>\n<\/table>\n<h2>Gasoduto<\/h2>\n<p>1. Etapas de conex\u00e3o<br \/>\nConecte o tubo \u00e0 sa\u00edda da bomba de lubrifica\u00e7\u00e3o. Use um tubo com resist\u00eancia \u00e0 press\u00e3o de 10 MPa ou superior. Primeiro, fixe manualmente a junta para garantir a estabilidade inicial da conex\u00e3o. Em seguida, aperte-a com uma chave inglesa. Preste aten\u00e7\u00e3o \u00e0 for\u00e7a moderada desta opera\u00e7\u00e3o. O torque apropriado \u00e9 7,1 N\uff65m.<br \/>\n2. Verifique ap\u00f3s a conex\u00e3o<br \/>\nAp\u00f3s a conex\u00e3o ser conclu\u00edda, certifique-se de verificar cuidadosamente se h\u00e1 vazamento de graxa na junta para garantir a veda\u00e7\u00e3o da conex\u00e3o. Em seguida, esgote o ar para remover o ar que pode existir no tubo e na bomba de lubrifica\u00e7\u00e3o.<br \/>\n3. Descri\u00e7\u00e3o da situa\u00e7\u00e3o de press\u00e3o<br \/>\nEmbora uma press\u00e3o de 8 MPa ou mais possa ocorrer quando a tubula\u00e7\u00e3o principal \u00e9 curta, isso n\u00e3o causar\u00e1 problemas sob uso normal, mas ainda \u00e9 necess\u00e1rio prestar aten\u00e7\u00e3o \u00e0s mudan\u00e7as de press\u00e3o do sistema de lubrifica\u00e7\u00e3o para garantir que esteja dentro da faixa normal de trabalho.<\/p>\n<h2>Manuais<\/h2>\n<div class=\"sdm_download_button_box_default\"><div class=\"sdm_download_link\"><a href=\"https:\/\/www.jinpinlub.com\/pt\/?sdm_process_download=1&download_id=3962\" class=\"sdm_download white\" title=\"Privado: J200 Electric Pump\" target=\"&quot;_blank&quot;\">Ver Ficha T\u00e9cnica - Bomba de Graxa J200<\/a><\/div><\/div>","protected":false},"excerpt":{"rendered":"<p>Jinpinlub J200 \u00e9 uma bomba de lubrifica\u00e7\u00e3o de alto desempenho. Seu fluxo \u00e9 preciso, o design estrutural \u00e9 requintado e compacto, a instala\u00e7\u00e3o \u00e9 conveniente e \u00e9 adequada para v\u00e1rios espa\u00e7os de dispositivos. Ru\u00eddo extremamente baixo durante a opera\u00e7\u00e3o, criando um ambiente de trabalho silencioso.<\/p>","protected":false},"featured_media":4029,"template":"","meta":{"ocean_post_layout":"","ocean_both_sidebars_style":"","ocean_both_sidebars_content_width":0,"ocean_both_sidebars_sidebars_width":0,"ocean_sidebar":"0","ocean_second_sidebar":"0","ocean_disable_margins":"enable","ocean_add_body_class":"","ocean_shortcode_before_top_bar":"","ocean_shortcode_after_top_bar":"","ocean_shortcode_before_header":"","ocean_shortcode_after_header":"","ocean_has_shortcode":"","ocean_shortcode_after_title":"","ocean_shortcode_before_footer_widgets":"","ocean_shortcode_after_footer_widgets":"","ocean_shortcode_before_footer_bottom":"","ocean_shortcode_after_footer_bottom":"","ocean_display_top_bar":"default","ocean_display_header":"default","ocean_header_style":"","ocean_center_header_left_menu":"0","ocean_custom_header_template":"0","ocean_custom_logo":0,"ocean_custom_retina_logo":0,"ocean_custom_logo_max_width":0,"ocean_custom_logo_tablet_max_width":0,"ocean_custom_logo_mobile_max_width":0,"ocean_custom_logo_max_height":0,"ocean_custom_logo_tablet_max_height":0,"ocean_custom_logo_mobile_max_height":0,"ocean_header_custom_menu":"0","ocean_menu_typo_font_family":"0","ocean_menu_typo_font_subset":"","ocean_menu_typo_font_size":0,"ocean_menu_typo_font_size_tablet":0,"ocean_menu_typo_font_size_mobile":0,"ocean_menu_typo_font_size_unit":"px","ocean_menu_typo_font_weight":"","ocean_menu_typo_font_weight_tablet":"","ocean_menu_typo_font_weight_mobile":"","ocean_menu_typo_transform":"","ocean_menu_typo_transform_tablet":"","ocean_menu_typo_transform_mobile":"","ocean_menu_typo_line_height":0,"ocean_menu_typo_line_height_tablet":0,"ocean_menu_typo_line_height_mobile":0,"ocean_menu_typo_line_height_unit":"","ocean_menu_typo_spacing":0,"ocean_menu_typo_spacing_tablet":0,"ocean_menu_typo_spacing_mobile":0,"ocean_menu_typo_spacing_unit":"","ocean_menu_link_color":"","ocean_menu_link_color_hover":"","ocean_menu_link_color_active":"","ocean_menu_link_background":"","ocean_menu_link_hover_background":"","ocean_menu_link_active_background":"","ocean_menu_social_links_bg":"","ocean_menu_social_hover_links_bg":"","ocean_menu_social_links_color":"","ocean_menu_social_hover_links_color":"","ocean_disable_title":"default","ocean_disable_heading":"default","ocean_post_title":"","ocean_post_subheading":"","ocean_post_title_style":"","ocean_post_title_background_color":"","ocean_post_title_background":0,"ocean_post_title_bg_image_position":"","ocean_post_title_bg_image_attachment":"","ocean_post_title_bg_image_repeat":"","ocean_post_title_bg_image_size":"","ocean_post_title_height":0,"ocean_post_title_bg_overlay":0.5,"ocean_post_title_bg_overlay_color":"","ocean_disable_breadcrumbs":"default","ocean_breadcrumbs_color":"","ocean_breadcrumbs_separator_color":"","ocean_breadcrumbs_links_color":"","ocean_breadcrumbs_links_hover_color":"","ocean_display_footer_widgets":"default","ocean_display_footer_bottom":"default","ocean_custom_footer_template":"0","osh_disable_topbar_sticky":"default","osh_disable_header_sticky":"default","osh_sticky_header_style":"default","osh_sticky_header_effect":"","osh_custom_sticky_logo":0,"osh_custom_retina_sticky_logo":0,"osh_custom_sticky_logo_height":0,"osh_background_color":"","osh_links_color":"","osh_links_hover_color":"","osh_links_active_color":"","osh_links_bg_color":"","osh_links_hover_bg_color":"","osh_links_active_bg_color":"","osh_menu_social_links_color":"","osh_menu_social_hover_links_color":""},"product_brand":[],"product_cat":[38,37],"product_tag":[73,380,378,111,92],"class_list":{"0":"post-4028","1":"product","2":"type-product","3":"status-publish","4":"has-post-thumbnail","6":"product_cat-electric-pressure-relief-pumps","7":"product_cat-single-line-grease-systems","8":"product_tag-electric-lubrication-pump","9":"product_tag-jinpuinlub-lubrication-pump","10":"product_tag-lhl-lubrication-pump","11":"product_tag-oil-lubrication-pump","12":"product_tag-single-line-lubrication-pump","14":"entry","15":"has-media","17":"first","18":"instock","19":"shipping-taxable","20":"product-type-external","21":"col","22":"span_1_of_3","23":"owp-content-center","24":"owp-thumbs-layout-horizontal","25":"owp-btn-very-big","26":"owp-tabs-layout-horizontal"},"_links":{"self":[{"href":"https:\/\/www.jinpinlub.com\/pt\/wp-json\/wp\/v2\/product\/4028","targetHints":{"allow":["GET"]}}],"collection":[{"href":"https:\/\/www.jinpinlub.com\/pt\/wp-json\/wp\/v2\/product"}],"about":[{"href":"https:\/\/www.jinpinlub.com\/pt\/wp-json\/wp\/v2\/types\/product"}],"wp:featuredmedia":[{"embeddable":true,"href":"https:\/\/www.jinpinlub.com\/pt\/wp-json\/wp\/v2\/media\/4029"}],"wp:attachment":[{"href":"https:\/\/www.jinpinlub.com\/pt\/wp-json\/wp\/v2\/media?parent=4028"}],"wp:term":[{"taxonomy":"product_brand","embeddable":true,"href":"https:\/\/www.jinpinlub.com\/pt\/wp-json\/wp\/v2\/product_brand?post=4028"},{"taxonomy":"product_cat","embeddable":true,"href":"https:\/\/www.jinpinlub.com\/pt\/wp-json\/wp\/v2\/product_cat?post=4028"},{"taxonomy":"product_tag","embeddable":true,"href":"https:\/\/www.jinpinlub.com\/pt\/wp-json\/wp\/v2\/product_tag?post=4028"}],"curies":[{"name":"wp","href":"https:\/\/api.w.org\/{rel}","templated":true}]}}