{"id":4035,"date":"2024-12-16T21:43:19","date_gmt":"2024-12-16T13:43:19","guid":{"rendered":"https:\/\/www.jinpinlub.com\/?post_type=product&#038;p=4035"},"modified":"2024-12-16T22:10:13","modified_gmt":"2024-12-16T14:10:13","slug":"sistema-de-lubrificacao-progressiva-eletrica-j203-para-escavadeira","status":"publish","type":"product","link":"https:\/\/www.jinpinlub.com\/pt\/product\/j203-electric-progressive-lubrication-system-for-excavator\/","title":{"rendered":"Sistema de lubrifica\u00e7\u00e3o progressiva el\u00e9trica J203 para escavadeira"},"content":{"rendered":"<h2>Caracter\u00edsticas<\/h2>\n<p>1. O corpo da bomba de lubrifica\u00e7\u00e3o tem v\u00e1rios designs: h\u00e1 designs com ou sem placas seguidoras, as placas seguidoras melhoram a capacidade de absor\u00e7\u00e3o de \u00f3leo, h\u00e1 v\u00e1rios componentes da bomba, adequados para diferentes graxas, e o design \u00e9 flex\u00edvel.<br \/>\n2. Controle e monitoramento precisos: a placa de controle tem fun\u00e7\u00f5es ricas e pode ajustar o tempo com precis\u00e3o. Algumas bombas de lubrifica\u00e7\u00e3o s\u00e3o equipadas com sensores para monitorar o n\u00edvel do l\u00edquido. O processamento de sinal requer programa\u00e7\u00e3o para garantir uma opera\u00e7\u00e3o est\u00e1vel.<br \/>\n3. Conex\u00f5es el\u00e9tricas diversas: voltagem opcional, v\u00e1rios m\u00e9todos de conex\u00e3o, dependendo do tipo de bomba de lubrifica\u00e7\u00e3o, precisam seguir os padr\u00f5es para garantir a seguran\u00e7a, e o n\u00edvel de prote\u00e7\u00e3o est\u00e1 relacionado aos componentes.<br \/>\n4. Boa adaptabilidade ambiental: a temperatura afeta o desempenho, diferentes bombas de lubrifica\u00e7\u00e3o t\u00eam requisitos correspondentes, o projeto do reservat\u00f3rio \u00e9 diverso, diferentes capacidades de 2L, 4L, 8L, 15L podem ser selecionadas, instala\u00e7\u00e3o flex\u00edvel e adapt\u00e1vel a v\u00e1rias condi\u00e7\u00f5es de trabalho.<br \/>\n5. Excelente capacidade de entrega: a taxa de entrega nominal varia dependendo dos componentes e da graxa, \u00e9 afetada por muitos fatores, pode ser ajustada e h\u00e1 gr\u00e1ficos para auxiliar no c\u00e1lculo e no ajuste.<\/p>\n<h2>Especifica\u00e7\u00e3o<\/h2>\n<table>\n<tbody>\n<tr>\n<td>Temperatura de opera\u00e7\u00e3o<\/td>\n<td>(-40\u00b0C a +70\u00b0C)<\/td>\n<\/tr>\n<tr>\n<td>N\u00famero de pontos de venda<\/td>\n<td>1, 2 ou 3<\/td>\n<\/tr>\n<tr>\n<td>Capacidade do reservat\u00f3rio<\/td>\n<td>2L, 4L, 8L, 15L<\/td>\n<\/tr>\n<tr>\n<td>Reabastecimento<\/td>\n<td>Conex\u00e3o de lubrifica\u00e7\u00e3o hidr\u00e1ulica ou de cima<\/td>\n<\/tr>\n<tr>\n<td>Lubrificante<\/td>\n<td>Graxas de no m\u00ednimo grau NLGI 2, \u00d3leos at\u00e9 40 mm\u00b2\/s (cSt) a 40\u00b0 C<\/td>\n<\/tr>\n<tr>\n<td>Classe de prote\u00e7\u00e3o<\/td>\n<td>IP6K 9K<\/td>\n<\/tr>\n<tr>\n<td>Di\u00e2metro do pist\u00e3o, K5<\/td>\n<td>5 mm, aprox. 2 cm\u00b3\/min<\/td>\n<\/tr>\n<tr>\n<td>Di\u00e2metro do pist\u00e3o, (padr\u00e3o) K6<\/td>\n<td>6 mm, aprox. 2,8 cm\u00b3\/min<\/td>\n<\/tr>\n<tr>\n<td>Di\u00e2metro do pist\u00e3o, K7<\/td>\n<td>7 mm, aprox. 4 cm\u00b3\/min<\/td>\n<\/tr>\n<tr>\n<td>Press\u00e3o m\u00e1xima de opera\u00e7\u00e3o<\/td>\n<td>350 barras<\/td>\n<\/tr>\n<tr>\n<td>Fio de conex\u00e3o<\/td>\n<td>Sol 1\/4<\/td>\n<\/tr>\n<tr>\n<td>Tens\u00e3o de opera\u00e7\u00e3o<\/td>\n<td>12 VCC, 24 VCC, 110-240 VCA<\/td>\n<\/tr>\n<\/tbody>\n<\/table>\n<h2>Manuten\u00e7\u00e3o<\/h2>\n<p>1. Especifica\u00e7\u00f5es operacionais<br \/>\nA opera\u00e7\u00e3o di\u00e1ria do sistema de lubrifica\u00e7\u00e3o gira em torno da reposi\u00e7\u00e3o de graxa, acionamento de lubrifica\u00e7\u00e3o adicional e redefini\u00e7\u00e3o de mensagens de erro. Existem v\u00e1rias maneiras de repor graxa, e riscos como extrus\u00e3o da p\u00e1 de agita\u00e7\u00e3o e ferimentos por tens\u00e3o da mola devem ser evitados durante a opera\u00e7\u00e3o.<br \/>\nAs opera\u00e7\u00f5es de disparo e reinicializa\u00e7\u00e3o s\u00e3o realizadas com a ajuda dos bot\u00f5es da placa de circuito de controle. A solu\u00e7\u00e3o de problemas deve ser feita antes da reinicializa\u00e7\u00e3o. As novas configura\u00e7\u00f5es entrar\u00e3o em vigor ap\u00f3s a reinicializa\u00e7\u00e3o da energia. As opera\u00e7\u00f5es dos bot\u00f5es s\u00e3o limitadas em tempo e fun\u00e7\u00e3o.<br \/>\n2. Manuten\u00e7\u00e3o rigorosa<br \/>\nVerifique regular e exaustivamente a conex\u00e3o el\u00e9trica, o desempenho, a instala\u00e7\u00e3o dos componentes, a prote\u00e7\u00e3o de press\u00e3o, o status do equipamento e as condi\u00e7\u00f5es de lubrifica\u00e7\u00e3o das m\u00e1quinas e da bomba de lubrifica\u00e7\u00e3o.<br \/>\nAntes de limpar a bomba de lubrifica\u00e7\u00e3o, desligue primeiro a energia, use um agente de limpeza adequado para eliminar res\u00edduos, proteja-se bem e evite o contato com subst\u00e2ncias nocivas.<\/p>\n<h2>Manuais<\/h2>\n<div class=\"sdm_download_button_box_default\"><div class=\"sdm_download_link\"><a href=\"https:\/\/www.jinpinlub.com\/pt\/?sdm_process_download=1&download_id=2429\" class=\"sdm_download white\" title=\"Privado: J203 Grease Pump\" target=\"&quot;_blank&quot;\">Ver Ficha T\u00e9cnica - Bomba de Graxa J203<\/a><\/div><\/div>","protected":false},"excerpt":{"rendered":"<p>O J203 \u00e9 um sistema de lubrifica\u00e7\u00e3o progressiva el\u00e9trica da Jinpinlub, adequado para uma variedade de equipamentos industriais. \u00c9 compacto, econ\u00f4mico, pode fornecer at\u00e9 150 pontos de lubrifica\u00e7\u00e3o, suporta energia CC ou CA e tem uma press\u00e3o m\u00e1xima de trabalho de 350 bar.<\/p>","protected":false},"featured_media":4036,"template":"","meta":{"ocean_post_layout":"","ocean_both_sidebars_style":"","ocean_both_sidebars_content_width":0,"ocean_both_sidebars_sidebars_width":0,"ocean_sidebar":"0","ocean_second_sidebar":"0","ocean_disable_margins":"enable","ocean_add_body_class":"","ocean_shortcode_before_top_bar":"","ocean_shortcode_after_top_bar":"","ocean_shortcode_before_header":"","ocean_shortcode_after_header":"","ocean_has_shortcode":"","ocean_shortcode_after_title":"","ocean_shortcode_before_footer_widgets":"","ocean_shortcode_after_footer_widgets":"","ocean_shortcode_before_footer_bottom":"","ocean_shortcode_after_footer_bottom":"","ocean_display_top_bar":"default","ocean_display_header":"default","ocean_header_style":"","ocean_center_header_left_menu":"0","ocean_custom_header_template":"0","ocean_custom_logo":0,"ocean_custom_retina_logo":0,"ocean_custom_logo_max_width":0,"ocean_custom_logo_tablet_max_width":0,"ocean_custom_logo_mobile_max_width":0,"ocean_custom_logo_max_height":0,"ocean_custom_logo_tablet_max_height":0,"ocean_custom_logo_mobile_max_height":0,"ocean_header_custom_menu":"0","ocean_menu_typo_font_family":"0","ocean_menu_typo_font_subset":"","ocean_menu_typo_font_size":0,"ocean_menu_typo_font_size_tablet":0,"ocean_menu_typo_font_size_mobile":0,"ocean_menu_typo_font_size_unit":"px","ocean_menu_typo_font_weight":"","ocean_menu_typo_font_weight_tablet":"","ocean_menu_typo_font_weight_mobile":"","ocean_menu_typo_transform":"","ocean_menu_typo_transform_tablet":"","ocean_menu_typo_transform_mobile":"","ocean_menu_typo_line_height":0,"ocean_menu_typo_line_height_tablet":0,"ocean_menu_typo_line_height_mobile":0,"ocean_menu_typo_line_height_unit":"","ocean_menu_typo_spacing":0,"ocean_menu_typo_spacing_tablet":0,"ocean_menu_typo_spacing_mobile":0,"ocean_menu_typo_spacing_unit":"","ocean_menu_link_color":"","ocean_menu_link_color_hover":"","ocean_menu_link_color_active":"","ocean_menu_link_background":"","ocean_menu_link_hover_background":"","ocean_menu_link_active_background":"","ocean_menu_social_links_bg":"","ocean_menu_social_hover_links_bg":"","ocean_menu_social_links_color":"","ocean_menu_social_hover_links_color":"","ocean_disable_title":"default","ocean_disable_heading":"default","ocean_post_title":"","ocean_post_subheading":"","ocean_post_title_style":"","ocean_post_title_background_color":"","ocean_post_title_background":0,"ocean_post_title_bg_image_position":"","ocean_post_title_bg_image_attachment":"","ocean_post_title_bg_image_repeat":"","ocean_post_title_bg_image_size":"","ocean_post_title_height":0,"ocean_post_title_bg_overlay":0.5,"ocean_post_title_bg_overlay_color":"","ocean_disable_breadcrumbs":"default","ocean_breadcrumbs_color":"","ocean_breadcrumbs_separator_color":"","ocean_breadcrumbs_links_color":"","ocean_breadcrumbs_links_hover_color":"","ocean_display_footer_widgets":"default","ocean_display_footer_bottom":"default","ocean_custom_footer_template":"0","osh_disable_topbar_sticky":"default","osh_disable_header_sticky":"default","osh_sticky_header_style":"default","osh_sticky_header_effect":"","osh_custom_sticky_logo":0,"osh_custom_retina_sticky_logo":0,"osh_custom_sticky_logo_height":0,"osh_background_color":"","osh_links_color":"","osh_links_hover_color":"","osh_links_active_color":"","osh_links_bg_color":"","osh_links_hover_bg_color":"","osh_links_active_bg_color":"","osh_menu_social_links_color":"","osh_menu_social_hover_links_color":""},"product_brand":[],"product_cat":[42,41],"product_tag":[74,321,73,78,77],"class_list":{"0":"post-4035","1":"product","2":"type-product","3":"status-publish","4":"has-post-thumbnail","6":"product_cat-electric-progressive-pumps","7":"product_cat-progressive-grease-systems","8":"product_tag-automatic-lubrication-pump","9":"product_tag-automatic-lubrication-system","10":"product_tag-electric-lubrication-pump","11":"product_tag-excavator-lubrication-pump","12":"product_tag-grease-lubrication-pump","14":"entry","15":"has-media","17":"first","18":"instock","19":"shipping-taxable","20":"product-type-external","21":"col","22":"span_1_of_3","23":"owp-content-center","24":"owp-thumbs-layout-horizontal","25":"owp-btn-very-big","26":"owp-tabs-layout-horizontal"},"_links":{"self":[{"href":"https:\/\/www.jinpinlub.com\/pt\/wp-json\/wp\/v2\/product\/4035","targetHints":{"allow":["GET"]}}],"collection":[{"href":"https:\/\/www.jinpinlub.com\/pt\/wp-json\/wp\/v2\/product"}],"about":[{"href":"https:\/\/www.jinpinlub.com\/pt\/wp-json\/wp\/v2\/types\/product"}],"wp:featuredmedia":[{"embeddable":true,"href":"https:\/\/www.jinpinlub.com\/pt\/wp-json\/wp\/v2\/media\/4036"}],"wp:attachment":[{"href":"https:\/\/www.jinpinlub.com\/pt\/wp-json\/wp\/v2\/media?parent=4035"}],"wp:term":[{"taxonomy":"product_brand","embeddable":true,"href":"https:\/\/www.jinpinlub.com\/pt\/wp-json\/wp\/v2\/product_brand?post=4035"},{"taxonomy":"product_cat","embeddable":true,"href":"https:\/\/www.jinpinlub.com\/pt\/wp-json\/wp\/v2\/product_cat?post=4035"},{"taxonomy":"product_tag","embeddable":true,"href":"https:\/\/www.jinpinlub.com\/pt\/wp-json\/wp\/v2\/product_tag?post=4035"}],"curies":[{"name":"wp","href":"https:\/\/api.w.org\/{rel}","templated":true}]}}