{"id":4045,"date":"2024-12-17T01:12:55","date_gmt":"2024-12-16T17:12:55","guid":{"rendered":"https:\/\/www.jinpinlub.com\/?post_type=product&#038;p=4045"},"modified":"2024-12-17T01:54:14","modified_gmt":"2024-12-16T17:54:14","slug":"sistema-de-lubrificacao-central-jinpinlub-bomba-de-graxa-eletrica","status":"publish","type":"product","link":"https:\/\/www.jinpinlub.com\/pt\/product\/jinpinlub-central-lubrication-system-electric-grease-pump\/","title":{"rendered":"Sistema de lubrifica\u00e7\u00e3o central Jinpinlub Bomba de graxa el\u00e9trica"},"content":{"rendered":"<h2>Caracter\u00edsticas<\/h2>\n<p>1. Bomba de lubrifica\u00e7\u00e3o J203 sem placa seguidora<br \/>\nFun\u00e7\u00e3o do reservat\u00f3rio e da p\u00e1 de agita\u00e7\u00e3o: O tanque de \u00f3leo armazena lubrificante, a tampa \u00e9 \u00e0 prova de polui\u00e7\u00e3o e conveniente para reabastecimento, e o dispositivo de ventila\u00e7\u00e3o garante a circula\u00e7\u00e3o de ar no tanque de \u00f3leo quando a bomba est\u00e1 funcionando. A p\u00e1 de agita\u00e7\u00e3o homogene\u00edza o lubrificante e auxilia a bomba a sugar o \u00f3leo.<br \/>\nBase da bomba e conex\u00e3o interna: A base acomoda o motor, conex\u00f5es el\u00e9tricas, acess\u00f3rios de recarga e at\u00e9 3 elementos da bomba, e a sa\u00edda dos diferentes elementos varia.<br \/>\n2. Bomba de lubrifica\u00e7\u00e3o J203 com placa seguidora<br \/>\nReservat\u00f3rio e pe\u00e7as especiais: A fun\u00e7\u00e3o do reservat\u00f3rio \u00e9 semelhante \u00e0 da bomba sem placa seguidora, e o dispositivo de ventila\u00e7\u00e3o desempenha um papel durante a opera\u00e7\u00e3o e o enchimento. A placa seguidora rec\u00e9m-adicionada pressiona o \u00f3leo com uma mola, e a haste de contato realiza a detec\u00e7\u00e3o e indica\u00e7\u00e3o de baixo n\u00edvel de l\u00edquido atrav\u00e9s do contato reed.<br \/>\nConex\u00e3o e expans\u00e3o de fun\u00e7\u00e3o: A fun\u00e7\u00e3o do alojamento da bomba permanece inalterada, e a conex\u00e3o el\u00e9trica adiciona a fun\u00e7\u00e3o de indica\u00e7\u00e3o do n\u00edvel de l\u00edquido. Os tipos de conex\u00e3o s\u00e3o plugue quadrado ou plugue M12.<\/p>\n<h2>Especifica\u00e7\u00e3o<\/h2>\n<table>\n<tbody>\n<tr>\n<td>Temperatura de opera\u00e7\u00e3o<\/td>\n<td>(-40\u00b0C a +70\u00b0C)<\/td>\n<\/tr>\n<tr>\n<td>N\u00famero de pontos de venda<\/td>\n<td>1, 2 ou 3<\/td>\n<\/tr>\n<tr>\n<td>Capacidade do reservat\u00f3rio<\/td>\n<td>2L, 4L, 8L, 15L<\/td>\n<\/tr>\n<tr>\n<td>Reabastecimento<\/td>\n<td>Conex\u00e3o de lubrifica\u00e7\u00e3o hidr\u00e1ulica ou de cima<\/td>\n<\/tr>\n<tr>\n<td>Lubrificante<\/td>\n<td>Graxas de no m\u00ednimo grau NLGI 2, \u00d3leos at\u00e9 40 mm\u00b2\/s (cSt) a 40\u00b0 C<\/td>\n<\/tr>\n<tr>\n<td>Classe de prote\u00e7\u00e3o<\/td>\n<td>IP6K 9K<\/td>\n<\/tr>\n<tr>\n<td>Di\u00e2metro do pist\u00e3o, K5<\/td>\n<td>5 mm, aprox. 2 cm\u00b3\/min<\/td>\n<\/tr>\n<tr>\n<td>Di\u00e2metro do pist\u00e3o, (padr\u00e3o) K6<\/td>\n<td>6 mm, aprox. 2,8 cm\u00b3\/min<\/td>\n<\/tr>\n<tr>\n<td>Di\u00e2metro do pist\u00e3o, K7<\/td>\n<td>7 mm, aprox. 4 cm\u00b3\/min<\/td>\n<\/tr>\n<tr>\n<td>Press\u00e3o m\u00e1xima de opera\u00e7\u00e3o<\/td>\n<td>350 barras<\/td>\n<\/tr>\n<tr>\n<td>Fio de conex\u00e3o<\/td>\n<td>Sol 1\/4<\/td>\n<\/tr>\n<tr>\n<td>Tens\u00e3o de opera\u00e7\u00e3o<\/td>\n<td>12 VCC, 24 VCC, 110-240 VCA<\/td>\n<\/tr>\n<\/tbody>\n<\/table>\n<h2><span data-slate-fragment=\"JTVCJTdCJTIydHlwZSUyMiUzQSUyMnBhcmFncmFwaCUyMiUyQyUyMmNoaWxkcmVuJTIyJTNBJTVCJTdCJTIyaWQlMjIlM0ElMjJXUDU4YUw0Snc3JTIyJTJDJTIycGFyYUlkeCUyMiUzQTAlMkMlMjJzcmMlMjIlM0ElMjJtYWludGVuYW5jZSUyMiUyQyUyMmRzdCUyMiUzQSUyMiVFNyVCQiVCNCVFNCVCRiVBRSUyMiUyQyUyMm1ldGFkYXRhJTIyJTNBJTIyJTIyJTJDJTIybWV0YURhdGElMjIlM0ElNUIlNUQlMkMlMjJ0ZXh0JTIyJTNBJTIybWFpbnRlbmFuY2UlMjIlN0QlNUQlN0QlNUQ=\">Manuten\u00e7\u00e3o<\/span><\/h2>\n<p>1. A bomba de lubrifica\u00e7\u00e3o n\u00e3o funciona<br \/>\n\u2013 Falha de energia: a m\u00e1quina superior est\u00e1 desligada, o cabo de conex\u00e3o est\u00e1 solto ou danificado, o fus\u00edvel externo est\u00e1 queimado, verifique e repare.<br \/>\n\u2013 Problema no modo de opera\u00e7\u00e3o: no modo de tempo de pausa, ajuste o modo de opera\u00e7\u00e3o.<br \/>\n\u2013 Falha interna: o motor, a placa de alimenta\u00e7\u00e3o est\u00e3o danificados ou o cabo interno est\u00e1 quebrado, inspe\u00e7\u00e3o profissional e reparo ou substitui\u00e7\u00e3o de pe\u00e7as.<br \/>\n2. A bomba de lubrifica\u00e7\u00e3o funciona, mas o suprimento de \u00f3leo \u00e9 pequeno ou inexistente<br \/>\n\u2013 Falha de componente do sistema: o sistema de lubrifica\u00e7\u00e3o el\u00e9trica est\u00e1 bloqueado, a v\u00e1lvula unidirecional ou a v\u00e1lvula de al\u00edvio de press\u00e3o est\u00e1 danificada, substitua as pe\u00e7as defeituosas.<br \/>\n\u2013 Problema no componente da bomba de lubrifica\u00e7\u00e3o: o orif\u00edcio de suc\u00e7\u00e3o de \u00f3leo est\u00e1 bloqueado, o componente est\u00e1 fechado, o lubrificante tem bolhas ou viscosidade anormal, verifique e manuseie os componentes da bomba e o lubrificante.<br \/>\n\u2013 Problema no dispositivo de medi\u00e7\u00e3o: o dispositivo de medi\u00e7\u00e3o est\u00e1 configurado incorretamente, reconfigure-o corretamente. Certifique-se de que as medidas de seguran\u00e7a estejam em vigor e opere de acordo com os regulamentos antes da manuten\u00e7\u00e3o.<\/p>\n<h2>Manuais<\/h2>\n<div class=\"sdm_download_button_box_default\"><div class=\"sdm_download_link\"><a href=\"https:\/\/www.jinpinlub.com\/pt\/?sdm_process_download=1&download_id=2429\" class=\"sdm_download white\" title=\"Privado: J203 Grease Pump\" target=\"&quot;_blank&quot;\">Ver Ficha T\u00e9cnica - Bomba de Graxa J203<\/a><\/div><\/div>","protected":false},"excerpt":{"rendered":"<p>J203 \u00e9 uma bomba de lubrifica\u00e7\u00e3o centralizada autom\u00e1tica que pode suportar at\u00e9 3 elementos de bomba e fornecer at\u00e9 150 pontos de lubrifica\u00e7\u00e3o, adequada para cen\u00e1rios como m\u00e1quinas de constru\u00e7\u00e3o, chassis de \u00f4nibus, m\u00e1quinas de pequeno e m\u00e9dio porte e ind\u00fastrias convencionais.<\/p>","protected":false},"featured_media":4046,"template":"","meta":{"ocean_post_layout":"","ocean_both_sidebars_style":"","ocean_both_sidebars_content_width":0,"ocean_both_sidebars_sidebars_width":0,"ocean_sidebar":"0","ocean_second_sidebar":"0","ocean_disable_margins":"enable","ocean_add_body_class":"","ocean_shortcode_before_top_bar":"","ocean_shortcode_after_top_bar":"","ocean_shortcode_before_header":"","ocean_shortcode_after_header":"","ocean_has_shortcode":"","ocean_shortcode_after_title":"","ocean_shortcode_before_footer_widgets":"","ocean_shortcode_after_footer_widgets":"","ocean_shortcode_before_footer_bottom":"","ocean_shortcode_after_footer_bottom":"","ocean_display_top_bar":"default","ocean_display_header":"default","ocean_header_style":"","ocean_center_header_left_menu":"0","ocean_custom_header_template":"0","ocean_custom_logo":0,"ocean_custom_retina_logo":0,"ocean_custom_logo_max_width":0,"ocean_custom_logo_tablet_max_width":0,"ocean_custom_logo_mobile_max_width":0,"ocean_custom_logo_max_height":0,"ocean_custom_logo_tablet_max_height":0,"ocean_custom_logo_mobile_max_height":0,"ocean_header_custom_menu":"0","ocean_menu_typo_font_family":"0","ocean_menu_typo_font_subset":"","ocean_menu_typo_font_size":0,"ocean_menu_typo_font_size_tablet":0,"ocean_menu_typo_font_size_mobile":0,"ocean_menu_typo_font_size_unit":"px","ocean_menu_typo_font_weight":"","ocean_menu_typo_font_weight_tablet":"","ocean_menu_typo_font_weight_mobile":"","ocean_menu_typo_transform":"","ocean_menu_typo_transform_tablet":"","ocean_menu_typo_transform_mobile":"","ocean_menu_typo_line_height":0,"ocean_menu_typo_line_height_tablet":0,"ocean_menu_typo_line_height_mobile":0,"ocean_menu_typo_line_height_unit":"","ocean_menu_typo_spacing":0,"ocean_menu_typo_spacing_tablet":0,"ocean_menu_typo_spacing_mobile":0,"ocean_menu_typo_spacing_unit":"","ocean_menu_link_color":"","ocean_menu_link_color_hover":"","ocean_menu_link_color_active":"","ocean_menu_link_background":"","ocean_menu_link_hover_background":"","ocean_menu_link_active_background":"","ocean_menu_social_links_bg":"","ocean_menu_social_hover_links_bg":"","ocean_menu_social_links_color":"","ocean_menu_social_hover_links_color":"","ocean_disable_title":"default","ocean_disable_heading":"default","ocean_post_title":"","ocean_post_subheading":"","ocean_post_title_style":"","ocean_post_title_background_color":"","ocean_post_title_background":0,"ocean_post_title_bg_image_position":"","ocean_post_title_bg_image_attachment":"","ocean_post_title_bg_image_repeat":"","ocean_post_title_bg_image_size":"","ocean_post_title_height":0,"ocean_post_title_bg_overlay":0.5,"ocean_post_title_bg_overlay_color":"","ocean_disable_breadcrumbs":"default","ocean_breadcrumbs_color":"","ocean_breadcrumbs_separator_color":"","ocean_breadcrumbs_links_color":"","ocean_breadcrumbs_links_hover_color":"","ocean_display_footer_widgets":"default","ocean_display_footer_bottom":"default","ocean_custom_footer_template":"0","osh_disable_topbar_sticky":"default","osh_disable_header_sticky":"default","osh_sticky_header_style":"default","osh_sticky_header_effect":"","osh_custom_sticky_logo":0,"osh_custom_retina_sticky_logo":0,"osh_custom_sticky_logo_height":0,"osh_background_color":"","osh_links_color":"","osh_links_hover_color":"","osh_links_active_color":"","osh_links_bg_color":"","osh_links_hover_bg_color":"","osh_links_active_bg_color":"","osh_menu_social_links_color":"","osh_menu_social_hover_links_color":""},"product_brand":[],"product_cat":[42,41],"product_tag":[321,73,76,77,91],"class_list":{"0":"post-4045","1":"product","2":"type-product","3":"status-publish","4":"has-post-thumbnail","6":"product_cat-electric-progressive-pumps","7":"product_cat-progressive-grease-systems","8":"product_tag-automatic-lubrication-system","9":"product_tag-electric-lubrication-pump","10":"product_tag-electric-lubrication-system","11":"product_tag-grease-lubrication-pump","12":"product_tag-progressive-lubrication-pump","14":"entry","15":"has-media","17":"first","18":"instock","19":"shipping-taxable","20":"product-type-external","21":"col","22":"span_1_of_3","23":"owp-content-center","24":"owp-thumbs-layout-horizontal","25":"owp-btn-very-big","26":"owp-tabs-layout-horizontal"},"_links":{"self":[{"href":"https:\/\/www.jinpinlub.com\/pt\/wp-json\/wp\/v2\/product\/4045","targetHints":{"allow":["GET"]}}],"collection":[{"href":"https:\/\/www.jinpinlub.com\/pt\/wp-json\/wp\/v2\/product"}],"about":[{"href":"https:\/\/www.jinpinlub.com\/pt\/wp-json\/wp\/v2\/types\/product"}],"wp:featuredmedia":[{"embeddable":true,"href":"https:\/\/www.jinpinlub.com\/pt\/wp-json\/wp\/v2\/media\/4046"}],"wp:attachment":[{"href":"https:\/\/www.jinpinlub.com\/pt\/wp-json\/wp\/v2\/media?parent=4045"}],"wp:term":[{"taxonomy":"product_brand","embeddable":true,"href":"https:\/\/www.jinpinlub.com\/pt\/wp-json\/wp\/v2\/product_brand?post=4045"},{"taxonomy":"product_cat","embeddable":true,"href":"https:\/\/www.jinpinlub.com\/pt\/wp-json\/wp\/v2\/product_cat?post=4045"},{"taxonomy":"product_tag","embeddable":true,"href":"https:\/\/www.jinpinlub.com\/pt\/wp-json\/wp\/v2\/product_tag?post=4045"}],"curies":[{"name":"wp","href":"https:\/\/api.w.org\/{rel}","templated":true}]}}