{"id":4052,"date":"2025-01-01T21:06:51","date_gmt":"2025-01-01T13:06:51","guid":{"rendered":"https:\/\/www.jinpinlub.com\/?post_type=product&#038;p=4052"},"modified":"2025-01-02T00:29:16","modified_gmt":"2025-01-01T16:29:16","slug":"mls-0-5l-unidade-de-controle-de-lubrificacao-minima-para-maquina-de-serra","status":"publish","type":"product","link":"https:\/\/www.jinpinlub.com\/pt\/product\/mls-0-5l-minimal-lubrication-control-unit-for-sawing-machine\/","title":{"rendered":"Unidade de controle de lubrifica\u00e7\u00e3o m\u00ednima MLS 4L para m\u00e1quina de serra"},"content":{"rendered":"<h2>Recurso<\/h2>\n<p>1. Lubrifica\u00e7\u00e3o de precis\u00e3o: a bomba de microlubrifica\u00e7\u00e3o tem boa ajustabilidade, parafuso de medi\u00e7\u00e3o de ar e bot\u00e3o de ajuste do curso da bomba que controlam com precis\u00e3o o volume de pulveriza\u00e7\u00e3o da bomba atomizadora; o gerador de pulsos que controla a taxa do ciclo da bomba pode ser conduzido em v\u00e1rios tipos de formas de ajuste precisas.<br \/>\n2. Flexibilidade na configura\u00e7\u00e3o: \u00c9 um design modular que os clientes podem configurar de acordo com suas necessidades. O sistema consiste em todos os tipos de bombas, v\u00e1lvulas reguladoras, tanques de armazenamento de l\u00edquidos e assim por diante. Diferentes cen\u00e1rios de aplica\u00e7\u00e3o s\u00e3o adotados com diferentes estruturas de sistema e coloca\u00e7\u00f5es de componentes.<br \/>\n3. Os par\u00e2metros s\u00e3o determinados: press\u00e3o de suprimento de ar, par\u00e2metro da bomba de microlubrifica\u00e7\u00e3o, fluxo de ar, frequ\u00eancia do gerador de pulsos, faixa de temperatura de trabalho e armazenamento, etc.<\/p>\n<h2>Especifica\u00e7\u00e3o<\/h2>\n<table>\n<tbody>\n<tr>\n<td>Press\u00e3o de ar de alimenta\u00e7\u00e3o<\/td>\n<td>Ar comprimido limpo e seco, 4~7 bar, 708 LPM m\u00ednimo<\/td>\n<\/tr>\n<tr>\n<td>Viscosidade da bomba<\/td>\n<td>50~1000 SUS<\/td>\n<\/tr>\n<tr>\n<td>Sa\u00edda da bomba em curso total<\/td>\n<td>0,033 mL (padr\u00e3o de 1 gota), 0,100 mL (padr\u00e3o de 3 gotas)<\/td>\n<\/tr>\n<tr>\n<td>Taxa de sa\u00edda da bomba<\/td>\n<td>0~396mL\/h (padr\u00e3o de 1 gota), 0~1200mL\/h (padr\u00e3o de 3 gotas)<\/td>\n<\/tr>\n<tr>\n<td>Taxa de fluxo de ar<\/td>\n<td>0~4 SCFM para cada sa\u00edda de ar e \u00f3leo, 1~2 SCFM t\u00edpico<\/td>\n<\/tr>\n<tr>\n<td>Gerador de pulso<\/td>\n<td>5~50 pulsos\/min, M\u00e1x. 200 pulsos\/min (n\u00e3o recomendado)<\/td>\n<\/tr>\n<tr>\n<td>Temperatura de opera\u00e7\u00e3o<\/td>\n<td>0\u2103 ~ +50\u02daC<\/td>\n<\/tr>\n<tr>\n<td>Temperatura de armazenamento<\/td>\n<td>(-16\u2103 ~ +70\u02daC)<\/td>\n<\/tr>\n<tr>\n<td>Reservat\u00f3rio de fluido<\/td>\n<td>Personaliz\u00e1vel, padr\u00e3o 0,5L, 1,0L, 2L, 4L<\/td>\n<\/tr>\n<\/tbody>\n<\/table>\n<h2><span data-slate-fragment=\"JTVCJTdCJTIydHlwZSUyMiUzQSUyMnBhcmFncmFwaCUyMiUyQyUyMmNoaWxkcmVuJTIyJTNBJTVCJTdCJTIyaWQlMjIlM0ElMjJXUDU4YUw0Snc3JTIyJTJDJTIycGFyYUlkeCUyMiUzQTAlMkMlMjJzcmMlMjIlM0ElMjJtYWludGVuYW5jZSUyMiUyQyUyMmRzdCUyMiUzQSUyMiVFNyVCQiVCNCVFNCVCRiVBRSUyMiUyQyUyMm1ldGFkYXRhJTIyJTNBJTIyJTIyJTJDJTIybWV0YURhdGElMjIlM0ElNUIlNUQlMkMlMjJ0ZXh0JTIyJTNBJTIybWFpbnRlbmFuY2UlMjIlN0QlNUQlN0QlNUQ=\">Montagem<\/span><\/h2>\n<p><span id=\"input-sentence~0\">Local de instala\u00e7\u00e3o<br \/>\nO sistema de microlubrifica\u00e7\u00e3o \u00e9 instalado pr\u00f3ximo \u00e0 m\u00e1quina e garante que n\u00e3o haja obst\u00e1culos que possam comprimir ou torcer as tubula\u00e7\u00f5es de sa\u00edda ou de fornecimento de g\u00e1s. Enquanto isso, o dispositivo deve ser instalado com o tanque de armazenamento voltado para cima e na posi\u00e7\u00e3o horizontal.<\/span><span id=\"input-sentence~1\"><br \/>\nM\u00e9todo de instala\u00e7\u00e3o<br \/>\nInstala\u00e7\u00e3o direta: Monte diretamente o sistema de microlubrifica\u00e7\u00e3o na m\u00e1quina, observando a instala\u00e7\u00e3o para seguran\u00e7a pessoal. Use parafusos apropriados em cada uma das posi\u00e7\u00f5es de instala\u00e7\u00e3o com seus parafusos correspondentes para instala\u00e7\u00e3o correta.<br \/>\nInstala\u00e7\u00e3o magn\u00e9tica: A instala\u00e7\u00e3o com \u00edm\u00e3s tamb\u00e9m pode ser usada opcionalmente, dependendo de onde os requisitos de instala\u00e7\u00e3o precisam. Observar a seguran\u00e7a na instala\u00e7\u00e3o tamb\u00e9m garantir\u00e1 a estabilidade do sistema de microlubrifica\u00e7\u00e3o que est\u00e1 sendo instalado.<\/span><\/p>\n<h2>Manuais<\/h2>\n<div class=\"sdm_download_button_box_default\"><div class=\"sdm_download_link\"><a href=\"https:\/\/www.jinpinlub.com\/pt\/?sdm_process_download=1&download_id=4054\" class=\"sdm_download white\" title=\"Privado: Minimal Quantity Lubrication\" target=\"&quot;_blank&quot;\">Ver Ficha T\u00e9cnica - Lubrifica\u00e7\u00e3o de Quantidade M\u00ednima<\/a><\/div><\/div>","protected":false},"excerpt":{"rendered":"<p>O sistema de microlubrifica\u00e7\u00e3o MLS adota uma bomba de deslocamento positivo alimentada por ar comprimido, que pode controlar com precis\u00e3o a sa\u00edda de n\u00e9voa de \u00f3leo. Ele apresenta design modular, desempenho confi\u00e1vel, configura\u00e7\u00e3o flex\u00edvel e f\u00e1cil instala\u00e7\u00e3o.<\/p>","protected":false},"featured_media":4057,"template":"","meta":{"ocean_post_layout":"","ocean_both_sidebars_style":"","ocean_both_sidebars_content_width":0,"ocean_both_sidebars_sidebars_width":0,"ocean_sidebar":"0","ocean_second_sidebar":"0","ocean_disable_margins":"enable","ocean_add_body_class":"","ocean_shortcode_before_top_bar":"","ocean_shortcode_after_top_bar":"","ocean_shortcode_before_header":"","ocean_shortcode_after_header":"","ocean_has_shortcode":"","ocean_shortcode_after_title":"","ocean_shortcode_before_footer_widgets":"","ocean_shortcode_after_footer_widgets":"","ocean_shortcode_before_footer_bottom":"","ocean_shortcode_after_footer_bottom":"","ocean_display_top_bar":"default","ocean_display_header":"default","ocean_header_style":"","ocean_center_header_left_menu":"0","ocean_custom_header_template":"0","ocean_custom_logo":0,"ocean_custom_retina_logo":0,"ocean_custom_logo_max_width":0,"ocean_custom_logo_tablet_max_width":0,"ocean_custom_logo_mobile_max_width":0,"ocean_custom_logo_max_height":0,"ocean_custom_logo_tablet_max_height":0,"ocean_custom_logo_mobile_max_height":0,"ocean_header_custom_menu":"0","ocean_menu_typo_font_family":"0","ocean_menu_typo_font_subset":"","ocean_menu_typo_font_size":0,"ocean_menu_typo_font_size_tablet":0,"ocean_menu_typo_font_size_mobile":0,"ocean_menu_typo_font_size_unit":"px","ocean_menu_typo_font_weight":"","ocean_menu_typo_font_weight_tablet":"","ocean_menu_typo_font_weight_mobile":"","ocean_menu_typo_transform":"","ocean_menu_typo_transform_tablet":"","ocean_menu_typo_transform_mobile":"","ocean_menu_typo_line_height":0,"ocean_menu_typo_line_height_tablet":0,"ocean_menu_typo_line_height_mobile":0,"ocean_menu_typo_line_height_unit":"","ocean_menu_typo_spacing":0,"ocean_menu_typo_spacing_tablet":0,"ocean_menu_typo_spacing_mobile":0,"ocean_menu_typo_spacing_unit":"","ocean_menu_link_color":"","ocean_menu_link_color_hover":"","ocean_menu_link_color_active":"","ocean_menu_link_background":"","ocean_menu_link_hover_background":"","ocean_menu_link_active_background":"","ocean_menu_social_links_bg":"","ocean_menu_social_hover_links_bg":"","ocean_menu_social_links_color":"","ocean_menu_social_hover_links_color":"","ocean_disable_title":"default","ocean_disable_heading":"default","ocean_post_title":"","ocean_post_subheading":"","ocean_post_title_style":"","ocean_post_title_background_color":"","ocean_post_title_background":0,"ocean_post_title_bg_image_position":"","ocean_post_title_bg_image_attachment":"","ocean_post_title_bg_image_repeat":"","ocean_post_title_bg_image_size":"","ocean_post_title_height":0,"ocean_post_title_bg_overlay":0.5,"ocean_post_title_bg_overlay_color":"","ocean_disable_breadcrumbs":"default","ocean_breadcrumbs_color":"","ocean_breadcrumbs_separator_color":"","ocean_breadcrumbs_links_color":"","ocean_breadcrumbs_links_hover_color":"","ocean_display_footer_widgets":"default","ocean_display_footer_bottom":"default","ocean_custom_footer_template":"0","osh_disable_topbar_sticky":"default","osh_disable_header_sticky":"default","osh_sticky_header_style":"default","osh_sticky_header_effect":"","osh_custom_sticky_logo":0,"osh_custom_retina_sticky_logo":0,"osh_custom_sticky_logo_height":0,"osh_background_color":"","osh_links_color":"","osh_links_hover_color":"","osh_links_active_color":"","osh_links_bg_color":"","osh_links_hover_bg_color":"","osh_links_active_bg_color":"","osh_menu_social_links_color":"","osh_menu_social_hover_links_color":""},"product_brand":[],"product_cat":[46],"product_tag":[386,382,388,381,387],"class_list":{"0":"post-4052","1":"product","2":"type-product","3":"status-publish","4":"has-post-thumbnail","6":"product_cat-oil-mist-lubrication-systems","7":"product_tag-micro-lubrication-system","8":"product_tag-minimal-quantity-lubrication","9":"product_tag-minimum-quantity-lubrication","10":"product_tag-mql-lubrication-pump","11":"product_tag-oil-mist-coolant-pumps","13":"entry","14":"has-media","16":"first","17":"instock","18":"shipping-taxable","19":"product-type-external","20":"col","21":"span_1_of_3","22":"owp-content-center","23":"owp-thumbs-layout-horizontal","24":"owp-btn-very-big","25":"owp-tabs-layout-horizontal"},"_links":{"self":[{"href":"https:\/\/www.jinpinlub.com\/pt\/wp-json\/wp\/v2\/product\/4052","targetHints":{"allow":["GET"]}}],"collection":[{"href":"https:\/\/www.jinpinlub.com\/pt\/wp-json\/wp\/v2\/product"}],"about":[{"href":"https:\/\/www.jinpinlub.com\/pt\/wp-json\/wp\/v2\/types\/product"}],"wp:featuredmedia":[{"embeddable":true,"href":"https:\/\/www.jinpinlub.com\/pt\/wp-json\/wp\/v2\/media\/4057"}],"wp:attachment":[{"href":"https:\/\/www.jinpinlub.com\/pt\/wp-json\/wp\/v2\/media?parent=4052"}],"wp:term":[{"taxonomy":"product_brand","embeddable":true,"href":"https:\/\/www.jinpinlub.com\/pt\/wp-json\/wp\/v2\/product_brand?post=4052"},{"taxonomy":"product_cat","embeddable":true,"href":"https:\/\/www.jinpinlub.com\/pt\/wp-json\/wp\/v2\/product_cat?post=4052"},{"taxonomy":"product_tag","embeddable":true,"href":"https:\/\/www.jinpinlub.com\/pt\/wp-json\/wp\/v2\/product_tag?post=4052"}],"curies":[{"name":"wp","href":"https:\/\/api.w.org\/{rel}","templated":true}]}}