{"id":4064,"date":"2025-01-01T23:46:16","date_gmt":"2025-01-01T15:46:16","guid":{"rendered":"https:\/\/www.jinpinlub.com\/?post_type=product&#038;p=4064"},"modified":"2025-01-02T00:24:58","modified_gmt":"2025-01-01T16:24:58","slug":"unidade-de-lubrificacao-de-quantidade-minima-mls-para-processos-de-corte","status":"publish","type":"product","link":"https:\/\/www.jinpinlub.com\/pt\/product\/mls-minimal-quantity-lubrication-unit-for-cutting-processes\/","title":{"rendered":"Unidade de lubrifica\u00e7\u00e3o de quantidade m\u00ednima MLS para processos de corte"},"content":{"rendered":"<h2>Recurso<\/h2>\n<p><span id=\"input-sentence~0\">\u2013 Lubrifica\u00e7\u00e3o precisa: o MLS usa uma bomba de deslocamento positivo vari\u00e1vel que proporciona a capacidade de ejetar l\u00edquido a uma taxa precisa, reduzindo o desperd\u00edcio e aumentando a efici\u00eancia.<br \/>\n\u2013 Design modular: O design modular permite que os usu\u00e1rios adicionem ou reduzam a quantidade de bombas e configurem um sistema de microlubrifica\u00e7\u00e3o com v\u00e1rias portas de sa\u00edda de acordo com os requisitos espec\u00edficos da aplica\u00e7\u00e3o.<\/span><span id=\"input-sentence~1\"><br \/>\n<span id=\"input-sentence~0\">&#8211; <\/span>Bomba de deslocamento positivo: A bomba de deslocamento positivo no sistema de microlubrifica\u00e7\u00e3o garante uma sa\u00edda de fluxo constante mesmo sob mudan\u00e7as de press\u00e3o, o que \u00e9 essencial para uma lubrifica\u00e7\u00e3o precisa.<br \/>\n<span id=\"input-sentence~0\">&#8211; <\/span>Opera\u00e7\u00e3o com ar comprimido: Todo o microssistema depende apenas de ar comprimido, sem a necessidade de uma fonte de energia adicional, simplificando a instala\u00e7\u00e3o e a opera\u00e7\u00e3o, al\u00e9m de reduzir o consumo de energia.<\/span><\/p>\n<h2>Especifica\u00e7\u00e3o<\/h2>\n<table>\n<tbody>\n<tr>\n<td>Press\u00e3o de ar de alimenta\u00e7\u00e3o<\/td>\n<td>Ar comprimido limpo e seco, 4~7 bar, 708 LPM m\u00ednimo<\/td>\n<\/tr>\n<tr>\n<td>Viscosidade da bomba<\/td>\n<td>50~1000 SUS<\/td>\n<\/tr>\n<tr>\n<td>Sa\u00edda da bomba em curso total<\/td>\n<td>0,033 mL (padr\u00e3o de 1 gota), 0,100 mL (padr\u00e3o de 3 gotas)<\/td>\n<\/tr>\n<tr>\n<td>Taxa de sa\u00edda da bomba<\/td>\n<td>0~396mL\/h (padr\u00e3o de 1 gota), 0~1200mL\/h (padr\u00e3o de 3 gotas)<\/td>\n<\/tr>\n<tr>\n<td>Taxa de fluxo de ar<\/td>\n<td>0~4 SCFM para cada sa\u00edda de ar e \u00f3leo, 1~2 SCFM t\u00edpico<\/td>\n<\/tr>\n<tr>\n<td>Gerador de pulso<\/td>\n<td>5~50 pulsos\/min, M\u00e1x. 200 pulsos\/min (n\u00e3o recomendado)<\/td>\n<\/tr>\n<tr>\n<td>Temperatura de opera\u00e7\u00e3o<\/td>\n<td>0\u2103 ~ +50\u02daC<\/td>\n<\/tr>\n<tr>\n<td>Temperatura de armazenamento<\/td>\n<td>(-16\u2103 ~ +70\u02daC)<\/td>\n<\/tr>\n<tr>\n<td>Reservat\u00f3rio de fluido<\/td>\n<td>Personaliz\u00e1vel, padr\u00e3o 0,5L, 1,0L, 2L, 4L<\/td>\n<\/tr>\n<\/tbody>\n<\/table>\n<h2>Ajuste<\/h2>\n<p>A posi\u00e7\u00e3o do bico \u00e9 crucial para o efeito de microlubrifica\u00e7\u00e3o e deve ser colocada na posi\u00e7\u00e3o ideal de acordo com diferentes m\u00e9todos de processamento (como fresamento de face final, fresamento perif\u00e9rico, etc.), garantindo que o bloco de acoplamento do bico esteja horizontal ou apontando para baixo.<br \/>\nNo processo de uso, se o efeito de lubrifica\u00e7\u00e3o por n\u00e9voa de \u00f3leo n\u00e3o for bom ou a posi\u00e7\u00e3o do bico mudar, ele precisa ser ajustado a tempo, o que ajuda a manter o bom desempenho de lubrifica\u00e7\u00e3o do sistema e tamb\u00e9m faz parte do trabalho de manuten\u00e7\u00e3o.<br \/>\nOs diferentes tipos de bicos de lubrifica\u00e7\u00e3o de quantidade m\u00ednima (pl\u00e1stico flex\u00edvel, cobre semirr\u00edgido, a\u00e7o inoxid\u00e1vel, etc.) t\u00eam suas pr\u00f3prias caracter\u00edsticas, e deve-se prestar aten\u00e7\u00e3o para evitar danos durante o uso. Por exemplo, bicos de pl\u00e1stico flex\u00edveis s\u00e3o propensos a serem tocados e deslocados, bicos de cobre semirr\u00edgidos podem ser endurecidos por trabalho por dobras repetidas, e bicos de a\u00e7o inoxid\u00e1vel t\u00eam boa rigidez, mas n\u00e3o s\u00e3o facilmente dobrados ou deformados.<\/p>\n<h2>Manuais<\/h2>\n<div class=\"sdm_download_button_box_default\"><div class=\"sdm_download_link\"><a href=\"https:\/\/www.jinpinlub.com\/pt\/?sdm_process_download=1&download_id=4054\" class=\"sdm_download white\" title=\"Privado: Minimal Quantity Lubrication\" target=\"&quot;_blank&quot;\">Ver Ficha T\u00e9cnica - Lubrifica\u00e7\u00e3o de Quantidade M\u00ednima<\/a><\/div><\/div>","protected":false},"excerpt":{"rendered":"<p>O sistema de microlubrifica\u00e7\u00e3o MLS \u00e9 conhecido pelo design preciso, simples e modular, servindo como uma bomba atomizadora para misturas de ar e \u00f3leo. O sistema usa uma bomba de deslocamento positivo para garantir inje\u00e7\u00e3o cont\u00ednua e precisa, contando com opera\u00e7\u00e3o de ar comprimido.<\/p>","protected":false},"featured_media":4061,"template":"","meta":{"ocean_post_layout":"","ocean_both_sidebars_style":"","ocean_both_sidebars_content_width":0,"ocean_both_sidebars_sidebars_width":0,"ocean_sidebar":"0","ocean_second_sidebar":"0","ocean_disable_margins":"enable","ocean_add_body_class":"","ocean_shortcode_before_top_bar":"","ocean_shortcode_after_top_bar":"","ocean_shortcode_before_header":"","ocean_shortcode_after_header":"","ocean_has_shortcode":"","ocean_shortcode_after_title":"","ocean_shortcode_before_footer_widgets":"","ocean_shortcode_after_footer_widgets":"","ocean_shortcode_before_footer_bottom":"","ocean_shortcode_after_footer_bottom":"","ocean_display_top_bar":"default","ocean_display_header":"default","ocean_header_style":"","ocean_center_header_left_menu":"0","ocean_custom_header_template":"0","ocean_custom_logo":0,"ocean_custom_retina_logo":0,"ocean_custom_logo_max_width":0,"ocean_custom_logo_tablet_max_width":0,"ocean_custom_logo_mobile_max_width":0,"ocean_custom_logo_max_height":0,"ocean_custom_logo_tablet_max_height":0,"ocean_custom_logo_mobile_max_height":0,"ocean_header_custom_menu":"0","ocean_menu_typo_font_family":"0","ocean_menu_typo_font_subset":"","ocean_menu_typo_font_size":0,"ocean_menu_typo_font_size_tablet":0,"ocean_menu_typo_font_size_mobile":0,"ocean_menu_typo_font_size_unit":"px","ocean_menu_typo_font_weight":"","ocean_menu_typo_font_weight_tablet":"","ocean_menu_typo_font_weight_mobile":"","ocean_menu_typo_transform":"","ocean_menu_typo_transform_tablet":"","ocean_menu_typo_transform_mobile":"","ocean_menu_typo_line_height":0,"ocean_menu_typo_line_height_tablet":0,"ocean_menu_typo_line_height_mobile":0,"ocean_menu_typo_line_height_unit":"","ocean_menu_typo_spacing":0,"ocean_menu_typo_spacing_tablet":0,"ocean_menu_typo_spacing_mobile":0,"ocean_menu_typo_spacing_unit":"","ocean_menu_link_color":"","ocean_menu_link_color_hover":"","ocean_menu_link_color_active":"","ocean_menu_link_background":"","ocean_menu_link_hover_background":"","ocean_menu_link_active_background":"","ocean_menu_social_links_bg":"","ocean_menu_social_hover_links_bg":"","ocean_menu_social_links_color":"","ocean_menu_social_hover_links_color":"","ocean_disable_title":"default","ocean_disable_heading":"default","ocean_post_title":"","ocean_post_subheading":"","ocean_post_title_style":"","ocean_post_title_background_color":"","ocean_post_title_background":0,"ocean_post_title_bg_image_position":"","ocean_post_title_bg_image_attachment":"","ocean_post_title_bg_image_repeat":"","ocean_post_title_bg_image_size":"","ocean_post_title_height":0,"ocean_post_title_bg_overlay":0.5,"ocean_post_title_bg_overlay_color":"","ocean_disable_breadcrumbs":"default","ocean_breadcrumbs_color":"","ocean_breadcrumbs_separator_color":"","ocean_breadcrumbs_links_color":"","ocean_breadcrumbs_links_hover_color":"","ocean_display_footer_widgets":"default","ocean_display_footer_bottom":"default","ocean_custom_footer_template":"0","osh_disable_topbar_sticky":"default","osh_disable_header_sticky":"default","osh_sticky_header_style":"default","osh_sticky_header_effect":"","osh_custom_sticky_logo":0,"osh_custom_retina_sticky_logo":0,"osh_custom_sticky_logo_height":0,"osh_background_color":"","osh_links_color":"","osh_links_hover_color":"","osh_links_active_color":"","osh_links_bg_color":"","osh_links_hover_bg_color":"","osh_links_active_bg_color":"","osh_menu_social_links_color":"","osh_menu_social_hover_links_color":""},"product_brand":[],"product_cat":[46],"product_tag":[385,383,382,381,384],"class_list":{"0":"post-4064","1":"product","2":"type-product","3":"status-publish","4":"has-post-thumbnail","6":"product_cat-oil-mist-lubrication-systems","7":"product_tag-cooling-lubrication-system","8":"product_tag-micro-lubrication-pump","9":"product_tag-minimal-quantity-lubrication","10":"product_tag-mql-lubrication-pump","11":"product_tag-oil-mist-lubrication-system","13":"entry","14":"has-media","16":"first","17":"instock","18":"shipping-taxable","19":"product-type-external","20":"col","21":"span_1_of_3","22":"owp-content-center","23":"owp-thumbs-layout-horizontal","24":"owp-btn-very-big","25":"owp-tabs-layout-horizontal"},"_links":{"self":[{"href":"https:\/\/www.jinpinlub.com\/pt\/wp-json\/wp\/v2\/product\/4064","targetHints":{"allow":["GET"]}}],"collection":[{"href":"https:\/\/www.jinpinlub.com\/pt\/wp-json\/wp\/v2\/product"}],"about":[{"href":"https:\/\/www.jinpinlub.com\/pt\/wp-json\/wp\/v2\/types\/product"}],"wp:featuredmedia":[{"embeddable":true,"href":"https:\/\/www.jinpinlub.com\/pt\/wp-json\/wp\/v2\/media\/4061"}],"wp:attachment":[{"href":"https:\/\/www.jinpinlub.com\/pt\/wp-json\/wp\/v2\/media?parent=4064"}],"wp:term":[{"taxonomy":"product_brand","embeddable":true,"href":"https:\/\/www.jinpinlub.com\/pt\/wp-json\/wp\/v2\/product_brand?post=4064"},{"taxonomy":"product_cat","embeddable":true,"href":"https:\/\/www.jinpinlub.com\/pt\/wp-json\/wp\/v2\/product_cat?post=4064"},{"taxonomy":"product_tag","embeddable":true,"href":"https:\/\/www.jinpinlub.com\/pt\/wp-json\/wp\/v2\/product_tag?post=4064"}],"curies":[{"name":"wp","href":"https:\/\/api.w.org\/{rel}","templated":true}]}}