{"id":4065,"date":"2025-01-02T01:03:48","date_gmt":"2025-01-01T17:03:48","guid":{"rendered":"https:\/\/www.jinpinlub.com\/?post_type=product&#038;p=4065"},"modified":"2025-01-11T11:48:58","modified_gmt":"2025-01-11T03:48:58","slug":"sistema-de-lubrificacao-por-pulverizacao-de-microprecisao-para-corte-de-metal","status":"publish","type":"product","link":"https:\/\/www.jinpinlub.com\/pt\/product\/micro-precision-spray-lubrication-system-for-metal-cutting\/","title":{"rendered":"Sistema de lubrifica\u00e7\u00e3o por pulveriza\u00e7\u00e3o de microprecis\u00e3o para corte de metal"},"content":{"rendered":"<h2>Recurso<\/h2>\n<p><span id=\"input-sentence~0\">\u2013 Mistura de ar e \u00f3leo: a bomba de lubrifica\u00e7\u00e3o de quantidade m\u00ednima pode fornecer uma mistura de ar e \u00f3leo que pode ser usada para diferentes cen\u00e1rios de aplica\u00e7\u00e3o que exigem lubrifica\u00e7\u00e3o precisa.<br \/>\n\u2013 Fun\u00e7\u00e3o de ajuste: O regulador de curso e o gerador de pulsos na bomba de lubrifica\u00e7\u00e3o de quantidade m\u00ednima permitem que os usu\u00e1rios regulem a taxa de circula\u00e7\u00e3o e a sa\u00edda por curso da bomba de acordo com a necessidade, proporcionando, portanto, uma regula\u00e7\u00e3o precisa.<\/span><span id=\"input-sentence~1\"><br \/>\n<span id=\"input-sentence~0\">&#8211; <\/span>Ecologicamente correto: O \u00f3leo-guia para m\u00e1quinas-ferramentas ISO VG 68 recomendado pela bomba possui caracter\u00edsticas ecologicamente corretas, e a lubrifica\u00e7\u00e3o precisa por micro-n\u00e9voa de \u00f3leo pode reduzir ainda mais o impacto no meio ambiente.<br \/>\n<span id=\"input-sentence~0\">&#8211; <\/span>Materiais de alto desempenho: Bicos de diferentes materiais s\u00e3o adequados para diferentes ambientes de trabalho, como bicos de a\u00e7o inoxid\u00e1vel para ambientes que exigem alta rigidez, enquanto bicos de pl\u00e1stico flex\u00edveis s\u00e3o adequados para ambientes que exigem f\u00e1cil ajuste de dire\u00e7\u00e3o.<\/span><\/p>\n<h2>Especifica\u00e7\u00e3o<\/h2>\n<table>\n<tbody>\n<tr>\n<td>Press\u00e3o de ar de alimenta\u00e7\u00e3o<\/td>\n<td>Ar comprimido limpo e seco, 4~7 bar, 708 LPM m\u00ednimo<\/td>\n<\/tr>\n<tr>\n<td>Viscosidade da bomba<\/td>\n<td>50~1000 SUS<\/td>\n<\/tr>\n<tr>\n<td>Sa\u00edda da bomba em curso total<\/td>\n<td>0,033 mL (padr\u00e3o de 1 gota), 0,100 mL (padr\u00e3o de 3 gotas)<\/td>\n<\/tr>\n<tr>\n<td>Taxa de sa\u00edda da bomba<\/td>\n<td>0~396mL\/h (padr\u00e3o de 1 gota), 0~1200mL\/h (padr\u00e3o de 3 gotas)<\/td>\n<\/tr>\n<tr>\n<td>Taxa de fluxo de ar<\/td>\n<td>0~4 SCFM para cada sa\u00edda de ar e \u00f3leo, 1~2 SCFM t\u00edpico<\/td>\n<\/tr>\n<tr>\n<td>Gerador de pulso<\/td>\n<td>5~50 pulsos\/min, M\u00e1x. 200 pulsos\/min (n\u00e3o recomendado)<\/td>\n<\/tr>\n<tr>\n<td>Temperatura de opera\u00e7\u00e3o<\/td>\n<td>0\u2103 ~ +50\u02daC<\/td>\n<\/tr>\n<tr>\n<td>Temperatura de armazenamento<\/td>\n<td>(-16\u2103 ~ +70\u02daC)<\/td>\n<\/tr>\n<tr>\n<td>Reservat\u00f3rio de fluido<\/td>\n<td>Personaliz\u00e1vel, padr\u00e3o 0,5L, 1,0L, 2L, 4L<\/td>\n<\/tr>\n<\/tbody>\n<\/table>\n<h2>Montagem<\/h2>\n<p><span id=\"input-sentence~0\">1. Prepara\u00e7\u00e3o da instala\u00e7\u00e3o: Leia o manual operacional, entenda os princ\u00edpios do sistema de lubrifica\u00e7\u00e3o de quantidade m\u00ednima, fun\u00e7\u00f5es dos componentes e m\u00e9todos de ajuste. Prepare todas as ferramentas que podem ser necess\u00e1rias para a montagem.<br \/>\n2. Local de instala\u00e7\u00e3o: Escolha um local pr\u00f3ximo \u00e0 m\u00e1quina e de f\u00e1cil opera\u00e7\u00e3o e manuten\u00e7\u00e3o, certificando-se de que a bomba de lubrifica\u00e7\u00e3o de quantidade m\u00ednima seja instalada horizontalmente com o tanque de armazenamento de l\u00edquido para cima.<\/span><span id=\"input-sentence~1\"><br \/>\n3. M\u00e9todo de instala\u00e7\u00e3o: Fixado por parafusos em quatro locais de instala\u00e7\u00e3o, sistema de lubrifica\u00e7\u00e3o de quantidade m\u00ednima. Quanto ao m\u00e9todo de instala\u00e7\u00e3o do \u00edm\u00e3 do case adotado, ele precisa ser instalado em local de instala\u00e7\u00e3o limpo e plano.<br \/>\n4. Conex\u00e3o de ar: Mantenha a press\u00e3o de suprimento de ar entre 4 e 7 bar, conecte a linha de suprimento de ar atrav\u00e9s do filtro de ar e vede a interface.<br \/>\n5. Enchimento de \u00f3leo fino: Encha o \u00f3leo fino qualificado at\u00e9 75% do volume do tanque de \u00f3leo. No processo de enchimento, empurre a tampa para baixo para descarregar o ar extra.<\/span><\/p>\n<h2>Manuais<\/h2>\n<div class=\"sdm_download_button_box_default\"><div class=\"sdm_download_link\"><a href=\"https:\/\/www.jinpinlub.com\/pt\/?sdm_process_download=1&download_id=4054\" class=\"sdm_download white\" title=\"Privado: Minimal Quantity Lubrication\" target=\"&quot;_blank&quot;\">Ver Ficha T\u00e9cnica - Lubrifica\u00e7\u00e3o de Quantidade M\u00ednima<\/a><\/div><\/div>","protected":false},"excerpt":{"rendered":"<p>A bomba de microlubrifica\u00e7\u00e3o MLS \u00e9 um dispositivo usado para substituir o sistema de resfriamento de fluido de corte sol\u00favel em \u00e1gua tradicional. Ela pulveriza uma mistura de ar e \u00f3leo na \u00e1rea de processamento por meio de atomiza\u00e7\u00e3o de alta press\u00e3o, de modo que uma pequena quantidade de \u00f3leo lubrificante seja dispersada de forma mais uniforme.<\/p>","protected":false},"featured_media":4066,"template":"","meta":{"ocean_post_layout":"","ocean_both_sidebars_style":"","ocean_both_sidebars_content_width":0,"ocean_both_sidebars_sidebars_width":0,"ocean_sidebar":"0","ocean_second_sidebar":"0","ocean_disable_margins":"enable","ocean_add_body_class":"","ocean_shortcode_before_top_bar":"","ocean_shortcode_after_top_bar":"","ocean_shortcode_before_header":"","ocean_shortcode_after_header":"","ocean_has_shortcode":"","ocean_shortcode_after_title":"","ocean_shortcode_before_footer_widgets":"","ocean_shortcode_after_footer_widgets":"","ocean_shortcode_before_footer_bottom":"","ocean_shortcode_after_footer_bottom":"","ocean_display_top_bar":"default","ocean_display_header":"default","ocean_header_style":"","ocean_center_header_left_menu":"0","ocean_custom_header_template":"0","ocean_custom_logo":0,"ocean_custom_retina_logo":0,"ocean_custom_logo_max_width":0,"ocean_custom_logo_tablet_max_width":0,"ocean_custom_logo_mobile_max_width":0,"ocean_custom_logo_max_height":0,"ocean_custom_logo_tablet_max_height":0,"ocean_custom_logo_mobile_max_height":0,"ocean_header_custom_menu":"0","ocean_menu_typo_font_family":"0","ocean_menu_typo_font_subset":"","ocean_menu_typo_font_size":0,"ocean_menu_typo_font_size_tablet":0,"ocean_menu_typo_font_size_mobile":0,"ocean_menu_typo_font_size_unit":"px","ocean_menu_typo_font_weight":"","ocean_menu_typo_font_weight_tablet":"","ocean_menu_typo_font_weight_mobile":"","ocean_menu_typo_transform":"","ocean_menu_typo_transform_tablet":"","ocean_menu_typo_transform_mobile":"","ocean_menu_typo_line_height":0,"ocean_menu_typo_line_height_tablet":0,"ocean_menu_typo_line_height_mobile":0,"ocean_menu_typo_line_height_unit":"","ocean_menu_typo_spacing":0,"ocean_menu_typo_spacing_tablet":0,"ocean_menu_typo_spacing_mobile":0,"ocean_menu_typo_spacing_unit":"","ocean_menu_link_color":"","ocean_menu_link_color_hover":"","ocean_menu_link_color_active":"","ocean_menu_link_background":"","ocean_menu_link_hover_background":"","ocean_menu_link_active_background":"","ocean_menu_social_links_bg":"","ocean_menu_social_hover_links_bg":"","ocean_menu_social_links_color":"","ocean_menu_social_hover_links_color":"","ocean_disable_title":"default","ocean_disable_heading":"default","ocean_post_title":"","ocean_post_subheading":"","ocean_post_title_style":"","ocean_post_title_background_color":"","ocean_post_title_background":0,"ocean_post_title_bg_image_position":"","ocean_post_title_bg_image_attachment":"","ocean_post_title_bg_image_repeat":"","ocean_post_title_bg_image_size":"","ocean_post_title_height":0,"ocean_post_title_bg_overlay":0.5,"ocean_post_title_bg_overlay_color":"","ocean_disable_breadcrumbs":"default","ocean_breadcrumbs_color":"","ocean_breadcrumbs_separator_color":"","ocean_breadcrumbs_links_color":"","ocean_breadcrumbs_links_hover_color":"","ocean_display_footer_widgets":"default","ocean_display_footer_bottom":"default","ocean_custom_footer_template":"0","osh_disable_topbar_sticky":"default","osh_disable_header_sticky":"default","osh_sticky_header_style":"default","osh_sticky_header_effect":"","osh_custom_sticky_logo":0,"osh_custom_retina_sticky_logo":0,"osh_custom_sticky_logo_height":0,"osh_background_color":"","osh_links_color":"","osh_links_hover_color":"","osh_links_active_color":"","osh_links_bg_color":"","osh_links_hover_bg_color":"","osh_links_active_bg_color":"","osh_menu_social_links_color":"","osh_menu_social_hover_links_color":""},"product_brand":[],"product_cat":[46],"product_tag":[386,382,387,389,390],"class_list":{"0":"post-4065","1":"product","2":"type-product","3":"status-publish","4":"has-post-thumbnail","6":"product_cat-oil-mist-lubrication-systems","7":"product_tag-micro-lubrication-system","8":"product_tag-minimal-quantity-lubrication","9":"product_tag-oil-mist-coolant-pumps","10":"product_tag-pneumatic-oil-mist-pump","11":"product_tag-pneumatic-spray-pump","13":"entry","14":"has-media","16":"first","17":"instock","18":"featured","19":"shipping-taxable","20":"product-type-external","21":"col","22":"span_1_of_3","23":"owp-content-center","24":"owp-thumbs-layout-horizontal","25":"owp-btn-very-big","26":"owp-tabs-layout-horizontal"},"_links":{"self":[{"href":"https:\/\/www.jinpinlub.com\/pt\/wp-json\/wp\/v2\/product\/4065","targetHints":{"allow":["GET"]}}],"collection":[{"href":"https:\/\/www.jinpinlub.com\/pt\/wp-json\/wp\/v2\/product"}],"about":[{"href":"https:\/\/www.jinpinlub.com\/pt\/wp-json\/wp\/v2\/types\/product"}],"wp:featuredmedia":[{"embeddable":true,"href":"https:\/\/www.jinpinlub.com\/pt\/wp-json\/wp\/v2\/media\/4066"}],"wp:attachment":[{"href":"https:\/\/www.jinpinlub.com\/pt\/wp-json\/wp\/v2\/media?parent=4065"}],"wp:term":[{"taxonomy":"product_brand","embeddable":true,"href":"https:\/\/www.jinpinlub.com\/pt\/wp-json\/wp\/v2\/product_brand?post=4065"},{"taxonomy":"product_cat","embeddable":true,"href":"https:\/\/www.jinpinlub.com\/pt\/wp-json\/wp\/v2\/product_cat?post=4065"},{"taxonomy":"product_tag","embeddable":true,"href":"https:\/\/www.jinpinlub.com\/pt\/wp-json\/wp\/v2\/product_tag?post=4065"}],"curies":[{"name":"wp","href":"https:\/\/api.w.org\/{rel}","templated":true}]}}