{"id":4075,"date":"2025-01-02T03:59:02","date_gmt":"2025-01-01T19:59:02","guid":{"rendered":"https:\/\/www.jinpinlub.com\/?post_type=product&#038;p=4075"},"modified":"2025-01-02T04:17:15","modified_gmt":"2025-01-01T20:17:15","slug":"bomba-de-lubrificacao-de-quantidade-minima-personalizada-para-perfuracao-de-furos","status":"publish","type":"product","link":"https:\/\/www.jinpinlub.com\/pt\/produto\/bomba-de-lubrificacao-de-quantidade-minima-personalizada-para-perfuracao-de-furos\/","title":{"rendered":"Bomba de lubrifica\u00e7\u00e3o de quantidade m\u00ednima personalizada para perfura\u00e7\u00e3o de furos"},"content":{"rendered":"<h2>Recurso<\/h2>\n<p>1. Capacidade do reservat\u00f3rio: o sistema de lubrifica\u00e7\u00e3o de quantidade m\u00ednima MLS fornece tanques de armazenamento de diferentes capacidades, com capacidade padr\u00e3o de 05L, 1L, 2L, 4L, os usu\u00e1rios podem escolher o tanque de armazenamento apropriado com base no uso real.<br \/>\n2. Controle de fluxo de ar: O fluxo de ar da bomba atomizadora \u00e9 controlado pelo parafuso de medi\u00e7\u00e3o de ar, e a densidade e a dist\u00e2ncia da pulveriza\u00e7\u00e3o s\u00e3o determinadas pelo parafuso de medi\u00e7\u00e3o de ar e pelo bot\u00e3o de ajuste do curso da bomba.<br \/>\n3. Ajuste de frequ\u00eancia do gerador de pulsos: O gerador de pulsos da lubrifica\u00e7\u00e3o de quantidade m\u00ednima MLS \u00e9 um temporizador pneum\u00e1tico vari\u00e1vel especialmente projetado e fabricado, usado para controlar a velocidade de circula\u00e7\u00e3o da bomba, com uma frequ\u00eancia recomendada de 5 a 50 pulsos por minuto.<br \/>\n4. Sa\u00edda de controle da v\u00e1lvula eletromagn\u00e9tica: O circuito pneum\u00e1tico da lubrifica\u00e7\u00e3o de quantidade m\u00ednima MLS tamb\u00e9m pode ser controlado por uma v\u00e1lvula eletromagn\u00e9tica, e a frequ\u00eancia de entrada de ar pode ser definida para obter controle preciso da frequ\u00eancia de sa\u00edda da bomba de atomiza\u00e7\u00e3o por meio da v\u00e1lvula eletromagn\u00e9tica.<\/p>\n<h2>Especifica\u00e7\u00e3o<\/h2>\n<table>\n<tbody>\n<tr>\n<td>Press\u00e3o de ar de alimenta\u00e7\u00e3o<\/td>\n<td>Ar comprimido limpo e seco, 4~7 bar, 708 LPM m\u00ednimo<\/td>\n<\/tr>\n<tr>\n<td>Viscosidade da bomba<\/td>\n<td>50~1000 SUS<\/td>\n<\/tr>\n<tr>\n<td>Sa\u00edda da bomba em curso total<\/td>\n<td>0,033 mL (padr\u00e3o de 1 gota), 0,100 mL (padr\u00e3o de 3 gotas)<\/td>\n<\/tr>\n<tr>\n<td>Taxa de sa\u00edda da bomba<\/td>\n<td>0~396mL\/h (padr\u00e3o de 1 gota), 0~1200mL\/h (padr\u00e3o de 3 gotas)<\/td>\n<\/tr>\n<tr>\n<td>Taxa de fluxo de ar<\/td>\n<td>0~4 SCFM para cada sa\u00edda de ar e \u00f3leo, 1~2 SCFM t\u00edpico<\/td>\n<\/tr>\n<tr>\n<td>Gerador de pulso<\/td>\n<td>5~50 pulsos\/min, M\u00e1x. 200 pulsos\/min (n\u00e3o recomendado)<\/td>\n<\/tr>\n<tr>\n<td>Temperatura de opera\u00e7\u00e3o<\/td>\n<td>0\u2103 ~ +50\u02daC<\/td>\n<\/tr>\n<tr>\n<td>Temperatura de armazenamento<\/td>\n<td>(-16\u2103 ~ +70\u02daC)<\/td>\n<\/tr>\n<tr>\n<td>Reservat\u00f3rio de fluido<\/td>\n<td>Personaliz\u00e1vel, padr\u00e3o 0,5L, 1,0L, 2L, 4L<\/td>\n<\/tr>\n<\/tbody>\n<\/table>\n<h2>Bicos<\/h2>\n<p>\u2013 Sistema MQL com bico pl\u00e1stico flex\u00edvel<br \/>\nVantagens: \u00c9 f\u00e1cil alinhar a posi\u00e7\u00e3o onde o spray \u00e9 necess\u00e1rio, e n\u00e3o funcionar\u00e1 endurecendo quando repetidamente dobrado em diferentes formas. Desvantagens: \u00c9 f\u00e1cil ser tocado e movido para fora da posi\u00e7\u00e3o. A sa\u00edda do spray \u00e9 c\u00f4nica, com um \u00e2ngulo inclu\u00eddo de cerca de 15-20 graus.<br \/>\n\u2013 Sistema MQL com bico de cobre semi-r\u00edgido<br \/>\nVantagens: Ele atinge um bom equil\u00edbrio entre flexibilidade e rigidez, \u00e9 f\u00e1cil de dobrar e moldar em um determinado formato e pode manter seu formato quando submetido a impacto de for\u00e7a moderada. Desvantagens: A flex\u00e3o repetida levar\u00e1 ao endurecimento do trabalho e, finalmente, o corpo do bico pode quebrar. A sa\u00edda do spray \u00e9 c\u00f4nica, com um \u00e2ngulo inclu\u00eddo de cerca de 15-20 graus.<br \/>\n\u2013 Sistema MQL com bico de a\u00e7o inoxid\u00e1vel<br \/>\nVantagens: Boa rigidez, n\u00e3o dobra ou deforma facilmente, adequado para ser colocado em uma posi\u00e7\u00e3o fixa e espera-se que suporte altas for\u00e7as. Desvantagens: A sa\u00edda do spray \u00e9 c\u00f4nica e o \u00e2ngulo inclu\u00eddo \u00e9 de cerca de 15-20 graus.<\/p>\n<h2>Manuais<\/h2>\n<div class=\"sdm_download_button_box_default\"><div class=\"sdm_download_link\"><a href=\"https:\/\/www.jinpinlub.com\/pt\/?sdm_process_download=1&download_id=4054\" class=\"sdm_download white\" title=\"Privado: Minimal Quantity Lubrication\" target=\"&quot;_blank&quot;\">Ver Ficha T\u00e9cnica - Lubrifica\u00e7\u00e3o de Quantidade M\u00ednima<\/a><\/div><\/div>","protected":false},"excerpt":{"rendered":"<p>O sistema de lubrifica\u00e7\u00e3o de quantidade m\u00ednima MQL adota uma bomba de deslocamento positivo, que opera com ar comprimido. Seu design modular suporta personaliza\u00e7\u00e3o, com sa\u00edda de bomba precisa que pode ser ajustada por meio de parafusos de medi\u00e7\u00e3o de ar, bot\u00f5es de ajuste de curso da bomba.<\/p>","protected":false},"featured_media":4079,"template":"","meta":{"ocean_post_layout":"","ocean_both_sidebars_style":"","ocean_both_sidebars_content_width":0,"ocean_both_sidebars_sidebars_width":0,"ocean_sidebar":"0","ocean_second_sidebar":"0","ocean_disable_margins":"enable","ocean_add_body_class":"","ocean_shortcode_before_top_bar":"","ocean_shortcode_after_top_bar":"","ocean_shortcode_before_header":"","ocean_shortcode_after_header":"","ocean_has_shortcode":"","ocean_shortcode_after_title":"","ocean_shortcode_before_footer_widgets":"","ocean_shortcode_after_footer_widgets":"","ocean_shortcode_before_footer_bottom":"","ocean_shortcode_after_footer_bottom":"","ocean_display_top_bar":"default","ocean_display_header":"default","ocean_header_style":"","ocean_center_header_left_menu":"0","ocean_custom_header_template":"0","ocean_custom_logo":0,"ocean_custom_retina_logo":0,"ocean_custom_logo_max_width":0,"ocean_custom_logo_tablet_max_width":0,"ocean_custom_logo_mobile_max_width":0,"ocean_custom_logo_max_height":0,"ocean_custom_logo_tablet_max_height":0,"ocean_custom_logo_mobile_max_height":0,"ocean_header_custom_menu":"0","ocean_menu_typo_font_family":"0","ocean_menu_typo_font_subset":"","ocean_menu_typo_font_size":0,"ocean_menu_typo_font_size_tablet":0,"ocean_menu_typo_font_size_mobile":0,"ocean_menu_typo_font_size_unit":"px","ocean_menu_typo_font_weight":"","ocean_menu_typo_font_weight_tablet":"","ocean_menu_typo_font_weight_mobile":"","ocean_menu_typo_transform":"","ocean_menu_typo_transform_tablet":"","ocean_menu_typo_transform_mobile":"","ocean_menu_typo_line_height":0,"ocean_menu_typo_line_height_tablet":0,"ocean_menu_typo_line_height_mobile":0,"ocean_menu_typo_line_height_unit":"","ocean_menu_typo_spacing":0,"ocean_menu_typo_spacing_tablet":0,"ocean_menu_typo_spacing_mobile":0,"ocean_menu_typo_spacing_unit":"","ocean_menu_link_color":"","ocean_menu_link_color_hover":"","ocean_menu_link_color_active":"","ocean_menu_link_background":"","ocean_menu_link_hover_background":"","ocean_menu_link_active_background":"","ocean_menu_social_links_bg":"","ocean_menu_social_hover_links_bg":"","ocean_menu_social_links_color":"","ocean_menu_social_hover_links_color":"","ocean_disable_title":"default","ocean_disable_heading":"default","ocean_post_title":"","ocean_post_subheading":"","ocean_post_title_style":"","ocean_post_title_background_color":"","ocean_post_title_background":0,"ocean_post_title_bg_image_position":"","ocean_post_title_bg_image_attachment":"","ocean_post_title_bg_image_repeat":"","ocean_post_title_bg_image_size":"","ocean_post_title_height":0,"ocean_post_title_bg_overlay":0.5,"ocean_post_title_bg_overlay_color":"","ocean_disable_breadcrumbs":"default","ocean_breadcrumbs_color":"","ocean_breadcrumbs_separator_color":"","ocean_breadcrumbs_links_color":"","ocean_breadcrumbs_links_hover_color":"","ocean_display_footer_widgets":"default","ocean_display_footer_bottom":"default","ocean_custom_footer_template":"0","osh_disable_topbar_sticky":"default","osh_disable_header_sticky":"default","osh_sticky_header_style":"default","osh_sticky_header_effect":"","osh_custom_sticky_logo":0,"osh_custom_retina_sticky_logo":0,"osh_custom_sticky_logo_height":0,"osh_background_color":"","osh_links_color":"","osh_links_hover_color":"","osh_links_active_color":"","osh_links_bg_color":"","osh_links_hover_bg_color":"","osh_links_active_bg_color":"","osh_menu_social_links_color":"","osh_menu_social_hover_links_color":""},"product_brand":[],"product_cat":[46],"product_tag":[385,386,382,389,390],"class_list":{"0":"post-4075","1":"product","2":"type-product","3":"status-publish","4":"has-post-thumbnail","6":"product_cat-oil-mist-lubrication-systems","7":"product_tag-cooling-lubrication-system","8":"product_tag-micro-lubrication-system","9":"product_tag-minimal-quantity-lubrication","10":"product_tag-pneumatic-oil-mist-pump","11":"product_tag-pneumatic-spray-pump","13":"entry","14":"has-media","16":"first","17":"instock","18":"shipping-taxable","19":"product-type-external","20":"col","21":"span_1_of_3","22":"owp-content-center","23":"owp-thumbs-layout-horizontal","24":"owp-btn-very-big","25":"owp-tabs-layout-horizontal"},"_links":{"self":[{"href":"https:\/\/www.jinpinlub.com\/pt\/wp-json\/wp\/v2\/product\/4075","targetHints":{"allow":["GET"]}}],"collection":[{"href":"https:\/\/www.jinpinlub.com\/pt\/wp-json\/wp\/v2\/product"}],"about":[{"href":"https:\/\/www.jinpinlub.com\/pt\/wp-json\/wp\/v2\/types\/product"}],"wp:featuredmedia":[{"embeddable":true,"href":"https:\/\/www.jinpinlub.com\/pt\/wp-json\/wp\/v2\/media\/4079"}],"wp:attachment":[{"href":"https:\/\/www.jinpinlub.com\/pt\/wp-json\/wp\/v2\/media?parent=4075"}],"wp:term":[{"taxonomy":"product_brand","embeddable":true,"href":"https:\/\/www.jinpinlub.com\/pt\/wp-json\/wp\/v2\/product_brand?post=4075"},{"taxonomy":"product_cat","embeddable":true,"href":"https:\/\/www.jinpinlub.com\/pt\/wp-json\/wp\/v2\/product_cat?post=4075"},{"taxonomy":"product_tag","embeddable":true,"href":"https:\/\/www.jinpinlub.com\/pt\/wp-json\/wp\/v2\/product_tag?post=4075"}],"curies":[{"name":"wp","href":"https:\/\/api.w.org\/{rel}","templated":true}]}}