{"id":4080,"date":"2025-01-02T04:38:57","date_gmt":"2025-01-01T20:38:57","guid":{"rendered":"https:\/\/www.jinpinlub.com\/?post_type=product&#038;p=4080"},"modified":"2025-01-02T04:50:49","modified_gmt":"2025-01-01T20:50:49","slug":"sistema-de-lubrificacao-e-resfriamento-de-quantidade-minima-mql-personalizado","status":"publish","type":"product","link":"https:\/\/www.jinpinlub.com\/pt\/product\/customized-mql-minimal-quantity-lubrication-cooling-system\/","title":{"rendered":"Sistema de lubrifica\u00e7\u00e3o e resfriamento de quantidade m\u00ednima MQL personalizado"},"content":{"rendered":"<h2>Recurso<\/h2>\n<p>\u2013 Filtro de ar: Configura\u00e7\u00e3o padr\u00e3o do sistema de lubrifica\u00e7\u00e3o MQL com carca\u00e7a de a\u00e7o, utilizado para filtrar impurezas do ar.<br \/>\n\u2013 V\u00e1lvula de controle: o sistema de lubrifica\u00e7\u00e3o MQL inclui v\u00e1lvula solenoide, v\u00e1lvula piloto de ar, v\u00e1lvula manual ou v\u00e1lvula de p\u00e9, e o m\u00e9todo de controle apropriado pode ser selecionado de acordo com as necessidades espec\u00edficas.<br \/>\n\u2013 Bomba de deslocamento positivo: precisa e confi\u00e1vel, com vaz\u00e3o de curso total de 0,033 mL, 0,100 mL ou 0,045 mL.<br \/>\n\u2013 Gerador de pulso pneum\u00e1tico: Controla a velocidade do ciclo da bomba atomizadora, e sua frequ\u00eancia \u00e9 afetada por mudan\u00e7as na press\u00e3o do ar e mudan\u00e7as mec\u00e2nicas e pode ser ajustada.<br \/>\n\u2013 Parafuso de medi\u00e7\u00e3o de ar: usado para controlar o fluxo de ar do bico da bomba atomizadora e ajustar o efeito de pulveriza\u00e7\u00e3o junto com o bot\u00e3o de ajuste do curso da bomba.<br \/>\n\u2013 Bot\u00e3o de ajuste do curso da bomba: controla a quantidade de l\u00edquido fornecida por curso para obter um ajuste preciso da sa\u00edda de \u00f3leo.<br \/>\n\u2013 Reservat\u00f3rio: O sistema de lubrifica\u00e7\u00e3o MQL tem uma variedade de capacidades para escolher, como 0,5L, 1,0L, 2,0L, 4,0L, e tamb\u00e9m pode ser personalizado de acordo com as necessidades.<\/p>\n<h2>Especifica\u00e7\u00e3o<\/h2>\n<table>\n<tbody>\n<tr>\n<td>Press\u00e3o de ar de alimenta\u00e7\u00e3o<\/td>\n<td>Ar comprimido limpo e seco, 4~7 bar, 708 LPM m\u00ednimo<\/td>\n<\/tr>\n<tr>\n<td>Viscosidade da bomba<\/td>\n<td>50~1000 SUS<\/td>\n<\/tr>\n<tr>\n<td>Sa\u00edda da bomba em curso total<\/td>\n<td>0,033 mL (padr\u00e3o de 1 gota), 0,100 mL (padr\u00e3o de 3 gotas)<\/td>\n<\/tr>\n<tr>\n<td>Taxa de sa\u00edda da bomba<\/td>\n<td>0~396mL\/h (padr\u00e3o de 1 gota), 0~1200mL\/h (padr\u00e3o de 3 gotas)<\/td>\n<\/tr>\n<tr>\n<td>Taxa de fluxo de ar<\/td>\n<td>0~4 SCFM para cada sa\u00edda de ar e \u00f3leo, 1~2 SCFM t\u00edpico<\/td>\n<\/tr>\n<tr>\n<td>Gerador de pulso<\/td>\n<td>5~50 pulsos\/min, M\u00e1x. 200 pulsos\/min (n\u00e3o recomendado)<\/td>\n<\/tr>\n<tr>\n<td>Temperatura de opera\u00e7\u00e3o<\/td>\n<td>0\u2103 ~ +50\u02daC<\/td>\n<\/tr>\n<tr>\n<td>Temperatura de armazenamento<\/td>\n<td>(-16\u2103 ~ +70\u02daC)<\/td>\n<\/tr>\n<tr>\n<td>Reservat\u00f3rio de fluido<\/td>\n<td>Personaliz\u00e1vel, padr\u00e3o 0,5L, 1,0L, 2L, 4L<\/td>\n<\/tr>\n<\/tbody>\n<\/table>\n<h2>Princ\u00edpio<\/h2>\n<p>Princ\u00edpio de funcionamento da bomba<br \/>\nA fonte de energia do sistema MQL: Ele usa uma bomba pneum\u00e1tica de deslocamento positivo para obter entrega e medi\u00e7\u00e3o de \u00f3leo.<br \/>\nM\u00e9todo de dosagem: A bomba atomizadora controla o fluxo de ar atrav\u00e9s do parafuso de dosagem de ar e trabalha em conjunto com o bot\u00e3o de ajuste do curso para obter propor\u00e7\u00e3o e sa\u00edda precisas da mistura de \u00f3leo e ar.<br \/>\nPrinc\u00edpio da atomiza\u00e7\u00e3o<br \/>\nNa bomba atomizadora do sistema MQL, o \u00f3leo e o ar s\u00e3o mantidos separados na bomba at\u00e9 atingirem o ponto de aplica\u00e7\u00e3o. Por meio do m\u00e9todo de sa\u00edda coaxial, o fluido e o ar s\u00e3o combinados na ponta do bico, e a \u201ccamisa de ar\u201d ao redor da sa\u00edda do fluido atomiza uniformemente o fluido<br \/>\nPrinc\u00edpio do gerador de pulso<br \/>\nO gerador de pulso do sistema MQL controla a taxa de ciclo da bomba controlando o ritmo liga-desliga do ar comprimido. Se for necess\u00e1rio um controle preciso, use o interruptor de ar ajust\u00e1vel e ajuste o bot\u00e3o para definir a frequ\u00eancia.<\/p>\n<h2>Manuais<\/h2>\n<div class=\"sdm_download_button_box_default\"><div class=\"sdm_download_link\"><a href=\"https:\/\/www.jinpinlub.com\/pt\/?sdm_process_download=1&download_id=4054\" class=\"sdm_download white\" title=\"Privado: Minimal Quantity Lubrication\" target=\"&quot;_blank&quot;\">Ver Ficha T\u00e9cnica - Lubrifica\u00e7\u00e3o de Quantidade M\u00ednima<\/a><\/div><\/div>","protected":false},"excerpt":{"rendered":"<p>O sistema de lubrifica\u00e7\u00e3o de quantidade m\u00ednima Jinpinlub MLS \u00e9 geralmente usado em processos de perfura\u00e7\u00e3o, torneamento, fresamento e outros processos de processamento. Por meio da lubrifica\u00e7\u00e3o de quantidade m\u00ednima por n\u00e9voa de \u00f3leo, ele pode efetivamente reduzir o desgaste, o calor e os cavacos, mantendo a pe\u00e7a de trabalho e a ferramenta limpas.<\/p>","protected":false},"featured_media":4081,"template":"","meta":{"ocean_post_layout":"","ocean_both_sidebars_style":"","ocean_both_sidebars_content_width":0,"ocean_both_sidebars_sidebars_width":0,"ocean_sidebar":"0","ocean_second_sidebar":"0","ocean_disable_margins":"enable","ocean_add_body_class":"","ocean_shortcode_before_top_bar":"","ocean_shortcode_after_top_bar":"","ocean_shortcode_before_header":"","ocean_shortcode_after_header":"","ocean_has_shortcode":"","ocean_shortcode_after_title":"","ocean_shortcode_before_footer_widgets":"","ocean_shortcode_after_footer_widgets":"","ocean_shortcode_before_footer_bottom":"","ocean_shortcode_after_footer_bottom":"","ocean_display_top_bar":"default","ocean_display_header":"default","ocean_header_style":"","ocean_center_header_left_menu":"0","ocean_custom_header_template":"0","ocean_custom_logo":0,"ocean_custom_retina_logo":0,"ocean_custom_logo_max_width":0,"ocean_custom_logo_tablet_max_width":0,"ocean_custom_logo_mobile_max_width":0,"ocean_custom_logo_max_height":0,"ocean_custom_logo_tablet_max_height":0,"ocean_custom_logo_mobile_max_height":0,"ocean_header_custom_menu":"0","ocean_menu_typo_font_family":"0","ocean_menu_typo_font_subset":"","ocean_menu_typo_font_size":0,"ocean_menu_typo_font_size_tablet":0,"ocean_menu_typo_font_size_mobile":0,"ocean_menu_typo_font_size_unit":"px","ocean_menu_typo_font_weight":"","ocean_menu_typo_font_weight_tablet":"","ocean_menu_typo_font_weight_mobile":"","ocean_menu_typo_transform":"","ocean_menu_typo_transform_tablet":"","ocean_menu_typo_transform_mobile":"","ocean_menu_typo_line_height":0,"ocean_menu_typo_line_height_tablet":0,"ocean_menu_typo_line_height_mobile":0,"ocean_menu_typo_line_height_unit":"","ocean_menu_typo_spacing":0,"ocean_menu_typo_spacing_tablet":0,"ocean_menu_typo_spacing_mobile":0,"ocean_menu_typo_spacing_unit":"","ocean_menu_link_color":"","ocean_menu_link_color_hover":"","ocean_menu_link_color_active":"","ocean_menu_link_background":"","ocean_menu_link_hover_background":"","ocean_menu_link_active_background":"","ocean_menu_social_links_bg":"","ocean_menu_social_hover_links_bg":"","ocean_menu_social_links_color":"","ocean_menu_social_hover_links_color":"","ocean_disable_title":"default","ocean_disable_heading":"default","ocean_post_title":"","ocean_post_subheading":"","ocean_post_title_style":"","ocean_post_title_background_color":"","ocean_post_title_background":0,"ocean_post_title_bg_image_position":"","ocean_post_title_bg_image_attachment":"","ocean_post_title_bg_image_repeat":"","ocean_post_title_bg_image_size":"","ocean_post_title_height":0,"ocean_post_title_bg_overlay":0.5,"ocean_post_title_bg_overlay_color":"","ocean_disable_breadcrumbs":"default","ocean_breadcrumbs_color":"","ocean_breadcrumbs_separator_color":"","ocean_breadcrumbs_links_color":"","ocean_breadcrumbs_links_hover_color":"","ocean_display_footer_widgets":"default","ocean_display_footer_bottom":"default","ocean_custom_footer_template":"0","osh_disable_topbar_sticky":"default","osh_disable_header_sticky":"default","osh_sticky_header_style":"default","osh_sticky_header_effect":"","osh_custom_sticky_logo":0,"osh_custom_retina_sticky_logo":0,"osh_custom_sticky_logo_height":0,"osh_background_color":"","osh_links_color":"","osh_links_hover_color":"","osh_links_active_color":"","osh_links_bg_color":"","osh_links_hover_bg_color":"","osh_links_active_bg_color":"","osh_menu_social_links_color":"","osh_menu_social_hover_links_color":""},"product_brand":[],"product_cat":[46],"product_tag":[385,381,384,389,390],"class_list":{"0":"post-4080","1":"product","2":"type-product","3":"status-publish","4":"has-post-thumbnail","6":"product_cat-oil-mist-lubrication-systems","7":"product_tag-cooling-lubrication-system","8":"product_tag-mql-lubrication-pump","9":"product_tag-oil-mist-lubrication-system","10":"product_tag-pneumatic-oil-mist-pump","11":"product_tag-pneumatic-spray-pump","13":"entry","14":"has-media","16":"first","17":"instock","18":"shipping-taxable","19":"product-type-external","20":"col","21":"span_1_of_3","22":"owp-content-center","23":"owp-thumbs-layout-horizontal","24":"owp-btn-very-big","25":"owp-tabs-layout-horizontal"},"_links":{"self":[{"href":"https:\/\/www.jinpinlub.com\/pt\/wp-json\/wp\/v2\/product\/4080","targetHints":{"allow":["GET"]}}],"collection":[{"href":"https:\/\/www.jinpinlub.com\/pt\/wp-json\/wp\/v2\/product"}],"about":[{"href":"https:\/\/www.jinpinlub.com\/pt\/wp-json\/wp\/v2\/types\/product"}],"wp:featuredmedia":[{"embeddable":true,"href":"https:\/\/www.jinpinlub.com\/pt\/wp-json\/wp\/v2\/media\/4081"}],"wp:attachment":[{"href":"https:\/\/www.jinpinlub.com\/pt\/wp-json\/wp\/v2\/media?parent=4080"}],"wp:term":[{"taxonomy":"product_brand","embeddable":true,"href":"https:\/\/www.jinpinlub.com\/pt\/wp-json\/wp\/v2\/product_brand?post=4080"},{"taxonomy":"product_cat","embeddable":true,"href":"https:\/\/www.jinpinlub.com\/pt\/wp-json\/wp\/v2\/product_cat?post=4080"},{"taxonomy":"product_tag","embeddable":true,"href":"https:\/\/www.jinpinlub.com\/pt\/wp-json\/wp\/v2\/product_tag?post=4080"}],"curies":[{"name":"wp","href":"https:\/\/api.w.org\/{rel}","templated":true}]}}