{"id":4101,"date":"2025-01-12T03:58:27","date_gmt":"2025-01-11T19:58:27","guid":{"rendered":"https:\/\/www.jinpinlub.com\/?post_type=product&#038;p=4101"},"modified":"2025-01-12T04:24:39","modified_gmt":"2025-01-11T20:24:39","slug":"bomba-de-lubrificacao-com-graxa-de-deslocamento-positivo-jhg4-para-cnc","status":"publish","type":"product","link":"https:\/\/www.jinpinlub.com\/pt\/product\/jhg4-positive-displacement-grease-lubrication-pump-for-cnc\/","title":{"rendered":"Bomba de lubrifica\u00e7\u00e3o de graxa de deslocamento positivo JHG4 para CNC"},"content":{"rendered":"<h2>Recurso<\/h2>\n<p>1. A bomba de lubrifica\u00e7\u00e3o JHG4 \u00e9 adequada para graxa lubrificante e \u00f3leo lubrificante de baixo fluxo. A viscosidade de manteiga l\u00edquida aplic\u00e1vel \u00e9 NLGI 000, 00, 0#.<br \/>\n2. Use uma pistola de graxa ou uma m\u00e1quina de enchimento autom\u00e1tica para reabastecer a graxa pela entrada do lubrificador para evitar a entrada de ar e detritos.<br \/>\n3. A bomba de lubrifica\u00e7\u00e3o el\u00e9trica \u00e9 controlada por CLP e pode ser usada com distribuidores quantitativos MU, MG2, MG para controlar o fornecimento de \u00f3leo. Os distribuidores quantitativos MU, MG2, MG t\u00eam m\u00faltiplas op\u00e7\u00f5es de fluxo, e o mesmo conjunto de distribuidores tamb\u00e9m pode ter m\u00faltiplas op\u00e7\u00f5es de fluxo.<br \/>\n4. O sensor de n\u00edvel baixo de l\u00edquido pode ser selecionado, ou seja, quando a quantidade de lubrificante estiver muito baixa, ele pode enviar um sinal automaticamente.<br \/>\n5. O man\u00f4metro pode ser selecionado para observar visualmente diretamente a condi\u00e7\u00e3o de press\u00e3o quando o \u00f3leo \u00e9 descarregado.<br \/>\n6. Com uma v\u00e1lvula reguladora de press\u00e3o para ajustar a press\u00e3o de trabalho da bomba de lubrifica\u00e7\u00e3o e proteger sua seguran\u00e7a de trabalho.<br \/>\n7. Com um grupo de v\u00e1lvulas de al\u00edvio de press\u00e3o eletromagn\u00e9ticas, a bomba de lubrifica\u00e7\u00e3o para de funcionar e a press\u00e3o na tubula\u00e7\u00e3o \u00e9 aliviada.<\/p>\n<h2>Especifica\u00e7\u00e3o<\/h2>\n<table>\n<tbody>\n<tr>\n<td>Modelo<\/td>\n<td>JHG4<\/td>\n<\/tr>\n<tr>\n<td>Tempo de lubrifica\u00e7\u00e3o<\/td>\n<td>PLC ou controlador externo<\/td>\n<\/tr>\n<tr>\n<td>Tempo de intervalo<\/td>\n<td>PLC ou controlador externo<\/td>\n<\/tr>\n<tr>\n<td>Temperatura de opera\u00e7\u00e3o<\/td>\n<td>0\u2103~ +50\u00b0C (condi\u00e7\u00f5es de baixa temperatura requerem graxa anticongelante)<\/td>\n<\/tr>\n<tr>\n<td>N\u00famero de pontos de venda<\/td>\n<td>1<\/td>\n<\/tr>\n<tr>\n<td>Capacidade do reservat\u00f3rio<\/td>\n<td>1,5L<\/td>\n<\/tr>\n<tr>\n<td>Reabastecimento<\/td>\n<td>Entrada (reservat\u00f3rio)<\/td>\n<\/tr>\n<tr>\n<td>Lubrificante<\/td>\n<td>Graxas NLGI grau 000~1#<\/td>\n<\/tr>\n<tr>\n<td>V\u00e1lvula de al\u00edvio de press\u00e3o<\/td>\n<td>Montado<\/td>\n<\/tr>\n<tr>\n<td>Descarga<\/td>\n<td>15 mL\/min<\/td>\n<\/tr>\n<tr>\n<td>Press\u00e3o m\u00e1xima de opera\u00e7\u00e3o<\/td>\n<td>8,0 MPa<\/td>\n<\/tr>\n<tr>\n<td>Fio de conex\u00e3o<\/td>\n<td>Sa\u00edda \u03a66 ou \u03a68<\/td>\n<\/tr>\n<tr>\n<td>Tens\u00e3o de opera\u00e7\u00e3o<\/td>\n<td>12\/24 VCC, 110\/220 VCA, 220\/380 3~380 VCA<\/td>\n<\/tr>\n<tr>\n<td>Certifica\u00e7\u00e3o<\/td>\n<td>CE<\/td>\n<\/tr>\n<tr>\n<td>Interruptor de baixo n\u00edvel<\/td>\n<td>NPN-N\u00c3O, PNP-N\u00c3O<\/td>\n<\/tr>\n<\/tbody>\n<\/table>\n<h2>Precau\u00e7\u00e3o<\/h2>\n<p>1. Quando uma nova bomba de lubrifica\u00e7\u00e3o \u00e9 usada pela primeira vez ou n\u00e3o \u00e9 usada por um longo tempo, o ar nela deve ser completamente exaurido. Encha a tubula\u00e7\u00e3o principal e a tubula\u00e7\u00e3o secund\u00e1ria com graxa atrav\u00e9s da bomba de lubrifica\u00e7\u00e3o ou m\u00e1quina de reposi\u00e7\u00e3o de graxa e, em seguida, conecte o distribuidor.<br \/>\n2. A bomba de lubrifica\u00e7\u00e3o usa borracha nitr\u00edlica (NBR) e borracha fluorada (VITON) como componentes de veda\u00e7\u00e3o. N\u00e3o use nenhum lubrificante que possa danificar esses materiais.<br \/>\n4. Quando a graxa lubrificante no reservat\u00f3rio JHG4 acabar, certifique-se de adicion\u00e1-la pela porta de enchimento de graxa.<br \/>\n5. Se a bomba n\u00e3o for operada por um longo per\u00edodo, o filme de \u00f3leo lubrificante pode estar quebrado. \u00c9 melhor for\u00e7ar manualmente a bomba de lubrifica\u00e7\u00e3o a operar para que a superf\u00edcie de lubrifica\u00e7\u00e3o tenha uma quantidade adequada de lubrifica\u00e7\u00e3o com graxa para evitar desgaste ou queima devido \u00e0 lubrifica\u00e7\u00e3o insuficiente.<br \/>\n6. Quando a especifica\u00e7\u00e3o de voltagem da bomba de lubrifica\u00e7\u00e3o for 24 VCC, preste aten\u00e7\u00e3o aos polos positivo e negativo ao conectar o motor.<br \/>\n7. A bomba de lubrifica\u00e7\u00e3o el\u00e9trica JHG4 pode ser equipada com um detector de palhetas. A posi\u00e7\u00e3o do detector de palhetas deve evitar interfer\u00eancia com a indu\u00e7\u00e3o do detector de palhetas devido \u00e0 for\u00e7a magn\u00e9tica do motor ou outros fatores, causando falha na indu\u00e7\u00e3o do detector de palhetas.<\/p>\n<h2>Manuais<\/h2>\n<div class=\"sdm_download_button_box_default\"><div class=\"sdm_download_link\"><a href=\"https:\/\/www.jinpinlub.com\/pt\/?sdm_process_download=1&download_id=4090\" class=\"sdm_download white\" title=\"Privado: JHG4 Pressure-relief Pump\" target=\"&quot;_blank&quot;\">Ver Ficha T\u00e9cnica - Bomba de Graxa JHG4<\/a><\/div><\/div>","protected":false},"excerpt":{"rendered":"<p>JHG4 \u00e9 uma bomba de lubrifica\u00e7\u00e3o de linha \u00fanica, que \u00e9 um tipo de bomba de lubrifica\u00e7\u00e3o de al\u00edvio de press\u00e3o de deslocamento positivo. As principais pe\u00e7as da bomba de lubrifica\u00e7\u00e3o s\u00e3o motor, v\u00e1lvula de al\u00edvio de press\u00e3o, man\u00f4metro, sensor de n\u00edvel baixo de l\u00edquido e o reservat\u00f3rio tem uma placa de press\u00e3o e mola.<\/p>","protected":false},"featured_media":4096,"template":"","meta":{"ocean_post_layout":"","ocean_both_sidebars_style":"","ocean_both_sidebars_content_width":0,"ocean_both_sidebars_sidebars_width":0,"ocean_sidebar":"0","ocean_second_sidebar":"0","ocean_disable_margins":"enable","ocean_add_body_class":"","ocean_shortcode_before_top_bar":"","ocean_shortcode_after_top_bar":"","ocean_shortcode_before_header":"","ocean_shortcode_after_header":"","ocean_has_shortcode":"","ocean_shortcode_after_title":"","ocean_shortcode_before_footer_widgets":"","ocean_shortcode_after_footer_widgets":"","ocean_shortcode_before_footer_bottom":"","ocean_shortcode_after_footer_bottom":"","ocean_display_top_bar":"default","ocean_display_header":"default","ocean_header_style":"","ocean_center_header_left_menu":"0","ocean_custom_header_template":"0","ocean_custom_logo":0,"ocean_custom_retina_logo":0,"ocean_custom_logo_max_width":0,"ocean_custom_logo_tablet_max_width":0,"ocean_custom_logo_mobile_max_width":0,"ocean_custom_logo_max_height":0,"ocean_custom_logo_tablet_max_height":0,"ocean_custom_logo_mobile_max_height":0,"ocean_header_custom_menu":"0","ocean_menu_typo_font_family":"0","ocean_menu_typo_font_subset":"","ocean_menu_typo_font_size":0,"ocean_menu_typo_font_size_tablet":0,"ocean_menu_typo_font_size_mobile":0,"ocean_menu_typo_font_size_unit":"px","ocean_menu_typo_font_weight":"","ocean_menu_typo_font_weight_tablet":"","ocean_menu_typo_font_weight_mobile":"","ocean_menu_typo_transform":"","ocean_menu_typo_transform_tablet":"","ocean_menu_typo_transform_mobile":"","ocean_menu_typo_line_height":0,"ocean_menu_typo_line_height_tablet":0,"ocean_menu_typo_line_height_mobile":0,"ocean_menu_typo_line_height_unit":"","ocean_menu_typo_spacing":0,"ocean_menu_typo_spacing_tablet":0,"ocean_menu_typo_spacing_mobile":0,"ocean_menu_typo_spacing_unit":"","ocean_menu_link_color":"","ocean_menu_link_color_hover":"","ocean_menu_link_color_active":"","ocean_menu_link_background":"","ocean_menu_link_hover_background":"","ocean_menu_link_active_background":"","ocean_menu_social_links_bg":"","ocean_menu_social_hover_links_bg":"","ocean_menu_social_links_color":"","ocean_menu_social_hover_links_color":"","ocean_disable_title":"default","ocean_disable_heading":"default","ocean_post_title":"","ocean_post_subheading":"","ocean_post_title_style":"","ocean_post_title_background_color":"","ocean_post_title_background":0,"ocean_post_title_bg_image_position":"","ocean_post_title_bg_image_attachment":"","ocean_post_title_bg_image_repeat":"","ocean_post_title_bg_image_size":"","ocean_post_title_height":0,"ocean_post_title_bg_overlay":0.5,"ocean_post_title_bg_overlay_color":"","ocean_disable_breadcrumbs":"default","ocean_breadcrumbs_color":"","ocean_breadcrumbs_separator_color":"","ocean_breadcrumbs_links_color":"","ocean_breadcrumbs_links_hover_color":"","ocean_display_footer_widgets":"default","ocean_display_footer_bottom":"default","ocean_custom_footer_template":"0","osh_disable_topbar_sticky":"default","osh_disable_header_sticky":"default","osh_sticky_header_style":"default","osh_sticky_header_effect":"","osh_custom_sticky_logo":0,"osh_custom_retina_sticky_logo":0,"osh_custom_sticky_logo_height":0,"osh_background_color":"","osh_links_color":"","osh_links_hover_color":"","osh_links_active_color":"","osh_links_bg_color":"","osh_links_hover_bg_color":"","osh_links_active_bg_color":"","osh_menu_social_links_color":"","osh_menu_social_hover_links_color":""},"product_brand":[],"product_cat":[38,37],"product_tag":[74,321,73,320,92],"class_list":{"0":"post-4101","1":"product","2":"type-product","3":"status-publish","4":"has-post-thumbnail","6":"product_cat-electric-pressure-relief-pumps","7":"product_cat-single-line-grease-systems","8":"product_tag-automatic-lubrication-pump","9":"product_tag-automatic-lubrication-system","10":"product_tag-electric-lubrication-pump","11":"product_tag-single-line-grease-pump","12":"product_tag-single-line-lubrication-pump","14":"entry","15":"has-media","17":"first","18":"instock","19":"shipping-taxable","20":"product-type-external","21":"col","22":"span_1_of_3","23":"owp-content-center","24":"owp-thumbs-layout-horizontal","25":"owp-btn-very-big","26":"owp-tabs-layout-horizontal"},"_links":{"self":[{"href":"https:\/\/www.jinpinlub.com\/pt\/wp-json\/wp\/v2\/product\/4101","targetHints":{"allow":["GET"]}}],"collection":[{"href":"https:\/\/www.jinpinlub.com\/pt\/wp-json\/wp\/v2\/product"}],"about":[{"href":"https:\/\/www.jinpinlub.com\/pt\/wp-json\/wp\/v2\/types\/product"}],"wp:featuredmedia":[{"embeddable":true,"href":"https:\/\/www.jinpinlub.com\/pt\/wp-json\/wp\/v2\/media\/4096"}],"wp:attachment":[{"href":"https:\/\/www.jinpinlub.com\/pt\/wp-json\/wp\/v2\/media?parent=4101"}],"wp:term":[{"taxonomy":"product_brand","embeddable":true,"href":"https:\/\/www.jinpinlub.com\/pt\/wp-json\/wp\/v2\/product_brand?post=4101"},{"taxonomy":"product_cat","embeddable":true,"href":"https:\/\/www.jinpinlub.com\/pt\/wp-json\/wp\/v2\/product_cat?post=4101"},{"taxonomy":"product_tag","embeddable":true,"href":"https:\/\/www.jinpinlub.com\/pt\/wp-json\/wp\/v2\/product_tag?post=4101"}],"curies":[{"name":"wp","href":"https:\/\/api.w.org\/{rel}","templated":true}]}}