{"id":4106,"date":"2025-01-12T04:27:01","date_gmt":"2025-01-11T20:27:01","guid":{"rendered":"https:\/\/www.jinpinlub.com\/?post_type=product&#038;p=4106"},"modified":"2025-01-12T05:38:44","modified_gmt":"2025-01-11T21:38:44","slug":"jhgs4-cartridge-pressure-relief-electric-lubrication-pumps","status":"publish","type":"product","link":"https:\/\/www.jinpinlub.com\/pt\/product\/jhgs4-cartridge-pressure-relief-electric-lubrication-pumps\/","title":{"rendered":"Bombas de lubrifica\u00e7\u00e3o el\u00e9tricas de al\u00edvio de press\u00e3o de cartucho JHGS4"},"content":{"rendered":"<h2>Opera\u00e7\u00e3o<\/h2>\n<p>1. Para o modelo JHGS4, utilize o m\u00e9todo de substitui\u00e7\u00e3o do cartucho para adicionar graxa. Como a tampa possui uma mola forte, evite que ela salte devido \u00e0 for\u00e7a da mola ao solt\u00e1-la.<br \/>\n2. A faixa de viscosidade do lubrificante aplic\u00e1vel \u00e9 NLGI 000, 00, 0, 1#. Quando o volume de graxa estiver abaixo do n\u00edvel normal, substitua o cartucho imediatamente.<br \/>\n3. Ao usar a bomba de lubrifica\u00e7\u00e3o pela primeira vez ou quando o lubrificante n\u00e3o puder ser bombeado ou o cartucho for substitu\u00eddo, voc\u00ea deve primeiro executar a a\u00e7\u00e3o de exaust\u00e3o por meio da fun\u00e7\u00e3o de lubrifica\u00e7\u00e3o for\u00e7ada e da porta de exaust\u00e3o, de acordo com o manual do usu\u00e1rio.<br \/>\n4. Ao usar a bomba de lubrifica\u00e7\u00e3o pela primeira vez, encha a tubula\u00e7\u00e3o principal e a tubula\u00e7\u00e3o secund\u00e1ria com graxa por meio da bomba de lubrifica\u00e7\u00e3o ou da m\u00e1quina de reposi\u00e7\u00e3o de graxa e, em seguida, conecte o distribuidor.<br \/>\n5. Quando o volume de lubrificante da bomba de lubrifica\u00e7\u00e3o estiver muito baixo, substitua o novo cartucho imediatamente para evitar que a bomba sugue ar e n\u00e3o consiga bombear \u00f3leo.<br \/>\n6. Quando o valor da press\u00e3o da bomba de lubrifica\u00e7\u00e3o el\u00e9trica n\u00e3o corresponder ao valor padr\u00e3o, voc\u00ea pode ajustar a v\u00e1lvula reguladora de press\u00e3o de acordo com o manual do usu\u00e1rio.<\/p>\n<h2>Especifica\u00e7\u00e3o<\/h2>\n<table>\n<tbody>\n<tr>\n<td>Modelo<\/td>\n<td>JHGS4<\/td>\n<\/tr>\n<tr>\n<td>Tempo de lubrifica\u00e7\u00e3o<\/td>\n<td>PLC ou controlador externo<\/td>\n<\/tr>\n<tr>\n<td>Tempo de intervalo<\/td>\n<td>PLC ou controlador externo<\/td>\n<\/tr>\n<tr>\n<td>Temperatura de opera\u00e7\u00e3o<\/td>\n<td>0\u2103~ +50\u00b0C (condi\u00e7\u00f5es de baixa temperatura requerem graxa anticongelante)<\/td>\n<\/tr>\n<tr>\n<td>N\u00famero de pontos de venda<\/td>\n<td>1<\/td>\n<\/tr>\n<tr>\n<td>Capacidade do reservat\u00f3rio<\/td>\n<td>0,7L<\/td>\n<\/tr>\n<tr>\n<td>Reabastecimento<\/td>\n<td>Cartucho<\/td>\n<\/tr>\n<tr>\n<td>Lubrificante<\/td>\n<td>Graxas NLGI grau 000~1#<\/td>\n<\/tr>\n<tr>\n<td>V\u00e1lvula de al\u00edvio de press\u00e3o<\/td>\n<td>Montado<\/td>\n<\/tr>\n<tr>\n<td>Descarga<\/td>\n<td>15 mL\/min<\/td>\n<\/tr>\n<tr>\n<td>Press\u00e3o m\u00e1xima de opera\u00e7\u00e3o<\/td>\n<td>8,0 MPa<\/td>\n<\/tr>\n<tr>\n<td>Fio de conex\u00e3o<\/td>\n<td>Sa\u00edda \u03a66 ou \u03a68<\/td>\n<\/tr>\n<tr>\n<td>Tens\u00e3o de opera\u00e7\u00e3o<\/td>\n<td>12\/24 VCC, 110\/220 VCA, 220\/380 3~380 VCA<\/td>\n<\/tr>\n<tr>\n<td>Certifica\u00e7\u00e3o<\/td>\n<td>CE<\/td>\n<\/tr>\n<tr>\n<td>Interruptor de baixo n\u00edvel<\/td>\n<td>Contato NPN-NO, PNP-NO<\/td>\n<\/tr>\n<\/tbody>\n<\/table>\n<h2>Precau\u00e7\u00e3o<\/h2>\n<p>1. Esta bomba de lubrifica\u00e7\u00e3o utiliza NBR e VITON como componentes de veda\u00e7\u00e3o. N\u00e3o utilize lubrificantes que possam danificar esses materiais.<br \/>\n2. Para evitar a entrada de ar no cartucho, esprema um pouco de lubrificante antes de instal\u00e1-lo ao substitu\u00ed-lo.<br \/>\n3. Quando a graxa lubrificante do cartucho JHGS4 acabar, \u00e9 proibido reabastecer e reutilizar o lubrificante. Um novo cartucho deve ser usado para substitu\u00ed-lo.<br \/>\n4. Se a bomba de lubrifica\u00e7\u00e3o el\u00e9trica JHGS4 funcionar por muito tempo, o motor interno ficar\u00e1 quente, o que afetar\u00e1 a temperatura da pr\u00f3pria m\u00e1quina. Portanto, o tempo de intervalo da bomba de lubrifica\u00e7\u00e3o precisa ser ajustado para mais de 10 vezes o tempo de a\u00e7\u00e3o para permitir que o motor dissipe o calor de forma eficaz. Por exemplo: o tempo de a\u00e7\u00e3o \u00e9 definido como 60 segundos, portanto, o valor m\u00ednimo de ajuste do tempo de intervalo precisa ser de 600 segundos.<br \/>\n5. Quanto ao ajuste de tempo da bomba de lubrifica\u00e7\u00e3o el\u00e9trica, a primeira a\u00e7\u00e3o de lubrifica\u00e7\u00e3o ap\u00f3s a m\u00e1quina ser ligada no dia seguinte ao desligamento pode apresentar press\u00e3o insuficiente. Isso ocorre porque a press\u00e3o residual dentro da tubula\u00e7\u00e3o de \u00f3leo foi completamente liberada. Recomenda-se que o tempo da primeira a\u00e7\u00e3o de partida seja superior a 140% da a\u00e7\u00e3o normal.<\/p>\n<h2>Manuais<\/h2>\n<div class=\"sdm_download_button_box_default\"><div class=\"sdm_download_link\"><a href=\"https:\/\/www.jinpinlub.com\/pt\/?sdm_process_download=1&download_id=4088\" class=\"sdm_download white\" title=\"Privado: JHGS4 Pressure-relief Pump\" target=\"&quot;_blank&quot;\">Ver Ficha T\u00e9cnica - Bomba de Graxa JHGS4<\/a><\/div><\/div>","protected":false},"excerpt":{"rendered":"<p>JHGS4 \u00e9 uma bomba de lubrifica\u00e7\u00e3o el\u00e9trica de cartucho de linha \u00fanica de al\u00edvio de press\u00e3o controlada por um PLC host. Quando o lubrificante no cartucho acaba, os usu\u00e1rios s\u00f3 precisam substitu\u00ed-lo por um cartucho padr\u00e3o, o que \u00e9 conveniente para opera\u00e7\u00e3o e manuten\u00e7\u00e3o.<\/p>","protected":false},"featured_media":4102,"template":"","meta":{"ocean_post_layout":"","ocean_both_sidebars_style":"","ocean_both_sidebars_content_width":0,"ocean_both_sidebars_sidebars_width":0,"ocean_sidebar":"0","ocean_second_sidebar":"0","ocean_disable_margins":"enable","ocean_add_body_class":"","ocean_shortcode_before_top_bar":"","ocean_shortcode_after_top_bar":"","ocean_shortcode_before_header":"","ocean_shortcode_after_header":"","ocean_has_shortcode":"","ocean_shortcode_after_title":"","ocean_shortcode_before_footer_widgets":"","ocean_shortcode_after_footer_widgets":"","ocean_shortcode_before_footer_bottom":"","ocean_shortcode_after_footer_bottom":"","ocean_display_top_bar":"default","ocean_display_header":"default","ocean_header_style":"","ocean_center_header_left_menu":"0","ocean_custom_header_template":"0","ocean_custom_logo":0,"ocean_custom_retina_logo":0,"ocean_custom_logo_max_width":0,"ocean_custom_logo_tablet_max_width":0,"ocean_custom_logo_mobile_max_width":0,"ocean_custom_logo_max_height":0,"ocean_custom_logo_tablet_max_height":0,"ocean_custom_logo_mobile_max_height":0,"ocean_header_custom_menu":"0","ocean_menu_typo_font_family":"0","ocean_menu_typo_font_subset":"","ocean_menu_typo_font_size":0,"ocean_menu_typo_font_size_tablet":0,"ocean_menu_typo_font_size_mobile":0,"ocean_menu_typo_font_size_unit":"px","ocean_menu_typo_font_weight":"","ocean_menu_typo_font_weight_tablet":"","ocean_menu_typo_font_weight_mobile":"","ocean_menu_typo_transform":"","ocean_menu_typo_transform_tablet":"","ocean_menu_typo_transform_mobile":"","ocean_menu_typo_line_height":0,"ocean_menu_typo_line_height_tablet":0,"ocean_menu_typo_line_height_mobile":0,"ocean_menu_typo_line_height_unit":"","ocean_menu_typo_spacing":0,"ocean_menu_typo_spacing_tablet":0,"ocean_menu_typo_spacing_mobile":0,"ocean_menu_typo_spacing_unit":"","ocean_menu_link_color":"","ocean_menu_link_color_hover":"","ocean_menu_link_color_active":"","ocean_menu_link_background":"","ocean_menu_link_hover_background":"","ocean_menu_link_active_background":"","ocean_menu_social_links_bg":"","ocean_menu_social_hover_links_bg":"","ocean_menu_social_links_color":"","ocean_menu_social_hover_links_color":"","ocean_disable_title":"default","ocean_disable_heading":"default","ocean_post_title":"","ocean_post_subheading":"","ocean_post_title_style":"","ocean_post_title_background_color":"","ocean_post_title_background":0,"ocean_post_title_bg_image_position":"","ocean_post_title_bg_image_attachment":"","ocean_post_title_bg_image_repeat":"","ocean_post_title_bg_image_size":"","ocean_post_title_height":0,"ocean_post_title_bg_overlay":0.5,"ocean_post_title_bg_overlay_color":"","ocean_disable_breadcrumbs":"default","ocean_breadcrumbs_color":"","ocean_breadcrumbs_separator_color":"","ocean_breadcrumbs_links_color":"","ocean_breadcrumbs_links_hover_color":"","ocean_display_footer_widgets":"default","ocean_display_footer_bottom":"default","ocean_custom_footer_template":"0","osh_disable_topbar_sticky":"default","osh_disable_header_sticky":"default","osh_sticky_header_style":"default","osh_sticky_header_effect":"","osh_custom_sticky_logo":0,"osh_custom_retina_sticky_logo":0,"osh_custom_sticky_logo_height":0,"osh_background_color":"","osh_links_color":"","osh_links_hover_color":"","osh_links_active_color":"","osh_links_bg_color":"","osh_links_hover_bg_color":"","osh_links_active_bg_color":"","osh_menu_social_links_color":"","osh_menu_social_hover_links_color":""},"product_brand":[],"product_cat":[38,37],"product_tag":[393,392,391,73,76],"class_list":{"0":"post-4106","1":"product","2":"type-product","3":"status-publish","4":"has-post-thumbnail","6":"product_cat-electric-pressure-relief-pumps","7":"product_cat-single-line-grease-systems","8":"product_tag-dc-pressure-lubricator","9":"product_tag-electric-lube-system","10":"product_tag-electric-lubricant-pump","11":"product_tag-electric-lubrication-pump","12":"product_tag-electric-lubrication-system","14":"entry","15":"has-media","17":"first","18":"instock","19":"shipping-taxable","20":"product-type-external","21":"col","22":"span_1_of_3","23":"owp-content-center","24":"owp-thumbs-layout-horizontal","25":"owp-btn-very-big","26":"owp-tabs-layout-horizontal"},"_links":{"self":[{"href":"https:\/\/www.jinpinlub.com\/pt\/wp-json\/wp\/v2\/product\/4106","targetHints":{"allow":["GET"]}}],"collection":[{"href":"https:\/\/www.jinpinlub.com\/pt\/wp-json\/wp\/v2\/product"}],"about":[{"href":"https:\/\/www.jinpinlub.com\/pt\/wp-json\/wp\/v2\/types\/product"}],"wp:featuredmedia":[{"embeddable":true,"href":"https:\/\/www.jinpinlub.com\/pt\/wp-json\/wp\/v2\/media\/4102"}],"wp:attachment":[{"href":"https:\/\/www.jinpinlub.com\/pt\/wp-json\/wp\/v2\/media?parent=4106"}],"wp:term":[{"taxonomy":"product_brand","embeddable":true,"href":"https:\/\/www.jinpinlub.com\/pt\/wp-json\/wp\/v2\/product_brand?post=4106"},{"taxonomy":"product_cat","embeddable":true,"href":"https:\/\/www.jinpinlub.com\/pt\/wp-json\/wp\/v2\/product_cat?post=4106"},{"taxonomy":"product_tag","embeddable":true,"href":"https:\/\/www.jinpinlub.com\/pt\/wp-json\/wp\/v2\/product_tag?post=4106"}],"curies":[{"name":"wp","href":"https:\/\/api.w.org\/{rel}","templated":true}]}}