{"id":4107,"date":"2025-01-12T05:29:09","date_gmt":"2025-01-11T21:29:09","guid":{"rendered":"https:\/\/www.jinpinlub.com\/?post_type=product&#038;p=4107"},"modified":"2025-01-12T05:38:24","modified_gmt":"2025-01-11T21:38:24","slug":"sistema-de-lubrificacao-eletrica-progressiva-tipo-cartucho-jhgs2","status":"publish","type":"product","link":"https:\/\/www.jinpinlub.com\/pt\/product\/jhgs2-cartridge-type-progressive-electric-grease-lube-system\/","title":{"rendered":"Sistema de lubrifica\u00e7\u00e3o el\u00e9trica progressiva tipo cartucho JHGS2"},"content":{"rendered":"<h2>Recurso<\/h2>\n<p>\u2013 Controle preciso: O tempo de lubrifica\u00e7\u00e3o e o intervalo de tempo da bomba de lubrifica\u00e7\u00e3o el\u00e9trica JHGS2 s\u00e3o controlados com precis\u00e3o pelo CLP, e a frequ\u00eancia e a dura\u00e7\u00e3o da lubrifica\u00e7\u00e3o podem ser ajustadas de forma flex\u00edvel de acordo com os requisitos operacionais de diferentes equipamentos.<br \/>\n\u2013 Monitoramento do n\u00edvel de l\u00edquido: A bomba de lubrifica\u00e7\u00e3o pode ser instalada com um detector de baixo n\u00edvel de l\u00edquido, que pode enviar automaticamente um sinal quando o n\u00edvel do \u00f3leo estiver baixo.<br \/>\nLubrificante adapt\u00e1vel: A bomba de lubrifica\u00e7\u00e3o \u00e9 aplic\u00e1vel para lubrificantes NLGI 000, 00, 0, 1#. Sua ampla aplicabilidade permite que ela atenda a diferentes cen\u00e1rios de trabalho.<br \/>\n\u2013 Sa\u00edda est\u00e1vel: A bomba de lubrifica\u00e7\u00e3o autom\u00e1tica tem uma press\u00e3o de trabalho de 8,0 MPa com um deslocamento de 15 mL\/min. Ela pode garantir que o lubrificante ser\u00e1 transportado para cada ponto de lubrifica\u00e7\u00e3o do equipamento com fluxo e press\u00e3o est\u00e1veis.<br \/>\n\u2013 Acess\u00f3rios ricos: Esta bomba de lubrifica\u00e7\u00e3o progressiva \u00e9 adequada para v\u00e1rios acess\u00f3rios, como distribuidores progressivos JSV, adaptadores PD, adaptadores PH e assim por diante. Al\u00e9m disso, pode ser combinada de forma flex\u00edvel com diferentes tipos de equipamentos e sistemas.<br \/>\n\u2013 Fonte de alimenta\u00e7\u00e3o flex\u00edvel: A bomba de lubrifica\u00e7\u00e3o fornece diferentes voltagens como 110VAC, 220VAC, DC12, DC24V e assim por diante. Os usu\u00e1rios podem escolher de acordo com o cen\u00e1rio de uso real.<\/p>\n<h2>Especifica\u00e7\u00e3o<\/h2>\n<table>\n<tbody>\n<tr>\n<td>Modelo<\/td>\n<td>JHGS2<\/td>\n<\/tr>\n<tr>\n<td>Tempo de lubrifica\u00e7\u00e3o<\/td>\n<td>PLC ou controlador externo<\/td>\n<\/tr>\n<tr>\n<td>Tempo de intervalo<\/td>\n<td>PLC ou controlador externo<\/td>\n<\/tr>\n<tr>\n<td>Temperatura de opera\u00e7\u00e3o<\/td>\n<td>0\u2103~ +50\u00b0C (condi\u00e7\u00f5es de baixa temperatura requerem graxa anticongelante)<\/td>\n<\/tr>\n<tr>\n<td>N\u00famero de pontos de venda<\/td>\n<td>1<\/td>\n<\/tr>\n<tr>\n<td>Capacidade do reservat\u00f3rio<\/td>\n<td>0,7L<\/td>\n<\/tr>\n<tr>\n<td>Reabastecimento<\/td>\n<td>Cartucho<\/td>\n<\/tr>\n<tr>\n<td>Lubrificante<\/td>\n<td>Graxas NLGI grau 000~1#<\/td>\n<\/tr>\n<tr>\n<td>V\u00e1lvula de al\u00edvio de press\u00e3o<\/td>\n<td>Montado<\/td>\n<\/tr>\n<tr>\n<td>Descarga<\/td>\n<td>15 mL\/min<\/td>\n<\/tr>\n<tr>\n<td>Press\u00e3o m\u00e1xima de opera\u00e7\u00e3o<\/td>\n<td>8,0 MPa<\/td>\n<\/tr>\n<tr>\n<td>Acess\u00f3rios de conex\u00e3o<\/td>\n<td>Sa\u00edda \u03a66 ou \u03a68<\/td>\n<\/tr>\n<tr>\n<td>Tens\u00e3o de opera\u00e7\u00e3o<\/td>\n<td>12\/24 VCC, 110\/220 VCA, 220\/380 3~380 VCA<\/td>\n<\/tr>\n<tr>\n<td>Certifica\u00e7\u00e3o<\/td>\n<td>CE<\/td>\n<\/tr>\n<tr>\n<td>Interruptor de baixo n\u00edvel<\/td>\n<td>Sem contato<\/td>\n<\/tr>\n<\/tbody>\n<\/table>\n<h2>Solu\u00e7\u00e3o de problemas<\/h2>\n<p>\u2013 A bomba de lubrifica\u00e7\u00e3o n\u00e3o pode descarregar ou a quantidade \u00e9 insuficiente: os motivos incluem o motor n\u00e3o pode funcionar, o motor gira na dire\u00e7\u00e3o oposta, a qualidade n\u00e3o \u00e9 consistente, a sa\u00edda est\u00e1 bloqueada e h\u00e1 ar no cartucho. As solu\u00e7\u00f5es incluem detectar a tens\u00e3o de entrada, substituir o motor, religar, limpar ou substituir a junta de sa\u00edda, exaurir, etc.<br \/>\n\u2013 Vazamento de lubrificante: pode ser que o cartucho esteja danificado ou deformado, o cartucho n\u00e3o esteja travado e o O-ring de conex\u00e3o do cartucho esteja faltando ou deteriorado. As solu\u00e7\u00f5es correspondentes s\u00e3o substituir o cartucho, travar novamente, adicionar ou substituir o O-ring.<br \/>\n\u2013 Press\u00e3o anormal: impurezas na parte do pist\u00e3o da bomba de lubrifica\u00e7\u00e3o, valor de press\u00e3o predefinido insuficiente e ruptura da tubula\u00e7\u00e3o podem causar esse problema. Ele pode ser resolvido limpando a parte do pist\u00e3o, ajustando a v\u00e1lvula reguladora de press\u00e3o e substituindo um novo tubo.<br \/>\n\u2013 O ponteiro do man\u00f4metro n\u00e3o retorna a zero ou para: o motivo pode ser que o man\u00f4metro esteja com defeito ou que haja ar na bomba de lubrifica\u00e7\u00e3o. A solu\u00e7\u00e3o \u00e9 substituir o man\u00f4metro ou executar a opera\u00e7\u00e3o de exaust\u00e3o.<\/p>\n<h2>Manuais<\/h2>\n<div class=\"sdm_download_button_box_default\"><div class=\"sdm_download_link\"><a href=\"https:\/\/www.jinpinlub.com\/pt\/?sdm_process_download=1&download_id=4086\" class=\"sdm_download white\" title=\"Privado: JHGS2 Progressive Pump\" target=\"&quot;_blank&quot;\">Ver Ficha T\u00e9cnica - Bomba de Graxa JHGS2<\/a><\/div><\/div>","protected":false},"excerpt":{"rendered":"<p>JHGS2 \u00e9 uma bomba de lubrifica\u00e7\u00e3o el\u00e9trica progressiva de graxa, adequada para m\u00faltiplas viscosidades de graxa, press\u00e3o de 8MPa e descarga de 15ml\/min, com m\u00faltiplas voltagens opcionais. Ela tem uma estrutura simples, mas dur\u00e1vel, e \u00e9 f\u00e1cil de operar e manter, substituindo o cartucho.<\/p>","protected":false},"featured_media":4108,"template":"","meta":{"ocean_post_layout":"","ocean_both_sidebars_style":"","ocean_both_sidebars_content_width":0,"ocean_both_sidebars_sidebars_width":0,"ocean_sidebar":"0","ocean_second_sidebar":"0","ocean_disable_margins":"enable","ocean_add_body_class":"","ocean_shortcode_before_top_bar":"","ocean_shortcode_after_top_bar":"","ocean_shortcode_before_header":"","ocean_shortcode_after_header":"","ocean_has_shortcode":"","ocean_shortcode_after_title":"","ocean_shortcode_before_footer_widgets":"","ocean_shortcode_after_footer_widgets":"","ocean_shortcode_before_footer_bottom":"","ocean_shortcode_after_footer_bottom":"","ocean_display_top_bar":"default","ocean_display_header":"default","ocean_header_style":"","ocean_center_header_left_menu":"0","ocean_custom_header_template":"0","ocean_custom_logo":0,"ocean_custom_retina_logo":0,"ocean_custom_logo_max_width":0,"ocean_custom_logo_tablet_max_width":0,"ocean_custom_logo_mobile_max_width":0,"ocean_custom_logo_max_height":0,"ocean_custom_logo_tablet_max_height":0,"ocean_custom_logo_mobile_max_height":0,"ocean_header_custom_menu":"0","ocean_menu_typo_font_family":"0","ocean_menu_typo_font_subset":"","ocean_menu_typo_font_size":0,"ocean_menu_typo_font_size_tablet":0,"ocean_menu_typo_font_size_mobile":0,"ocean_menu_typo_font_size_unit":"px","ocean_menu_typo_font_weight":"","ocean_menu_typo_font_weight_tablet":"","ocean_menu_typo_font_weight_mobile":"","ocean_menu_typo_transform":"","ocean_menu_typo_transform_tablet":"","ocean_menu_typo_transform_mobile":"","ocean_menu_typo_line_height":0,"ocean_menu_typo_line_height_tablet":0,"ocean_menu_typo_line_height_mobile":0,"ocean_menu_typo_line_height_unit":"","ocean_menu_typo_spacing":0,"ocean_menu_typo_spacing_tablet":0,"ocean_menu_typo_spacing_mobile":0,"ocean_menu_typo_spacing_unit":"","ocean_menu_link_color":"","ocean_menu_link_color_hover":"","ocean_menu_link_color_active":"","ocean_menu_link_background":"","ocean_menu_link_hover_background":"","ocean_menu_link_active_background":"","ocean_menu_social_links_bg":"","ocean_menu_social_hover_links_bg":"","ocean_menu_social_links_color":"","ocean_menu_social_hover_links_color":"","ocean_disable_title":"default","ocean_disable_heading":"default","ocean_post_title":"","ocean_post_subheading":"","ocean_post_title_style":"","ocean_post_title_background_color":"","ocean_post_title_background":0,"ocean_post_title_bg_image_position":"","ocean_post_title_bg_image_attachment":"","ocean_post_title_bg_image_repeat":"","ocean_post_title_bg_image_size":"","ocean_post_title_height":0,"ocean_post_title_bg_overlay":0.5,"ocean_post_title_bg_overlay_color":"","ocean_disable_breadcrumbs":"default","ocean_breadcrumbs_color":"","ocean_breadcrumbs_separator_color":"","ocean_breadcrumbs_links_color":"","ocean_breadcrumbs_links_hover_color":"","ocean_display_footer_widgets":"default","ocean_display_footer_bottom":"default","ocean_custom_footer_template":"0","osh_disable_topbar_sticky":"default","osh_disable_header_sticky":"default","osh_sticky_header_style":"default","osh_sticky_header_effect":"","osh_custom_sticky_logo":0,"osh_custom_retina_sticky_logo":0,"osh_custom_sticky_logo_height":0,"osh_background_color":"","osh_links_color":"","osh_links_hover_color":"","osh_links_active_color":"","osh_links_bg_color":"","osh_links_hover_bg_color":"","osh_links_active_bg_color":"","osh_menu_social_links_color":"","osh_menu_social_hover_links_color":""},"product_brand":[],"product_cat":[42,41],"product_tag":[321,73,196,91,221],"class_list":{"0":"post-4107","1":"product","2":"type-product","3":"status-publish","4":"has-post-thumbnail","6":"product_cat-electric-progressive-pumps","7":"product_cat-progressive-grease-systems","8":"product_tag-automatic-lubrication-system","9":"product_tag-electric-lubrication-pump","10":"product_tag-grease-lubrication-system","11":"product_tag-progressive-lubrication-pump","12":"product_tag-progressive-lubrication-system","14":"entry","15":"has-media","17":"first","18":"instock","19":"shipping-taxable","20":"product-type-external","21":"col","22":"span_1_of_3","23":"owp-content-center","24":"owp-thumbs-layout-horizontal","25":"owp-btn-very-big","26":"owp-tabs-layout-horizontal"},"_links":{"self":[{"href":"https:\/\/www.jinpinlub.com\/pt\/wp-json\/wp\/v2\/product\/4107","targetHints":{"allow":["GET"]}}],"collection":[{"href":"https:\/\/www.jinpinlub.com\/pt\/wp-json\/wp\/v2\/product"}],"about":[{"href":"https:\/\/www.jinpinlub.com\/pt\/wp-json\/wp\/v2\/types\/product"}],"wp:featuredmedia":[{"embeddable":true,"href":"https:\/\/www.jinpinlub.com\/pt\/wp-json\/wp\/v2\/media\/4108"}],"wp:attachment":[{"href":"https:\/\/www.jinpinlub.com\/pt\/wp-json\/wp\/v2\/media?parent=4107"}],"wp:term":[{"taxonomy":"product_brand","embeddable":true,"href":"https:\/\/www.jinpinlub.com\/pt\/wp-json\/wp\/v2\/product_brand?post=4107"},{"taxonomy":"product_cat","embeddable":true,"href":"https:\/\/www.jinpinlub.com\/pt\/wp-json\/wp\/v2\/product_cat?post=4107"},{"taxonomy":"product_tag","embeddable":true,"href":"https:\/\/www.jinpinlub.com\/pt\/wp-json\/wp\/v2\/product_tag?post=4107"}],"curies":[{"name":"wp","href":"https:\/\/api.w.org\/{rel}","templated":true}]}}