{"id":4112,"date":"2025-01-18T03:10:27","date_gmt":"2025-01-17T19:10:27","guid":{"rendered":"https:\/\/www.jinpinlub.com\/?post_type=product&#038;p=4112"},"modified":"2025-01-18T03:35:14","modified_gmt":"2025-01-17T19:35:14","slug":"lubrificador-automatico-de-ponto-unico-acionado-por-mola-ajustavel","status":"publish","type":"product","link":"https:\/\/www.jinpinlub.com\/pt\/product\/adjustable-spring-driven-single-point-automatic-lubricator\/","title":{"rendered":"Lubrificador autom\u00e1tico de ponto \u00fanico acionado por mola ajust\u00e1vel"},"content":{"rendered":"<h2>Recurso<\/h2>\n<p>1. Os Lubrificadores Autom\u00e1ticos Ajust\u00e1veis s\u00e3o divididos por tipo de lubrificante. Os modelos GP s\u00e3o para graxa. OP e CP-36C s\u00e3o para \u00f3leo.<br \/>\n2. Todos os modelos podem fornecer automaticamente o lubrificante para um \u00fanico ponto de lubrifica\u00e7\u00e3o de forma constante.<br \/>\n3. O CP-36C equipa uma escova, mas sem adaptadores.<br \/>\n4. Todos os modelos s\u00e3o adequados para lubrificar guias lineares, rolamentos e eixos de motores.<br \/>\n5. Todos os modelos possuem reguladores de volume que permitem ao usu\u00e1rio ajustar o volume de lubrificante conforme necess\u00e1rio. Para modelos OP<br \/>\ne CP-36C, gire os ajustadores de volume no sentido hor\u00e1rio at\u00e9 o ponto zero quando n\u00e3o estiverem em uso.<br \/>\n6. Modelos GP: encha com graxa atrav\u00e9s dos bicos de graxa e feche a tampa do bico de graxa ap\u00f3s encher com graxa.<br \/>\n7. Modelos OP e CP-36C: encha o \u00f3leo pela entrada de \u00f3leo e recoloque a tampa de \u00f3leo ap\u00f3s terminar.<br \/>\n8. N\u00e3o use solventes org\u00e2nicos, como tolueno ou tetracloreto de carbono, para limpar o tanque de lubrificante.<\/p>\n<h2>Especifica\u00e7\u00e3o<\/h2>\n<p>Nome: Lubrificador de ponto \u00fanico GP<br \/>\nM\u00e9todo de condu\u00e7\u00e3o: acionado por mola<br \/>\nTempo de esvaziamento: 3-5 anos<br \/>\nAlta: Ajuste conforme as necessidades<br \/>\nTemperatura de trabalho: -20 \u2103~+155 \u2103<br \/>\nLubrificantes: \u00f3leo ou graxa \u2264 NLGI#2<br \/>\nN\u00edvel de prote\u00e7\u00e3o: IP68<br \/>\nPeso l\u00edquido: 200-250g<br \/>\nCertificado: Certifica\u00e7\u00e3o CE<\/p>\n<h2>Montagem<\/h2>\n<p>Conforme mostrado no desenho, selecione um dos tr\u00eas tipos de rosca do adaptador: 1\/4&quot; PT19, 1\/8&quot; PT28 e 1\/4&quot; UNF28 para combinar a instala\u00e7\u00e3o do tubo cotovelo de 45\u00b0, 90\u00b0 e 180\u00b0.<br \/>\nM\u00e9todo de regula\u00e7\u00e3o:<br \/>\nDependendo do tamanho do rolamento e da quantidade de graxa, ajuste a v\u00e1lvula de agulha para a quantidade adequada de graxa de sa\u00edda.<br \/>\nObservando a escala no copo, gire a v\u00e1lvula de agulha para regular a quantidade de graxa.<br \/>\nQuando a v\u00e1lvula de agulha \u00e9 girada 90\u00b0, isso significa que o furo de sa\u00edda \u00e9 de 0,12 mm.<br \/>\nQuando a v\u00e1lvula de agulha \u00e9 girada um c\u00edrculo completo, isso significa que o furo de sa\u00edda \u00e9 de 0,45 mm.<br \/>\nO fio de mola \u00e9 feito de fio de piano da Alemanha e n\u00e3o pode ser substitu\u00eddo de forma alguma.<br \/>\nAs dicas para regular a quantidade de sa\u00edda de graxa s\u00e3o mostradas a seguir:<br \/>\n1. Para um ajuste mais preciso, consulte a temperatura ambiente de trabalho (interna, externa, baixa temperatura, alta temperatura), o tamanho do rolamento, a velocidade de rota\u00e7\u00e3o e a viscosidade da graxa. A quantidade de graxa sugerida deve ser ajustada da seguinte forma:<br \/>\nPara NLGI 0: gire a v\u00e1lvula por 1,5 volta. Durante o trabalho, mantenha 1,0 volta como m\u00ednimo.<br \/>\nPara NLGI 1: gire a v\u00e1lvula por 3 voltas. Durante o trabalho, mantenha no m\u00ednimo 2 voltas.<br \/>\nPara NLGI 2: gire a v\u00e1lvula em 3 a 5 c\u00edrculos. Durante o trabalho, mantenha no m\u00ednimo 3 c\u00edrculos.<br \/>\nN\u00e3o utilize graxa endurecida ou graxa saponificada e ent\u00e3o adicione uma quantidade de graxa adequada \u00e0s condi\u00e7\u00f5es de trabalho.<br \/>\nAl\u00e9m disso, ao recarregar o alimentador, a v\u00e1lvula de agulha deve ser mantida aberta para extrair a graxa velha.<\/p>\n<h2>Manuais<\/h2>\n<div class=\"sdm_download_button_box_default\"><div class=\"sdm_download_link\"><a href=\"https:\/\/www.jinpinlub.com\/pt\/?sdm_process_download=1&download_id=4117\" class=\"sdm_download white\" title=\"Privado: GP single-point lubricator\" target=\"&quot;_blank&quot;\">Ver Ficha T\u00e9cnica - Lubrificador de Ponto \u00danico GP<\/a><\/div><\/div>","protected":false},"excerpt":{"rendered":"<p>O lubrificador de ponto \u00fanico JINPINLUB \u00e9 um lubrificador autom\u00e1tico ajust\u00e1vel acionado por mola. Ele \u00e9 dividido em GP para graxa e OP para \u00f3leo. Todos os modelos podem fornecer lubrificante de forma autom\u00e1tica e est\u00e1vel para um \u00fanico ponto e s\u00e3o adequados para componentes como guias lineares.<\/p>","protected":false},"featured_media":4115,"template":"","meta":{"ocean_post_layout":"","ocean_both_sidebars_style":"","ocean_both_sidebars_content_width":0,"ocean_both_sidebars_sidebars_width":0,"ocean_sidebar":"0","ocean_second_sidebar":"0","ocean_disable_margins":"enable","ocean_add_body_class":"","ocean_shortcode_before_top_bar":"","ocean_shortcode_after_top_bar":"","ocean_shortcode_before_header":"","ocean_shortcode_after_header":"","ocean_has_shortcode":"","ocean_shortcode_after_title":"","ocean_shortcode_before_footer_widgets":"","ocean_shortcode_after_footer_widgets":"","ocean_shortcode_before_footer_bottom":"","ocean_shortcode_after_footer_bottom":"","ocean_display_top_bar":"default","ocean_display_header":"default","ocean_header_style":"","ocean_center_header_left_menu":"0","ocean_custom_header_template":"0","ocean_custom_logo":0,"ocean_custom_retina_logo":0,"ocean_custom_logo_max_width":0,"ocean_custom_logo_tablet_max_width":0,"ocean_custom_logo_mobile_max_width":0,"ocean_custom_logo_max_height":0,"ocean_custom_logo_tablet_max_height":0,"ocean_custom_logo_mobile_max_height":0,"ocean_header_custom_menu":"0","ocean_menu_typo_font_family":"0","ocean_menu_typo_font_subset":"","ocean_menu_typo_font_size":0,"ocean_menu_typo_font_size_tablet":0,"ocean_menu_typo_font_size_mobile":0,"ocean_menu_typo_font_size_unit":"px","ocean_menu_typo_font_weight":"","ocean_menu_typo_font_weight_tablet":"","ocean_menu_typo_font_weight_mobile":"","ocean_menu_typo_transform":"","ocean_menu_typo_transform_tablet":"","ocean_menu_typo_transform_mobile":"","ocean_menu_typo_line_height":0,"ocean_menu_typo_line_height_tablet":0,"ocean_menu_typo_line_height_mobile":0,"ocean_menu_typo_line_height_unit":"","ocean_menu_typo_spacing":0,"ocean_menu_typo_spacing_tablet":0,"ocean_menu_typo_spacing_mobile":0,"ocean_menu_typo_spacing_unit":"","ocean_menu_link_color":"","ocean_menu_link_color_hover":"","ocean_menu_link_color_active":"","ocean_menu_link_background":"","ocean_menu_link_hover_background":"","ocean_menu_link_active_background":"","ocean_menu_social_links_bg":"","ocean_menu_social_hover_links_bg":"","ocean_menu_social_links_color":"","ocean_menu_social_hover_links_color":"","ocean_disable_title":"default","ocean_disable_heading":"default","ocean_post_title":"","ocean_post_subheading":"","ocean_post_title_style":"","ocean_post_title_background_color":"","ocean_post_title_background":0,"ocean_post_title_bg_image_position":"","ocean_post_title_bg_image_attachment":"","ocean_post_title_bg_image_repeat":"","ocean_post_title_bg_image_size":"","ocean_post_title_height":0,"ocean_post_title_bg_overlay":0.5,"ocean_post_title_bg_overlay_color":"","ocean_disable_breadcrumbs":"default","ocean_breadcrumbs_color":"","ocean_breadcrumbs_separator_color":"","ocean_breadcrumbs_links_color":"","ocean_breadcrumbs_links_hover_color":"","ocean_display_footer_widgets":"default","ocean_display_footer_bottom":"default","ocean_custom_footer_template":"0","osh_disable_topbar_sticky":"default","osh_disable_header_sticky":"default","osh_sticky_header_style":"default","osh_sticky_header_effect":"","osh_custom_sticky_logo":0,"osh_custom_retina_sticky_logo":0,"osh_custom_sticky_logo_height":0,"osh_background_color":"","osh_links_color":"","osh_links_hover_color":"","osh_links_active_color":"","osh_links_bg_color":"","osh_links_hover_bg_color":"","osh_links_active_bg_color":"","osh_menu_social_links_color":"","osh_menu_social_hover_links_color":""},"product_brand":[],"product_cat":[33],"product_tag":[396,394,395,102,103],"class_list":{"0":"post-4112","1":"product","2":"type-product","3":"status-publish","4":"has-post-thumbnail","6":"product_cat-single-point-lubricators","7":"product_tag-automatic-lubricator","8":"product_tag-bearing-single-point-lubrication","9":"product_tag-single-point-grease-lubrication","10":"product_tag-single-point-lubrication-pump","11":"product_tag-single-point-lubricator","13":"entry","14":"has-media","16":"first","17":"instock","18":"featured","19":"shipping-taxable","20":"product-type-external","21":"col","22":"span_1_of_3","23":"owp-content-center","24":"owp-thumbs-layout-horizontal","25":"owp-btn-very-big","26":"owp-tabs-layout-horizontal"},"_links":{"self":[{"href":"https:\/\/www.jinpinlub.com\/pt\/wp-json\/wp\/v2\/product\/4112","targetHints":{"allow":["GET"]}}],"collection":[{"href":"https:\/\/www.jinpinlub.com\/pt\/wp-json\/wp\/v2\/product"}],"about":[{"href":"https:\/\/www.jinpinlub.com\/pt\/wp-json\/wp\/v2\/types\/product"}],"wp:featuredmedia":[{"embeddable":true,"href":"https:\/\/www.jinpinlub.com\/pt\/wp-json\/wp\/v2\/media\/4115"}],"wp:attachment":[{"href":"https:\/\/www.jinpinlub.com\/pt\/wp-json\/wp\/v2\/media?parent=4112"}],"wp:term":[{"taxonomy":"product_brand","embeddable":true,"href":"https:\/\/www.jinpinlub.com\/pt\/wp-json\/wp\/v2\/product_brand?post=4112"},{"taxonomy":"product_cat","embeddable":true,"href":"https:\/\/www.jinpinlub.com\/pt\/wp-json\/wp\/v2\/product_cat?post=4112"},{"taxonomy":"product_tag","embeddable":true,"href":"https:\/\/www.jinpinlub.com\/pt\/wp-json\/wp\/v2\/product_tag?post=4112"}],"curies":[{"name":"wp","href":"https:\/\/api.w.org\/{rel}","templated":true}]}}