{"id":4127,"date":"2025-01-19T05:18:35","date_gmt":"2025-01-18T21:18:35","guid":{"rendered":"https:\/\/www.jinpinlub.com\/?post_type=product&#038;p=4127"},"modified":"2025-01-19T05:37:29","modified_gmt":"2025-01-18T21:37:29","slug":"bracadeira-de-anel-de-vedacao-de-cone-duplo-de-latao-pb-manga-de-compressao","status":"publish","type":"product","link":"https:\/\/www.jinpinlub.com\/pt\/product\/pb-brass-double-cone-sealing-ring-clamp-compression-sleeve\/","title":{"rendered":"Bra\u00e7adeira de anel de veda\u00e7\u00e3o de cone duplo de lat\u00e3o PB com manga de compress\u00e3o"},"content":{"rendered":"<h2>Recurso<\/h2>\n<p>\u2013 Formato de cone duplo: A luva de compress\u00e3o tem duas superf\u00edcies de veda\u00e7\u00e3o c\u00f4nicas. Este formato permite que a luva se adapte melhor ao formato da superf\u00edcie do tubo ao apertar a virola, aumente a \u00e1rea de contato de veda\u00e7\u00e3o e melhore o desempenho da veda\u00e7\u00e3o.<br \/>\n\u2013 Caracter\u00edsticas do material: Feito de material de lat\u00e3o, tem boa tenacidade, resist\u00eancia \u00e0 corros\u00e3o e resist\u00eancia ao desgaste. A luva de compress\u00e3o de cobre pode manter desempenho est\u00e1vel em diferentes ambientes de trabalho, n\u00e3o \u00e9 facilmente corro\u00edda por \u00f3leo, ar e outros meios, e tamb\u00e9m pode suportar um certo grau de atrito e extrus\u00e3o.<\/p>\n<h2>Especifica\u00e7\u00e3o<\/h2>\n<figure id=\"attachment_4133\" aria-describedby=\"caption-attachment-4133\" style=\"width: 800px\" class=\"wp-caption alignnone\"><img loading=\"lazy\" decoding=\"async\" class=\"size-full wp-image-4133\" src=\"https:\/\/www.jinpinlub.com\/wp-content\/uploads\/2025\/01\/PB-compression-Sleeve-5.jpg\" alt=\"Manga de compress\u00e3o PB (5)\" width=\"800\" height=\"460\" srcset=\"https:\/\/www.jinpinlub.com\/wp-content\/uploads\/2025\/01\/PB-compression-Sleeve-5.jpg 800w, https:\/\/www.jinpinlub.com\/wp-content\/uploads\/2025\/01\/PB-compression-Sleeve-5-300x173.jpg 300w, https:\/\/www.jinpinlub.com\/wp-content\/uploads\/2025\/01\/PB-compression-Sleeve-5-768x442.jpg 768w, https:\/\/www.jinpinlub.com\/wp-content\/uploads\/2025\/01\/PB-compression-Sleeve-5-18x10.jpg 18w\" sizes=\"auto, (max-width: 800px) 100vw, 800px\" \/><figcaption id=\"caption-attachment-4133\" class=\"wp-caption-text\">Manga de compress\u00e3o PB (5)<\/figcaption><\/figure>\n<h2>Aplicativo<\/h2>\n<p>Sistema hidr\u00e1ulico: Em equipamentos hidr\u00e1ulicos, mangas de compress\u00e3o s\u00e3o usadas para conectar tubos de \u00f3leo hidr\u00e1ulico para garantir um fluxo suave de \u00f3leo hidr\u00e1ulico no sistema, evitando vazamentos de \u00f3leo.<br \/>\nSistema de lubrifica\u00e7\u00e3o: Em equipamentos como bombas de lubrifica\u00e7\u00e3o, mangas de compress\u00e3o s\u00e3o usadas para conectar tubos de lubrifica\u00e7\u00e3o para fornecer um suprimento est\u00e1vel de lubrificante para equipamentos mec\u00e2nicos.<br \/>\nTransmiss\u00e3o de outros fluidos: Mangas de compress\u00e3o podem ser usadas em sistemas de tubula\u00e7\u00e3o que transmitem outros l\u00edquidos ou gases, como refrigerantes e ar comprimido.<\/p>\n<figure id=\"attachment_4124\" aria-describedby=\"caption-attachment-4124\" style=\"width: 800px\" class=\"wp-caption alignnone\"><img loading=\"lazy\" decoding=\"async\" class=\"size-full wp-image-4124\" src=\"https:\/\/www.jinpinlub.com\/wp-content\/uploads\/2025\/01\/brass-compression-bushing-5.jpg\" alt=\"bucha de compress\u00e3o de lat\u00e3o (5)\" width=\"800\" height=\"800\" srcset=\"https:\/\/www.jinpinlub.com\/wp-content\/uploads\/2025\/01\/brass-compression-bushing-5.jpg 800w, https:\/\/www.jinpinlub.com\/wp-content\/uploads\/2025\/01\/brass-compression-bushing-5-300x300.jpg 300w, https:\/\/www.jinpinlub.com\/wp-content\/uploads\/2025\/01\/brass-compression-bushing-5-150x150.jpg 150w, https:\/\/www.jinpinlub.com\/wp-content\/uploads\/2025\/01\/brass-compression-bushing-5-768x768.jpg 768w, https:\/\/www.jinpinlub.com\/wp-content\/uploads\/2025\/01\/brass-compression-bushing-5-12x12.jpg 12w, https:\/\/www.jinpinlub.com\/wp-content\/uploads\/2025\/01\/brass-compression-bushing-5-600x600.jpg 600w, https:\/\/www.jinpinlub.com\/wp-content\/uploads\/2025\/01\/brass-compression-bushing-5-100x100.jpg 100w\" sizes=\"auto, (max-width: 800px) 100vw, 800px\" \/><figcaption id=\"caption-attachment-4124\" class=\"wp-caption-text\">bucha de compress\u00e3o de lat\u00e3o (5)<\/figcaption><\/figure>\n<h2>Manuais<\/h2>\n<div class=\"sdm_download_button_box_default\"><div class=\"sdm_download_link\"><a href=\"https:\/\/www.jinpinlub.com\/pt\/?sdm_process_download=1&download_id=3172\" class=\"sdm_download white\" title=\"Privado: PA\/PB\/PD\/Connector\" target=\"&quot;_blank&quot;\">Ver Ficha T\u00e9cnica - Conector PA\/PB\/PD<\/a><\/div><\/div>","protected":false},"excerpt":{"rendered":"<p>A luva de compress\u00e3o PB \u00e9 usada principalmente na junta do tubo de \u00f3leo, que se encaixa firmemente com as conex\u00f5es do tubo por meio de uma estrutura de cone duplo para formar uma veda\u00e7\u00e3o, evitar vazamento de \u00f3leo e garantir a veda\u00e7\u00e3o e a estabilidade do sistema hidr\u00e1ulico ou sistema de lubrifica\u00e7\u00e3o.<\/p>","protected":false},"featured_media":4128,"template":"","meta":{"ocean_post_layout":"","ocean_both_sidebars_style":"","ocean_both_sidebars_content_width":0,"ocean_both_sidebars_sidebars_width":0,"ocean_sidebar":"0","ocean_second_sidebar":"0","ocean_disable_margins":"enable","ocean_add_body_class":"","ocean_shortcode_before_top_bar":"","ocean_shortcode_after_top_bar":"","ocean_shortcode_before_header":"","ocean_shortcode_after_header":"","ocean_has_shortcode":"","ocean_shortcode_after_title":"","ocean_shortcode_before_footer_widgets":"","ocean_shortcode_after_footer_widgets":"","ocean_shortcode_before_footer_bottom":"","ocean_shortcode_after_footer_bottom":"","ocean_display_top_bar":"default","ocean_display_header":"default","ocean_header_style":"","ocean_center_header_left_menu":"0","ocean_custom_header_template":"0","ocean_custom_logo":0,"ocean_custom_retina_logo":0,"ocean_custom_logo_max_width":0,"ocean_custom_logo_tablet_max_width":0,"ocean_custom_logo_mobile_max_width":0,"ocean_custom_logo_max_height":0,"ocean_custom_logo_tablet_max_height":0,"ocean_custom_logo_mobile_max_height":0,"ocean_header_custom_menu":"0","ocean_menu_typo_font_family":"0","ocean_menu_typo_font_subset":"","ocean_menu_typo_font_size":0,"ocean_menu_typo_font_size_tablet":0,"ocean_menu_typo_font_size_mobile":0,"ocean_menu_typo_font_size_unit":"px","ocean_menu_typo_font_weight":"","ocean_menu_typo_font_weight_tablet":"","ocean_menu_typo_font_weight_mobile":"","ocean_menu_typo_transform":"","ocean_menu_typo_transform_tablet":"","ocean_menu_typo_transform_mobile":"","ocean_menu_typo_line_height":0,"ocean_menu_typo_line_height_tablet":0,"ocean_menu_typo_line_height_mobile":0,"ocean_menu_typo_line_height_unit":"","ocean_menu_typo_spacing":0,"ocean_menu_typo_spacing_tablet":0,"ocean_menu_typo_spacing_mobile":0,"ocean_menu_typo_spacing_unit":"","ocean_menu_link_color":"","ocean_menu_link_color_hover":"","ocean_menu_link_color_active":"","ocean_menu_link_background":"","ocean_menu_link_hover_background":"","ocean_menu_link_active_background":"","ocean_menu_social_links_bg":"","ocean_menu_social_hover_links_bg":"","ocean_menu_social_links_color":"","ocean_menu_social_hover_links_color":"","ocean_disable_title":"default","ocean_disable_heading":"default","ocean_post_title":"","ocean_post_subheading":"","ocean_post_title_style":"","ocean_post_title_background_color":"","ocean_post_title_background":0,"ocean_post_title_bg_image_position":"","ocean_post_title_bg_image_attachment":"","ocean_post_title_bg_image_repeat":"","ocean_post_title_bg_image_size":"","ocean_post_title_height":0,"ocean_post_title_bg_overlay":0.5,"ocean_post_title_bg_overlay_color":"","ocean_disable_breadcrumbs":"default","ocean_breadcrumbs_color":"","ocean_breadcrumbs_separator_color":"","ocean_breadcrumbs_links_color":"","ocean_breadcrumbs_links_hover_color":"","ocean_display_footer_widgets":"default","ocean_display_footer_bottom":"default","ocean_custom_footer_template":"0","osh_disable_topbar_sticky":"default","osh_disable_header_sticky":"default","osh_sticky_header_style":"default","osh_sticky_header_effect":"","osh_custom_sticky_logo":0,"osh_custom_retina_sticky_logo":0,"osh_custom_sticky_logo_height":0,"osh_background_color":"","osh_links_color":"","osh_links_hover_color":"","osh_links_active_color":"","osh_links_bg_color":"","osh_links_hover_bg_color":"","osh_links_active_bg_color":"","osh_menu_social_links_color":"","osh_menu_social_hover_links_color":""},"product_brand":[],"product_cat":[31],"product_tag":[400,403,399,398,402],"class_list":{"0":"post-4127","1":"product","2":"type-product","3":"status-publish","4":"has-post-thumbnail","6":"product_cat-lube-system-accessories","7":"product_tag-brass-connector","8":"product_tag-brass-sealing-ring","9":"product_tag-compression-adapter","10":"product_tag-compression-connector","11":"product_tag-compression-sleeve","13":"entry","14":"has-media","16":"first","17":"instock","18":"shipping-taxable","19":"product-type-external","20":"col","21":"span_1_of_3","22":"owp-content-center","23":"owp-thumbs-layout-horizontal","24":"owp-btn-very-big","25":"owp-tabs-layout-horizontal"},"_links":{"self":[{"href":"https:\/\/www.jinpinlub.com\/pt\/wp-json\/wp\/v2\/product\/4127","targetHints":{"allow":["GET"]}}],"collection":[{"href":"https:\/\/www.jinpinlub.com\/pt\/wp-json\/wp\/v2\/product"}],"about":[{"href":"https:\/\/www.jinpinlub.com\/pt\/wp-json\/wp\/v2\/types\/product"}],"wp:featuredmedia":[{"embeddable":true,"href":"https:\/\/www.jinpinlub.com\/pt\/wp-json\/wp\/v2\/media\/4128"}],"wp:attachment":[{"href":"https:\/\/www.jinpinlub.com\/pt\/wp-json\/wp\/v2\/media?parent=4127"}],"wp:term":[{"taxonomy":"product_brand","embeddable":true,"href":"https:\/\/www.jinpinlub.com\/pt\/wp-json\/wp\/v2\/product_brand?post=4127"},{"taxonomy":"product_cat","embeddable":true,"href":"https:\/\/www.jinpinlub.com\/pt\/wp-json\/wp\/v2\/product_cat?post=4127"},{"taxonomy":"product_tag","embeddable":true,"href":"https:\/\/www.jinpinlub.com\/pt\/wp-json\/wp\/v2\/product_tag?post=4127"}],"curies":[{"name":"wp","href":"https:\/\/api.w.org\/{rel}","templated":true}]}}