{"id":1817,"date":"2024-06-26T23:57:12","date_gmt":"2024-06-26T23:57:12","guid":{"rendered":"https:\/\/www.jinpinlub.com\/?page_id=1817"},"modified":"2024-07-28T11:36:08","modified_gmt":"2024-07-28T11:36:08","slug":"cau-hoi-thuong-gap","status":"publish","type":"page","link":"https:\/\/www.jinpinlub.com\/vi\/faqs\/","title":{"rendered":"C\u00e2u h\u1ecfi th\u01b0\u1eddng g\u1eb7p"},"content":{"rendered":"<div class=\"wp-block-ogb-columns ogb-block ogb-columns ogb-columns-a90745be\"><div class=\"ogb-columns-container\">\n<div class=\"ogb-block ogb-column ogb-column-73727ad4\"><div class=\"ogb-column-container\">\n<ol class=\"wp-block-list\">\n<li><strong>B\u1ea1n l\u00e0 c\u00f4ng ty th\u01b0\u01a1ng m\u1ea1i hay nh\u00e0 s\u1ea3n xu\u1ea5t?<\/strong><br>\u2014\u2014Ch\u00fang t\u00f4i l\u00e0 nh\u00e0 cung c\u1ea5p chuy\u00ean cung c\u1ea5p c\u00e1c lo\u1ea1i h\u1ec7 th\u1ed1ng b\u00f4i tr\u01a1n t\u1eadp trung, c\u00f3 nh\u00e0 m\u00e1y v\u00e0 \u0111\u1ed9i ng\u0169 k\u1ef9 thu\u1eadt chuy\u00ean nghi\u1ec7p. S\u1ea3n ph\u1ea9m c\u1ee7a ch\u00fang t\u00f4i \u0111\u00e3 \u0111\u1ea1t ch\u1ee9ng nh\u1eadn CE v\u00e0 RoHS, nh\u00e0 m\u00e1y c\u1ee7a ch\u00fang t\u00f4i c\u00f3 ch\u1ee9ng nh\u1eadn ISO-9001 v\u00e0 c\u00f3 m\u1ed9t s\u1ed1 b\u1eb1ng s\u00e1ng ch\u1ebf c\u00f4ng ngh\u1ec7 s\u1ea3n ph\u1ea9m.<\/li>\n\n\n\n<li><strong>S\u1ea3n ph\u1ea9m ch\u00ednh c\u1ee7a c\u00f4ng ty ch\u00fang t\u00f4i l\u00e0 g\u00ec?<\/strong><br>\u2014\u2014Ch\u00fang t\u00f4i t\u1eadp trung v\u00e0o nhi\u1ec1u h\u1ec7 th\u1ed1ng b\u00f4i tr\u01a1n t\u1eadp trung kh\u00e1c nhau, bao g\u1ed3m h\u1ec7 th\u1ed1ng b\u00f4i tr\u01a1n m\u1ee1, h\u1ec7 th\u1ed1ng b\u00f4i tr\u01a1n d\u1ea7u m\u1ecfng, h\u1ec7 th\u1ed1ng b\u00f4i tr\u01a1n m\u1ed9t d\u00f2ng, h\u1ec7 th\u1ed1ng b\u00f4i tr\u01a1n l\u0169y ti\u1ebfn, h\u1ec7 th\u1ed1ng b\u00f4i tr\u01a1n hai d\u00f2ng, b\u01a1m b\u00f4i tr\u01a1n m\u1ed9t \u0111i\u1ec3m, h\u1ec7 th\u1ed1ng b\u00f4i tr\u01a1n th\u1ee7 c\u00f4ng, v.v. \u0110\u1ed9i ng\u0169 k\u1ef9 thu\u1eadt c\u1ee7a ch\u00fang t\u00f4i c\u00f3 h\u01a1n 10 n\u0103m kinh nghi\u1ec7m, ch\u1ea5t l\u01b0\u1ee3ng s\u1ea3n ph\u1ea9m tuy\u1ec7t v\u1eddi v\u00e0 kh\u1ea3 n\u0103ng c\u1ea1nh tranh m\u1ea1nh m\u1ebd.<\/li>\n\n\n\n<li><strong>T\u1ea1i sao ch\u1ecdn ch\u00fang t\u00f4i?<\/strong><br>\u2014\u2014Ch\u00fang t\u00f4i \u0111\u00e3 t\u1eadp trung v\u00e0o c\u00e1c nh\u00e0 cung c\u1ea5p gi\u1ea3i ph\u00e1p h\u1ec7 th\u1ed1ng b\u00f4i tr\u01a1n t\u1eadp trung trong h\u01a1n 10 n\u0103m. Ch\u00fang t\u00f4i \u0111\u00e3 ph\u1ee5c v\u1ee5 kh\u00e1ch h\u00e0ng t\u1ea1i h\u01a1n 30 qu\u1ed1c gia. Ch\u00fang t\u00f4i \u0111\u00e3 cung c\u1ea5p h\u00e0ng ch\u1ee5c ngh\u00ecn tr\u1ea1m b\u01a1m b\u00f4i tr\u01a1n cho kh\u00e1ch h\u00e0ng tr\u00ean to\u00e0n th\u1ebf gi\u1edbi. Ch\u00fang t\u00f4i c\u00f3 th\u1ec3 cung c\u1ea5p cho b\u1ea1n m\u1ed9t gi\u1ea3i ph\u00e1p to\u00e0n di\u1ec7n. N\u1ebfu c\u1ea7n, ch\u00fang t\u00f4i c\u00f3 th\u1ec3 cung c\u1ea5p c\u00e1c s\u1ea3n ph\u1ea9m OEM v\u00e0 ODM. Ch\u00fang t\u00f4i s\u1ebd cung c\u1ea5p cho b\u1ea1n m\u1ee9c gi\u00e1 t\u1ed1t nh\u1ea5t v\u00e0 ch\u1ea5t l\u01b0\u1ee3ng v\u00e0 d\u1ecbch v\u1ee5 t\u1ed1t nh\u1ea5t. S\u1ea3n ph\u1ea9m c\u1ee7a ch\u00fang t\u00f4i \u0111\u01b0\u1ee3c \u0111\u1ecbnh v\u1ecb \u1edf ph\u00e2n kh\u00fac trung v\u00e0 cao c\u1ea5p c\u1ee7a th\u1ecb tr\u01b0\u1eddng. T\u1ea5t c\u1ea3 c\u00e1c s\u1ea3n ph\u1ea9m \u0111\u1ec1u \u0111\u1ea3m b\u1ea3o ch\u1ea5t l\u01b0\u1ee3ng v\u00e0 s\u1ed1 l\u01b0\u1ee3ng c\u0169ng nh\u01b0 d\u1ecbch v\u1ee5 sau b\u00e1n h\u00e0ng, gi\u00e1 c\u1ea3 c\u00f3 l\u1ee3i th\u1ebf tr\u00ean th\u1ecb tr\u01b0\u1eddng.<\/li>\n\n\n\n<li><strong>Ch\u00fang t\u00f4i \u0111\u1ea3m b\u1ea3o ch\u1ea5t l\u01b0\u1ee3ng nh\u01b0 th\u1ebf n\u00e0o?<\/strong><br>\u2014\u2014Trong qu\u00e1 tr\u00ecnh s\u1ea3n xu\u1ea5t, ch\u00fang t\u00f4i c\u00f3 \u0111\u1ed9i ng\u0169 ki\u1ec3m so\u00e1t ch\u1ea5t l\u01b0\u1ee3ng ho\u00e0n ch\u1ec9nh v\u00e0 c\u00e1c quy tr\u00ecnh \u0111\u00e1p \u1ee9ng c\u00e1c ti\u00eau chu\u1ea9n qu\u1ed1c t\u1ebf. Ch\u00fang t\u00f4i c\u00f3 thi\u1ebft b\u1ecb ki\u1ec3m tra chuy\u00ean nghi\u1ec7p v\u00e0 ti\u1ebfn h\u00e0nh c\u00e1c th\u1eed nghi\u1ec7m nghi\u00eam ng\u1eb7t \u0111\u1ed1i v\u1edbi s\u1ea3n ph\u1ea9m, bao g\u1ed3m th\u1eed nghi\u1ec7m tu\u1ed5i th\u1ecd, th\u1eed nghi\u1ec7m nhi\u1ec7t \u0111\u1ed9, th\u1eed nghi\u1ec7m \u00e1p su\u1ea5t, v.v. Ch\u00fang t\u00f4i c\u00f3 ch\u1ee9ng nh\u1eadn ISO9001 v\u00e0 ch\u1ee9ng nh\u1eadn CE. M\u1ed7i l\u00f4 s\u1ea3n ph\u1ea9m s\u1ebd \u0111\u01b0\u1ee3c th\u1eed nghi\u1ec7m tr\u01b0\u1edbc khi r\u1eddi kh\u1ecfi nh\u00e0 m\u00e1y v\u00e0 danh s\u00e1ch ki\u1ec3m tra s\u1ebd \u0111\u01b0\u1ee3c ki\u1ec3m tra t\u1eebng c\u00e1i m\u1ed9t \u0111\u1ec3 \u0111\u1ea3m b\u1ea3o s\u1ed1 l\u01b0\u1ee3ng ch\u00ednh x\u00e1c.<\/li>\n\n\n\n<li><strong>L\u00e0m th\u1ebf n\u00e0o \u0111\u1ec3 nh\u1eadn \u0111\u01b0\u1ee3c b\u00e1o gi\u00e1?<\/strong><br>\u2014\u2014Tr\u01b0\u1edbc khi tham kh\u1ea3o \u00fd ki\u1ebfn c\u1ee7a ch\u00fang t\u00f4i, b\u1ea1n c\u00f3 th\u1ec3 tham kh\u1ea3o danh m\u1ee5c s\u1ea3n ph\u1ea9m v\u00e0 b\u1ea3ng d\u1eef li\u1ec7u s\u1ea3n ph\u1ea9m c\u1ee7a ch\u00fang t\u00f4i, sau \u0111\u00f3 cho ch\u00fang t\u00f4i bi\u1ebft m\u00e3 \u0111\u01a1n h\u00e0ng c\u1ee7a s\u1ea3n ph\u1ea9m b\u1ea1n mu\u1ed1n d\u1ef1a tr\u00ean \u0111i\u1ec1u n\u00e0y. B\u1ea1n c\u0169ng c\u00f3 th\u1ec3 cho ch\u00fang t\u00f4i bi\u1ebft m\u1ed9t s\u1ed1 chi ti\u1ebft v\u1ec1 nhu c\u1ea7u h\u1ec7 th\u1ed1ng b\u00f4i tr\u01a1n c\u1ee7a b\u1ea1n, ch\u1eb3ng h\u1ea1n nh\u01b0 c\u00f4ng su\u1ea5t c\u1ee7a b\u01a1m b\u00f4i tr\u01a1n, ch\u1ea5t b\u00f4i tr\u01a1n \u0111\u01b0\u1ee3c s\u1eed d\u1ee5ng, \u0111i\u1ec7n \u00e1p, \u00e1p su\u1ea5t, s\u1ed1 \u0111i\u1ec3m b\u00f4i tr\u01a1n, chi\u1ec1u d\u00e0i \u1ed1ng, v.v. C\u00e1c k\u1ef9 s\u01b0 chuy\u00ean nghi\u1ec7p c\u1ee7a ch\u00fang t\u00f4i s\u1ebd cung c\u1ea5p cho b\u1ea1n c\u00e1c \u0111\u1ec1 xu\u1ea5t chi ti\u1ebft v\u1ec1 ki\u1ec3u m\u00e1y v\u00e0 th\u00f4ng s\u1ed1 k\u1ef9 thu\u1eadt.<\/li>\n\n\n\n<li><strong>T\u00f4i c\u00f3 th\u1ec3 nh\u1eadn \u0111\u01b0\u1ee3c b\u00e1o gi\u00e1 s\u1edbm nh\u1ea5t khi n\u00e0o?<\/strong><br>\u2014\u2014Ch\u00fang t\u00f4i th\u01b0\u1eddng b\u00e1o gi\u00e1 trong v\u00f2ng 8 gi\u1edd sau khi nh\u1eadn \u0111\u01b0\u1ee3c y\u00eau c\u1ea7u c\u1ee7a b\u1ea1n. N\u1ebfu b\u1ea1n c\u1ea7n b\u00e1o gi\u00e1 g\u1ea5p, vui l\u00f2ng g\u1ecdi \u0111i\u1ec7n ho\u1eb7c \u0111\u1ec3 l\u1ea1i tin nh\u1eafn ho\u1eb7c g\u1eedi tin nh\u1eafn qua Whatsapp.<\/li>\n\n\n\n<li><strong>Gi\u00e1 c\u1ea3 th\u1ebf n\u00e0o?<\/strong><br>\u2014\u2014Ch\u00fang t\u00f4i cung c\u1ea5p c\u00e1c s\u1ea3n ph\u1ea9m ch\u1ea5t l\u01b0\u1ee3ng cao v\u00e0 c\u00f3 t\u00ednh c\u1ea1nh tranh, \u0111\u1ea3m b\u1ea3o ch\u1ea5t l\u01b0\u1ee3ng v\u01b0\u1ee3t tr\u1ed9i trong khi v\u1eabn \u0111\u01b0a ra m\u1ee9c gi\u00e1 c\u1ea1nh tranh.<\/li>\n\n\n\n<li><strong>Th\u1eddi gian giao h\u00e0ng c\u1ee7a b\u1ea1n th\u1ebf n\u00e0o?<\/strong><br>\u2014\u2014N\u1ebfu l\u00e0 \u0111\u01a1n h\u00e0ng s\u1ed1 l\u01b0\u1ee3ng \u00edt, c\u00f3 th\u1ec3 giao trong v\u00f2ng 3 ng\u00e0y. N\u1ebfu l\u00e0 \u0111\u01a1n h\u00e0ng s\u1ed1 l\u01b0\u1ee3ng l\u1edbn, ch\u00fang t\u00f4i c\u0169ng c\u00f3 th\u1ec3 giao trong v\u00f2ng n\u1eeda th\u00e1ng. Th\u1eddi gian c\u1ee5 th\u1ec3 ph\u1ee5 thu\u1ed9c v\u00e0o s\u1ea3n ph\u1ea9m v\u00e0 t\u00f9y ch\u1ec9nh.<\/li>\n\n\n\n<li><strong>S\u1ed1 l\u01b0\u1ee3ng \u0111\u1eb7t h\u00e0ng t\u1ed1i thi\u1ec3u c\u1ee7a b\u1ea1n l\u00e0 bao nhi\u00eau?<\/strong><br>\u2014\u2014\u0110\u1ed1i v\u1edbi s\u1ea3n ph\u1ea9m ti\u00eau chu\u1ea9n, s\u1ed1 l\u01b0\u1ee3ng \u0111\u1eb7t h\u00e0ng t\u1ed1i thi\u1ec3u c\u00f3 th\u1ec3 th\u01b0\u01a1ng l\u01b0\u1ee3ng. S\u1ed1 l\u01b0\u1ee3ng \u0111\u1eb7t h\u00e0ng t\u1ed1i thi\u1ec3u c\u1ee7a c\u00e1c m\u1eabu kh\u00e1c nhau l\u00e0 kh\u00e1c nhau v\u00e0 m\u1ed9t s\u1ed1 kh\u00f4ng c\u00f3 s\u1ed1 l\u01b0\u1ee3ng \u0111\u1eb7t h\u00e0ng t\u1ed1i thi\u1ec3u. \u0110\u1ed1i v\u1edbi \u0111\u01a1n \u0111\u1eb7t h\u00e0ng OEM, ch\u00fang t\u00f4i c\u00f3 th\u1ec3 cung c\u1ea5p v\u00e0 \u0111i\u1ec1u ch\u1ec9nh s\u1ea3n ph\u1ea9m c\u1ee7a m\u00ecnh \u0111\u1ec3 \u0111\u00e1p \u1ee9ng c\u00e1c nhu c\u1ea7u kh\u00e1c nhau. Do \u0111\u00f3, s\u1ed1 l\u01b0\u1ee3ng \u0111\u1eb7t h\u00e0ng t\u1ed1i thi\u1ec3u v\u00e0 gi\u00e1 c\u00f3 th\u1ec3 thay \u0111\u1ed5i r\u1ea5t nhi\u1ec1u do k\u00edch th\u01b0\u1edbc, v\u1eadt li\u1ec7u v\u00e0 c\u00e1c th\u00f4ng s\u1ed1 k\u1ef9 thu\u1eadt kh\u00e1c, ch\u1eb3ng h\u1ea1n nh\u01b0 s\u1ea3n ph\u1ea9m \u0111\u1eaft ti\u1ec1n ho\u1eb7c s\u1ea3n ph\u1ea9m ti\u00eau chu\u1ea9n. S\u1ed1 l\u01b0\u1ee3ng \u0111\u1eb7t h\u00e0ng t\u1ed1i thi\u1ec3u th\u01b0\u1eddng th\u1ea5p h\u01a1n.<\/li>\n\n\n\n<li><strong>B\u1ea1n c\u00f3 th\u1ec3 cung c\u1ea5p s\u1ea3n ph\u1ea9m OEM ho\u1eb7c ODM kh\u00f4ng?<\/strong><br>\u2014\u2014C\u00f3, ch\u00fang t\u00f4i c\u00f3 th\u1ec3 s\u1ea3n xu\u1ea5t theo m\u1eabu ho\u1eb7c b\u1ea3n v\u1ebd k\u1ef9 thu\u1eadt c\u1ee7a b\u1ea1n v\u00e0 ch\u00fang t\u00f4i c\u00f3 th\u1ec3 l\u00e0m khu\u00f4n v\u00e0 \u0111\u1ed3 g\u00e1. Th\u00f4ng th\u01b0\u1eddng, nhu c\u1ea7u c\u1ee7a b\u1ea1n c\u00f3 th\u1ec3 \u0111\u01b0\u1ee3c \u0111i\u1ec1u ch\u1ec9nh trong c\u00f4ng ngh\u1ec7 s\u1ea3n ph\u1ea9m c\u1ee7a ch\u00fang t\u00f4i \u0111\u1ec3 \u0111\u1ea1t \u0111\u01b0\u1ee3c.<\/li>\n\n\n\n<li><strong>T\u00f4i c\u00f3 th\u1ec3 l\u00e0m \u0111\u1ea1i l\u00fd c\u1ee7a b\u1ea1n \u1edf qu\u1ed1c gia c\u1ee7a t\u00f4i kh\u00f4ng?<\/strong><br>\u2014\u2014Ch\u00fang t\u00f4i mong mu\u1ed1n h\u1ee3p t\u00e1c l\u00e2u d\u00e0i, n\u1ebfu b\u1ea1n c\u00f3 \u00fd t\u01b0\u1edfng, ch\u00fang ta c\u00f3 th\u1ec3 trao \u0111\u1ed5i chi ti\u1ebft, ch\u00fang t\u00f4i c\u1ea7n nh\u1eefng \u0111\u1ed1i t\u00e1c \u0111\u1ec3 c\u00f9ng nhau t\u1ea1o ra gi\u00e1 tr\u1ecb.<\/li>\n\n\n\n<li><strong>Th\u1eddi gian b\u1ea3o h\u00e0nh s\u1ea3n ph\u1ea9m l\u00e0 bao l\u00e2u?<\/strong><br>\u2014\u2014Th\u1eddi h\u1ea1n b\u1ea3o h\u00e0nh s\u1ea3n ph\u1ea9m c\u1ee7a ch\u00fang t\u00f4i l\u00e0 m\u1ed9t n\u0103m.<\/li>\n\n\n\n<li><strong>T\u00f4i c\u00f3 th\u1ec3 l\u1ea5y m\u1eabu \u1edf \u0111\u00e2u?<\/strong><br>\u2014\u2014Th\u00f4ng th\u01b0\u1eddng ch\u00fang t\u00f4i kh\u00f4ng th\u1ec3 cung c\u1ea5p m\u1eabu mi\u1ec5n ph\u00ed, vui l\u00f2ng thanh to\u00e1n ph\u00ed m\u1eabu v\u00e0 ph\u00ed chuy\u1ec3n ph\u00e1t nhanh, ph\u00ed m\u1eabu c\u00f3 th\u1ec3 \u0111\u01b0\u1ee3c kh\u1ea5u tr\u1eeb trong \u0111\u01a1n h\u00e0ng l\u1edbn \u0111\u1ea7u ti\u00ean c\u1ee7a b\u1ea1n.<\/li>\n\n\n\n<li><strong>N\u0103ng l\u1ef1c s\u1ea3n xu\u1ea5t c\u1ea1nh tranh c\u1ee7a b\u1ea1n l\u00e0 bao nhi\u00eau?<\/strong><br>\u2014\u2014S\u1ea3n xu\u1ea5t h\u00e0ng th\u00e1ng h\u01a1n 5000 b\u1ed9.<\/li>\n\n\n\n<li><strong>C\u00f4ng ty c\u1ee7a b\u1ea1n ch\u1ea5p nh\u1eadn nh\u1eefng ph\u01b0\u01a1ng th\u1ee9c thanh to\u00e1n n\u00e0o?<\/strong><br>\u2014\u2014Ch\u00fang t\u00f4i ch\u1ea5p nh\u1eadn T\/T (chuy\u1ec3n kho\u1ea3n ng\u00e2n h\u00e0ng), Western Union, Paypal, Alipay, WeChat Pay.<\/li>\n\n\n\n<li><strong>\u0110i\u1ec1u kho\u1ea3n giao h\u00e0ng c\u1ee7a b\u1ea1n l\u00e0 g\u00ec?<\/strong><br>\u2014\u2014EXW, FOB, CFR, CIF, DAP, DDP<\/li>\n\n\n\n<li><strong>B\u1ea1n cung c\u1ea5p ph\u01b0\u01a1ng th\u1ee9c v\u1eadn chuy\u1ec3n n\u00e0o?<\/strong><br>\u2014\u2014N\u1ebfu b\u1ea1n \u0111\u1eb7t h\u00e0ng v\u1edbi s\u1ed1 l\u01b0\u1ee3ng nh\u1ecf, ch\u00fang t\u00f4i khuy\u00ean b\u1ea1n n\u00ean giao h\u00e0ng b\u1eb1ng d\u1ecbch v\u1ee5 chuy\u1ec3n ph\u00e1t nhanh qu\u1ed1c t\u1ebf nh\u01b0 DHL, FedEx, UPS, EMS, v.v. N\u1ebfu s\u1ed1 l\u01b0\u1ee3ng \u0111\u1eb7t h\u00e0ng l\u1edbn, ch\u00fang t\u00f4i h\u1ed7 tr\u1ee3 nhi\u1ec1u ph\u01b0\u01a1ng th\u1ee9c v\u1eadn chuy\u1ec3n nh\u01b0 chuy\u1ec3n ph\u00e1t nhanh, h\u00e0ng kh\u00f4ng, \u0111\u01b0\u1eddng bi\u1ec3n, \u0111\u01b0\u1eddng s\u1eaft, v.v. Ch\u00fang t\u00f4i c\u0169ng c\u00f3 th\u1ec3 gi\u00fap b\u1ea1n l\u01b0u tr\u1eef h\u00e0ng h\u00f3a c\u1ee7a c\u00e1c nh\u00e0 cung c\u1ea5p kh\u00e1c trong kho c\u1ee7a ch\u00fang t\u00f4i v\u00e0 v\u1eadn chuy\u1ec3n ch\u00fang c\u00f9ng nhau.<\/li>\n\n\n\n<li><strong>Bao b\u00ec th\u1ebf n\u00e0o?<\/strong><br>\u2014\u2014Th\u00f9ng carton xu\u1ea5t kh\u1ea9u ti\u00eau chu\u1ea9n, h\u1ed9p g\u1ed7 v\u00e0 c\u00e1c lo\u1ea1i bao b\u00ec \u0111i bi\u1ec3n kh\u00e1c. Tr\u01b0\u1edbc khi b\u1ea1n thanh to\u00e1n s\u1ed1 d\u01b0, \u0111\u1ec3 \u0111\u1ea3m b\u1ea3o t\u1ea5t c\u1ea3 c\u00e1c s\u1ea3n ph\u1ea9m l\u00e0 nh\u1eefng g\u00ec b\u1ea1n c\u1ea7n, ch\u00fang t\u00f4i s\u1ebd cho b\u1ea1n xem h\u00ecnh \u1ea3nh, b\u1ea3n v\u1ebd, video, v.v. tr\u01b0\u1edbc khi v\u1eadn chuy\u1ec3n.<\/li>\n\n\n\n<li><strong>D\u1ecbch v\u1ee5 sau b\u00e1n h\u00e0ng th\u1ebf n\u00e0o?<\/strong><br>\u2014\u2014Sau khi kh\u00e1ch h\u00e0ng \u0111\u1eb7t c\u00e2u h\u1ecfi, ch\u00fang t\u00f4i s\u1ebd tr\u1ea3 l\u1eddi trong v\u00f2ng 24 gi\u1edd.<\/li>\n<\/ol>\n<\/div><\/div>\n<\/div><\/div>","protected":false},"excerpt":{"rendered":"","protected":false},"author":1,"featured_media":0,"parent":0,"menu_order":0,"comment_status":"closed","ping_status":"closed","template":"","meta":{"ocean_post_layout":"full-screen","ocean_both_sidebars_style":"","ocean_both_sidebars_content_width":0,"ocean_both_sidebars_sidebars_width":0,"ocean_sidebar":"0","ocean_second_sidebar":"0","ocean_disable_margins":"on","ocean_add_body_class":"","ocean_shortcode_before_top_bar":"","ocean_shortcode_after_top_bar":"","ocean_shortcode_before_header":"","ocean_shortcode_after_header":"","ocean_has_shortcode":"","ocean_shortcode_after_title":"","ocean_shortcode_before_footer_widgets":"","ocean_shortcode_after_footer_widgets":"","ocean_shortcode_before_footer_bottom":"","ocean_shortcode_after_footer_bottom":"","ocean_display_top_bar":"default","ocean_display_header":"default","ocean_header_style":"","ocean_center_header_left_menu":"0","ocean_custom_header_template":"0","ocean_custom_logo":0,"ocean_custom_retina_logo":0,"ocean_custom_logo_max_width":0,"ocean_custom_logo_tablet_max_width":0,"ocean_custom_logo_mobile_max_width":0,"ocean_custom_logo_max_height":0,"ocean_custom_logo_tablet_max_height":0,"ocean_custom_logo_mobile_max_height":0,"ocean_header_custom_menu":"0","ocean_menu_typo_font_family":"0","ocean_menu_typo_font_subset":"","ocean_menu_typo_font_size":0,"ocean_menu_typo_font_size_tablet":0,"ocean_menu_typo_font_size_mobile":0,"ocean_menu_typo_font_size_unit":"px","ocean_menu_typo_font_weight":"","ocean_menu_typo_font_weight_tablet":"","ocean_menu_typo_font_weight_mobile":"","ocean_menu_typo_transform":"","ocean_menu_typo_transform_tablet":"","ocean_menu_typo_transform_mobile":"","ocean_menu_typo_line_height":0,"ocean_menu_typo_line_height_tablet":0,"ocean_menu_typo_line_height_mobile":0,"ocean_menu_typo_line_height_unit":"","ocean_menu_typo_spacing":0,"ocean_menu_typo_spacing_tablet":0,"ocean_menu_typo_spacing_mobile":0,"ocean_menu_typo_spacing_unit":"","ocean_menu_link_color":"","ocean_menu_link_color_hover":"","ocean_menu_link_color_active":"","ocean_menu_link_background":"","ocean_menu_link_hover_background":"","ocean_menu_link_active_background":"","ocean_menu_social_links_bg":"","ocean_menu_social_hover_links_bg":"","ocean_menu_social_links_color":"","ocean_menu_social_hover_links_color":"","ocean_disable_title":"default","ocean_disable_heading":"default","ocean_post_title":"","ocean_post_subheading":"","ocean_post_title_style":"","ocean_post_title_background_color":"","ocean_post_title_background":0,"ocean_post_title_bg_image_position":"","ocean_post_title_bg_image_attachment":"","ocean_post_title_bg_image_repeat":"","ocean_post_title_bg_image_size":"","ocean_post_title_height":0,"ocean_post_title_bg_overlay":0.5,"ocean_post_title_bg_overlay_color":"","ocean_disable_breadcrumbs":"default","ocean_breadcrumbs_color":"","ocean_breadcrumbs_separator_color":"","ocean_breadcrumbs_links_color":"","ocean_breadcrumbs_links_hover_color":"","ocean_display_footer_widgets":"default","ocean_display_footer_bottom":"default","ocean_custom_footer_template":"0","osh_disable_topbar_sticky":"default","osh_disable_header_sticky":"default","osh_sticky_header_style":"default","osh_sticky_header_effect":"","osh_custom_sticky_logo":0,"osh_custom_retina_sticky_logo":0,"osh_custom_sticky_logo_height":0,"osh_background_color":"","osh_links_color":"","osh_links_hover_color":"","osh_links_active_color":"","osh_links_bg_color":"","osh_links_hover_bg_color":"","osh_links_active_bg_color":"","osh_menu_social_links_color":"","osh_menu_social_hover_links_color":"","footnotes":""},"class_list":["post-1817","page","type-page","status-publish","hentry","entry","owp-thumbs-layout-horizontal","owp-btn-very-big","owp-tabs-layout-horizontal","has-no-thumbnails"],"_links":{"self":[{"href":"https:\/\/www.jinpinlub.com\/vi\/wp-json\/wp\/v2\/pages\/1817","targetHints":{"allow":["GET"]}}],"collection":[{"href":"https:\/\/www.jinpinlub.com\/vi\/wp-json\/wp\/v2\/pages"}],"about":[{"href":"https:\/\/www.jinpinlub.com\/vi\/wp-json\/wp\/v2\/types\/page"}],"author":[{"embeddable":true,"href":"https:\/\/www.jinpinlub.com\/vi\/wp-json\/wp\/v2\/users\/1"}],"replies":[{"embeddable":true,"href":"https:\/\/www.jinpinlub.com\/vi\/wp-json\/wp\/v2\/comments?post=1817"}],"version-history":[{"count":0,"href":"https:\/\/www.jinpinlub.com\/vi\/wp-json\/wp\/v2\/pages\/1817\/revisions"}],"wp:attachment":[{"href":"https:\/\/www.jinpinlub.com\/vi\/wp-json\/wp\/v2\/media?parent=1817"}],"curies":[{"name":"wp","href":"https:\/\/api.w.org\/{rel}","templated":true}]}}