{"id":2393,"date":"2024-07-16T03:34:27","date_gmt":"2024-07-16T03:34:27","guid":{"rendered":"https:\/\/www.jinpinlub.com\/?post_type=product&#038;p=2393"},"modified":"2024-08-02T09:06:09","modified_gmt":"2024-08-02T09:06:09","slug":"he-thong-bom-mo-boi-tron-tap-trung-dien-j203","status":"publish","type":"product","link":"https:\/\/www.jinpinlub.com\/vi\/product\/j203-grease-pump-electric-centralized-lubrication-pump-system\/","title":{"rendered":"H\u1ec7 th\u1ed1ng b\u01a1m m\u1ee1 b\u00f4i tr\u01a1n t\u1eadp trung \u0111i\u1ec7n J203"},"content":{"rendered":"<h2>\u0110\u1eb7c tr\u01b0ng<\/h2>\n<p>1. C\u1ea5u tr\u00fac nh\u1ecf g\u1ecdn: B\u01a1m b\u00f4i tr\u01a1n J203 \u0111\u01b0\u1ee3c thi\u1ebft k\u1ebf r\u1ea5t nh\u1ecf g\u1ecdn, th\u1ef1c s\u1ef1 ph\u00f9 h\u1ee3p \u0111\u1ec3 l\u1eafp \u0111\u1eb7t trong kh\u00f4ng gian nh\u1ecf. Nh\u00ecn chung, n\u00f3 bao g\u1ed3m m\u1ed9t v\u1ecf c\u00f3 \u0111\u1ed9ng c\u01a1 t\u00edch h\u1ee3p, m\u1ed9t th\u00f9ng ch\u1ee9a c\u00f3 m\u00e1i ch\u00e8o tr\u1ed9n, m\u1ed9t b\u1ed9 ph\u1eadn b\u01a1m, n\u00fam m\u1ee1 v\u00e0 c\u00e1c b\u1ed9 ph\u1eadn k\u1ebft n\u1ed1i \u0111i\u1ec7n.<br \/>\n2. M\u00e1y b\u01a1m n\u00e0y c\u00f3 hi\u1ec7u su\u1ea5t cao: T\u00f9y thu\u1ed9c v\u00e0o chi\u1ec1u d\u00e0i \u0111\u01b0\u1eddng \u1ed1ng, n\u00f3 ph\u1ee5c v\u1ee5 t\u1edbi 150 \u0111i\u1ec3m b\u00f4i tr\u01a1n. N\u00f3 c\u00f3 th\u1ec3 d\u1eabn \u0111\u1ed9ng t\u1edbi ba c\u1ee5m b\u01a1m v\u00e0 c\u00f3 th\u1ec3 \u0111\u01b0\u1ee3c l\u1eafp b\u1ed9 \u0111i\u1ec1u khi\u1ec3n m\u1ee9c d\u1ea7u th\u1ea5p (c\u00f3 ho\u1eb7c kh\u00f4ng c\u00f3 b\u1ea3ng \u0111i\u1ec1u khi\u1ec3n) \u0111\u1ec3 \u0111\u1ea3m b\u1ea3o h\u1ec7 th\u1ed1ng b\u00f4i tr\u01a1n ho\u1ea1t \u0111\u1ed9ng li\u00ean t\u1ee5c.<br \/>\n3. \u0110i\u1ec1u ch\u1ec9nh c\u00e0i \u0111\u1eb7t v\u1eadn h\u00e0nh \u0111a d\u1ea1ng: D\u1ef1a tr\u00ean y\u00eau c\u1ea7u \u1ee9ng d\u1ee5ng, ng\u01b0\u1eddi d\u00f9ng c\u00f3 th\u1ec3 \u0111i\u1ec1u ch\u1ec9nh nhi\u1ec1u c\u00e0i \u0111\u1eb7t v\u1eadn h\u00e0nh li\u00ean quan \u0111\u1ebfn b\u1ea3ng m\u1ea1ch in \u0111i\u1ec1u khi\u1ec3n c\u1ee7a b\u01a1m b\u00f4i tr\u01a1n J203.<br \/>\n4. Ph\u1ea1m vi \u1ee9ng d\u1ee5ng r\u1ed9ng r\u00e3i: Cung c\u1ea5p ngu\u1ed3n \u0111i\u1ec7n DC ho\u1eb7c AC v\u00e0 c\u00f3 nhi\u1ec1u lo\u1ea1i b\u1ed3n ch\u1ee9a d\u1ea7u kh\u00e1c nhau, v\u1edbi c\u00e1c b\u1ed9 ph\u1eadn b\u01a1m ph\u00f9 h\u1ee3p v\u1edbi c\u00e1c y\u00eau c\u1ea7u \u0111\u1ea7u ra kh\u00e1c nhau.<br \/>\n5. \u0110\u1ed9 b\u1ec1n: V\u1edbi v\u1eadt li\u1ec7u c\u00f3 hi\u1ec7u qu\u1ea3 cao, J203 ho\u1ea1t \u0111\u1ed9ng trong \u0111i\u1ec1u ki\u1ec7n nhi\u1ec7t \u0111\u1ed9 kh\u1eafc nghi\u1ec7t. Do \u0111\u00f3, P203 c\u00f3 ph\u1ea1m vi nhi\u1ec7t \u0111\u1ed9 ho\u1ea1t \u0111\u1ed9ng t\u1eeb \u201340 \u0111\u1ebfn +70 \u00baC (DC) v\u00e0 \u201325 \u0111\u1ebfn + 70 \u00baC (AC).<\/p>\n<h2>\u0110\u1eb7c \u0111i\u1ec3m k\u1ef9 thu\u1eadt<\/h2>\n<table>\n<tbody>\n<tr>\n<td>Nhi\u1ec7t \u0111\u1ed9 ho\u1ea1t \u0111\u1ed9ng<\/td>\n<td>(-40\u00b0C \u0111\u1ebfn +70\u00b0C)<\/td>\n<\/tr>\n<tr>\n<td>S\u1ed1 l\u01b0\u1ee3ng c\u1eeda h\u00e0ng<\/td>\n<td>1, 2 ho\u1eb7c 3<\/td>\n<\/tr>\n<tr>\n<td>S\u1ee9c ch\u1ee9a h\u1ed3 ch\u1ee9a<\/td>\n<td>2L, 4L, 8L<\/td>\n<\/tr>\n<tr>\n<td>N\u1ea1p l\u1ea1i<\/td>\n<td>Ph\u1ee5 ki\u1ec7n b\u00f4i tr\u01a1n th\u1ee7y l\u1ef1c ho\u1eb7c t\u1eeb tr\u00ean xu\u1ed1ng<\/td>\n<\/tr>\n<tr>\n<td>Ch\u1ea5t b\u00f4i tr\u01a1n<\/td>\n<td>M\u1ee1 b\u00f4i tr\u01a1n \u00edt nh\u1ea5t l\u00e0 lo\u1ea1i NLGI 2, D\u1ea7u c\u00f3 l\u01b0u l\u01b0\u1ee3ng l\u00ean \u0111\u1ebfn 40mm\u00b2\/gi\u00e2y (cSt) \u1edf 40\u00b0 C<\/td>\n<\/tr>\n<tr>\n<td>L\u1edbp b\u1ea3o v\u1ec7<\/td>\n<td>IP6K 9K<\/td>\n<\/tr>\n<tr>\n<td>\u0110\u01b0\u1eddng k\u00ednh piston, K5<\/td>\n<td>5 mm, x\u1ea5p x\u1ec9 2 cm\u00b3\/ph\u00fat<\/td>\n<\/tr>\n<tr>\n<td>\u0110\u01b0\u1eddng k\u00ednh piston, (ti\u00eau chu\u1ea9n) K6<\/td>\n<td>6 mm, x\u1ea5p x\u1ec9 2,8cm\u00b3\/ph\u00fat<\/td>\n<\/tr>\n<tr>\n<td>\u0110\u01b0\u1eddng k\u00ednh piston, K7<\/td>\n<td>7 mm, x\u1ea5p x\u1ec9 4 cm\u00b3\/ph\u00fat<\/td>\n<\/tr>\n<tr>\n<td>\u00c1p su\u1ea5t v\u1eadn h\u00e0nh t\u1ed1i \u0111a<\/td>\n<td>350 thanh<\/td>\n<\/tr>\n<tr>\n<td>Ch\u1ee7 \u0111\u1ec1 k\u1ebft n\u1ed1i<\/td>\n<td>G 1\/4<\/td>\n<\/tr>\n<tr>\n<td>\u0110i\u1ec7n \u00e1p ho\u1ea1t \u0111\u1ed9ng<\/td>\n<td>12VDC, 24VDC, 110-240VAC<\/td>\n<\/tr>\n<\/tbody>\n<\/table>\n<h2>\u1ee8ng d\u1ee5ng<\/h2>\n<p>1. Thi\u1ebft b\u1ecb di \u0111\u1ed9ng: B\u01a1m J203 \u0111\u01b0\u1ee3c l\u1eafp \u0111\u1eb7t ch\u1ee7 y\u1ebfu tr\u00ean nhi\u1ec1u lo\u1ea1i thi\u1ebft b\u1ecb di \u0111\u1ed9ng, t\u1eeb m\u00e1y x\u00fac l\u1eadt v\u00e0 m\u00e1y \u0111\u00e0o cho \u0111\u1ebfn c\u00e1c thi\u1ebft b\u1ecb v\u1eeba v\u00e0 nh\u1ecf. Lo\u1ea1i thi\u1ebft b\u1ecb n\u00e0y th\u01b0\u1eddng ph\u1ea3i ch\u1ecbu \u0111i\u1ec1u ki\u1ec7n l\u00e0m vi\u1ec7c c\u1ef1c k\u1ef3 k\u00e9m; do \u0111\u00f3, m\u1ed9t h\u1ec7 th\u1ed1ng b\u00f4i tr\u01a1n \u0111\u00e1ng tin c\u1eady l\u00e0 v\u00f4 c\u00f9ng c\u1ea7n thi\u1ebft cho ho\u1ea1t \u0111\u1ed9ng b\u00ecnh th\u01b0\u1eddng.<br \/>\n2. C\u00f4ng nghi\u1ec7p n\u00f3i chung: B\u01a1m J203 trong c\u00e1c \u1ee9ng d\u1ee5ng c\u00f4ng nghi\u1ec7p n\u00f3i chung b\u00f4i tr\u01a1n t\u1ea5t c\u1ea3 c\u00e1c thi\u1ebft b\u1ecb c\u01a1 kh\u00ed, ch\u1ee7 y\u1ebfu l\u00e0 m\u00e1y g\u1eb7t \u0111\u1eadp li\u00ean h\u1ee3p, m\u00e1y \u0111\u00f3ng ki\u1ec7n v\u00e0 m\u00e1y thu ho\u1ea1ch th\u1ee9c \u0103n gia s\u00fac.<br \/>\n3. \u1ee8ng d\u1ee5ng \u0111\u1eb7c bi\u1ec7t: M\u00e1y b\u01a1m n\u00e0y ph\u00f9 h\u1ee3p v\u1edbi m\u1ed9t s\u1ed1 \u1ee9ng d\u1ee5ng \u0111\u1eb7c bi\u1ec7t, ch\u1eb3ng h\u1ea1n nh\u01b0 trong ng\u00e0nh th\u1ef1c ph\u1ea9m v\u00e0 \u0111\u1ed3 u\u1ed1ng. Do \u0111\u00f3, c\u00e1c th\u00e0nh ph\u1ea7n b\u01a1m c\u1ee7a ch\u00fang l\u00e0 th\u00e9p m\u1ea1 niken, trong khi ch\u1ea5t b\u00f4i tr\u01a1n \u0111\u01b0\u1ee3c s\u1eed d\u1ee5ng trong c\u00e1c m\u00e1y b\u01a1m n\u00e0y tu\u00e2n th\u1ee7 c\u00e1c ti\u00eau chu\u1ea9n b\u00f4i tr\u01a1n c\u1ea5p th\u1ef1c ph\u1ea9m.<\/p>\n<h2>H\u01b0\u1edbng d\u1eabn s\u1eed d\u1ee5ng<\/h2>\n<div class=\"sdm_download_button_box_default\"><div class=\"sdm_download_link\"><a href=\"https:\/\/www.jinpinlub.com\/vi\/?sdm_process_download=1&download_id=2429\" class=\"sdm_download white\" title=\"Ri\u00eang t\u01b0: J203 Grease Pump\" target=\"&quot;_blank&quot;\">Xem B\u1ea3ng d\u1eef li\u1ec7u - B\u01a1m m\u1ee1 J203<\/a><\/div><\/div>","protected":false},"excerpt":{"rendered":"<p>B\u01a1m b\u00f4i tr\u01a1n J203 l\u00e0 h\u1ec7 th\u1ed1ng b\u00f4i tr\u01a1n \u0111a n\u0103ng, nh\u1ecf g\u1ecdn, t\u01b0\u01a1ng \u0111\u1ed1i r\u1ebb ti\u1ec1n, \u0111\u01b0\u1ee3c \u1ee9ng d\u1ee5ng trong nhi\u1ec1u lo\u1ea1i thi\u1ebft b\u1ecb c\u00f4ng nghi\u1ec7p v\u00e0 thi\u1ebft b\u1ecb di \u0111\u1ed9ng. N\u00f3 \u0111\u01b0\u1ee3c thi\u1ebft k\u1ebf \u0111\u1ec3 cung c\u1ea5p c\u00e1c gi\u1ea3i ph\u00e1p b\u00f4i tr\u01a1n hi\u1ec7u qu\u1ea3 v\u00e0 \u0111\u00e1ng tin c\u1eady nh\u1eb1m \u0111\u1ea3m b\u1ea3o thi\u1ebft b\u1ecb ho\u1ea1t \u0111\u1ed9ng b\u00ecnh th\u01b0\u1eddng v\u00e0 k\u00e9o d\u00e0i tu\u1ed5i th\u1ecd.<\/p>","protected":false},"featured_media":2394,"template":"","meta":{"ocean_post_layout":"","ocean_both_sidebars_style":"","ocean_both_sidebars_content_width":0,"ocean_both_sidebars_sidebars_width":0,"ocean_sidebar":"0","ocean_second_sidebar":"0","ocean_disable_margins":"enable","ocean_add_body_class":"","ocean_shortcode_before_top_bar":"","ocean_shortcode_after_top_bar":"","ocean_shortcode_before_header":"","ocean_shortcode_after_header":"","ocean_has_shortcode":"","ocean_shortcode_after_title":"","ocean_shortcode_before_footer_widgets":"","ocean_shortcode_after_footer_widgets":"","ocean_shortcode_before_footer_bottom":"","ocean_shortcode_after_footer_bottom":"","ocean_display_top_bar":"default","ocean_display_header":"default","ocean_header_style":"","ocean_center_header_left_menu":"0","ocean_custom_header_template":"0","ocean_custom_logo":0,"ocean_custom_retina_logo":0,"ocean_custom_logo_max_width":0,"ocean_custom_logo_tablet_max_width":0,"ocean_custom_logo_mobile_max_width":0,"ocean_custom_logo_max_height":0,"ocean_custom_logo_tablet_max_height":0,"ocean_custom_logo_mobile_max_height":0,"ocean_header_custom_menu":"0","ocean_menu_typo_font_family":"0","ocean_menu_typo_font_subset":"","ocean_menu_typo_font_size":0,"ocean_menu_typo_font_size_tablet":0,"ocean_menu_typo_font_size_mobile":0,"ocean_menu_typo_font_size_unit":"px","ocean_menu_typo_font_weight":"","ocean_menu_typo_font_weight_tablet":"","ocean_menu_typo_font_weight_mobile":"","ocean_menu_typo_transform":"","ocean_menu_typo_transform_tablet":"","ocean_menu_typo_transform_mobile":"","ocean_menu_typo_line_height":0,"ocean_menu_typo_line_height_tablet":0,"ocean_menu_typo_line_height_mobile":0,"ocean_menu_typo_line_height_unit":"","ocean_menu_typo_spacing":0,"ocean_menu_typo_spacing_tablet":0,"ocean_menu_typo_spacing_mobile":0,"ocean_menu_typo_spacing_unit":"","ocean_menu_link_color":"","ocean_menu_link_color_hover":"","ocean_menu_link_color_active":"","ocean_menu_link_background":"","ocean_menu_link_hover_background":"","ocean_menu_link_active_background":"","ocean_menu_social_links_bg":"","ocean_menu_social_hover_links_bg":"","ocean_menu_social_links_color":"","ocean_menu_social_hover_links_color":"","ocean_disable_title":"default","ocean_disable_heading":"default","ocean_post_title":"","ocean_post_subheading":"","ocean_post_title_style":"","ocean_post_title_background_color":"","ocean_post_title_background":0,"ocean_post_title_bg_image_position":"","ocean_post_title_bg_image_attachment":"","ocean_post_title_bg_image_repeat":"","ocean_post_title_bg_image_size":"","ocean_post_title_height":0,"ocean_post_title_bg_overlay":0.5,"ocean_post_title_bg_overlay_color":"","ocean_disable_breadcrumbs":"default","ocean_breadcrumbs_color":"","ocean_breadcrumbs_separator_color":"","ocean_breadcrumbs_links_color":"","ocean_breadcrumbs_links_hover_color":"","ocean_display_footer_widgets":"default","ocean_display_footer_bottom":"default","ocean_custom_footer_template":"0","osh_disable_topbar_sticky":"default","osh_disable_header_sticky":"default","osh_sticky_header_style":"default","osh_sticky_header_effect":"","osh_custom_sticky_logo":0,"osh_custom_retina_sticky_logo":0,"osh_custom_sticky_logo_height":0,"osh_background_color":"","osh_links_color":"","osh_links_hover_color":"","osh_links_active_color":"","osh_links_bg_color":"","osh_links_hover_bg_color":"","osh_links_active_bg_color":"","osh_menu_social_links_color":"","osh_menu_social_hover_links_color":""},"product_brand":[],"product_cat":[42,41],"product_tag":[73,71,72],"class_list":{"0":"post-2393","1":"product","2":"type-product","3":"status-publish","4":"has-post-thumbnail","6":"product_cat-electric-progressive-pumps","7":"product_cat-progressive-grease-systems","8":"product_tag-electric-lubrication-pump","9":"product_tag-lubrication-pump","10":"product_tag-lubrication-system","12":"entry","13":"has-media","15":"first","16":"instock","17":"featured","18":"shipping-taxable","19":"product-type-external","20":"col","21":"span_1_of_3","22":"owp-content-center","23":"owp-thumbs-layout-horizontal","24":"owp-btn-very-big","25":"owp-tabs-layout-horizontal"},"_links":{"self":[{"href":"https:\/\/www.jinpinlub.com\/vi\/wp-json\/wp\/v2\/product\/2393","targetHints":{"allow":["GET"]}}],"collection":[{"href":"https:\/\/www.jinpinlub.com\/vi\/wp-json\/wp\/v2\/product"}],"about":[{"href":"https:\/\/www.jinpinlub.com\/vi\/wp-json\/wp\/v2\/types\/product"}],"wp:featuredmedia":[{"embeddable":true,"href":"https:\/\/www.jinpinlub.com\/vi\/wp-json\/wp\/v2\/media\/2394"}],"wp:attachment":[{"href":"https:\/\/www.jinpinlub.com\/vi\/wp-json\/wp\/v2\/media?parent=2393"}],"wp:term":[{"taxonomy":"product_brand","embeddable":true,"href":"https:\/\/www.jinpinlub.com\/vi\/wp-json\/wp\/v2\/product_brand?post=2393"},{"taxonomy":"product_cat","embeddable":true,"href":"https:\/\/www.jinpinlub.com\/vi\/wp-json\/wp\/v2\/product_cat?post=2393"},{"taxonomy":"product_tag","embeddable":true,"href":"https:\/\/www.jinpinlub.com\/vi\/wp-json\/wp\/v2\/product_tag?post=2393"}],"curies":[{"name":"wp","href":"https:\/\/api.w.org\/{rel}","templated":true}]}}