{"id":2442,"date":"2024-07-16T09:52:35","date_gmt":"2024-07-16T09:52:35","guid":{"rendered":"https:\/\/www.jinpinlub.com\/?post_type=product&#038;p=2442"},"modified":"2024-08-06T19:01:00","modified_gmt":"2024-08-06T19:01:00","slug":"bom-mo-boi-tron-piston-tu-dong-j203-cho-may-dao-di-dong","status":"publish","type":"product","link":"https:\/\/www.jinpinlub.com\/vi\/product\/auto-piston-grease-lubrication-pump-j203-for-mobile-excavating\/","title":{"rendered":"B\u01a1m m\u1ee1 b\u00f4i tr\u01a1n piston t\u1ef1 \u0111\u1ed9ng J203 cho m\u00e1y \u0111\u00e0o di \u0111\u1ed9ng"},"content":{"rendered":"<h2>\u0110\u1eb7c tr\u01b0ng<\/h2>\n<p>\u0110a ch\u1ee9c n\u0103ng: C\u00f3 th\u1ec3 \u00e1p d\u1ee5ng cho nhi\u1ec1u m\u1ee5c \u0111\u00edch s\u1eed d\u1ee5ng kh\u00e1c nhau, bao g\u1ed3m m\u00e1y m\u00f3c x\u00e2y d\u1ef1ng, khung xe bu\u00fdt, m\u00e1y m\u00f3c v\u1eeba v\u00e0 nh\u1ecf, v\u00e0 ng\u00e0nh c\u00f4ng nghi\u1ec7p th\u00f4ng th\u01b0\u1eddng.<br \/>\nNh\u1ecf g\u1ecdn v\u00e0 nh\u1eb9: Thi\u1ebft k\u1ebf ti\u1ebft ki\u1ec7m kh\u00f4ng gian; l\u1eafp \u0111\u1eb7t v\u00e0 b\u1ea3o tr\u00ec d\u1ec5 d\u00e0ng.<br \/>\nTi\u1ebft ki\u1ec7m chi ph\u00ed: Ti\u1ebft ki\u1ec7m ti\u1ec1n cho kh\u00e1ch h\u00e0ng v\u00ec cung c\u1ea5p gi\u1ea3i ph\u00e1p b\u00f4i tr\u01a1n kinh t\u1ebf.<br \/>\nT\u00f9y ch\u1ecdn \u0111i\u1ec7n \u00e1p: h\u1ed7 tr\u1ee3 12V v\u00e0 24V DC, AC, c\u00f3 th\u1ec3 h\u1ed7 tr\u1ee3 t\u1ef1 \u0111\u1ed9ng chuy\u1ec3n \u0111\u1ed5i 110V~220V AC.<br \/>\nM\u1ed9t s\u1ed1 b\u1ed9 ph\u1eadn b\u01a1m c\u00f3 th\u1ec3 l\u1ef1a ch\u1ecdn ri\u00eang l\u1ebb, v\u00ed d\u1ee5 nh\u01b0 K5, K6, K7, KR v\u00e0 th\u1ec3 t\u00edch b\u00ecnh ch\u1ee9a 2, 4 ho\u1eb7c 8 l\u00edt l\u00e0 t\u00f9y ch\u1ecdn.<\/p>\n<h2>\u0110\u1eb7c \u0111i\u1ec3m k\u1ef9 thu\u1eadt<\/h2>\n<table>\n<tbody>\n<tr>\n<td>Nhi\u1ec7t \u0111\u1ed9 ho\u1ea1t \u0111\u1ed9ng<\/td>\n<td>(-40\u00b0C \u0111\u1ebfn +70\u00b0C)<\/td>\n<\/tr>\n<tr>\n<td>S\u1ed1 l\u01b0\u1ee3ng c\u1eeda h\u00e0ng<\/td>\n<td>1, 2 ho\u1eb7c 3<\/td>\n<\/tr>\n<tr>\n<td>S\u1ee9c ch\u1ee9a h\u1ed3 ch\u1ee9a<\/td>\n<td>2L, 4L, 8L<\/td>\n<\/tr>\n<tr>\n<td>N\u1ea1p l\u1ea1i<\/td>\n<td>Ph\u1ee5 ki\u1ec7n b\u00f4i tr\u01a1n th\u1ee7y l\u1ef1c ho\u1eb7c t\u1eeb tr\u00ean xu\u1ed1ng<\/td>\n<\/tr>\n<tr>\n<td>Ch\u1ea5t b\u00f4i tr\u01a1n<\/td>\n<td>M\u1ee1 b\u00f4i tr\u01a1n \u00edt nh\u1ea5t l\u00e0 lo\u1ea1i NLGI 2, D\u1ea7u c\u00f3 l\u01b0u l\u01b0\u1ee3ng l\u00ean \u0111\u1ebfn 40mm\u00b2\/gi\u00e2y (cSt) \u1edf 40\u00b0 C<\/td>\n<\/tr>\n<tr>\n<td>L\u1edbp b\u1ea3o v\u1ec7<\/td>\n<td>IP6K 9K<\/td>\n<\/tr>\n<tr>\n<td>\u0110\u01b0\u1eddng k\u00ednh piston, K5<\/td>\n<td>5 mm, x\u1ea5p x\u1ec9 2 cm\u00b3\/ph\u00fat<\/td>\n<\/tr>\n<tr>\n<td>\u0110\u01b0\u1eddng k\u00ednh piston, (ti\u00eau chu\u1ea9n) K6<\/td>\n<td>6 mm, x\u1ea5p x\u1ec9 2,8cm\u00b3\/ph\u00fat<\/td>\n<\/tr>\n<tr>\n<td>\u0110\u01b0\u1eddng k\u00ednh piston, K7<\/td>\n<td>7 mm, x\u1ea5p x\u1ec9 4 cm\u00b3\/ph\u00fat<\/td>\n<\/tr>\n<tr>\n<td>\u00c1p su\u1ea5t v\u1eadn h\u00e0nh t\u1ed1i \u0111a<\/td>\n<td>350 thanh<\/td>\n<\/tr>\n<tr>\n<td>Ch\u1ee7 \u0111\u1ec1 k\u1ebft n\u1ed1i<\/td>\n<td>G 1\/4<\/td>\n<\/tr>\n<tr>\n<td>\u0110i\u1ec7n \u00e1p ho\u1ea1t \u0111\u1ed9ng<\/td>\n<td>12VDC, 24VDC, 110-240VAC<\/td>\n<\/tr>\n<\/tbody>\n<\/table>\n<h2>\u1ee8ng d\u1ee5ng<\/h2>\n<p>N\u00f3 \u0111\u01b0\u1ee3c \u0111i\u1ec1u khi\u1ec3n b\u1edfi m\u1ed9t \u0111\u1ed9ng c\u01a1 t\u00edch h\u1ee3p \u0111\u1ec3 phun ch\u1ea5t b\u00f4i tr\u01a1n v\u00e0o \u0111\u01b0\u1eddng \u1ed1ng ch\u00ednh v\u00e0 th\u00f4ng qua b\u1ed9 ph\u1eadn b\u00f4i tr\u01a1n, n\u00f3 c\u00f3 th\u1ec3 ph\u00e2n ph\u1ed1i ch\u1ea5t b\u00f4i tr\u01a1n \u0111\u1ec1u \u0111\u1ebfn t\u1eebng \u0111i\u1ec3m b\u00f4i tr\u01a1n. S\u1ea3n ph\u1ea9m n\u00e0y ph\u00f9 h\u1ee3p v\u1edbi c\u00e1c h\u1ec7 th\u1ed1ng b\u00f4i tr\u01a1n t\u1ef1 \u0111\u1ed9ng ti\u1ebfn b\u1ed9 v\u00e0 c\u00f3 th\u1ec3 cung c\u1ea5p t\u1edbi 150 \u0111i\u1ec3m b\u00f4i tr\u01a1n t\u00f9y thu\u1ed9c v\u00e0o chi\u1ec1u d\u00e0i c\u1ee7a \u0111\u01b0\u1eddng \u1ed1ng.<br \/>\nB\u01a1m b\u00f4i tr\u01a1n J203 \u0111\u01b0\u1ee3c s\u1eed d\u1ee5ng trong m\u00e1y m\u00f3c x\u00e2y d\u1ef1ng, khung g\u1ea7m xe bu\u00fdt, m\u00e1y m\u00f3c v\u1eeba v\u00e0 nh\u1ecf v\u00e0 c\u00f4ng nghi\u1ec7p th\u00f4ng th\u01b0\u1eddng. N\u00f3 s\u1ebd \u0111\u00f3ng vai tr\u00f2 quan tr\u1ecdng trong nhi\u1ec1u \u1ee9ng d\u1ee5ng di \u0111\u1ed9ng, m\u00e1y x\u00fac l\u1eadt, m\u00e1y \u0111\u00e0o v\u00e0 thi\u1ebft b\u1ecb c\u00f4ng nghi\u1ec7p n\u00f3i chung nh\u01b0 m\u00e1y g\u1eb7t \u0111\u1eadp li\u00ean h\u1ee3p, m\u00e1y \u0111\u00f3ng ki\u1ec7n v\u00e0 m\u00e1y g\u1eb7t th\u1ee9c \u0103n gia s\u00fac.<\/p>\n<h2>H\u01b0\u1edbng d\u1eabn s\u1eed d\u1ee5ng<\/h2>\n<div class=\"sdm_download_button_box_default\"><div class=\"sdm_download_link\"><a href=\"https:\/\/www.jinpinlub.com\/vi\/?sdm_process_download=1&download_id=2429\" class=\"sdm_download white\" title=\"Ri\u00eang t\u01b0: J203 Grease Pump\" target=\"&quot;_blank&quot;\">Xem B\u1ea3ng d\u1eef li\u1ec7u - B\u01a1m m\u1ee1 J203<\/a><\/div><\/div>","protected":false},"excerpt":{"rendered":"<p>J203 nh\u1ecf g\u1ecdn, d\u1ec5 l\u1eafp \u0111\u1eb7t v\u00e0 b\u1ea3o tr\u00ec, \u0111\u01b0\u1ee3c l\u00e0m b\u1eb1ng v\u1eadt li\u1ec7u c\u00f3 th\u1ec3 ch\u1ecbu \u0111\u01b0\u1ee3c t\u00e1c \u0111\u1ed9ng kh\u1eafc nghi\u1ec7t c\u1ee7a m\u00f4i tr\u01b0\u1eddng v\u00e0 c\u00f3 tu\u1ed5i th\u1ecd cao. M\u00e1y b\u01a1m m\u1ee1 \u0111\u01b0\u1ee3c trang b\u1ecb h\u1ec7 th\u1ed1ng \u0111i\u1ec1u khi\u1ec3n th\u00f4ng minh c\u00f3 th\u1ec3 t\u1ef1 \u0111\u1ed9ng \u0111i\u1ec1u ch\u1ec9nh l\u01b0\u1ee3ng ch\u1ea5t b\u00f4i tr\u01a1n \u0111\u1ea7u ra theo nhu c\u1ea7u th\u1ef1c t\u1ebf.<\/p>","protected":false},"featured_media":2443,"template":"","meta":{"ocean_post_layout":"","ocean_both_sidebars_style":"","ocean_both_sidebars_content_width":0,"ocean_both_sidebars_sidebars_width":0,"ocean_sidebar":"0","ocean_second_sidebar":"0","ocean_disable_margins":"enable","ocean_add_body_class":"","ocean_shortcode_before_top_bar":"","ocean_shortcode_after_top_bar":"","ocean_shortcode_before_header":"","ocean_shortcode_after_header":"","ocean_has_shortcode":"","ocean_shortcode_after_title":"","ocean_shortcode_before_footer_widgets":"","ocean_shortcode_after_footer_widgets":"","ocean_shortcode_before_footer_bottom":"","ocean_shortcode_after_footer_bottom":"","ocean_display_top_bar":"default","ocean_display_header":"default","ocean_header_style":"","ocean_center_header_left_menu":"0","ocean_custom_header_template":"0","ocean_custom_logo":0,"ocean_custom_retina_logo":0,"ocean_custom_logo_max_width":0,"ocean_custom_logo_tablet_max_width":0,"ocean_custom_logo_mobile_max_width":0,"ocean_custom_logo_max_height":0,"ocean_custom_logo_tablet_max_height":0,"ocean_custom_logo_mobile_max_height":0,"ocean_header_custom_menu":"0","ocean_menu_typo_font_family":"0","ocean_menu_typo_font_subset":"","ocean_menu_typo_font_size":0,"ocean_menu_typo_font_size_tablet":0,"ocean_menu_typo_font_size_mobile":0,"ocean_menu_typo_font_size_unit":"px","ocean_menu_typo_font_weight":"","ocean_menu_typo_font_weight_tablet":"","ocean_menu_typo_font_weight_mobile":"","ocean_menu_typo_transform":"","ocean_menu_typo_transform_tablet":"","ocean_menu_typo_transform_mobile":"","ocean_menu_typo_line_height":0,"ocean_menu_typo_line_height_tablet":0,"ocean_menu_typo_line_height_mobile":0,"ocean_menu_typo_line_height_unit":"","ocean_menu_typo_spacing":0,"ocean_menu_typo_spacing_tablet":0,"ocean_menu_typo_spacing_mobile":0,"ocean_menu_typo_spacing_unit":"","ocean_menu_link_color":"","ocean_menu_link_color_hover":"","ocean_menu_link_color_active":"","ocean_menu_link_background":"","ocean_menu_link_hover_background":"","ocean_menu_link_active_background":"","ocean_menu_social_links_bg":"","ocean_menu_social_hover_links_bg":"","ocean_menu_social_links_color":"","ocean_menu_social_hover_links_color":"","ocean_disable_title":"default","ocean_disable_heading":"default","ocean_post_title":"","ocean_post_subheading":"","ocean_post_title_style":"","ocean_post_title_background_color":"","ocean_post_title_background":0,"ocean_post_title_bg_image_position":"","ocean_post_title_bg_image_attachment":"","ocean_post_title_bg_image_repeat":"","ocean_post_title_bg_image_size":"","ocean_post_title_height":0,"ocean_post_title_bg_overlay":0.5,"ocean_post_title_bg_overlay_color":"","ocean_disable_breadcrumbs":"default","ocean_breadcrumbs_color":"","ocean_breadcrumbs_separator_color":"","ocean_breadcrumbs_links_color":"","ocean_breadcrumbs_links_hover_color":"","ocean_display_footer_widgets":"default","ocean_display_footer_bottom":"default","ocean_custom_footer_template":"0","osh_disable_topbar_sticky":"default","osh_disable_header_sticky":"default","osh_sticky_header_style":"default","osh_sticky_header_effect":"","osh_custom_sticky_logo":0,"osh_custom_retina_sticky_logo":0,"osh_custom_sticky_logo_height":0,"osh_background_color":"","osh_links_color":"","osh_links_hover_color":"","osh_links_active_color":"","osh_links_bg_color":"","osh_links_hover_bg_color":"","osh_links_active_bg_color":"","osh_menu_social_links_color":"","osh_menu_social_hover_links_color":""},"product_brand":[],"product_cat":[42,41],"product_tag":[76,78,77],"class_list":{"0":"post-2442","1":"product","2":"type-product","3":"status-publish","4":"has-post-thumbnail","6":"product_cat-electric-progressive-pumps","7":"product_cat-progressive-grease-systems","8":"product_tag-electric-lubrication-system","9":"product_tag-excavator-lubrication-pump","10":"product_tag-grease-lubrication-pump","12":"entry","13":"has-media","15":"first","16":"instock","17":"shipping-taxable","18":"product-type-external","19":"col","20":"span_1_of_3","21":"owp-content-center","22":"owp-thumbs-layout-horizontal","23":"owp-btn-very-big","24":"owp-tabs-layout-horizontal"},"_links":{"self":[{"href":"https:\/\/www.jinpinlub.com\/vi\/wp-json\/wp\/v2\/product\/2442","targetHints":{"allow":["GET"]}}],"collection":[{"href":"https:\/\/www.jinpinlub.com\/vi\/wp-json\/wp\/v2\/product"}],"about":[{"href":"https:\/\/www.jinpinlub.com\/vi\/wp-json\/wp\/v2\/types\/product"}],"wp:featuredmedia":[{"embeddable":true,"href":"https:\/\/www.jinpinlub.com\/vi\/wp-json\/wp\/v2\/media\/2443"}],"wp:attachment":[{"href":"https:\/\/www.jinpinlub.com\/vi\/wp-json\/wp\/v2\/media?parent=2442"}],"wp:term":[{"taxonomy":"product_brand","embeddable":true,"href":"https:\/\/www.jinpinlub.com\/vi\/wp-json\/wp\/v2\/product_brand?post=2442"},{"taxonomy":"product_cat","embeddable":true,"href":"https:\/\/www.jinpinlub.com\/vi\/wp-json\/wp\/v2\/product_cat?post=2442"},{"taxonomy":"product_tag","embeddable":true,"href":"https:\/\/www.jinpinlub.com\/vi\/wp-json\/wp\/v2\/product_tag?post=2442"}],"curies":[{"name":"wp","href":"https:\/\/api.w.org\/{rel}","templated":true}]}}