{"id":2447,"date":"2024-07-16T20:25:08","date_gmt":"2024-07-16T20:25:08","guid":{"rendered":"https:\/\/www.jinpinlub.com\/?post_type=product&#038;p=2447"},"modified":"2024-08-06T09:30:27","modified_gmt":"2024-08-06T09:30:27","slug":"bo-phan-phoi-dau-ap-suat-cao-dpb1-cho-may-bom-the-tich","status":"publish","type":"product","link":"https:\/\/www.jinpinlub.com\/vi\/product\/dpb1-high-quality-pressurized-oil-distributor-for-volume-pump\/","title":{"rendered":"B\u1ed9 ph\u00e2n ph\u1ed1i d\u1ea7u \u00e1p su\u1ea5t cao DPB1 cho m\u00e1y b\u01a1m th\u1ec3 t\u00edch"},"content":{"rendered":"<h2>\u0110\u1eb7c tr\u01b0ng<\/h2>\n<p>1. X\u1ea3 ch\u00ednh x\u00e1c, c\u00f3 th\u1ec3 l\u1ef1a ch\u1ecdn d\u1ef1a tr\u00ean y\u00eau c\u1ea7u v\u1ec1 \u0111i\u1ec3m b\u00f4i tr\u01a1n.<br \/>\n2. \u0110\u01b0\u1ee3c s\u1eed d\u1ee5ng v\u1edbi b\u01a1m th\u1ec3 t\u00edch \u0111\u1ec3 x\u1ea3 ch\u1ea5t b\u00f4i tr\u01a1n khi \u00e1p su\u1ea5t \u0111\u1ea7u ra c\u1ee7a b\u01a1m \u0111\u1ea1t \u0111\u1ebfn \u00e1p su\u1ea5t ph\u00e2n ph\u1ed1i.<br \/>\n3. Ki\u1ec3u ti\u00eau chu\u1ea9n l\u00e0 ki\u1ec3u \u1ed1ng b\u1ecdc, c\u00f3 \u0111\u1ea7u n\u1ed1i ki\u1ec3u \u1ed1ng b\u1ecdc.<br \/>\n4. N\u00ean s\u1eed d\u1ee5ng \u0111\u1ea7u n\u1ed1i l\u1eafp nhanh v\u1edbi \u1ed1ng nylon.<\/p>\n<h2>\u0110\u1eb7c \u0111i\u1ec3m k\u1ef9 thu\u1eadt<\/h2>\n<table>\n<tbody>\n<tr>\n<td>Nguy\u00ean l\u00fd ch\u1ee9c n\u0103ng<\/td>\n<td>B\u1ed9 ph\u00e2n ph\u1ed1i \u00e1p su\u1ea5t<\/td>\n<\/tr>\n<tr>\n<td>C\u1eeda h\u00e0ng<\/td>\n<td>2, 3, 4, 5, 6, 8 ,10<\/td>\n<\/tr>\n<tr>\n<td>\u0110o l\u01b0\u1ee3ngd\u1ea7u<\/td>\n<td>0,03, 0,06, 0,10, 0,16mL\/chu k\u1ef3<\/td>\n<\/tr>\n<tr>\n<td>Ch\u1ea5t b\u00f4i tr\u01a1n<\/td>\n<td>32~90 cSt@40\u00b0C (D\u1ea7u), \u2264NLGI 0 (M\u1ee1)<\/td>\n<\/tr>\n<tr>\n<td>Nhi\u1ec7t \u0111\u1ed9 ho\u1ea1t \u0111\u1ed9ng<\/td>\n<td>0 \u0111\u1ebfn +80 \u00b0C<\/td>\n<\/tr>\n<tr>\n<td>\u00c1p su\u1ea5t ho\u1ea1t \u0111\u1ed9ng<\/td>\n<td>8~30bar(D\u1ea7u), 20~50bar(M\u1ee1)<\/td>\n<\/tr>\n<tr>\n<td>V\u1eadt li\u1ec7u<\/td>\n<td>K\u1ebdm \u0111\u00fac khu\u00f4n, \u0111\u1ed3ng thau<\/td>\n<\/tr>\n<tr>\n<td>\u1ed4 c\u1eafm k\u1ebft n\u1ed1i<\/td>\n<td>\u0110\u1ea7u v\u00e0o \u03a66(M10x1), \u0110\u1ea7u ra \u03a64(M8x1)<\/td>\n<\/tr>\n<tr>\n<td>Ph\u1ee5 ki\u1ec7n \u1ed5 c\u1eafm<\/td>\n<td>Ki\u1ec3u tay \u00e1o, Ki\u1ec3u nhanh<\/td>\n<\/tr>\n<tr>\n<td>V\u1ecb tr\u00ed l\u1eafp \u0111\u1eb7t<\/td>\n<td>B\u1ea5t k\u00ec<\/td>\n<\/tr>\n<\/tbody>\n<\/table>\n<h2>Nguy\u00ean t\u1eafc<\/h2>\n<p>1. D\u1ea7u \u0111\u01b0\u1ee3c b\u01a1m \u0111\u1ea9y van \u00f4 trong b\u1ed9 ph\u00e2n ph\u1ed1i l\u00ean.<br \/>\n2. Sau khi van \u00f4 \u0111\u00f3ng l\u1ed7 trung t\u00e2m c\u1ee7a thanh l\u00f5i, \u00e1p su\u1ea5t d\u1ea7u s\u1ebd \u0111\u1ea9y piston l\u00ean ch\u1ed1ng l\u1ea1i l\u1ef1c l\u00f2 xo<br \/>\nv\u00e0 x\u1ea3 d\u1ea7u ban \u0111\u1ea7u \u0111\u01b0\u1ee3c l\u01b0u tr\u1eef \u1edf khoang tr\u00ean.<br \/>\n3. Khi piston di chuy\u1ec3n l\u00ean ph\u00eda tr\u00ean c\u1ee7a khoang d\u1ea7u th\u00ec qu\u00e1 tr\u00ecnh x\u1ea3 d\u1ea7u ho\u00e0n t\u1ea5t.<br \/>\n4. Khi m\u00e1y b\u01a1m ng\u1eebng cung c\u1ea5p d\u1ea7u, van gi\u1ea3m \u00e1p \u0111\u01b0\u1ee3c k\u00edch ho\u1ea1t, \u00e1p su\u1ea5t h\u1ec7 th\u1ed1ng gi\u1ea3m xu\u1ed1ng v\u00e0 piston<br \/>\ntr\u1edf l\u1ea1i d\u01b0\u1edbi l\u1ef1c l\u00f2 xo. Khi van \u00f4 \u0111\u00f3ng c\u1eeda v\u00e0o d\u1ea7u, piston \u00e9p d\u1ea7u trong khoang d\u01b0\u1edbi \u0111\u1ec3<br \/>\nbu\u1ed3ng tr\u00ean \u0111i qua l\u1ed7 nh\u1ecf c\u1ee7a thanh l\u00f5i, v\u00e0 qu\u00e1 tr\u00ecnh l\u01b0u tr\u1eef d\u1ea7u cho chu tr\u00ecnh ti\u1ebfp theo \u0111\u01b0\u1ee3c ho\u00e0n t\u1ea5t.<\/p>\n<h2>H\u01b0\u1edbng d\u1eabn s\u1eed d\u1ee5ng<\/h2>\n<div class=\"sdm_download_button_box_default\"><div class=\"sdm_download_link\"><a href=\"https:\/\/www.jinpinlub.com\/vi\/?sdm_process_download=1&download_id=2458\" class=\"sdm_download white\" title=\"Ri\u00eang t\u01b0: DPB Lubrication Distributor\" target=\"&quot;_blank&quot;\">Xem B\u1ea3ng d\u1eef li\u1ec7u - Nh\u00e0 ph\u00e2n ph\u1ed1i DPB<\/a><\/div><\/div>","protected":false},"excerpt":{"rendered":"<p>B\u1ed9 ph\u00e2n ph\u1ed1i \u00e1p su\u1ea5t DPB1 l\u00e0 thi\u1ebft b\u1ecb \u0111\u01b0\u1ee3c s\u1eed d\u1ee5ng trong h\u1ec7 th\u1ed1ng b\u00f4i tr\u01a1n th\u1ec3 t\u00edch, ch\u1ee7 y\u1ebfu d\u00f9ng \u0111\u1ec3 ki\u1ec3m so\u00e1t ch\u00ednh x\u00e1c vi\u1ec7c ph\u00e2n ph\u1ed1i d\u1ea7u b\u00f4i tr\u01a1n. Th\u01b0\u1eddng s\u1eed d\u1ee5ng c\u1ea5u tr\u00fac piston l\u00f2 xo \u0111\u1ec3 \u0111\u1ea1t \u0111\u01b0\u1ee3c l\u01b0u tr\u1eef v\u00e0 x\u1ea3 d\u1ea7u th\u00f4ng qua qu\u00e1 tr\u00ecnh t\u0103ng \u00e1p v\u00e0 gi\u1ea3m \u00e1p c\u1ee7a h\u1ec7 th\u1ed1ng.<\/p>","protected":false},"featured_media":2448,"template":"","meta":{"ocean_post_layout":"","ocean_both_sidebars_style":"","ocean_both_sidebars_content_width":0,"ocean_both_sidebars_sidebars_width":0,"ocean_sidebar":"0","ocean_second_sidebar":"0","ocean_disable_margins":"enable","ocean_add_body_class":"","ocean_shortcode_before_top_bar":"","ocean_shortcode_after_top_bar":"","ocean_shortcode_before_header":"","ocean_shortcode_after_header":"","ocean_has_shortcode":"","ocean_shortcode_after_title":"","ocean_shortcode_before_footer_widgets":"","ocean_shortcode_after_footer_widgets":"","ocean_shortcode_before_footer_bottom":"","ocean_shortcode_after_footer_bottom":"","ocean_display_top_bar":"default","ocean_display_header":"default","ocean_header_style":"","ocean_center_header_left_menu":"0","ocean_custom_header_template":"0","ocean_custom_logo":0,"ocean_custom_retina_logo":0,"ocean_custom_logo_max_width":0,"ocean_custom_logo_tablet_max_width":0,"ocean_custom_logo_mobile_max_width":0,"ocean_custom_logo_max_height":0,"ocean_custom_logo_tablet_max_height":0,"ocean_custom_logo_mobile_max_height":0,"ocean_header_custom_menu":"0","ocean_menu_typo_font_family":"0","ocean_menu_typo_font_subset":"","ocean_menu_typo_font_size":0,"ocean_menu_typo_font_size_tablet":0,"ocean_menu_typo_font_size_mobile":0,"ocean_menu_typo_font_size_unit":"px","ocean_menu_typo_font_weight":"","ocean_menu_typo_font_weight_tablet":"","ocean_menu_typo_font_weight_mobile":"","ocean_menu_typo_transform":"","ocean_menu_typo_transform_tablet":"","ocean_menu_typo_transform_mobile":"","ocean_menu_typo_line_height":0,"ocean_menu_typo_line_height_tablet":0,"ocean_menu_typo_line_height_mobile":0,"ocean_menu_typo_line_height_unit":"","ocean_menu_typo_spacing":0,"ocean_menu_typo_spacing_tablet":0,"ocean_menu_typo_spacing_mobile":0,"ocean_menu_typo_spacing_unit":"","ocean_menu_link_color":"","ocean_menu_link_color_hover":"","ocean_menu_link_color_active":"","ocean_menu_link_background":"","ocean_menu_link_hover_background":"","ocean_menu_link_active_background":"","ocean_menu_social_links_bg":"","ocean_menu_social_hover_links_bg":"","ocean_menu_social_links_color":"","ocean_menu_social_hover_links_color":"","ocean_disable_title":"default","ocean_disable_heading":"default","ocean_post_title":"","ocean_post_subheading":"","ocean_post_title_style":"","ocean_post_title_background_color":"","ocean_post_title_background":0,"ocean_post_title_bg_image_position":"","ocean_post_title_bg_image_attachment":"","ocean_post_title_bg_image_repeat":"","ocean_post_title_bg_image_size":"","ocean_post_title_height":0,"ocean_post_title_bg_overlay":0.5,"ocean_post_title_bg_overlay_color":"","ocean_disable_breadcrumbs":"default","ocean_breadcrumbs_color":"","ocean_breadcrumbs_separator_color":"","ocean_breadcrumbs_links_color":"","ocean_breadcrumbs_links_hover_color":"","ocean_display_footer_widgets":"default","ocean_display_footer_bottom":"default","ocean_custom_footer_template":"0","osh_disable_topbar_sticky":"default","osh_disable_header_sticky":"default","osh_sticky_header_style":"default","osh_sticky_header_effect":"","osh_custom_sticky_logo":0,"osh_custom_retina_sticky_logo":0,"osh_custom_sticky_logo_height":0,"osh_background_color":"","osh_links_color":"","osh_links_hover_color":"","osh_links_active_color":"","osh_links_bg_color":"","osh_links_hover_bg_color":"","osh_links_active_bg_color":"","osh_menu_social_links_color":"","osh_menu_social_hover_links_color":""},"product_brand":[],"product_cat":[49,47],"product_tag":[81,80,79],"class_list":{"0":"post-2447","1":"product","2":"type-product","3":"status-publish","4":"has-post-thumbnail","6":"product_cat-volumetric-oil-injectors","7":"product_cat-volumetric-thin-oil-systems","8":"product_tag-pressurized-oil-distributor","9":"product_tag-volumetric-oil-distributor","10":"product_tag-volumetric-oil-injector","12":"entry","13":"has-media","15":"first","16":"instock","17":"shipping-taxable","18":"product-type-external","19":"col","20":"span_1_of_3","21":"owp-content-center","22":"owp-thumbs-layout-horizontal","23":"owp-btn-very-big","24":"owp-tabs-layout-horizontal"},"_links":{"self":[{"href":"https:\/\/www.jinpinlub.com\/vi\/wp-json\/wp\/v2\/product\/2447","targetHints":{"allow":["GET"]}}],"collection":[{"href":"https:\/\/www.jinpinlub.com\/vi\/wp-json\/wp\/v2\/product"}],"about":[{"href":"https:\/\/www.jinpinlub.com\/vi\/wp-json\/wp\/v2\/types\/product"}],"wp:featuredmedia":[{"embeddable":true,"href":"https:\/\/www.jinpinlub.com\/vi\/wp-json\/wp\/v2\/media\/2448"}],"wp:attachment":[{"href":"https:\/\/www.jinpinlub.com\/vi\/wp-json\/wp\/v2\/media?parent=2447"}],"wp:term":[{"taxonomy":"product_brand","embeddable":true,"href":"https:\/\/www.jinpinlub.com\/vi\/wp-json\/wp\/v2\/product_brand?post=2447"},{"taxonomy":"product_cat","embeddable":true,"href":"https:\/\/www.jinpinlub.com\/vi\/wp-json\/wp\/v2\/product_cat?post=2447"},{"taxonomy":"product_tag","embeddable":true,"href":"https:\/\/www.jinpinlub.com\/vi\/wp-json\/wp\/v2\/product_tag?post=2447"}],"curies":[{"name":"wp","href":"https:\/\/api.w.org\/{rel}","templated":true}]}}