{"id":2485,"date":"2024-07-17T02:49:22","date_gmt":"2024-07-17T02:49:22","guid":{"rendered":"https:\/\/www.jinpinlub.com\/?post_type=product&#038;p=2485"},"modified":"2024-07-17T04:02:47","modified_gmt":"2024-07-17T04:02:47","slug":"kim-phun-dich-chuyen-tich-cuc-cho-he-thong-boi-tron-dau","status":"publish","type":"product","link":"https:\/\/www.jinpinlub.com\/vi\/product\/lt-positive-displacement-injector-for-oil-lubrication-system\/","title":{"rendered":"Kim phun d\u1ecbch chuy\u1ec3n t\u00edch c\u1ef1c LT cho h\u1ec7 th\u1ed1ng b\u00f4i tr\u01a1n d\u1ea7u"},"content":{"rendered":"<h2>\u0110\u1eb7c tr\u01b0ng<\/h2>\n<p>1. C\u1ea7n trang b\u1ecb b\u01a1m b\u00f4i tr\u01a1n gi\u1ea3m \u00e1p v\u1edbi l\u01b0\u1ee3ng d\u1ea7u ch\u00ednh x\u00e1c, c\u00f3 th\u1ec3 l\u1ef1a ch\u1ecdn theo nhu c\u1ea7u.<br \/>\n2. M\u1ed7i \u1ed5 c\u1eafm \u0111\u1ec1u c\u00f3 thanh ch\u1ec9 th\u1ecb \u0111\u1ec3 ph\u00e1t hi\u1ec7n tr\u1ef1c quan v\u00e0 c\u00f3 th\u1ec3 ch\u1ecdn c\u00f4ng t\u1eafc ti\u1ec7m c\u1eadn ho\u1eb7c c\u00f4ng t\u1eafc vi m\u00f4 \u0111\u1ec3 ph\u00e1t hi\u1ec7n t\u00edn hi\u1ec7u.<br \/>\n3. C\u00f4ng t\u1eafc ti\u1ec7m c\u1eadn ti\u00eau chu\u1ea9n l\u00e0 ti\u1ebfp \u0111i\u1ec3m th\u01b0\u1eddng \u0111\u00f3ng v\u00e0 c\u0169ng c\u00f3 th\u1ec3 ch\u1ecdn ti\u1ebfp \u0111i\u1ec3m th\u01b0\u1eddng m\u1edf.<br \/>\n4. C\u00f4ng t\u1eafc vi m\u00f4 ch\u1ec9 c\u00f3 th\u1ec3 \u0111\u01b0\u1ee3c l\u1eafp \u0111\u1eb7t \u1edf \u0111\u1ea7u ra 0,5ml v\u00e0 c\u00e1c ti\u1ebfp \u0111i\u1ec3m NO v\u00e0 NC l\u00e0 t\u00f9y ch\u1ecdn.<br \/>\n5. B\u1ed9 ph\u00e2n ph\u1ed1i LT ti\u00eau chu\u1ea9n \u0111\u01b0\u1ee3c trang b\u1ecb \u0111\u1ea7u n\u1ed1i v\u00f2ng kim lo\u1ea1i v\u00e0 \u0111\u1ea7u n\u1ed1i c\u1eafm nhanh l\u00e0 t\u00f9y ch\u1ecdn.<\/p>\n<h2>\u0110\u1eb7c \u0111i\u1ec3m k\u1ef9 thu\u1eadt<\/h2>\n<table>\n<tbody>\n<tr>\n<td>Nguy\u00ean l\u00fd ch\u1ee9c n\u0103ng<\/td>\n<td>Kim phun d\u1ecbch chuy\u1ec3n t\u00edch c\u1ef1c<\/td>\n<\/tr>\n<tr>\n<td>C\u1eeda h\u00e0ng<\/td>\n<td>2, 3, 4, 5, 6, 7<\/td>\n<\/tr>\n<tr>\n<td>\u0110o l\u01b0\u1ee3ngd\u1ea7u<\/td>\n<td>0,1, 0,2, 0,3, 0,4, 0,5, 0,06 mL\/chu k\u1ef3<\/td>\n<\/tr>\n<tr>\n<td>Ch\u1ea5t b\u00f4i tr\u01a1n<\/td>\n<td>32~90 cSt \u1edf 40\u00b0C<\/td>\n<\/tr>\n<tr>\n<td>Nhi\u1ec7t \u0111\u1ed9 ho\u1ea1t \u0111\u1ed9ng<\/td>\n<td>0 \u0111\u1ebfn +80 \u00b0C<\/td>\n<\/tr>\n<tr>\n<td>\u00c1p su\u1ea5t ho\u1ea1t \u0111\u1ed9ng<\/td>\n<td>8~30bar<\/td>\n<\/tr>\n<tr>\n<td>V\u1eadt li\u1ec7u<\/td>\n<td>K\u1ebdm \u0111\u00fac khu\u00f4n, \u0111\u1ed3ng thau<\/td>\n<\/tr>\n<tr>\n<td>\u1ed4 c\u1eafm k\u1ebft n\u1ed1i<\/td>\n<td>\u0110\u1ea7u v\u00e0o \u03a66(M10x1), \u0110\u1ea7u ra \u03a64(M8x1)<\/td>\n<\/tr>\n<tr>\n<td>Ph\u1ee5 ki\u1ec7n \u1ed5 c\u1eafm<\/td>\n<td>Ki\u1ec3u tay \u00e1o, Ki\u1ec3u nhanh<\/td>\n<\/tr>\n<tr>\n<td>V\u1ecb tr\u00ed l\u1eafp \u0111\u1eb7t<\/td>\n<td>B\u1ea5t k\u00ec<\/td>\n<\/tr>\n<\/tbody>\n<\/table>\n<h2>Nguy\u00ean t\u1eafc<\/h2>\n<p>LT ch\u1ee7 y\u1ebfu d\u1ef1a tr\u00ean t\u00e1c \u0111\u1ed9ng c\u1ee7a piston \u0111\u1ecbnh l\u01b0\u1ee3ng v\u00e0 s\u1ef1 h\u1ee3p t\u00e1c c\u1ee7a van hai chi\u1ec1u h\u00ecnh \u00f4. Khi d\u1ea7u \u0111\u01b0\u1ee3c b\u01a1m b\u1edfi b\u01a1m b\u00f4i tr\u01a1n \u0111\u01b0\u1ee3c phun t\u1eeb \u0111\u01b0\u1eddng \u1ed1ng ch\u00ednh, van hai chi\u1ec1u h\u00ecnh \u00f4 \u0111\u01b0\u1ee3c \u0111\u1ea9y, \u0111\u1ec3 d\u1ea7u ch\u1ea3y v\u00e0o bu\u1ed3ng piston v\u00e0 \u0111\u01b0\u1ee3c \u00e9p qua \u0111\u01b0\u1eddng d\u1eabn. D\u01b0\u1edbi t\u00e1c \u0111\u1ed9ng c\u1ee7a d\u1ea7u \u00e1p su\u1ea5t, piston \u0111\u1ecbnh l\u01b0\u1ee3ng di chuy\u1ec3n xu\u1ed1ng d\u01b0\u1edbi, t\u00edch t\u1ee5 d\u1ea7u v\u00e0 n\u00e9n l\u00f2 xo. Khi \u00e1p su\u1ea5t d\u1ea7u trong \u0111\u01b0\u1eddng \u1ed1ng ch\u00ednh \u0111\u01b0\u1ee3c gi\u1ea3i ph\u00f3ng (t\u1ee9c l\u00e0 gi\u1ea3m \u00e1p), van h\u00ecnh \u00f4 di chuy\u1ec3n do ch\u00eanh l\u1ec7ch \u00e1p su\u1ea5t v\u00e0 \u0111\u1ed3ng th\u1eddi m\u1edf c\u1eeda x\u1ea3, \u0111\u1ec3 d\u1ea7u t\u00edch t\u1ee5 trong bu\u1ed3ng s\u1ed1ng \u0111\u01b0\u1ee3c \u0111\u01b0a v\u00e0o \u1ed1ng d\u1ea7u qua c\u1eeda x\u1ea3.<\/p>\n<h2>H\u01b0\u1edbng d\u1eabn s\u1eed d\u1ee5ng<\/h2>\n<div class=\"sdm_download_button_box_default\"><div class=\"sdm_download_link\"><a href=\"https:\/\/www.jinpinlub.com\/vi\/?sdm_process_download=1&download_id=2475\" class=\"sdm_download white\" title=\"Ri\u00eang t\u01b0: LT Pressure-relief Distributor\" target=\"&quot;_blank&quot;\">Xem B\u1ea3ng d\u1eef li\u1ec7u - Nh\u00e0 ph\u00e2n ph\u1ed1i LT<\/a><\/div><\/div>","protected":false},"excerpt":{"rendered":"<p>B\u1ed9 ph\u00e2n ph\u1ed1i gi\u1ea3m \u00e1p LT \u0111\u01b0\u1ee3c s\u1eed d\u1ee5ng r\u1ed9ng r\u00e3i trong c\u00e1c thi\u1ebft b\u1ecb c\u00f4ng nghi\u1ec7p \u0111\u00f2i h\u1ecfi b\u00f4i tr\u01a1n ch\u00ednh x\u00e1c, ch\u1eb3ng h\u1ea1n nh\u01b0 thi\u1ebft b\u1ecb c\u00e1n ngu\u1ed9i, m\u00e1y \u00e9p phun, m\u00e1y \u0111\u00fac khu\u00f4n, v.v. Ch\u00fang y\u00eau c\u1ea7u ngu\u1ed3n cung c\u1ea5p d\u1ea7u b\u00f4i tr\u01a1n \u1ed5n \u0111\u1ecbnh \u0111\u1ec3 \u0111\u1ea3m b\u1ea3o ho\u1ea1t \u0111\u1ed9ng l\u00e2u d\u00e0i.<\/p>","protected":false},"featured_media":2490,"template":"","meta":{"ocean_post_layout":"","ocean_both_sidebars_style":"","ocean_both_sidebars_content_width":0,"ocean_both_sidebars_sidebars_width":0,"ocean_sidebar":"0","ocean_second_sidebar":"0","ocean_disable_margins":"enable","ocean_add_body_class":"","ocean_shortcode_before_top_bar":"","ocean_shortcode_after_top_bar":"","ocean_shortcode_before_header":"","ocean_shortcode_after_header":"","ocean_has_shortcode":"","ocean_shortcode_after_title":"","ocean_shortcode_before_footer_widgets":"","ocean_shortcode_after_footer_widgets":"","ocean_shortcode_before_footer_bottom":"","ocean_shortcode_after_footer_bottom":"","ocean_display_top_bar":"default","ocean_display_header":"default","ocean_header_style":"","ocean_center_header_left_menu":"0","ocean_custom_header_template":"0","ocean_custom_logo":0,"ocean_custom_retina_logo":0,"ocean_custom_logo_max_width":0,"ocean_custom_logo_tablet_max_width":0,"ocean_custom_logo_mobile_max_width":0,"ocean_custom_logo_max_height":0,"ocean_custom_logo_tablet_max_height":0,"ocean_custom_logo_mobile_max_height":0,"ocean_header_custom_menu":"0","ocean_menu_typo_font_family":"0","ocean_menu_typo_font_subset":"","ocean_menu_typo_font_size":0,"ocean_menu_typo_font_size_tablet":0,"ocean_menu_typo_font_size_mobile":0,"ocean_menu_typo_font_size_unit":"px","ocean_menu_typo_font_weight":"","ocean_menu_typo_font_weight_tablet":"","ocean_menu_typo_font_weight_mobile":"","ocean_menu_typo_transform":"","ocean_menu_typo_transform_tablet":"","ocean_menu_typo_transform_mobile":"","ocean_menu_typo_line_height":0,"ocean_menu_typo_line_height_tablet":0,"ocean_menu_typo_line_height_mobile":0,"ocean_menu_typo_line_height_unit":"","ocean_menu_typo_spacing":0,"ocean_menu_typo_spacing_tablet":0,"ocean_menu_typo_spacing_mobile":0,"ocean_menu_typo_spacing_unit":"","ocean_menu_link_color":"","ocean_menu_link_color_hover":"","ocean_menu_link_color_active":"","ocean_menu_link_background":"","ocean_menu_link_hover_background":"","ocean_menu_link_active_background":"","ocean_menu_social_links_bg":"","ocean_menu_social_hover_links_bg":"","ocean_menu_social_links_color":"","ocean_menu_social_hover_links_color":"","ocean_disable_title":"default","ocean_disable_heading":"default","ocean_post_title":"","ocean_post_subheading":"","ocean_post_title_style":"","ocean_post_title_background_color":"","ocean_post_title_background":0,"ocean_post_title_bg_image_position":"","ocean_post_title_bg_image_attachment":"","ocean_post_title_bg_image_repeat":"","ocean_post_title_bg_image_size":"","ocean_post_title_height":0,"ocean_post_title_bg_overlay":0.5,"ocean_post_title_bg_overlay_color":"","ocean_disable_breadcrumbs":"default","ocean_breadcrumbs_color":"","ocean_breadcrumbs_separator_color":"","ocean_breadcrumbs_links_color":"","ocean_breadcrumbs_links_hover_color":"","ocean_display_footer_widgets":"default","ocean_display_footer_bottom":"default","ocean_custom_footer_template":"0","osh_disable_topbar_sticky":"default","osh_disable_header_sticky":"default","osh_sticky_header_style":"default","osh_sticky_header_effect":"","osh_custom_sticky_logo":0,"osh_custom_retina_sticky_logo":0,"osh_custom_sticky_logo_height":0,"osh_background_color":"","osh_links_color":"","osh_links_hover_color":"","osh_links_active_color":"","osh_links_bg_color":"","osh_links_hover_bg_color":"","osh_links_active_bg_color":"","osh_menu_social_links_color":"","osh_menu_social_hover_links_color":""},"product_brand":[],"product_cat":[49,47],"product_tag":[82,83,84],"class_list":{"0":"post-2485","1":"product","2":"type-product","3":"status-publish","4":"has-post-thumbnail","6":"product_cat-volumetric-oil-injectors","7":"product_cat-volumetric-thin-oil-systems","8":"product_tag-positive-displacement-injector","9":"product_tag-pressure-relief-distributor","10":"product_tag-volumetric-distributor","12":"entry","13":"has-media","15":"first","16":"instock","17":"shipping-taxable","18":"product-type-external","19":"col","20":"span_1_of_3","21":"owp-content-center","22":"owp-thumbs-layout-horizontal","23":"owp-btn-very-big","24":"owp-tabs-layout-horizontal"},"_links":{"self":[{"href":"https:\/\/www.jinpinlub.com\/vi\/wp-json\/wp\/v2\/product\/2485","targetHints":{"allow":["GET"]}}],"collection":[{"href":"https:\/\/www.jinpinlub.com\/vi\/wp-json\/wp\/v2\/product"}],"about":[{"href":"https:\/\/www.jinpinlub.com\/vi\/wp-json\/wp\/v2\/types\/product"}],"wp:featuredmedia":[{"embeddable":true,"href":"https:\/\/www.jinpinlub.com\/vi\/wp-json\/wp\/v2\/media\/2490"}],"wp:attachment":[{"href":"https:\/\/www.jinpinlub.com\/vi\/wp-json\/wp\/v2\/media?parent=2485"}],"wp:term":[{"taxonomy":"product_brand","embeddable":true,"href":"https:\/\/www.jinpinlub.com\/vi\/wp-json\/wp\/v2\/product_brand?post=2485"},{"taxonomy":"product_cat","embeddable":true,"href":"https:\/\/www.jinpinlub.com\/vi\/wp-json\/wp\/v2\/product_cat?post=2485"},{"taxonomy":"product_tag","embeddable":true,"href":"https:\/\/www.jinpinlub.com\/vi\/wp-json\/wp\/v2\/product_tag?post=2485"}],"curies":[{"name":"wp","href":"https:\/\/api.w.org\/{rel}","templated":true}]}}