{"id":2504,"date":"2024-07-17T10:01:41","date_gmt":"2024-07-17T10:01:41","guid":{"rendered":"https:\/\/www.jinpinlub.com\/?post_type=product&#038;p=2504"},"modified":"2024-08-02T09:06:45","modified_gmt":"2024-08-02T09:06:45","slug":"may-bom-mo-boi-tron-dien-j200-cho-viec-boi-tron-chinh-xac","status":"publish","type":"product","link":"https:\/\/www.jinpinlub.com\/vi\/product\/j200-electric-grease-lubrication-pump-for-accurate-lubrication\/","title":{"rendered":"M\u00e1y b\u01a1m m\u1ee1 b\u00f4i tr\u01a1n \u0111i\u1ec7n J100 \u0111\u1ec3 b\u00f4i tr\u01a1n ch\u00ednh x\u00e1c"},"content":{"rendered":"<h2>\u0110\u1eb7c tr\u01b0ng<\/h2>\n<p>B\u01a1m b\u00f4i tr\u01a1n P100 l\u00e0 b\u01a1m \u0111i\u1ec7n nh\u1ecf g\u1ecdn ph\u00f9 h\u1ee3p cho d\u1ea7u v\u00e0 m\u1ee1. B\u01a1m c\u00f3 ch\u1ee9c n\u0103ng gi\u1ea3m \u00e1p t\u00edch h\u1ee3p v\u00e0 c\u00f3 th\u1ec3 \u0111\u00e1p \u1ee9ng nhu c\u1ea7u c\u1ee7a h\u1ec7 th\u1ed1ng b\u00f4i tr\u01a1n m\u1ed9t d\u00f2ng ho\u1eb7c b\u00f4i tr\u01a1n tu\u1ea7n t\u1ef1. B\u01a1m b\u00f4i tr\u01a1n ECP y\u00eau c\u1ea7u ngu\u1ed3n \u0111i\u1ec7n 24V DC v\u00e0 c\u00f3 th\u1ec3 \u0111\u01b0\u1ee3c \u0111i\u1ec1u khi\u1ec3n b\u1eb1ng b\u1ed9 \u0111i\u1ec1u khi\u1ec3n logic l\u1eadp tr\u00ecnh (PLC) c\u1ee7a m\u00e1y. Ngo\u00e0i ra, b\u01a1m c\u00f2n cung c\u1ea5p c\u00f4ng t\u1eafc \u0111\u1ec3 b\u1eaft \u0111\u1ea7u th\u1ee7 c\u00f4ng c\u00e1c chu k\u1ef3 b\u00f4i tr\u01a1n b\u1ed5 sung v\u00e0 c\u00f4ng t\u1eafc m\u1ee9c t\u00edch h\u1ee3p t\u00f9y ch\u1ecdn \u0111\u1ec3 theo d\u00f5i m\u1ee9c c\u1ee7a b\u00ecnh d\u1ea7u ho\u1eb7c h\u1ed9p m\u1ee1.<br \/>\nC\u00e1c t\u00ednh n\u0103ng ch\u00ednh c\u1ee7a b\u01a1m b\u00f4i tr\u01a1n P100 bao g\u1ed3m gi\u1ea3m th\u1eddi gian ng\u1eebng ho\u1ea1t \u0111\u1ed9ng kh\u00f4ng theo k\u1ebf ho\u1ea1ch, k\u00e9o d\u00e0i th\u1eddi gian b\u1ea3o tr\u00ec, gi\u1ea3m thi\u1ec3u t\u00e1c \u0111\u1ed9ng \u0111\u1ebfn m\u00f4i tr\u01b0\u1eddng th\u00f4ng qua vi\u1ec7c s\u1eed d\u1ee5ng ch\u1ea5t b\u00f4i tr\u01a1n hi\u1ec7u qu\u1ea3 v\u00e0 gi\u1ea3m nguy c\u01a1 s\u1eed d\u1ee5ng ch\u1ea5t b\u00f4i tr\u01a1n kh\u00f4ng ph\u00f9 h\u1ee3p ho\u1eb7c b\u1ecb \u00f4 nhi\u1ec5m. N\u00f3 c\u0169ng c\u00f3 \u0111i\u1ec7n \u00e1p ho\u1ea1t \u0111\u1ed9ng 24V DC ti\u1ebft ki\u1ec7m n\u0103ng l\u01b0\u1ee3ng v\u00e0 d\u1ec5 l\u1eafp \u0111\u1eb7t v\u00e0 v\u1eadn h\u00e0nh.<\/p>\n<h2>\u0110\u1eb7c \u0111i\u1ec3m k\u1ef9 thu\u1eadt<\/h2>\n<table>\n<tbody>\n<tr>\n<td>Nhi\u1ec7t \u0111\u1ed9 ho\u1ea1t \u0111\u1ed9ng<\/td>\n<td>0~+50\u00b0C<\/td>\n<\/tr>\n<tr>\n<td>S\u1ed1 l\u01b0\u1ee3ng c\u1eeda h\u00e0ng<\/td>\n<td>1, 2<\/td>\n<\/tr>\n<tr>\n<td>S\u1ee9c ch\u1ee9a h\u1ed3 ch\u1ee9a<\/td>\n<td>0,3L, 1,5L(b\u00ecnh ch\u1ee9a), 0,3L, 0,7L(H\u1ed9p m\u1ef1c)<\/td>\n<\/tr>\n<tr>\n<td>N\u1ea1p l\u1ea1i<\/td>\n<td>Ph\u1ee5 ki\u1ec7n b\u00f4i tr\u01a1n th\u1ee7y l\u1ef1c<\/td>\n<\/tr>\n<tr>\n<td>Ch\u1ea5t b\u00f4i tr\u01a1n<\/td>\n<td>M\u1ee1 b\u00f4i tr\u01a1n c\u1ea5p NLGI 000~2#<\/td>\n<\/tr>\n<tr>\n<td>L\u1edbp b\u1ea3o v\u1ec7<\/td>\n<td>IP54<\/td>\n<\/tr>\n<tr>\n<td>Ph\u00f3ng \u0111i\u1ec7n<\/td>\n<td>15mL\/ph\u00fat<\/td>\n<\/tr>\n<tr>\n<td>\u00c1p su\u1ea5t v\u1eadn h\u00e0nh t\u1ed1i \u0111a<\/td>\n<td>8MPa<\/td>\n<\/tr>\n<tr>\n<td>Ch\u1ee7 \u0111\u1ec1 k\u1ebft n\u1ed1i<\/td>\n<td>\u03a66 ho\u1eb7c \u03a68<\/td>\n<\/tr>\n<tr>\n<td>\u0110i\u1ec7n \u00e1p ho\u1ea1t \u0111\u1ed9ng<\/td>\n<td>24VDC<\/td>\n<\/tr>\n<tr>\n<td>Ch\u1ee9ng nh\u1eadn<\/td>\n<td>Ti\u00eau chu\u1ea9n<\/td>\n<\/tr>\n<tr>\n<td>V\u1ecb tr\u00ed l\u1eafp \u0111\u1eb7t<\/td>\n<td>th\u1eb3ng \u0111\u1ee9ng<\/td>\n<\/tr>\n<\/tbody>\n<\/table>\n<h2>\u1ee8ng d\u1ee5ng<\/h2>\n<p>B\u01a1m b\u00f4i tr\u01a1n P100 \u0111\u01b0\u1ee3c s\u1eed d\u1ee5ng r\u1ed9ng r\u00e3i trong m\u00e1y \u00e9p phun, \u00f4 t\u00f4, thang m\u00e1y v\u00e0 h\u1ec7 th\u1ed1ng n\u00e2ng, v\u1eadn chuy\u1ec3n v\u1eadt li\u1ec7u, r\u00f4 b\u1ed1t c\u00f4ng nghi\u1ec7p, m\u00e1y c\u00f4ng c\u1ee5, thanh d\u1eabn h\u01b0\u1edbng tuy\u1ebfn t\u00ednh v\u00e0 thi\u1ebft b\u1ecb t\u1ef1 \u0111\u1ed9ng h\u00f3a. Trong c\u00e1c t\u00ecnh hu\u1ed1ng \u1ee9ng d\u1ee5ng n\u00e0y, h\u1ec7 th\u1ed1ng b\u00f4i tr\u01a1n P100 \u0111\u1ea3m b\u1ea3o ho\u1ea1t \u0111\u1ed9ng hi\u1ec7u qu\u1ea3 v\u00e0 tu\u1ed5i th\u1ecd l\u00e2u d\u00e0i c\u1ee7a thi\u1ebft b\u1ecb b\u1eb1ng c\u00e1ch cung c\u1ea5p gi\u1ea3i ph\u00e1p b\u00f4i tr\u01a1n \u0111\u00e1ng tin c\u1eady v\u00e0 th\u00edch \u1ee9ng.<\/p>\n<h2>H\u01b0\u1edbng d\u1eabn s\u1eed d\u1ee5ng<\/h2>\n<div class=\"sdm_download_button_box_default\"><div class=\"sdm_download_link\"><a href=\"https:\/\/www.jinpinlub.com\/vi\/?sdm_process_download=1&download_id=2462\" class=\"sdm_download white\" title=\"Ri\u00eang t\u01b0: J100 Grease Pump\" target=\"&quot;_blank&quot;\">Xem B\u1ea3ng d\u1eef li\u1ec7u - B\u01a1m m\u1ee1 J100<\/a><\/div><\/div>","protected":false},"excerpt":{"rendered":"<p>B\u01a1m b\u00f4i tr\u01a1n P100 \u0111\u01b0\u1ee3c thi\u1ebft k\u1ebf linh ho\u1ea1t, cung c\u1ea5p b\u00ecnh ch\u1ee9a ch\u1ea5t b\u00f4i tr\u01a1n 0,3L \u0111\u1ebfn 1,5L ho\u1eb7c h\u1ed9p m\u1ef1c m\u1ee1 ti\u00eau chu\u1ea9n 300 ho\u1eb7c 700ml d\u1ec5 thay th\u1ebf. C\u1ea5p m\u1ee1 t\u1eeb NLGI 000# \u0111\u1ebfn 2#. B\u01a1m c\u00f3 hai \u0111\u1ea7u ra v\u00e0 c\u00f3 th\u1ec3 ph\u1ee5c v\u1ee5 hai \u0111\u01b0\u1eddng b\u00f4i tr\u01a1n c\u00f9ng m\u1ed9t l\u00fac.<\/p>","protected":false},"featured_media":2509,"template":"","meta":{"ocean_post_layout":"","ocean_both_sidebars_style":"","ocean_both_sidebars_content_width":0,"ocean_both_sidebars_sidebars_width":0,"ocean_sidebar":"0","ocean_second_sidebar":"0","ocean_disable_margins":"enable","ocean_add_body_class":"","ocean_shortcode_before_top_bar":"","ocean_shortcode_after_top_bar":"","ocean_shortcode_before_header":"","ocean_shortcode_after_header":"","ocean_has_shortcode":"","ocean_shortcode_after_title":"","ocean_shortcode_before_footer_widgets":"","ocean_shortcode_after_footer_widgets":"","ocean_shortcode_before_footer_bottom":"","ocean_shortcode_after_footer_bottom":"","ocean_display_top_bar":"default","ocean_display_header":"default","ocean_header_style":"","ocean_center_header_left_menu":"0","ocean_custom_header_template":"0","ocean_custom_logo":0,"ocean_custom_retina_logo":0,"ocean_custom_logo_max_width":0,"ocean_custom_logo_tablet_max_width":0,"ocean_custom_logo_mobile_max_width":0,"ocean_custom_logo_max_height":0,"ocean_custom_logo_tablet_max_height":0,"ocean_custom_logo_mobile_max_height":0,"ocean_header_custom_menu":"0","ocean_menu_typo_font_family":"0","ocean_menu_typo_font_subset":"","ocean_menu_typo_font_size":0,"ocean_menu_typo_font_size_tablet":0,"ocean_menu_typo_font_size_mobile":0,"ocean_menu_typo_font_size_unit":"px","ocean_menu_typo_font_weight":"","ocean_menu_typo_font_weight_tablet":"","ocean_menu_typo_font_weight_mobile":"","ocean_menu_typo_transform":"","ocean_menu_typo_transform_tablet":"","ocean_menu_typo_transform_mobile":"","ocean_menu_typo_line_height":0,"ocean_menu_typo_line_height_tablet":0,"ocean_menu_typo_line_height_mobile":0,"ocean_menu_typo_line_height_unit":"","ocean_menu_typo_spacing":0,"ocean_menu_typo_spacing_tablet":0,"ocean_menu_typo_spacing_mobile":0,"ocean_menu_typo_spacing_unit":"","ocean_menu_link_color":"","ocean_menu_link_color_hover":"","ocean_menu_link_color_active":"","ocean_menu_link_background":"","ocean_menu_link_hover_background":"","ocean_menu_link_active_background":"","ocean_menu_social_links_bg":"","ocean_menu_social_hover_links_bg":"","ocean_menu_social_links_color":"","ocean_menu_social_hover_links_color":"","ocean_disable_title":"default","ocean_disable_heading":"default","ocean_post_title":"","ocean_post_subheading":"","ocean_post_title_style":"","ocean_post_title_background_color":"","ocean_post_title_background":0,"ocean_post_title_bg_image_position":"","ocean_post_title_bg_image_attachment":"","ocean_post_title_bg_image_repeat":"","ocean_post_title_bg_image_size":"","ocean_post_title_height":0,"ocean_post_title_bg_overlay":0.5,"ocean_post_title_bg_overlay_color":"","ocean_disable_breadcrumbs":"default","ocean_breadcrumbs_color":"","ocean_breadcrumbs_separator_color":"","ocean_breadcrumbs_links_color":"","ocean_breadcrumbs_links_hover_color":"","ocean_display_footer_widgets":"default","ocean_display_footer_bottom":"default","ocean_custom_footer_template":"0","osh_disable_topbar_sticky":"default","osh_disable_header_sticky":"default","osh_sticky_header_style":"default","osh_sticky_header_effect":"","osh_custom_sticky_logo":0,"osh_custom_retina_sticky_logo":0,"osh_custom_sticky_logo_height":0,"osh_background_color":"","osh_links_color":"","osh_links_hover_color":"","osh_links_active_color":"","osh_links_bg_color":"","osh_links_hover_bg_color":"","osh_links_active_bg_color":"","osh_menu_social_links_color":"","osh_menu_social_hover_links_color":""},"product_brand":[],"product_cat":[38,42,41,37],"product_tag":[93,91,92],"class_list":{"0":"post-2504","1":"product","2":"type-product","3":"status-publish","4":"has-post-thumbnail","6":"product_cat-electric-pressure-relief-pumps","7":"product_cat-electric-progressive-pumps","8":"product_cat-progressive-grease-systems","9":"product_cat-single-line-grease-systems","10":"product_tag-pressure-relief-lubrication-pump","11":"product_tag-progressive-lubrication-pump","12":"product_tag-single-line-lubrication-pump","14":"entry","15":"has-media","17":"first","18":"instock","19":"featured","20":"shipping-taxable","21":"product-type-external","22":"col","23":"span_1_of_3","24":"owp-content-center","25":"owp-thumbs-layout-horizontal","26":"owp-btn-very-big","27":"owp-tabs-layout-horizontal"},"_links":{"self":[{"href":"https:\/\/www.jinpinlub.com\/vi\/wp-json\/wp\/v2\/product\/2504","targetHints":{"allow":["GET"]}}],"collection":[{"href":"https:\/\/www.jinpinlub.com\/vi\/wp-json\/wp\/v2\/product"}],"about":[{"href":"https:\/\/www.jinpinlub.com\/vi\/wp-json\/wp\/v2\/types\/product"}],"wp:featuredmedia":[{"embeddable":true,"href":"https:\/\/www.jinpinlub.com\/vi\/wp-json\/wp\/v2\/media\/2509"}],"wp:attachment":[{"href":"https:\/\/www.jinpinlub.com\/vi\/wp-json\/wp\/v2\/media?parent=2504"}],"wp:term":[{"taxonomy":"product_brand","embeddable":true,"href":"https:\/\/www.jinpinlub.com\/vi\/wp-json\/wp\/v2\/product_brand?post=2504"},{"taxonomy":"product_cat","embeddable":true,"href":"https:\/\/www.jinpinlub.com\/vi\/wp-json\/wp\/v2\/product_cat?post=2504"},{"taxonomy":"product_tag","embeddable":true,"href":"https:\/\/www.jinpinlub.com\/vi\/wp-json\/wp\/v2\/product_tag?post=2504"}],"curies":[{"name":"wp","href":"https:\/\/api.w.org\/{rel}","templated":true}]}}