{"id":2519,"date":"2024-07-17T10:46:12","date_gmt":"2024-07-17T10:46:12","guid":{"rendered":"https:\/\/www.jinpinlub.com\/?post_type=product&#038;p=2519"},"modified":"2024-08-02T09:06:52","modified_gmt":"2024-08-02T09:06:52","slug":"bom-giam-ap-j200-cho-he-thong-boi-tron-duong-ong-don","status":"publish","type":"product","link":"https:\/\/www.jinpinlub.com\/vi\/product\/j200-pressure-relief-pump-for-single-line-lubrication-systems\/","title":{"rendered":"B\u01a1m gi\u1ea3m \u00e1p J200 cho h\u1ec7 th\u1ed1ng b\u00f4i tr\u01a1n m\u1ed9t \u0111\u01b0\u1eddng"},"content":{"rendered":"<h2>\u0110\u1eb7c tr\u01b0ng<\/h2>\n<p>1. Hi\u1ec7u su\u1ea5t cao: Thi\u1ebft k\u1ebf c\u01a1 h\u1ecdc ti\u00ean ti\u1ebfn gi\u00fap b\u01a1m b\u00f4i tr\u01a1n J200 c\u00f3 hi\u1ec7u su\u1ea5t cao, ho\u1ea1t \u0111\u1ed9ng v\u1edbi t\u1ed1c \u0111\u1ed9 cao v\u00e0 c\u00f4ng su\u1ea5t l\u00e0m vi\u1ec7c l\u01b0u l\u01b0\u1ee3ng l\u1edbn gi\u00fap b\u01a1m nhanh ch\u00f3ng cung c\u1ea5p d\u1ea7u b\u00f4i tr\u01a1n \u0111\u1ebfn nhi\u1ec1u \u0111i\u1ec3m b\u00f4i tr\u01a1n kh\u00e1c nhau trong th\u1eddi gian r\u1ea5t ng\u1eafn \u0111\u1ec3 \u0111\u1ea3m b\u1ea3o thi\u1ebft b\u1ecb ho\u1ea1t \u0111\u1ed9ng tr\u01a1n tru.<br \/>\n2. \u0110\u1ed9 tin c\u1eady: V\u1eadt li\u1ec7u t\u1ed1t v\u00e0 quy tr\u00ecnh s\u1ea3n xu\u1ea5t ch\u00ednh x\u00e1c \u0111\u1ea3m b\u1ea3o m\u00e1y b\u01a1m c\u00f3 kh\u1ea3 n\u0103ng ch\u1ed1ng m\u00e0i m\u00f2n v\u00e0 ch\u1ed1ng \u0103n m\u00f2n tuy\u1ec7t v\u1eddi \u0111\u1ec3 c\u00f3 th\u1ec3 ho\u1ea1t \u0111\u1ed9ng \u1ed5n \u0111\u1ecbnh trong th\u1eddi gian d\u00e0i trong \u0111i\u1ec1u ki\u1ec7n l\u00e0m vi\u1ec7c kh\u1eafc nghi\u1ec7t, \u0111\u1ed3ng th\u1eddi c\u0169ng gi\u00fap gi\u1ea3m chi ph\u00ed b\u1ea3o tr\u00ec.<br \/>\n3. Tr\u00ed th\u00f4ng minh: B\u01a1m b\u00f4i tr\u01a1n J200 \u0111\u00e3 \u0111\u01b0\u1ee3c \u1ee9ng d\u1ee5ng v\u00e0o c\u00e1c h\u1ec7 th\u1ed1ng b\u00f4i tr\u01a1n gi\u1ea3m \u00e1p m\u1ed9t \u0111\u01b0\u1eddng \u0111\u1ec3 \u0111i\u1ec1u ch\u1ec9nh l\u01b0u l\u01b0\u1ee3ng v\u00e0 \u00e1p su\u1ea5t c\u1ee7a d\u1ea7u b\u00f4i tr\u01a1n theo nhu c\u1ea7u th\u1ef1c t\u1ebf c\u1ee7a thi\u1ebft b\u1ecb, nh\u1eb1m tr\u00e1nh l\u00e3ng ph\u00ed ho\u00e0n to\u00e0n th\u00f4ng qua vi\u1ec7c b\u00f4i tr\u01a1n ch\u00ednh x\u00e1c.<br \/>\n4. B\u1ea3o tr\u00ec d\u1ec5 d\u00e0ng: M\u00e1y b\u01a1m c\u00f3 thi\u1ebft k\u1ebf \u0111\u01a1n gi\u1ea3n v\u00e0 d\u1ec5 th\u00e1o r\u1eddi \u0111\u1ec3 b\u1ea3o tr\u00ec khi c\u1ea7n thi\u1ebft. Ng\u01b0\u1eddi d\u00f9ng c\u00f3 th\u1ec3 t\u1ef1 th\u1ef1c hi\u1ec7n m\u1ecdi lo\u1ea1i c\u00f4ng vi\u1ec7c v\u1ec7 sinh v\u00e0 b\u1ea3o tr\u00ec h\u00e0ng ng\u00e0y \u0111\u1ec3 k\u00e9o d\u00e0i tu\u1ed5i th\u1ecd s\u1eed d\u1ee5ng.<\/p>\n<h2>\u0110\u1eb7c \u0111i\u1ec3m k\u1ef9 thu\u1eadt<\/h2>\n<table>\n<tbody>\n<tr>\n<td>Nhi\u1ec7t \u0111\u1ed9 ho\u1ea1t \u0111\u1ed9ng<\/td>\n<td>0~+50\u00b0C<\/td>\n<\/tr>\n<tr>\n<td>S\u1ed1 l\u01b0\u1ee3ng c\u1eeda h\u00e0ng<\/td>\n<td>1, 2<\/td>\n<\/tr>\n<tr>\n<td>S\u1ee9c ch\u1ee9a h\u1ed3 ch\u1ee9a<\/td>\n<td>0,3L, 1,5L(b\u00ecnh ch\u1ee9a), 0,3L, 0,7L(H\u1ed9p m\u1ef1c)<\/td>\n<\/tr>\n<tr>\n<td>N\u1ea1p l\u1ea1i<\/td>\n<td>Ph\u1ee5 ki\u1ec7n b\u00f4i tr\u01a1n th\u1ee7y l\u1ef1c<\/td>\n<\/tr>\n<tr>\n<td>Ch\u1ea5t b\u00f4i tr\u01a1n<\/td>\n<td>M\u1ee1 b\u00f4i tr\u01a1n c\u1ea5p NLGI 000~2#<\/td>\n<\/tr>\n<tr>\n<td>L\u1edbp b\u1ea3o v\u1ec7<\/td>\n<td>IP54<\/td>\n<\/tr>\n<tr>\n<td>Ph\u00f3ng \u0111i\u1ec7n<\/td>\n<td>15mL\/ph\u00fat<\/td>\n<\/tr>\n<tr>\n<td>\u00c1p su\u1ea5t v\u1eadn h\u00e0nh t\u1ed1i \u0111a<\/td>\n<td>8MPa<\/td>\n<\/tr>\n<tr>\n<td>Ch\u1ee7 \u0111\u1ec1 k\u1ebft n\u1ed1i<\/td>\n<td>\u03a66 ho\u1eb7c \u03a68<\/td>\n<\/tr>\n<tr>\n<td>\u0110i\u1ec7n \u00e1p ho\u1ea1t \u0111\u1ed9ng<\/td>\n<td>24VDC<\/td>\n<\/tr>\n<tr>\n<td>Ch\u1ee9ng nh\u1eadn<\/td>\n<td>Ti\u00eau chu\u1ea9n<\/td>\n<\/tr>\n<tr>\n<td>V\u1ecb tr\u00ed l\u1eafp \u0111\u1eb7t<\/td>\n<td>th\u1eb3ng \u0111\u1ee9ng<\/td>\n<\/tr>\n<\/tbody>\n<\/table>\n<h2>\u1ee8ng d\u1ee5ng<\/h2>\n<p>S\u1ea3n xu\u1ea5t: C\u00e1c lo\u1ea1i thi\u1ebft b\u1ecb c\u01a1 kh\u00ed nh\u01b0 m\u00e1y c\u00f4ng c\u1ee5, m\u00e1y \u00e9p phun, m\u00e1y \u0111\u00fac khu\u00f4n, v.v. Cung c\u1ea5p d\u00f2ng d\u1ea7u b\u00f4i tr\u01a1n \u1ed5n \u0111\u1ecbnh \u0111\u1ed3ng th\u1eddi \u0111\u1ea3m b\u1ea3o thi\u1ebft b\u1ecb ho\u1ea1t \u0111\u1ed9ng hi\u1ec7u qu\u1ea3.<br \/>\nNg\u00e0nh khai th\u00e1c m\u1ecf: Cung c\u1ea5p kh\u1ea3 n\u0103ng b\u00f4i tr\u01a1n tuy\u1ec7t v\u1eddi cho c\u00e1c m\u00e1y m\u00f3c h\u1ea1ng n\u1eb7ng nh\u01b0 m\u00e1y t\u1eddi khai th\u00e1c m\u1ecf, m\u00e1y \u0111\u00e0o, v.v., gi\u00fap gi\u1ea3m m\u00e0i m\u00f2n thi\u1ebft b\u1ecb v\u00e0 c\u1ea3i thi\u1ec7n hi\u1ec7u qu\u1ea3 ho\u1ea1t \u0111\u1ed9ng.<br \/>\nNg\u00e0nh n\u0103ng l\u01b0\u1ee3ng: \u00c1p d\u1ee5ng trong c\u00e1c t\u1ed5 m\u00e1y ph\u00e1t \u0111i\u1ec7n, m\u00e1y ph\u00e1t \u0111i\u1ec7n gi\u00f3 v\u00e0 c\u00e1c thi\u1ebft b\u1ecb kh\u00e1c. \u0110\u1ea3m b\u1ea3o cung c\u1ea5p d\u1ea7u b\u00f4i tr\u01a1n k\u1ecbp th\u1eddi cho c\u00e1c thi\u1ebft b\u1ecb v\u00e0 gi\u1ea3m t\u1ef7 l\u1ec7 h\u1ecfng h\u00f3c c\u1ee7a thi\u1ebft b\u1ecb, \u0111\u1ea3m b\u1ea3o cung c\u1ea5p n\u0103ng l\u01b0\u1ee3ng \u1ed5n \u0111\u1ecbnh.<\/p>\n<h2>H\u01b0\u1edbng d\u1eabn s\u1eed d\u1ee5ng<\/h2>\n<div class=\"sdm_download_button_box_default\"><div class=\"sdm_download_link\"><a href=\"https:\/\/www.jinpinlub.com\/vi\/?sdm_process_download=1&download_id=2464\" class=\"sdm_download white\" title=\"Ri\u00eang t\u01b0: J200 Grease Pump\" target=\"&quot;_blank&quot;\">Xem B\u1ea3ng d\u1eef li\u1ec7u - B\u01a1m m\u1ee1 J200<\/a><\/div><\/div>","protected":false},"excerpt":{"rendered":"<p>B\u01a1m b\u00f4i tr\u01a1n J200 \u0111\u01b0\u1ee3c s\u1eed d\u1ee5ng trong h\u1ec7 th\u1ed1ng b\u00f4i tr\u01a1n m\u1ed9t \u0111\u01b0\u1eddng \u1ed1ng, \u00e1p su\u1ea5t t\u1ed1i \u0111a 8MPa, kho\u1ea3ng th\u1eddi gian b\u00f4i tr\u01a1n t\u1ed1i thi\u1ec3u 5 ph\u00fat v\u00e0 \u0111\u01b0\u1eddng \u1ed1ng ch\u00ednh t\u1ed1i \u0111a 15 m\u00e9t. N\u00f3 \u0111\u00f3ng vai tr\u00f2 quan tr\u1ecdng trong nhi\u1ec1u l\u0129nh v\u1ef1c v\u1edbi hi\u1ec7u su\u1ea5t cao, \u0111\u1ed9 tin c\u1eady v\u00e0 b\u1ea3o tr\u00ec d\u1ec5 d\u00e0ng.<\/p>","protected":false},"featured_media":2520,"template":"","meta":{"ocean_post_layout":"","ocean_both_sidebars_style":"","ocean_both_sidebars_content_width":0,"ocean_both_sidebars_sidebars_width":0,"ocean_sidebar":"0","ocean_second_sidebar":"0","ocean_disable_margins":"enable","ocean_add_body_class":"","ocean_shortcode_before_top_bar":"","ocean_shortcode_after_top_bar":"","ocean_shortcode_before_header":"","ocean_shortcode_after_header":"","ocean_has_shortcode":"","ocean_shortcode_after_title":"","ocean_shortcode_before_footer_widgets":"","ocean_shortcode_after_footer_widgets":"","ocean_shortcode_before_footer_bottom":"","ocean_shortcode_after_footer_bottom":"","ocean_display_top_bar":"default","ocean_display_header":"default","ocean_header_style":"","ocean_center_header_left_menu":"0","ocean_custom_header_template":"0","ocean_custom_logo":0,"ocean_custom_retina_logo":0,"ocean_custom_logo_max_width":0,"ocean_custom_logo_tablet_max_width":0,"ocean_custom_logo_mobile_max_width":0,"ocean_custom_logo_max_height":0,"ocean_custom_logo_tablet_max_height":0,"ocean_custom_logo_mobile_max_height":0,"ocean_header_custom_menu":"0","ocean_menu_typo_font_family":"0","ocean_menu_typo_font_subset":"","ocean_menu_typo_font_size":0,"ocean_menu_typo_font_size_tablet":0,"ocean_menu_typo_font_size_mobile":0,"ocean_menu_typo_font_size_unit":"px","ocean_menu_typo_font_weight":"","ocean_menu_typo_font_weight_tablet":"","ocean_menu_typo_font_weight_mobile":"","ocean_menu_typo_transform":"","ocean_menu_typo_transform_tablet":"","ocean_menu_typo_transform_mobile":"","ocean_menu_typo_line_height":0,"ocean_menu_typo_line_height_tablet":0,"ocean_menu_typo_line_height_mobile":0,"ocean_menu_typo_line_height_unit":"","ocean_menu_typo_spacing":0,"ocean_menu_typo_spacing_tablet":0,"ocean_menu_typo_spacing_mobile":0,"ocean_menu_typo_spacing_unit":"","ocean_menu_link_color":"","ocean_menu_link_color_hover":"","ocean_menu_link_color_active":"","ocean_menu_link_background":"","ocean_menu_link_hover_background":"","ocean_menu_link_active_background":"","ocean_menu_social_links_bg":"","ocean_menu_social_hover_links_bg":"","ocean_menu_social_links_color":"","ocean_menu_social_hover_links_color":"","ocean_disable_title":"default","ocean_disable_heading":"default","ocean_post_title":"","ocean_post_subheading":"","ocean_post_title_style":"","ocean_post_title_background_color":"","ocean_post_title_background":0,"ocean_post_title_bg_image_position":"","ocean_post_title_bg_image_attachment":"","ocean_post_title_bg_image_repeat":"","ocean_post_title_bg_image_size":"","ocean_post_title_height":0,"ocean_post_title_bg_overlay":0.5,"ocean_post_title_bg_overlay_color":"","ocean_disable_breadcrumbs":"default","ocean_breadcrumbs_color":"","ocean_breadcrumbs_separator_color":"","ocean_breadcrumbs_links_color":"","ocean_breadcrumbs_links_hover_color":"","ocean_display_footer_widgets":"default","ocean_display_footer_bottom":"default","ocean_custom_footer_template":"0","osh_disable_topbar_sticky":"default","osh_disable_header_sticky":"default","osh_sticky_header_style":"default","osh_sticky_header_effect":"","osh_custom_sticky_logo":0,"osh_custom_retina_sticky_logo":0,"osh_custom_sticky_logo_height":0,"osh_background_color":"","osh_links_color":"","osh_links_hover_color":"","osh_links_active_color":"","osh_links_bg_color":"","osh_links_hover_bg_color":"","osh_links_active_bg_color":"","osh_menu_social_links_color":"","osh_menu_social_hover_links_color":""},"product_brand":[],"product_cat":[38,37],"product_tag":[77,93,92],"class_list":{"0":"post-2519","1":"product","2":"type-product","3":"status-publish","4":"has-post-thumbnail","6":"product_cat-electric-pressure-relief-pumps","7":"product_cat-single-line-grease-systems","8":"product_tag-grease-lubrication-pump","9":"product_tag-pressure-relief-lubrication-pump","10":"product_tag-single-line-lubrication-pump","12":"entry","13":"has-media","15":"first","16":"instock","17":"featured","18":"shipping-taxable","19":"product-type-external","20":"col","21":"span_1_of_3","22":"owp-content-center","23":"owp-thumbs-layout-horizontal","24":"owp-btn-very-big","25":"owp-tabs-layout-horizontal"},"_links":{"self":[{"href":"https:\/\/www.jinpinlub.com\/vi\/wp-json\/wp\/v2\/product\/2519","targetHints":{"allow":["GET"]}}],"collection":[{"href":"https:\/\/www.jinpinlub.com\/vi\/wp-json\/wp\/v2\/product"}],"about":[{"href":"https:\/\/www.jinpinlub.com\/vi\/wp-json\/wp\/v2\/types\/product"}],"wp:featuredmedia":[{"embeddable":true,"href":"https:\/\/www.jinpinlub.com\/vi\/wp-json\/wp\/v2\/media\/2520"}],"wp:attachment":[{"href":"https:\/\/www.jinpinlub.com\/vi\/wp-json\/wp\/v2\/media?parent=2519"}],"wp:term":[{"taxonomy":"product_brand","embeddable":true,"href":"https:\/\/www.jinpinlub.com\/vi\/wp-json\/wp\/v2\/product_brand?post=2519"},{"taxonomy":"product_cat","embeddable":true,"href":"https:\/\/www.jinpinlub.com\/vi\/wp-json\/wp\/v2\/product_cat?post=2519"},{"taxonomy":"product_tag","embeddable":true,"href":"https:\/\/www.jinpinlub.com\/vi\/wp-json\/wp\/v2\/product_tag?post=2519"}],"curies":[{"name":"wp","href":"https:\/\/api.w.org\/{rel}","templated":true}]}}