{"id":2529,"date":"2024-07-17T12:16:34","date_gmt":"2024-07-17T12:16:34","guid":{"rendered":"https:\/\/www.jinpinlub.com\/?post_type=product&#038;p=2529"},"modified":"2025-04-15T20:33:27","modified_gmt":"2025-04-15T12:33:27","slug":"bom-mo-boi-tron-thu-cong-ap-suat-cao-jghp-progressive","status":"publish","type":"product","link":"https:\/\/www.jinpinlub.com\/vi\/product\/jghp-progressive-high-pressure-manual-grease-lubrication-pump\/","title":{"rendered":"M\u00e1y b\u01a1m m\u1ee1 b\u00f4i tr\u01a1n th\u1ee7 c\u00f4ng \u00e1p su\u1ea5t cao EGHP Progressive"},"content":{"rendered":"<h2>\u0110\u1eb7c tr\u01b0ng<\/h2>\n<p>1. K\u00e9o tay c\u1ea7m \u0111\u1ec3 cung c\u1ea5p ch\u1ea5t b\u00f4i tr\u01a1n, d\u1ec5 v\u1eadn h\u00e0nh.<br \/>\n2. Khi kh\u1ed1i d\u1ea7u ch\u1ecbu \u00e1p l\u1ef1c b\u00e1m d\u00ednh t\u1ed1t, m\u1ee1 s\u1ebd kh\u00f4ng c\u00f2n s\u00f3t l\u1ea1i.<br \/>\n3. \u1ed4 c\u1eafm c\u00f3 th\u1ec3 \u0111\u01b0\u1ee3c thi\u1ebft l\u1eadp \u1edf b\u00ean tr\u00e1i ho\u1eb7c b\u00ean ph\u1ea3i tay c\u1ea7m t\u00f9y theo nhu c\u1ea7u, ho\u1eb7c c\u00f3 th\u1ec3 l\u00e0 \u1ed5 c\u1eafm \u0111\u00f4i.<br \/>\n4. JGHP c\u00f3 l\u00f2 xo m\u1ea1nh, ph\u00f9 h\u1ee3p v\u1edbi m\u1ee1 NLGI 1~2#.<br \/>\n5. M\u1ee1 ph\u1ea3i \u0111\u01b0\u1ee3c phun t\u1eeb n\u00fam m\u1ee1 \u0111\u1ec3 tr\u00e1nh kh\u00f4ng kh\u00ed v\u00e0 v\u1eadt l\u1ea1.<\/p>\n<h2>\u0110\u1eb7c \u0111i\u1ec3m k\u1ef9 thu\u1eadt<\/h2>\n<table>\n<tbody>\n<tr>\n<td>Nhi\u1ec7t \u0111\u1ed9 ho\u1ea1t \u0111\u1ed9ng<\/td>\n<td>(-20~+55\u00b0C)<\/td>\n<\/tr>\n<tr>\n<td>S\u1ed1 l\u01b0\u1ee3ng c\u1eeda h\u00e0ng<\/td>\n<td>1, 2<\/td>\n<\/tr>\n<tr>\n<td>S\u1ee9c ch\u1ee9a h\u1ed3 ch\u1ee9a<\/td>\n<td>600mL<\/td>\n<\/tr>\n<tr>\n<td>Nguy\u00ean l\u00fd ch\u1ee9c n\u0103ng<\/td>\n<td>B\u01a1m v\u1eadn h\u00e0nh b\u1eb1ng tay<\/td>\n<\/tr>\n<tr>\n<td>Ch\u1ea5t b\u00f4i tr\u01a1n<\/td>\n<td>M\u1ee1 b\u00f4i tr\u01a1n NLGI 1~2#<\/td>\n<\/tr>\n<tr>\n<td>Ph\u00f3ng \u0111i\u1ec7n<\/td>\n<td>2mL\/chu k\u1ef3<\/td>\n<\/tr>\n<tr>\n<td>\u00c1p su\u1ea5t v\u1eadn h\u00e0nh t\u1ed1i \u0111a<\/td>\n<td>10MPa<\/td>\n<\/tr>\n<tr>\n<td>Ch\u1ee7 \u0111\u1ec1 k\u1ebft n\u1ed1i<\/td>\n<td>\u0110\u1ea7u ra \u03a64, \u03a66, \u03a68, PT1\/8<\/td>\n<\/tr>\n<tr>\n<td>Ch\u1ee9ng nh\u1eadn<\/td>\n<td>Ti\u00eau chu\u1ea9n<\/td>\n<\/tr>\n<tr>\n<td>V\u1ecb tr\u00ed l\u1eafp \u0111\u1eb7t<\/td>\n<td>D\u1ecdc ho\u1eb7c ngang<\/td>\n<\/tr>\n<\/tbody>\n<\/table>\n<h2>\u1ee8ng d\u1ee5ng<\/h2>\n<p>M\u00e1y m\u00f3c k\u1ef9 thu\u1eadt: nh\u01b0 m\u00e1y \u0111\u00e0o, m\u00e1y x\u00fac, v.v., \u0111\u00f2i h\u1ecfi ph\u1ea3i b\u00f4i tr\u01a1n th\u01b0\u1eddng xuy\u00ean.<br \/>\nM\u00e1y m\u00f3c d\u1ec7t: \u0111\u1ea3m b\u1ea3o thi\u1ebft b\u1ecb \u0111\u01b0\u1ee3c b\u00f4i tr\u01a1n \u0111\u1ea7y \u0111\u1ee7 khi ch\u1ea1y \u1edf t\u1ed1c \u0111\u1ed9 cao.<br \/>\nM\u00e1y in: b\u00f4i tr\u01a1n ch\u00ednh x\u00e1c gi\u00fap c\u1ea3i thi\u1ec7n ch\u1ea5t l\u01b0\u1ee3ng in v\u00e0 tu\u1ed5i th\u1ecd thi\u1ebft b\u1ecb.<br \/>\nThi\u1ebft b\u1ecb m\u00e1y c\u00f4ng c\u1ee5: nh\u01b0 m\u00e1y c\u00f4ng c\u1ee5 CNC, trung t\u00e2m gia c\u00f4ng, v.v., \u0111\u1ec3 \u0111\u1ea3m b\u1ea3o \u0111\u1ed9 ch\u00ednh x\u00e1c gia c\u00f4ng v\u00e0 \u0111\u1ed9 \u1ed5n \u0111\u1ecbnh c\u1ee7a thi\u1ebft b\u1ecb.<br \/>\nM\u00e1y m\u00f3c n\u00f4ng nghi\u1ec7p: nh\u01b0 m\u00e1y k\u00e9o, m\u00e1y g\u1eb7t, v.v., th\u00edch \u1ee9ng v\u1edbi nhi\u1ec1u \u0111i\u1ec1u ki\u1ec7n l\u00e0m vi\u1ec7c ph\u1ee9c t\u1ea1p kh\u00e1c nhau.<br \/>\nThi\u1ebft b\u1ecb khai th\u00e1c: l\u00e0m vi\u1ec7c trong m\u00f4i tr\u01b0\u1eddng kh\u1eafc nghi\u1ec7t \u0111\u1ec3 \u0111\u1ea3m b\u1ea3o thi\u1ebft b\u1ecb ho\u1ea1t \u0111\u1ed9ng \u0111\u00e1ng tin c\u1eady.<\/p>\n<h2>H\u01b0\u1edbng d\u1eabn s\u1eed d\u1ee5ng<\/h2>\n<div class=\"sdm_download_button_box_default\"><div class=\"sdm_download_link\"><a href=\"https:\/\/www.jinpinlub.com\/vi\/?sdm_process_download=1&download_id=2468\" class=\"sdm_download white\" title=\"Ri\u00eang t\u01b0: EGHP Manual Pump\" target=\"&quot;_blank&quot;\">Xem B\u1ea3ng d\u1eef li\u1ec7u - B\u01a1m tay EGHP<\/a><\/div><\/div>","protected":false},"excerpt":{"rendered":"<p>M\u00e1y b\u01a1m m\u1ee1 th\u1ee7 c\u00f4ng EGHP s\u1eed d\u1ee5ng c\u1ea5u tr\u00fac p\u00edt t\u00f4ng ti\u1ebfn tri\u1ec3n v\u00e0 \u0111\u01b0\u1ee3c s\u1eed d\u1ee5ng k\u1ebft h\u1ee3p v\u1edbi b\u1ed9 ph\u00e2n ph\u1ed1i m\u1ee1 gi\u1ea3m ch\u1ea5n. Th\u00f4ng qua ho\u1ea1t \u0111\u1ed9ng qua l\u1ea1i c\u1ee7a tay c\u1ea7m, m\u1ee1 b\u00f4i tr\u01a1n \u0111\u01b0\u1ee3c ph\u00e2n ph\u1ed1i ch\u00ednh x\u00e1c \u0111\u1ebfn t\u1eebng \u0111i\u1ec3m b\u00f4i tr\u01a1n.<\/p>","protected":false},"featured_media":2530,"template":"","meta":{"ocean_post_layout":"","ocean_both_sidebars_style":"","ocean_both_sidebars_content_width":0,"ocean_both_sidebars_sidebars_width":0,"ocean_sidebar":"0","ocean_second_sidebar":"0","ocean_disable_margins":"enable","ocean_add_body_class":"","ocean_shortcode_before_top_bar":"","ocean_shortcode_after_top_bar":"","ocean_shortcode_before_header":"","ocean_shortcode_after_header":"","ocean_has_shortcode":"","ocean_shortcode_after_title":"","ocean_shortcode_before_footer_widgets":"","ocean_shortcode_after_footer_widgets":"","ocean_shortcode_before_footer_bottom":"","ocean_shortcode_after_footer_bottom":"","ocean_display_top_bar":"default","ocean_display_header":"default","ocean_header_style":"","ocean_center_header_left_menu":"0","ocean_custom_header_template":"0","ocean_custom_logo":0,"ocean_custom_retina_logo":0,"ocean_custom_logo_max_width":0,"ocean_custom_logo_tablet_max_width":0,"ocean_custom_logo_mobile_max_width":0,"ocean_custom_logo_max_height":0,"ocean_custom_logo_tablet_max_height":0,"ocean_custom_logo_mobile_max_height":0,"ocean_header_custom_menu":"0","ocean_menu_typo_font_family":"0","ocean_menu_typo_font_subset":"","ocean_menu_typo_font_size":0,"ocean_menu_typo_font_size_tablet":0,"ocean_menu_typo_font_size_mobile":0,"ocean_menu_typo_font_size_unit":"px","ocean_menu_typo_font_weight":"","ocean_menu_typo_font_weight_tablet":"","ocean_menu_typo_font_weight_mobile":"","ocean_menu_typo_transform":"","ocean_menu_typo_transform_tablet":"","ocean_menu_typo_transform_mobile":"","ocean_menu_typo_line_height":0,"ocean_menu_typo_line_height_tablet":0,"ocean_menu_typo_line_height_mobile":0,"ocean_menu_typo_line_height_unit":"","ocean_menu_typo_spacing":0,"ocean_menu_typo_spacing_tablet":0,"ocean_menu_typo_spacing_mobile":0,"ocean_menu_typo_spacing_unit":"","ocean_menu_link_color":"","ocean_menu_link_color_hover":"","ocean_menu_link_color_active":"","ocean_menu_link_background":"","ocean_menu_link_hover_background":"","ocean_menu_link_active_background":"","ocean_menu_social_links_bg":"","ocean_menu_social_hover_links_bg":"","ocean_menu_social_links_color":"","ocean_menu_social_hover_links_color":"","ocean_disable_title":"default","ocean_disable_heading":"default","ocean_post_title":"","ocean_post_subheading":"","ocean_post_title_style":"","ocean_post_title_background_color":"","ocean_post_title_background":0,"ocean_post_title_bg_image_position":"","ocean_post_title_bg_image_attachment":"","ocean_post_title_bg_image_repeat":"","ocean_post_title_bg_image_size":"","ocean_post_title_height":0,"ocean_post_title_bg_overlay":0.5,"ocean_post_title_bg_overlay_color":"","ocean_disable_breadcrumbs":"default","ocean_breadcrumbs_color":"","ocean_breadcrumbs_separator_color":"","ocean_breadcrumbs_links_color":"","ocean_breadcrumbs_links_hover_color":"","ocean_display_footer_widgets":"default","ocean_display_footer_bottom":"default","ocean_custom_footer_template":"0","osh_disable_topbar_sticky":"default","osh_disable_header_sticky":"default","osh_sticky_header_style":"default","osh_sticky_header_effect":"","osh_custom_sticky_logo":0,"osh_custom_retina_sticky_logo":0,"osh_custom_sticky_logo_height":0,"osh_background_color":"","osh_links_color":"","osh_links_hover_color":"","osh_links_active_color":"","osh_links_bg_color":"","osh_links_hover_bg_color":"","osh_links_active_bg_color":"","osh_menu_social_links_color":"","osh_menu_social_hover_links_color":""},"product_brand":[],"product_cat":[43,41],"product_tag":[76,78,77],"class_list":{"0":"post-2529","1":"product","2":"type-product","3":"status-publish","4":"has-post-thumbnail","6":"product_cat-manual-progressive-pumps","7":"product_cat-progressive-grease-systems","8":"product_tag-electric-lubrication-system","9":"product_tag-excavator-lubrication-pump","10":"product_tag-grease-lubrication-pump","12":"entry","13":"has-media","15":"first","16":"instock","17":"shipping-taxable","18":"product-type-external","19":"col","20":"span_1_of_3","21":"owp-content-center","22":"owp-thumbs-layout-horizontal","23":"owp-btn-very-big","24":"owp-tabs-layout-horizontal"},"_links":{"self":[{"href":"https:\/\/www.jinpinlub.com\/vi\/wp-json\/wp\/v2\/product\/2529","targetHints":{"allow":["GET"]}}],"collection":[{"href":"https:\/\/www.jinpinlub.com\/vi\/wp-json\/wp\/v2\/product"}],"about":[{"href":"https:\/\/www.jinpinlub.com\/vi\/wp-json\/wp\/v2\/types\/product"}],"wp:featuredmedia":[{"embeddable":true,"href":"https:\/\/www.jinpinlub.com\/vi\/wp-json\/wp\/v2\/media\/2530"}],"wp:attachment":[{"href":"https:\/\/www.jinpinlub.com\/vi\/wp-json\/wp\/v2\/media?parent=2529"}],"wp:term":[{"taxonomy":"product_brand","embeddable":true,"href":"https:\/\/www.jinpinlub.com\/vi\/wp-json\/wp\/v2\/product_brand?post=2529"},{"taxonomy":"product_cat","embeddable":true,"href":"https:\/\/www.jinpinlub.com\/vi\/wp-json\/wp\/v2\/product_cat?post=2529"},{"taxonomy":"product_tag","embeddable":true,"href":"https:\/\/www.jinpinlub.com\/vi\/wp-json\/wp\/v2\/product_tag?post=2529"}],"curies":[{"name":"wp","href":"https:\/\/api.w.org\/{rel}","templated":true}]}}