{"id":2535,"date":"2024-07-17T13:08:15","date_gmt":"2024-07-17T13:08:15","guid":{"rendered":"https:\/\/www.jinpinlub.com\/?post_type=product&#038;p=2535"},"modified":"2025-01-23T22:26:23","modified_gmt":"2025-01-23T14:26:23","slug":"jl-1-thiet-bi-do-ap-suat-cao-cho-he-thong-boi-tron-duong-don","status":"publish","type":"product","link":"https:\/\/www.jinpinlub.com\/vi\/product\/jl-1-high-pressure-metering-device-for-single-line-lube-system\/","title":{"rendered":"Thi\u1ebft b\u1ecb \u0111o \u00e1p su\u1ea5t cao JL-1 cho h\u1ec7 th\u1ed1ng b\u00f4i tr\u01a1n m\u1ed9t \u0111\u01b0\u1eddng"},"content":{"rendered":"<h2>\u0110\u1eb7c tr\u01b0ng<\/h2>\n<p>1. Ho\u1ea1t \u0111\u1ed9ng \u1edf \u00e1p su\u1ea5t cao: Thi\u1ebft b\u1ecb \u0111o JL-1 ph\u00f9 h\u1ee3p v\u1edbi m\u00f4i tr\u01b0\u1eddng c\u00f3 \u00e1p su\u1ea5t cao; ph\u1ea1m vi \u00e1p su\u1ea5t l\u00e0m vi\u1ec7c c\u1ee7a thi\u1ebft b\u1ecb l\u00e0 127-240 bar trong khi \u00e1p su\u1ea5t x\u1ea3 \u0111\u01b0\u1ee3c \u0111\u00e1nh gi\u00e1 \u1edf m\u1ee9c 41 bar.<br \/>\n2. \u0110\u1ea7u ra c\u00f3 th\u1ec3 \u0111i\u1ec1u ch\u1ec9nh b\u00ean ngo\u00e0i: \u0110\u1ea7u ra c\u1ee7a thi\u1ebft b\u1ecb c\u00f3 th\u1ec3 \u0111i\u1ec1u ch\u1ec9nh b\u00ean ngo\u00e0i trong ph\u1ea1m vi 0,016-1,31 cm\u00b3 \u0111\u1ec3 s\u1eed d\u1ee5ng cho c\u00e1c nhu c\u1ea7u b\u00f4i tr\u01a1n kh\u00e1c nhau.<br \/>\n3. Thi\u1ebft k\u1ebf kim ch\u1ec9 th\u1ecb: M\u1ed7i thi\u1ebft b\u1ecb \u0111o \u0111\u1ec1u \u0111\u01b0\u1ee3c trang b\u1ecb kim ch\u1ec9 th\u1ecb cho ph\u00e9p ki\u1ec3m tra tr\u1ef1c quan t\u00ecnh tr\u1ea1ng ho\u1ea1t \u0111\u1ed9ng c\u1ee7a thi\u1ebft b\u1ecb v\u00e0 do \u0111\u00f3 \u0111\u1ea3m b\u1ea3o \u0111\u1ed9 tin c\u1eady c\u1ee7a vi\u1ec7c b\u00f4i tr\u01a1n.<br \/>\n4. L\u1ef1a ch\u1ecdn v\u1eadt li\u1ec7u: Thi\u1ebft b\u1ecb \u0111o l\u01b0\u1eddng JL-1 c\u00f3 hai l\u1ef1a ch\u1ecdn v\u1eadt li\u1ec7u: th\u00e9p cacbon v\u00e0 th\u00e9p kh\u00f4ng g\u1ec9 \u0111\u1ec3 s\u1eed d\u1ee5ng trong c\u00e1c m\u00f4i tr\u01b0\u1eddng kh\u00e1c nhau. Phi\u00ean b\u1ea3n th\u00e9p kh\u00f4ng g\u1ec9 \u00e1p d\u1ee5ng cho c\u00e1c m\u00f4i tr\u01b0\u1eddng l\u00e0m vi\u1ec7c th\u00f9 \u0111\u1ecbch v\u1edbi th\u00e9p cacbon.<br \/>\n5. Thi\u1ebft k\u1ebf nhi\u1ec1u c\u1ed5ng: Thi\u1ebft b\u1ecb c\u00f3 th\u1ec3 mang t\u1eeb 1 \u0111\u1ebfn 6 \u0111i\u1ec3m b\u00f4i tr\u01a1n; do \u0111\u00f3, n\u00f3 c\u00f3 kh\u1ea3 n\u0103ng linh ho\u1ea1t trong vi\u1ec7c th\u00edch \u1ee9ng v\u1edbi c\u00e1c y\u00eau c\u1ea7u kh\u00e1c nhau c\u1ee7a h\u1ec7 th\u1ed1ng b\u00f4i tr\u01a1n.<br \/>\n6. D\u1ec5 b\u1ea3o tr\u00ec: Thi\u1ebft b\u1ecb \u0111o l\u01b0\u1eddng ri\u00eang l\u1ebb d\u1ec5 th\u00e1o d\u1ee1 \u0111\u1ec3 ki\u1ec3m tra ho\u1eb7c thay th\u1ebf c\u00e1c b\u1ed9 ph\u1eadn b\u1ecb m\u00f2n, do \u0111\u00f3 ti\u1ebft ki\u1ec7m th\u1eddi gian b\u1ea3o tr\u00ec v\u00e0 gi\u1ea3m t\u1ed5ng chi ph\u00ed b\u1ea3o tr\u00ec.<\/p>\n<h2>\u0110\u1eb7c \u0111i\u1ec3m k\u1ef9 thu\u1eadt<\/h2>\n<table>\n<tbody>\n<tr>\n<td>Nguy\u00ean l\u00fd ch\u1ee9c n\u0103ng<\/td>\n<td>Van \u0111o \u00e1p su\u1ea5t gi\u1ea3m \u00e1p<\/td>\n<\/tr>\n<tr>\n<td>S\u1ed1 l\u01b0\u1ee3ng c\u1eeda h\u00e0ng<\/td>\n<td>1, 2, 3, 4, 5, 6<\/td>\n<\/tr>\n<tr>\n<td>\u0110o l\u01b0\u1eddng s\u1ed1 l\u01b0\u1ee3ng<\/td>\n<td>0,016-1,31mL\/chu k\u1ef3<\/td>\n<\/tr>\n<tr>\n<td>Ch\u1ea5t b\u00f4i tr\u01a1n<\/td>\n<td>M\u1ee1 NLGI 0, 1, 2<\/td>\n<\/tr>\n<tr>\n<td>Nhi\u1ec7t \u0111\u1ed9 ho\u1ea1t \u0111\u1ed9ng<\/td>\n<td>(-10 \u0111\u1ebfn +80 \u00b0C)<\/td>\n<\/tr>\n<tr>\n<td>\u00c1p su\u1ea5t ho\u1ea1t \u0111\u1ed9ng<\/td>\n<td>127-240 thanh<\/td>\n<\/tr>\n<tr>\n<td>V\u1eadt li\u1ec7u<\/td>\n<td>Th\u00e9p cacbon, th\u00e9p kh\u00f4ng g\u1ec9<\/td>\n<\/tr>\n<tr>\n<td>\u0110\u01b0\u1eddng d\u00e2y ch\u00ednh k\u1ebft n\u1ed1i<\/td>\n<td>Rc3\/8<\/td>\n<\/tr>\n<tr>\n<td>\u1ed4 c\u1eafm k\u1ebft n\u1ed1i<\/td>\n<td>M22*1.5<\/td>\n<\/tr>\n<tr>\n<td>V\u1ecb tr\u00ed l\u1eafp \u0111\u1eb7t<\/td>\n<td>B\u1ea5t k\u00ec<\/td>\n<\/tr>\n<\/tbody>\n<\/table>\n<h2>\u1ee8ng d\u1ee5ng<\/h2>\n<p>1. Khai th\u00e1c v\u00e0 ch\u1ebf bi\u1ebfn kho\u00e1ng s\u1ea3n: Thi\u1ebft b\u1ecb \u0111o l\u01b0\u1eddng JL-1 \u0111\u01b0\u1ee3c \u1ee9ng d\u1ee5ng r\u1ed9ng r\u00e3i trong ng\u00e0nh khai th\u00e1c v\u00e0 ch\u1ebf bi\u1ebfn kho\u00e1ng s\u1ea3n, cung c\u1ea5p cho h\u1ec7 th\u1ed1ng kh\u1ea3 n\u0103ng b\u00f4i tr\u01a1n \u0111\u00e1ng tin c\u1eady trong qu\u00e1 tr\u00ecnh l\u00e0m vi\u1ec7c r\u1ea5t n\u1eb7ng nh\u1ecdc.<br \/>\n2. M\u00e1y m\u00f3c x\u00e2y d\u1ef1ng: Trong l\u0129nh v\u1ef1c thi\u1ebft b\u1ecb x\u00e2y d\u1ef1ng, thi\u1ebft b\u1ecb \u0111\u1ecbnh l\u01b0\u1ee3ng JL-1 \u0111\u1ea3m b\u1ea3o m\u1ed7i \u0111i\u1ec3m b\u00f4i tr\u01a1n c\u1ee7a thi\u1ebft b\u1ecb \u0111\u1ec1u \u0111\u01b0\u1ee3c b\u00f4i tr\u01a1n t\u1ed1t \u0111\u1ec3 k\u00e9o d\u00e0i tu\u1ed5i th\u1ecd c\u1ee7a thi\u1ebft b\u1ecb.<br \/>\n3. Ng\u00e0nh c\u00f4ng nghi\u1ec7p s\u1eaft th\u00e9p v\u00e0 c\u00f4ng nghi\u1ec7p n\u1eb7ng: Thi\u1ebft b\u1ecb n\u00e0y c\u0169ng \u0111\u01b0\u1ee3c \u1ee9ng d\u1ee5ng r\u1ed9ng r\u00e3i trong ng\u00e0nh c\u00f4ng nghi\u1ec7p th\u00e9p v\u00e0 c\u00f4ng nghi\u1ec7p n\u1eb7ng, ho\u1ea1t \u0111\u1ed9ng \u1ed5n \u0111\u1ecbnh trong m\u00f4i tr\u01b0\u1eddng \u00e1p su\u1ea5t cao v\u00e0 nhi\u1ec7t \u0111\u1ed9 cao.<\/p>\n<h2>H\u01b0\u1edbng d\u1eabn s\u1eed d\u1ee5ng<\/h2>\n<div class=\"sdm_download_button_box_default\"><div class=\"sdm_download_link\"><a href=\"https:\/\/www.jinpinlub.com\/vi\/?sdm_process_download=1&download_id=2472\" class=\"sdm_download white\" title=\"Ri\u00eang t\u01b0: JL-1 Grease Injector\" target=\"&quot;_blank&quot;\">Xem B\u1ea3ng d\u1eef li\u1ec7u - M\u00e1y phun m\u1ee1 JL-1<\/a><\/div><\/div>","protected":false},"excerpt":{"rendered":"<p>JL-1 l\u00e0 l\u1ef1a ch\u1ecdn l\u00fd t\u01b0\u1edfng cho nhi\u1ec1u \u1ee9ng d\u1ee5ng kh\u00e1c nhau do ho\u1ea1t \u0111\u1ed9ng \u1edf \u00e1p su\u1ea5t cao, \u0111\u1ea7u ra c\u00f3 th\u1ec3 \u0111i\u1ec1u ch\u1ec9nh b\u00ean ngo\u00e0i, thi\u1ebft k\u1ebf kim ch\u1ec9 th\u1ecb v\u00e0 nhi\u1ec1u t\u00f9y ch\u1ecdn c\u1ed5ng. Vi\u1ec7c b\u1ea3o tr\u00ec d\u1ec5 d\u00e0ng v\u00e0 nhi\u1ec1u t\u00f9y ch\u1ecdn v\u1eadt li\u1ec7u c\u00e0ng l\u00e0m t\u0103ng kh\u1ea3 n\u0103ng \u1ee9ng d\u1ee5ng c\u1ee7a n\u00f3 trong nhi\u1ec1u m\u00f4i tr\u01b0\u1eddng kh\u00e1c nhau.<\/p>","protected":false},"featured_media":2536,"template":"","meta":{"ocean_post_layout":"","ocean_both_sidebars_style":"","ocean_both_sidebars_content_width":0,"ocean_both_sidebars_sidebars_width":0,"ocean_sidebar":"0","ocean_second_sidebar":"0","ocean_disable_margins":"enable","ocean_add_body_class":"","ocean_shortcode_before_top_bar":"","ocean_shortcode_after_top_bar":"","ocean_shortcode_before_header":"","ocean_shortcode_after_header":"","ocean_has_shortcode":"","ocean_shortcode_after_title":"","ocean_shortcode_before_footer_widgets":"","ocean_shortcode_after_footer_widgets":"","ocean_shortcode_before_footer_bottom":"","ocean_shortcode_after_footer_bottom":"","ocean_display_top_bar":"default","ocean_display_header":"default","ocean_header_style":"","ocean_center_header_left_menu":"0","ocean_custom_header_template":"0","ocean_custom_logo":0,"ocean_custom_retina_logo":0,"ocean_custom_logo_max_width":0,"ocean_custom_logo_tablet_max_width":0,"ocean_custom_logo_mobile_max_width":0,"ocean_custom_logo_max_height":0,"ocean_custom_logo_tablet_max_height":0,"ocean_custom_logo_mobile_max_height":0,"ocean_header_custom_menu":"0","ocean_menu_typo_font_family":"0","ocean_menu_typo_font_subset":"","ocean_menu_typo_font_size":0,"ocean_menu_typo_font_size_tablet":0,"ocean_menu_typo_font_size_mobile":0,"ocean_menu_typo_font_size_unit":"px","ocean_menu_typo_font_weight":"","ocean_menu_typo_font_weight_tablet":"","ocean_menu_typo_font_weight_mobile":"","ocean_menu_typo_transform":"","ocean_menu_typo_transform_tablet":"","ocean_menu_typo_transform_mobile":"","ocean_menu_typo_line_height":0,"ocean_menu_typo_line_height_tablet":0,"ocean_menu_typo_line_height_mobile":0,"ocean_menu_typo_line_height_unit":"","ocean_menu_typo_spacing":0,"ocean_menu_typo_spacing_tablet":0,"ocean_menu_typo_spacing_mobile":0,"ocean_menu_typo_spacing_unit":"","ocean_menu_link_color":"","ocean_menu_link_color_hover":"","ocean_menu_link_color_active":"","ocean_menu_link_background":"","ocean_menu_link_hover_background":"","ocean_menu_link_active_background":"","ocean_menu_social_links_bg":"","ocean_menu_social_hover_links_bg":"","ocean_menu_social_links_color":"","ocean_menu_social_hover_links_color":"","ocean_disable_title":"default","ocean_disable_heading":"default","ocean_post_title":"","ocean_post_subheading":"","ocean_post_title_style":"","ocean_post_title_background_color":"","ocean_post_title_background":0,"ocean_post_title_bg_image_position":"","ocean_post_title_bg_image_attachment":"","ocean_post_title_bg_image_repeat":"","ocean_post_title_bg_image_size":"","ocean_post_title_height":0,"ocean_post_title_bg_overlay":0.5,"ocean_post_title_bg_overlay_color":"","ocean_disable_breadcrumbs":"default","ocean_breadcrumbs_color":"","ocean_breadcrumbs_separator_color":"","ocean_breadcrumbs_links_color":"","ocean_breadcrumbs_links_hover_color":"","ocean_display_footer_widgets":"default","ocean_display_footer_bottom":"default","ocean_custom_footer_template":"0","osh_disable_topbar_sticky":"default","osh_disable_header_sticky":"default","osh_sticky_header_style":"default","osh_sticky_header_effect":"","osh_custom_sticky_logo":0,"osh_custom_retina_sticky_logo":0,"osh_custom_sticky_logo_height":0,"osh_background_color":"","osh_links_color":"","osh_links_hover_color":"","osh_links_active_color":"","osh_links_bg_color":"","osh_links_hover_bg_color":"","osh_links_active_bg_color":"","osh_menu_social_links_color":"","osh_menu_social_hover_links_color":""},"product_brand":[],"product_cat":[40,37],"product_tag":[97,98,86],"class_list":{"0":"post-2535","1":"product","2":"type-product","3":"status-publish","4":"has-post-thumbnail","6":"product_cat-pressure-relief-metering-valves","7":"product_cat-single-line-grease-systems","8":"product_tag-grease-injector","9":"product_tag-grease-metering-device","10":"product_tag-single-line-distributor","12":"entry","13":"has-media","15":"first","16":"instock","17":"shipping-taxable","18":"product-type-external","19":"col","20":"span_1_of_3","21":"owp-content-center","22":"owp-thumbs-layout-horizontal","23":"owp-btn-very-big","24":"owp-tabs-layout-horizontal"},"_links":{"self":[{"href":"https:\/\/www.jinpinlub.com\/vi\/wp-json\/wp\/v2\/product\/2535","targetHints":{"allow":["GET"]}}],"collection":[{"href":"https:\/\/www.jinpinlub.com\/vi\/wp-json\/wp\/v2\/product"}],"about":[{"href":"https:\/\/www.jinpinlub.com\/vi\/wp-json\/wp\/v2\/types\/product"}],"wp:featuredmedia":[{"embeddable":true,"href":"https:\/\/www.jinpinlub.com\/vi\/wp-json\/wp\/v2\/media\/2536"}],"wp:attachment":[{"href":"https:\/\/www.jinpinlub.com\/vi\/wp-json\/wp\/v2\/media?parent=2535"}],"wp:term":[{"taxonomy":"product_brand","embeddable":true,"href":"https:\/\/www.jinpinlub.com\/vi\/wp-json\/wp\/v2\/product_brand?post=2535"},{"taxonomy":"product_cat","embeddable":true,"href":"https:\/\/www.jinpinlub.com\/vi\/wp-json\/wp\/v2\/product_cat?post=2535"},{"taxonomy":"product_tag","embeddable":true,"href":"https:\/\/www.jinpinlub.com\/vi\/wp-json\/wp\/v2\/product_tag?post=2535"}],"curies":[{"name":"wp","href":"https:\/\/api.w.org\/{rel}","templated":true}]}}