{"id":2540,"date":"2024-07-17T13:29:01","date_gmt":"2024-07-17T13:29:01","guid":{"rendered":"https:\/\/www.jinpinlub.com\/?post_type=product&#038;p=2540"},"modified":"2025-06-06T19:31:30","modified_gmt":"2025-06-06T11:31:30","slug":"thiet-bi-do-mo-jsv8-cho-he-thong-boi-tron-tien-bo","status":"publish","type":"product","link":"https:\/\/www.jinpinlub.com\/vi\/product\/jsv8-grease-metering-device-for-progressive-lubrication-system\/","title":{"rendered":"Thi\u1ebft b\u1ecb \u0111o m\u1ee1 JSV8 cho h\u1ec7 th\u1ed1ng b\u00f4i tr\u01a1n ti\u1ebfn b\u1ed9"},"content":{"rendered":"<h2>\u0110\u1eb7c tr\u01b0ng<\/h2>\n<p>1. B\u1ed9 ph\u00e2n ph\u1ed1i JSV ti\u1ebfn tri\u1ec3n th\u00f4ng qua ho\u1ea1t \u0111\u1ed9ng tu\u1ea7n t\u1ef1 c\u1ee7a p\u00edt t\u00f4ng, t\u1eebng \u0111i\u1ec3m m\u1ed9t \u0111\u1ec3 x\u1ea3.<br \/>\n2. Th\u1ec3 t\u00edch \u0111\u1ecbnh l\u01b0\u1ee3ng c\u1ee7a m\u1ed7i \u0111\u1ea7u ra trong m\u1ed7i chu k\u1ef3 l\u00e0 0,17 mL.<br \/>\n3. M\u1ed9t \u1ed5 c\u1eafm c\u00f3 th\u1ec3 b\u1ecb ch\u1eb7n b\u1eb1ng m\u1ed9t n\u00fat ch\u1eb7n \u0111\u1eb7c bi\u1ec7t, gi\u00fap t\u0103ng g\u1ea5p \u0111\u00f4i l\u01b0u l\u01b0\u1ee3ng \u0111o c\u1ee7a \u1ed5 c\u1eafm ti\u1ebfp theo.<br \/>\n4. C\u00f3 th\u1ec3 l\u1ef1a ch\u1ecdn 6~20 \u0111\u1ea7u ra, c\u00e1c \u0111\u1ea7u ra c\u00f3 van m\u1ed9t chi\u1ec1u \u0111\u1ec3 ng\u0103n ch\u1ea5t b\u00f4i tr\u01a1n ch\u1ea3y ng\u01b0\u1ee3c l\u1ea1i.<br \/>\n5. D\u1ec5 d\u00e0ng gi\u00e1m s\u00e1t, gi\u00e1m s\u00e1t tr\u1ef1c quan ho\u1eb7c gi\u00e1m s\u00e1t \u0111i\u1ec7n t\u1eed. D\u1ec5 d\u00e0ng thay th\u1ebf v\u00e0 kh\u00f4ng \u1ea3nh h\u01b0\u1edfng \u0111\u1ebfn c\u00e1c \u0111\u01b0\u1eddng \u1ed1ng kh\u00e1c.<br \/>\n6. Ch\u1ea5t b\u00f4i tr\u01a1n c\u00f3 th\u1ec3 s\u1eed d\u1ee5ng: m\u1ee1 NLGI 000# ~ 2#, d\u1ea7u 32-220cSt@40\u2103.<br \/>\n7. Nhi\u1ec7t \u0111\u1ed9 ho\u1ea1t \u0111\u1ed9ng l\u00e0 -20\u2103~+80\u2103.<\/p>\n<h2>\u0110\u1eb7c \u0111i\u1ec3m k\u1ef9 thu\u1eadt<\/h2>\n<table>\n<tbody>\n<tr>\n<td>Nguy\u00ean l\u00fd ch\u1ee9c n\u0103ng<\/td>\n<td>Thi\u1ebft b\u1ecb \u0111o l\u01b0\u1eddng<\/td>\n<\/tr>\n<tr>\n<td>S\u1ed1 l\u01b0\u1ee3ng c\u1eeda h\u00e0ng<\/td>\n<td>6-20<\/td>\n<\/tr>\n<tr>\n<td>\u0110o l\u01b0\u1eddng s\u1ed1 l\u01b0\u1ee3ng<\/td>\n<td>0,2mL\/chu k\u1ef3<\/td>\n<\/tr>\n<tr>\n<td>Ch\u1ea5t b\u00f4i tr\u01a1n<\/td>\n<td>M\u1ee1 b\u00f4i tr\u01a1n l\u00ean \u0111\u1ebfn NLGI 2, d\u1ea7u 32-220cSt@40\u2103<\/td>\n<\/tr>\n<tr>\n<td>Nhi\u1ec7t \u0111\u1ed9 ho\u1ea1t \u0111\u1ed9ng<\/td>\n<td>\u201320 \u0111\u1ebfn +80 \u00b0C<\/td>\n<\/tr>\n<tr>\n<td>\u00c1p su\u1ea5t ho\u1ea1t \u0111\u1ed9ng<\/td>\n<td>T\u1ed1i \u0111a 350 bar<\/td>\n<\/tr>\n<tr>\n<td>V\u1eadt li\u1ec7u<\/td>\n<td>M\u1ea1 k\u1ebdm \u0111en<\/td>\n<\/tr>\n<tr>\n<td>\u0110\u1ea7u v\u00e0o k\u1ebft n\u1ed1i<\/td>\n<td>\u03a66\/\u03a68 (M10x1)<\/td>\n<\/tr>\n<tr>\n<td>\u1ed4 c\u1eafm k\u1ebft n\u1ed1i<\/td>\n<td>\u03a66\/\u03a68 (M10x1)<\/td>\n<\/tr>\n<tr>\n<td>V\u1ecb tr\u00ed l\u1eafp \u0111\u1eb7t<\/td>\n<td>B\u1ea5t k\u00ec<\/td>\n<\/tr>\n<\/tbody>\n<\/table>\n<h2>\u1ee8ng d\u1ee5ng<\/h2>\n<p>1. X\u00e2y d\u1ef1ng v\u00e0 khai th\u00e1c: Trong c\u00e1c l\u0129nh v\u1ef1c n\u00e0y, thi\u1ebft b\u1ecb th\u01b0\u1eddng ho\u1ea1t \u0111\u1ed9ng trong m\u00f4i tr\u01b0\u1eddng v\u1eadn h\u00e0nh kh\u1eafc nghi\u1ec7t v\u00e0 t\u1ea3i tr\u1ecdng cao. V\u00ed d\u1ee5, d\u01b0\u1edbi t\u00e1c \u0111\u1ed9ng c\u1ee7a JSV. b\u00f4i tr\u01a1n, ho\u1ea1t \u0111\u1ed9ng b\u00ecnh th\u01b0\u1eddng c\u1ee7a thi\u1ebft b\u1ecb ph\u00e2n ph\u1ed1i b\u00f4i tr\u01a1n \u0111\u00e1ng tin c\u1eady.<br \/>\n2. M\u00e1y m\u00f3c n\u00f4ng nghi\u1ec7p: M\u00e1y m\u00f3c n\u00f4ng nghi\u1ec7p c\u1ea7n \u0111\u01b0\u1ee3c b\u00f4i tr\u01a1n t\u01b0\u01a1ng \u0111\u1ed1i th\u01b0\u1eddng xuy\u00ean \u0111\u1ec3 \u0111\u1ea3m b\u1ea3o m\u00e1y m\u00f3c ho\u1ea1t \u0111\u1ed9ng tr\u01a1n tru. B\u1ed9 ph\u00e2n ph\u1ed1i JSV c\u00f3 th\u1ec3 ho\u1ea1t \u0111\u1ed9ng trong nhi\u1ec1u \u0111i\u1ec1u ki\u1ec7n nhi\u1ec7t \u0111\u1ed9 v\u00e0 \u00e1p su\u1ea5t kh\u00e1c nhau \u0111\u1ec3 th\u00edch \u1ee9ng v\u1edbi c\u00e1c m\u00f4i tr\u01b0\u1eddng n\u00f4ng nghi\u1ec7p kh\u00e1c nhau.<br \/>\n3. Thi\u1ebft b\u1ecb c\u00f4ng nghi\u1ec7p: C\u00e1c ng\u00e0nh s\u1ea3n xu\u1ea5t v\u00e0 ch\u1ebf bi\u1ebfn c\u00f3 nhi\u1ec1u thi\u1ebft b\u1ecb c\u01a1 kh\u00ed \u0111a d\u1ea1ng m\u00e0 JSV \u0111\u00f3ng vai tr\u00f2 b\u00f4i tr\u01a1n \u0111\u1ec3 k\u00e9o d\u00e0i tu\u1ed5i th\u1ecd c\u1ee7a thi\u1ebft b\u1ecb c\u01a1 kh\u00ed v\u00e0 do \u0111\u00f3 gi\u1ea3m chi ph\u00ed s\u1eeda ch\u1eefa li\u00ean quan.<br \/>\n4. N\u0103ng l\u01b0\u1ee3ng t\u00e1i t\u1ea1o: B\u1ed9 ph\u00e2n ph\u1ed1i cho JSV \u0111\u01b0\u1ee3c s\u1eed d\u1ee5ng \u0111\u1ec3 b\u00f4i tr\u01a1n c\u00e1c b\u1ed9 ph\u1eadn quan tr\u1ecdng trong thi\u1ebft b\u1ecb ph\u00e1t \u0111i\u1ec7n gi\u00f3 v\u00e0 n\u0103ng l\u01b0\u1ee3ng m\u1eb7t tr\u1eddi nh\u1eb1m \u0111\u1ea3m b\u1ea3o ho\u1ea1t \u0111\u1ed9ng l\u00e2u d\u00e0i, hi\u1ec7u qu\u1ea3 v\u00e0 \u1ed5n \u0111\u1ecbnh.<\/p>\n<h2>H\u01b0\u1edbng d\u1eabn s\u1eed d\u1ee5ng<\/h2>\n<div class=\"sdm_download_button_box_default\"><div class=\"sdm_download_link\"><a href=\"https:\/\/www.jinpinlub.com\/vi\/?sdm_process_download=1&download_id=2474\" class=\"sdm_download white\" title=\"Ri\u00eang t\u01b0: JSV Progressive Distributor\" target=\"&quot;_blank&quot;\">Xem B\u1ea3ng d\u1eef li\u1ec7u - Nh\u00e0 ph\u00e2n ph\u1ed1i JSV<\/a><\/div><\/div>","protected":false},"excerpt":{"rendered":"<p>B\u1ed9 ph\u00e2n ph\u1ed1i JSV l\u00e0 thi\u1ebft b\u1ecb \u0111o l\u01b0\u1eddng t\u00edch h\u1ee3p cho h\u1ec7 th\u1ed1ng b\u00f4i tr\u01a1n t\u00edch h\u1ee3p. N\u00f3 c\u00f3 th\u1ec3 \u0111\u01b0\u1ee3c s\u1eed d\u1ee5ng trong \u0111i\u1ec1u ki\u1ec7n \u00e1p su\u1ea5t ng\u01b0\u1ee3c cao v\u00e0 ph\u00f9 h\u1ee3p v\u1edbi nhi\u1ec1u ph\u1ea1m vi nhi\u1ec7t \u0111\u1ed9 kh\u00e1c nhau. \u00c1p su\u1ea5t ho\u1ea1t \u0111\u1ed9ng t\u1ed1i \u0111a l\u00e0 350 bar v\u00e0 c\u00f3 t\u1eeb 6 \u0111\u1ebfn 22 \u0111\u1ea7u ra.<\/p>","protected":false},"featured_media":2544,"template":"","meta":{"ocean_post_layout":"","ocean_both_sidebars_style":"","ocean_both_sidebars_content_width":0,"ocean_both_sidebars_sidebars_width":0,"ocean_sidebar":"0","ocean_second_sidebar":"0","ocean_disable_margins":"enable","ocean_add_body_class":"","ocean_shortcode_before_top_bar":"","ocean_shortcode_after_top_bar":"","ocean_shortcode_before_header":"","ocean_shortcode_after_header":"","ocean_has_shortcode":"","ocean_shortcode_after_title":"","ocean_shortcode_before_footer_widgets":"","ocean_shortcode_after_footer_widgets":"","ocean_shortcode_before_footer_bottom":"","ocean_shortcode_after_footer_bottom":"","ocean_display_top_bar":"default","ocean_display_header":"default","ocean_header_style":"","ocean_center_header_left_menu":"0","ocean_custom_header_template":"0","ocean_custom_logo":0,"ocean_custom_retina_logo":0,"ocean_custom_logo_max_width":0,"ocean_custom_logo_tablet_max_width":0,"ocean_custom_logo_mobile_max_width":0,"ocean_custom_logo_max_height":0,"ocean_custom_logo_tablet_max_height":0,"ocean_custom_logo_mobile_max_height":0,"ocean_header_custom_menu":"0","ocean_menu_typo_font_family":"0","ocean_menu_typo_font_subset":"","ocean_menu_typo_font_size":0,"ocean_menu_typo_font_size_tablet":0,"ocean_menu_typo_font_size_mobile":0,"ocean_menu_typo_font_size_unit":"px","ocean_menu_typo_font_weight":"","ocean_menu_typo_font_weight_tablet":"","ocean_menu_typo_font_weight_mobile":"","ocean_menu_typo_transform":"","ocean_menu_typo_transform_tablet":"","ocean_menu_typo_transform_mobile":"","ocean_menu_typo_line_height":0,"ocean_menu_typo_line_height_tablet":0,"ocean_menu_typo_line_height_mobile":0,"ocean_menu_typo_line_height_unit":"","ocean_menu_typo_spacing":0,"ocean_menu_typo_spacing_tablet":0,"ocean_menu_typo_spacing_mobile":0,"ocean_menu_typo_spacing_unit":"","ocean_menu_link_color":"","ocean_menu_link_color_hover":"","ocean_menu_link_color_active":"","ocean_menu_link_background":"","ocean_menu_link_hover_background":"","ocean_menu_link_active_background":"","ocean_menu_social_links_bg":"","ocean_menu_social_hover_links_bg":"","ocean_menu_social_links_color":"","ocean_menu_social_hover_links_color":"","ocean_disable_title":"default","ocean_disable_heading":"default","ocean_post_title":"","ocean_post_subheading":"","ocean_post_title_style":"","ocean_post_title_background_color":"","ocean_post_title_background":0,"ocean_post_title_bg_image_position":"","ocean_post_title_bg_image_attachment":"","ocean_post_title_bg_image_repeat":"","ocean_post_title_bg_image_size":"","ocean_post_title_height":0,"ocean_post_title_bg_overlay":0.5,"ocean_post_title_bg_overlay_color":"","ocean_disable_breadcrumbs":"default","ocean_breadcrumbs_color":"","ocean_breadcrumbs_separator_color":"","ocean_breadcrumbs_links_color":"","ocean_breadcrumbs_links_hover_color":"","ocean_display_footer_widgets":"default","ocean_display_footer_bottom":"default","ocean_custom_footer_template":"0","osh_disable_topbar_sticky":"default","osh_disable_header_sticky":"default","osh_sticky_header_style":"default","osh_sticky_header_effect":"","osh_custom_sticky_logo":0,"osh_custom_retina_sticky_logo":0,"osh_custom_sticky_logo_height":0,"osh_background_color":"","osh_links_color":"","osh_links_hover_color":"","osh_links_active_color":"","osh_links_bg_color":"","osh_links_hover_bg_color":"","osh_links_active_bg_color":"","osh_menu_social_links_color":"","osh_menu_social_hover_links_color":""},"product_brand":[],"product_cat":[44,41],"product_tag":[101,100,99],"class_list":{"0":"post-2540","1":"product","2":"type-product","3":"status-publish","4":"has-post-thumbnail","6":"product_cat-progressive-grease-dividers","7":"product_cat-progressive-grease-systems","8":"product_tag-grease-distributor-block","9":"product_tag-grease-metering-valve","10":"product_tag-progressive-distributor","12":"entry","13":"has-media","15":"first","16":"instock","17":"shipping-taxable","18":"product-type-external","19":"col","20":"span_1_of_3","21":"owp-content-center","22":"owp-thumbs-layout-horizontal","23":"owp-btn-very-big","24":"owp-tabs-layout-horizontal"},"_links":{"self":[{"href":"https:\/\/www.jinpinlub.com\/vi\/wp-json\/wp\/v2\/product\/2540","targetHints":{"allow":["GET"]}}],"collection":[{"href":"https:\/\/www.jinpinlub.com\/vi\/wp-json\/wp\/v2\/product"}],"about":[{"href":"https:\/\/www.jinpinlub.com\/vi\/wp-json\/wp\/v2\/types\/product"}],"wp:featuredmedia":[{"embeddable":true,"href":"https:\/\/www.jinpinlub.com\/vi\/wp-json\/wp\/v2\/media\/2544"}],"wp:attachment":[{"href":"https:\/\/www.jinpinlub.com\/vi\/wp-json\/wp\/v2\/media?parent=2540"}],"wp:term":[{"taxonomy":"product_brand","embeddable":true,"href":"https:\/\/www.jinpinlub.com\/vi\/wp-json\/wp\/v2\/product_brand?post=2540"},{"taxonomy":"product_cat","embeddable":true,"href":"https:\/\/www.jinpinlub.com\/vi\/wp-json\/wp\/v2\/product_cat?post=2540"},{"taxonomy":"product_tag","embeddable":true,"href":"https:\/\/www.jinpinlub.com\/vi\/wp-json\/wp\/v2\/product_tag?post=2540"}],"curies":[{"name":"wp","href":"https:\/\/api.w.org\/{rel}","templated":true}]}}