{"id":2547,"date":"2024-07-18T09:49:55","date_gmt":"2024-07-18T09:49:55","guid":{"rendered":"https:\/\/www.jinpinlub.com\/?post_type=product&#038;p=2547"},"modified":"2025-04-30T15:28:50","modified_gmt":"2025-04-30T07:28:50","slug":"may-boi-tron-tu-dong-mot-diem-co-the-dieu-chinh-bang-khi-sml-60","status":"publish","type":"product","link":"https:\/\/www.jinpinlub.com\/vi\/product\/sml-60-gas-driven-adjustable-automatic-single-point-lubricator\/","title":{"rendered":"M\u00e1y b\u00f4i tr\u01a1n t\u1ef1 \u0111\u1ed9ng m\u1ed9t \u0111i\u1ec3m c\u00f3 th\u1ec3 \u0111i\u1ec1u ch\u1ec9nh b\u1eb1ng kh\u00ed SML-60"},"content":{"rendered":"<h2>\u0110\u1eb7c tr\u01b0ng<\/h2>\n<p>1. C\u00f3 th\u1ec3 c\u00e0i \u0111\u1eb7t x\u1ea3 t\u1ef1 \u0111\u1ed9ng, \u0111\u1ec1u \u0111\u1eb7n, \u0111\u00fang gi\u1edd v\u00e0 ch\u00ednh x\u00e1c m\u1ed7i ng\u00e0y trong v\u00f2ng 1-12 th\u00e1ng.<br \/>\n2. Ch\u1ee7 \u0111\u1ed9ng ki\u1ec3m so\u00e1t vi\u1ec7c b\u00f4i tr\u01a1n, ti\u1ebft ki\u1ec7m chi ph\u00ed b\u1ea3o d\u01b0\u1ee1ng thi\u1ebft b\u1ecb, tr\u00e1nh r\u00f2 r\u1ec9 d\u1ea7u v\u00e0 \u00f4 nhi\u1ec5m m\u00f4i tr\u01b0\u1eddng.<br \/>\n4. Ho\u1ea1t \u0111\u1ed9ng b\u1eb1ng pin kh\u00f4, kh\u00f4ng b\u1ecb \u1ea3nh h\u01b0\u1edfng b\u1edfi c\u00e1c y\u1ebfu t\u1ed1 b\u00ean ngo\u00e0i.<br \/>\n5. C\u00f3 th\u1ec3 t\u00e1i s\u1eed d\u1ee5ng v\u00e0 gi\u00e1 c\u1ea3 ph\u1ea3i ch\u0103ng.<br \/>\n6. V\u1eadn h\u00e0nh b\u1eb1ng c\u01a1 kh\u00ed, an to\u00e0n ch\u1ed1ng ch\u00e1y n\u1ed5.<br \/>\n7. C\u00f3 th\u1ec3 d\u1eebng l\u1ea1i v\u00e0 ti\u1ebfp t\u1ee5c b\u1ea5t c\u1ee9 l\u00fac n\u00e0o khi c\u1ea7n thi\u1ebft.<br \/>\n8. H\u1ed9p \u0111\u1ef1ng trong su\u1ed1t \u0111\u1ec3 ki\u1ec3m tra dung t\u00edch c\u00f2n l\u1ea1i b\u1ea5t c\u1ee9 l\u00fac n\u00e0o.<\/p>\n<h2>\u0110\u1eb7c \u0111i\u1ec3m k\u1ef9 thu\u1eadt<\/h2>\n<p>T\u00ean: M\u00e1y b\u00f4i tr\u01a1n ch\u1ea1y b\u1eb1ng kh\u00ed SML<br \/>\nPh\u01b0\u01a1ng ph\u00e1p l\u00e1i: kh\u00ed \u0111i\u1ec7n h\u00f3a<br \/>\n\u00c1p su\u1ea5t l\u00e0m vi\u1ec7c: t\u1ed1i \u0111a 5 bar<br \/>\nTh\u1eddi gian r\u1ed7ng: 1-12 th\u00e1ng<br \/>\nL\u01b0\u1ee3ng d\u1ecbch ti\u1ebft: 0,17-4,17mL\/ng\u00e0y<br \/>\nNhi\u1ec7t \u0111\u1ed9 l\u00e0m vi\u1ec7c: -20\u2103~+55\u2103<br \/>\nCh\u1ea5t b\u00f4i tr\u01a1n: d\u1ea7u ho\u1eb7c m\u1ee1 \u2264 NLGI#2<br \/>\nM\u1ee9c \u0111\u1ed9 b\u1ea3o v\u1ec7: IP68<br \/>\nTu\u1ed5i th\u1ecd s\u1eed d\u1ee5ng: 2 n\u0103m<br \/>\nNhi\u1ec7t \u0111\u1ed9 t\u1ed3n kho: 20 \u2103\u00b1 5 \u2103<br \/>\nTr\u1ecdng l\u01b0\u1ee3ng khi \u0111\u00e3 \u0111\u1ea7y: 115g(60mL), 190g(125mL)<br \/>\nCh\u1ee9ng ch\u1ec9: Ch\u1ee9ng nh\u1eadn CE<\/p>\n<h2>\u1ee8ng d\u1ee5ng<\/h2>\n<p>V\u00f2ng bi l\u0103n: \u0110\u1ea3m b\u1ea3o v\u00f2ng bi \u0111\u01b0\u1ee3c b\u00f4i tr\u01a1n li\u00ean t\u1ee5c trong qu\u00e1 tr\u00ecnh v\u1eadn h\u00e0nh, gi\u1ea3m chi ph\u00ed hao m\u00f2n v\u00e0 b\u1ea3o tr\u00ec.<br \/>\nX\u00edch: Cung c\u1ea5p b\u00f4i tr\u01a1n li\u00ean t\u1ee5c trong qu\u00e1 tr\u00ecnh v\u1eadn h\u00e0nh x\u00edch \u0111\u1ec3 ng\u0103n ng\u1eeba h\u01b0 h\u1ecfng s\u1edbm.<br \/>\nThanh d\u1eabn h\u01b0\u1edbng v\u00e0 thanh d\u1eabn h\u01b0\u1edbng tr\u01b0\u1ee3t: Gi\u00fap thanh d\u1eabn h\u01b0\u1edbng ho\u1ea1t \u0111\u1ed9ng tr\u01a1n tru v\u00e0 gi\u1ea3m ma s\u00e1t.<br \/>\nM\u00e1y b\u01a1m v\u00e0 \u0111\u1ed9ng c\u01a1: \u0110\u1ea3m b\u1ea3o c\u00e1c th\u00e0nh ph\u1ea7n ch\u00ednh c\u1ee7a c\u00e1c thi\u1ebft b\u1ecb n\u00e0y \u0111\u01b0\u1ee3c b\u00f4i tr\u01a1n \u0111\u00fang c\u00e1ch \u0111\u1ec3 k\u00e9o d\u00e0i tu\u1ed5i th\u1ecd c\u1ee7a ch\u00fang.<br \/>\nB\u00e1nh r\u0103ng v\u00e0 tr\u1ee5c ch\u00ednh: Cung c\u1ea5p kh\u1ea3 n\u0103ng b\u00f4i tr\u01a1n ch\u00ednh x\u00e1c \u0111\u1ec3 gi\u1ea3m hao m\u00f2n v\u00e0 h\u1ecfng h\u00f3c.<br \/>\nH\u1ec7 th\u1ed1ng th\u00f4ng gi\u00f3: \u0110\u01b0\u1ee3c s\u1eed d\u1ee5ng trong thi\u1ebft b\u1ecb th\u00f4ng gi\u00f3 \u0111\u1ec3 \u0111\u1ea3m b\u1ea3o ho\u1ea1t \u0111\u1ed9ng tr\u01a1n tru<\/p>\n<h2>H\u01b0\u1edbng d\u1eabn s\u1eed d\u1ee5ng<\/h2>\n<div class=\"sdm_download_button_box_default\"><div class=\"sdm_download_link\"><a href=\"https:\/\/www.jinpinlub.com\/vi\/?sdm_process_download=1&download_id=2479\" class=\"sdm_download white\" title=\"Ri\u00eang t\u01b0: SML Single-point Lubricator\" target=\"&quot;_blank&quot;\">Xem B\u1ea3ng d\u1eef li\u1ec7u - SML Lubricator<\/a><\/div><\/div>","protected":false},"excerpt":{"rendered":"<p>Ch\u1ea5t b\u00f4i tr\u01a1n SML c\u00f3 th\u1ec3 \u0111\u01b0\u1ee3c l\u1eafp \u0111\u1eb7t \u1edf b\u1ea5t k\u1ef3 v\u1ecb tr\u00ed di \u0111\u1ed9ng, rung, d\u01b0\u1edbi n\u01b0\u1edbc, tr\u00ean cao ho\u1eb7c b\u1ecb \u00f4 nhi\u1ec5m n\u00e0o v\u00e0 c\u0169ng c\u00f3 th\u1ec3 l\u1eafp \u0111\u1eb7t ng\u01b0\u1ee3c ho\u1eb7c n\u1eb1m ngang. Ch\u1ea5t b\u00f4i tr\u01a1n n\u00e0y th\u01b0\u1eddng l\u00e0 s\u1ea3n ph\u1ea9m d\u00f9ng m\u1ed9t l\u1ea7n, nh\u01b0ng c\u00f3 th\u1ec3 n\u1ea1p l\u1ea1i t\u1edbi ba l\u1ea7n v\u00e0 d\u1ec5 d\u00e0ng v\u1ee9t b\u1ecf sau khi s\u1eed d\u1ee5ng.<\/p>","protected":false},"featured_media":3182,"template":"","meta":{"ocean_post_layout":"","ocean_both_sidebars_style":"","ocean_both_sidebars_content_width":0,"ocean_both_sidebars_sidebars_width":0,"ocean_sidebar":"0","ocean_second_sidebar":"0","ocean_disable_margins":"enable","ocean_add_body_class":"","ocean_shortcode_before_top_bar":"","ocean_shortcode_after_top_bar":"","ocean_shortcode_before_header":"","ocean_shortcode_after_header":"","ocean_has_shortcode":"","ocean_shortcode_after_title":"","ocean_shortcode_before_footer_widgets":"","ocean_shortcode_after_footer_widgets":"","ocean_shortcode_before_footer_bottom":"","ocean_shortcode_after_footer_bottom":"","ocean_display_top_bar":"default","ocean_display_header":"default","ocean_header_style":"","ocean_center_header_left_menu":"0","ocean_custom_header_template":"0","ocean_custom_logo":0,"ocean_custom_retina_logo":0,"ocean_custom_logo_max_width":0,"ocean_custom_logo_tablet_max_width":0,"ocean_custom_logo_mobile_max_width":0,"ocean_custom_logo_max_height":0,"ocean_custom_logo_tablet_max_height":0,"ocean_custom_logo_mobile_max_height":0,"ocean_header_custom_menu":"0","ocean_menu_typo_font_family":"0","ocean_menu_typo_font_subset":"","ocean_menu_typo_font_size":0,"ocean_menu_typo_font_size_tablet":0,"ocean_menu_typo_font_size_mobile":0,"ocean_menu_typo_font_size_unit":"px","ocean_menu_typo_font_weight":"","ocean_menu_typo_font_weight_tablet":"","ocean_menu_typo_font_weight_mobile":"","ocean_menu_typo_transform":"","ocean_menu_typo_transform_tablet":"","ocean_menu_typo_transform_mobile":"","ocean_menu_typo_line_height":0,"ocean_menu_typo_line_height_tablet":0,"ocean_menu_typo_line_height_mobile":0,"ocean_menu_typo_line_height_unit":"","ocean_menu_typo_spacing":0,"ocean_menu_typo_spacing_tablet":0,"ocean_menu_typo_spacing_mobile":0,"ocean_menu_typo_spacing_unit":"","ocean_menu_link_color":"","ocean_menu_link_color_hover":"","ocean_menu_link_color_active":"","ocean_menu_link_background":"","ocean_menu_link_hover_background":"","ocean_menu_link_active_background":"","ocean_menu_social_links_bg":"","ocean_menu_social_hover_links_bg":"","ocean_menu_social_links_color":"","ocean_menu_social_hover_links_color":"","ocean_disable_title":"default","ocean_disable_heading":"default","ocean_post_title":"","ocean_post_subheading":"","ocean_post_title_style":"","ocean_post_title_background_color":"","ocean_post_title_background":0,"ocean_post_title_bg_image_position":"","ocean_post_title_bg_image_attachment":"","ocean_post_title_bg_image_repeat":"","ocean_post_title_bg_image_size":"","ocean_post_title_height":0,"ocean_post_title_bg_overlay":0.5,"ocean_post_title_bg_overlay_color":"","ocean_disable_breadcrumbs":"default","ocean_breadcrumbs_color":"","ocean_breadcrumbs_separator_color":"","ocean_breadcrumbs_links_color":"","ocean_breadcrumbs_links_hover_color":"","ocean_display_footer_widgets":"default","ocean_display_footer_bottom":"default","ocean_custom_footer_template":"0","osh_disable_topbar_sticky":"default","osh_disable_header_sticky":"default","osh_sticky_header_style":"default","osh_sticky_header_effect":"","osh_custom_sticky_logo":0,"osh_custom_retina_sticky_logo":0,"osh_custom_sticky_logo_height":0,"osh_background_color":"","osh_links_color":"","osh_links_hover_color":"","osh_links_active_color":"","osh_links_bg_color":"","osh_links_hover_bg_color":"","osh_links_active_bg_color":"","osh_menu_social_links_color":"","osh_menu_social_hover_links_color":""},"product_brand":[],"product_cat":[33],"product_tag":[104,102,103],"class_list":{"0":"post-2547","1":"product","2":"type-product","3":"status-publish","4":"has-post-thumbnail","6":"product_cat-single-point-lubricators","7":"product_tag-gas-single-point-lubricator","8":"product_tag-single-point-lubrication-pump","9":"product_tag-single-point-lubricator","11":"entry","12":"has-media","14":"first","15":"instock","16":"featured","17":"shipping-taxable","18":"product-type-external","19":"col","20":"span_1_of_3","21":"owp-content-center","22":"owp-thumbs-layout-horizontal","23":"owp-btn-very-big","24":"owp-tabs-layout-horizontal"},"_links":{"self":[{"href":"https:\/\/www.jinpinlub.com\/vi\/wp-json\/wp\/v2\/product\/2547","targetHints":{"allow":["GET"]}}],"collection":[{"href":"https:\/\/www.jinpinlub.com\/vi\/wp-json\/wp\/v2\/product"}],"about":[{"href":"https:\/\/www.jinpinlub.com\/vi\/wp-json\/wp\/v2\/types\/product"}],"wp:featuredmedia":[{"embeddable":true,"href":"https:\/\/www.jinpinlub.com\/vi\/wp-json\/wp\/v2\/media\/3182"}],"wp:attachment":[{"href":"https:\/\/www.jinpinlub.com\/vi\/wp-json\/wp\/v2\/media?parent=2547"}],"wp:term":[{"taxonomy":"product_brand","embeddable":true,"href":"https:\/\/www.jinpinlub.com\/vi\/wp-json\/wp\/v2\/product_brand?post=2547"},{"taxonomy":"product_cat","embeddable":true,"href":"https:\/\/www.jinpinlub.com\/vi\/wp-json\/wp\/v2\/product_cat?post=2547"},{"taxonomy":"product_tag","embeddable":true,"href":"https:\/\/www.jinpinlub.com\/vi\/wp-json\/wp\/v2\/product_tag?post=2547"}],"curies":[{"name":"wp","href":"https:\/\/api.w.org\/{rel}","templated":true}]}}