{"id":2963,"date":"2024-07-30T19:28:39","date_gmt":"2024-07-30T19:28:39","guid":{"rendered":"https:\/\/www.jinpinlub.com\/?post_type=product&#038;p=2963"},"modified":"2024-08-02T09:34:23","modified_gmt":"2024-08-02T09:34:23","slug":"cong-tac-cam-bien-ap-suat-cong-tac-cho-bom-boi-tron-khoi-dong-dung","status":"publish","type":"product","link":"https:\/\/www.jinpinlub.com\/vi\/product\/switch-sensor-pressure-switch-for-lubrication-pump-start-stop\/","title":{"rendered":"C\u00f4ng t\u1eafc c\u1ea3m bi\u1ebfn \u00e1p su\u1ea5t cho b\u01a1m b\u00f4i tr\u01a1n b\u1eaft \u0111\u1ea7u d\u1eebng"},"content":{"rendered":"<h2>\u0110\u1eb7c tr\u01b0ng<\/h2>\n<p>C\u1ea3m bi\u1ebfn \u00e1p su\u1ea5t b\u01a1m b\u00f4i tr\u01a1n l\u00e0 thi\u1ebft b\u1ecb d\u00f9ng \u0111\u1ec3 gi\u00e1m s\u00e1t v\u00e0 ki\u1ec3m so\u00e1t \u00e1p su\u1ea5t trong h\u1ec7 th\u1ed1ng b\u01a1m b\u00f4i tr\u01a1n. C\u1ea3m bi\u1ebfn n\u00e0y c\u1ea3m nh\u1eadn nh\u1eefng thay \u0111\u1ed5i \u00e1p su\u1ea5t trong h\u1ec7 th\u1ed1ng b\u01a1m b\u00f4i tr\u01a1n v\u00e0 chuy\u1ec3n \u0111\u1ed5i nh\u1eefng thay \u0111\u1ed5i n\u00e0y th\u00e0nh t\u00edn hi\u1ec7u \u0111i\u1ec7n \u0111\u1ec3 h\u1ec7 th\u1ed1ng \u0111i\u1ec1u khi\u1ec3n c\u00f3 th\u1ec3 th\u1ef1c hi\u1ec7n c\u00e1c \u0111i\u1ec1u ch\u1ec9nh t\u01b0\u01a1ng \u1ee9ng d\u1ef1a tr\u00ean c\u00e1c t\u00edn hi\u1ec7u n\u00e0y \u0111\u1ec3 \u0111\u1ea3m b\u1ea3o h\u1ec7 th\u1ed1ng ho\u1ea1t \u0111\u1ed9ng b\u00ecnh th\u01b0\u1eddng.<\/p>\n<h2>\u0110\u1eb7c \u0111i\u1ec3m k\u1ef9 thu\u1eadt<\/h2>\n<table>\n<tbody>\n<tr>\n<td>Ng\u01b0\u1eddi m\u1eabu<\/td>\n<td>Li\u00ean h\u1ec7<\/td>\n<td>Tr\u00ean \u00e1p l\u1ef1c<\/td>\n<td>T\u1eaft \u00e1p su\u1ea5t<\/td>\n<td>Ch\u1ee7 \u0111\u1ec1<\/td>\n<\/tr>\n<tr>\n<td>PS0120808<\/td>\n<td>KH\u00d4NG<\/td>\n<td>1,2 thanh<\/td>\n<td>0,8 thanh<\/td>\n<td>M8x1.0<\/td>\n<\/tr>\n<tr>\n<td>PS030808<\/td>\n<td>KH\u00d4NG<\/td>\n<td>3 thanh<\/td>\n<td>1 thanh<\/td>\n<td>M8x1.0<\/td>\n<\/tr>\n<tr>\n<td>PS100808<\/td>\n<td>KH\u00d4NG<\/td>\n<td>10 thanh<\/td>\n<td>5 thanh<\/td>\n<td>M8x1.0<\/td>\n<\/tr>\n<tr>\n<td>PS171208<\/td>\n<td>KH\u00d4NG<\/td>\n<td>17 thanh<\/td>\n<td>12 thanh<\/td>\n<td>M8x1.0<\/td>\n<\/tr>\n<tr>\n<td>PS302510<\/td>\n<td>KH\u00d4NG<\/td>\n<td>30 thanh<\/td>\n<td>25 thanh<\/td>\n<td>M10x1.0<\/td>\n<\/tr>\n<tr>\n<td>PS554010<\/td>\n<td>KH\u00d4NG<\/td>\n<td>55 thanh<\/td>\n<td>40 thanh<\/td>\n<td>M10x1.0<\/td>\n<\/tr>\n<tr>\n<td>PC051008<\/td>\n<td>NC<\/td>\n<td>5 thanh<\/td>\n<td>10 thanh<\/td>\n<td>M8x1.0<\/td>\n<\/tr>\n<tr>\n<td>PC081208<\/td>\n<td>NC<\/td>\n<td>0,8 thanh<\/td>\n<td>1,2 thanh<\/td>\n<td>M8x1.0<\/td>\n<\/tr>\n<tr>\n<td>P3040<\/td>\n<td>KH\u00d4NG<\/td>\n<td>40 thanh<\/td>\n<td>30 thanh<\/td>\n<td>M10x1.0<\/td>\n<\/tr>\n<tr>\n<td>PC121708<\/td>\n<td>NC<\/td>\n<td>17 thanh<\/td>\n<td>12 thanh<\/td>\n<td>M8x1.0<\/td>\n<\/tr>\n<\/tbody>\n<\/table>\n<h2>Nguy\u00ean t\u1eafc<\/h2>\n<p>C\u00f4ng t\u1eafc \u00e1p su\u1ea5t d\u1ef1a tr\u00ean nguy\u00ean l\u00fd l\u00f2 xo \u0111\u01b0\u1ee3c t\u1ea3i tr\u01b0\u1edbc v\u00e0 s\u1eed d\u1ee5ng m\u00e0ng ng\u0103n ho\u1eb7c piston l\u00e0m b\u1ed9 ph\u1eadn \u0111o \u00e1p su\u1ea5t. Khi \u00e1p su\u1ea5t trong h\u1ec7 th\u1ed1ng cao h\u01a1n ho\u1eb7c th\u1ea5p h\u01a1n \u00e1p su\u1ea5t an to\u00e0n \u0111\u1ecbnh m\u1ee9c, \u0111\u0129a trong c\u1ea3m bi\u1ebfn s\u1ebd di chuy\u1ec3n ngay l\u1eadp t\u1ee9c, \u0111\u1ea9y \u0111\u1ea7u n\u1ed1i c\u00f4ng t\u1eafc b\u1eadt ho\u1eb7c t\u1eaft th\u00f4ng qua thanh d\u1eabn h\u01b0\u1edbng k\u1ebft n\u1ed1i.<\/p>\n<h2>H\u01b0\u1edbng d\u1eabn s\u1eed d\u1ee5ng<\/h2>\n<div class=\"sdm_download_button_box_default\"><div class=\"sdm_download_link\"><a href=\"https:\/\/www.jinpinlub.com\/vi\/?sdm_process_download=1&download_id=2964\" class=\"sdm_download white\" title=\"Ri\u00eang t\u01b0: Pressure Switch\" target=\"&quot;_blank&quot;\">Xem B\u1ea3ng d\u1eef li\u1ec7u - C\u00f4ng t\u1eafc \u00e1p su\u1ea5t<\/a><\/div><\/div>","protected":false},"excerpt":{"rendered":"<p>C\u00f4ng t\u1eafc \u00e1p su\u1ea5t \u0111\u01b0\u1ee3c l\u1eafp tr\u00ean \u0111\u01b0\u1eddng \u1ed1ng h\u1ec7 th\u1ed1ng b\u00f4i tr\u01a1n \u0111\u1ec3 theo d\u00f5i \u00e1p su\u1ea5t c\u1ee7a h\u1ec7 th\u1ed1ng b\u00f4i tr\u01a1n. Khi \u00e1p su\u1ea5t th\u1ea5p h\u01a1n ho\u1eb7c cao h\u01a1n gi\u00e1 tr\u1ecb c\u00e0i \u0111\u1eb7t, c\u00f4ng t\u1eafc \u00e1p su\u1ea5t s\u1ebd k\u00edch ho\u1ea1t h\u00e0nh \u0111\u1ed9ng t\u01b0\u01a1ng \u1ee9ng, ch\u1eb3ng h\u1ea1n nh\u01b0 kh\u1edfi \u0111\u1ed9ng m\u00e1y b\u01a1m ho\u1eb7c g\u1eedi t\u00edn hi\u1ec7u b\u00e1o \u0111\u1ed9ng.<\/p>","protected":false},"featured_media":2979,"template":"","meta":{"ocean_post_layout":"","ocean_both_sidebars_style":"","ocean_both_sidebars_content_width":0,"ocean_both_sidebars_sidebars_width":0,"ocean_sidebar":"0","ocean_second_sidebar":"0","ocean_disable_margins":"enable","ocean_add_body_class":"","ocean_shortcode_before_top_bar":"","ocean_shortcode_after_top_bar":"","ocean_shortcode_before_header":"","ocean_shortcode_after_header":"","ocean_has_shortcode":"","ocean_shortcode_after_title":"","ocean_shortcode_before_footer_widgets":"","ocean_shortcode_after_footer_widgets":"","ocean_shortcode_before_footer_bottom":"","ocean_shortcode_after_footer_bottom":"","ocean_display_top_bar":"default","ocean_display_header":"default","ocean_header_style":"","ocean_center_header_left_menu":"0","ocean_custom_header_template":"0","ocean_custom_logo":0,"ocean_custom_retina_logo":0,"ocean_custom_logo_max_width":0,"ocean_custom_logo_tablet_max_width":0,"ocean_custom_logo_mobile_max_width":0,"ocean_custom_logo_max_height":0,"ocean_custom_logo_tablet_max_height":0,"ocean_custom_logo_mobile_max_height":0,"ocean_header_custom_menu":"0","ocean_menu_typo_font_family":"0","ocean_menu_typo_font_subset":"","ocean_menu_typo_font_size":0,"ocean_menu_typo_font_size_tablet":0,"ocean_menu_typo_font_size_mobile":0,"ocean_menu_typo_font_size_unit":"px","ocean_menu_typo_font_weight":"","ocean_menu_typo_font_weight_tablet":"","ocean_menu_typo_font_weight_mobile":"","ocean_menu_typo_transform":"","ocean_menu_typo_transform_tablet":"","ocean_menu_typo_transform_mobile":"","ocean_menu_typo_line_height":0,"ocean_menu_typo_line_height_tablet":0,"ocean_menu_typo_line_height_mobile":0,"ocean_menu_typo_line_height_unit":"","ocean_menu_typo_spacing":0,"ocean_menu_typo_spacing_tablet":0,"ocean_menu_typo_spacing_mobile":0,"ocean_menu_typo_spacing_unit":"","ocean_menu_link_color":"","ocean_menu_link_color_hover":"","ocean_menu_link_color_active":"","ocean_menu_link_background":"","ocean_menu_link_hover_background":"","ocean_menu_link_active_background":"","ocean_menu_social_links_bg":"","ocean_menu_social_hover_links_bg":"","ocean_menu_social_links_color":"","ocean_menu_social_hover_links_color":"","ocean_disable_title":"default","ocean_disable_heading":"default","ocean_post_title":"","ocean_post_subheading":"","ocean_post_title_style":"","ocean_post_title_background_color":"","ocean_post_title_background":0,"ocean_post_title_bg_image_position":"","ocean_post_title_bg_image_attachment":"","ocean_post_title_bg_image_repeat":"","ocean_post_title_bg_image_size":"","ocean_post_title_height":0,"ocean_post_title_bg_overlay":0.5,"ocean_post_title_bg_overlay_color":"","ocean_disable_breadcrumbs":"default","ocean_breadcrumbs_color":"","ocean_breadcrumbs_separator_color":"","ocean_breadcrumbs_links_color":"","ocean_breadcrumbs_links_hover_color":"","ocean_display_footer_widgets":"default","ocean_display_footer_bottom":"default","ocean_custom_footer_template":"0","osh_disable_topbar_sticky":"default","osh_disable_header_sticky":"default","osh_sticky_header_style":"default","osh_sticky_header_effect":"","osh_custom_sticky_logo":0,"osh_custom_retina_sticky_logo":0,"osh_custom_sticky_logo_height":0,"osh_background_color":"","osh_links_color":"","osh_links_hover_color":"","osh_links_active_color":"","osh_links_bg_color":"","osh_links_hover_bg_color":"","osh_links_active_bg_color":"","osh_menu_social_links_color":"","osh_menu_social_hover_links_color":""},"product_brand":[],"product_cat":[31],"product_tag":[107,106,105],"class_list":{"0":"post-2963","1":"product","2":"type-product","3":"status-publish","4":"has-post-thumbnail","6":"product_cat-lube-system-accessories","7":"product_tag-lubrication-pump-pressure-switch","8":"product_tag-pressure-sensors","9":"product_tag-pressure-switch","11":"entry","12":"has-media","14":"first","15":"instock","16":"shipping-taxable","17":"product-type-external","18":"col","19":"span_1_of_3","20":"owp-content-center","21":"owp-thumbs-layout-horizontal","22":"owp-btn-very-big","23":"owp-tabs-layout-horizontal"},"_links":{"self":[{"href":"https:\/\/www.jinpinlub.com\/vi\/wp-json\/wp\/v2\/product\/2963","targetHints":{"allow":["GET"]}}],"collection":[{"href":"https:\/\/www.jinpinlub.com\/vi\/wp-json\/wp\/v2\/product"}],"about":[{"href":"https:\/\/www.jinpinlub.com\/vi\/wp-json\/wp\/v2\/types\/product"}],"wp:featuredmedia":[{"embeddable":true,"href":"https:\/\/www.jinpinlub.com\/vi\/wp-json\/wp\/v2\/media\/2979"}],"wp:attachment":[{"href":"https:\/\/www.jinpinlub.com\/vi\/wp-json\/wp\/v2\/media?parent=2963"}],"wp:term":[{"taxonomy":"product_brand","embeddable":true,"href":"https:\/\/www.jinpinlub.com\/vi\/wp-json\/wp\/v2\/product_brand?post=2963"},{"taxonomy":"product_cat","embeddable":true,"href":"https:\/\/www.jinpinlub.com\/vi\/wp-json\/wp\/v2\/product_cat?post=2963"},{"taxonomy":"product_tag","embeddable":true,"href":"https:\/\/www.jinpinlub.com\/vi\/wp-json\/wp\/v2\/product_tag?post=2963"}],"curies":[{"name":"wp","href":"https:\/\/api.w.org\/{rel}","templated":true}]}}