{"id":2989,"date":"2024-08-05T18:32:14","date_gmt":"2024-08-05T18:32:14","guid":{"rendered":"https:\/\/www.jinpinlub.com\/?post_type=product&#038;p=2989"},"modified":"2024-08-29T05:35:45","modified_gmt":"2024-08-28T21:35:45","slug":"bom-banh-rang-boi-tron-dau-dien-tro-jdl1-co-cam-bien","status":"publish","type":"product","link":"https:\/\/www.jinpinlub.com\/vi\/product\/jdl1-electric-resistance-oil-lubrication-gear-pump-with-sensor\/","title":{"rendered":"B\u01a1m b\u00e1nh r\u0103ng b\u00f4i tr\u01a1n d\u1ea7u \u0111i\u1ec7n tr\u1edf JDL1 c\u00f3 c\u1ea3m bi\u1ebfn"},"content":{"rendered":"<h2>\u0110\u1eb7c tr\u01b0ng<\/h2>\n<p>1. Hai ch\u1ebf \u0111\u1ed9 h\u00e0nh \u0111\u1ed9ng:<br \/>\n\u2460 B\u00f4i tr\u01a1n: th\u1eddi gian b\u00f4i tr\u01a1n \u0111\u01b0\u1ee3c th\u1ef1c hi\u1ec7n \u0111\u1ea7u ti\u00ean khi kh\u1edfi \u0111\u1ed9ng.<br \/>\n\u2461 B\u1ed9 nh\u1edb: ti\u1ebfp t\u1ee5c th\u1ef1c hi\u1ec7n kho\u1ea3ng th\u1eddi gian ch\u01b0a ho\u00e0n th\u00e0nh khi b\u1eaft \u0111\u1ea7u.<br \/>\n2. C\u00f4ng t\u1eafc \u00e1p su\u1ea5t c\u00f3 th\u1ec3 ph\u00e1t hi\u1ec7n h\u01b0 h\u1ecfng \u1edf m\u1ea1ch d\u1ea7u.<br \/>\n3. C\u00f4ng t\u1eafc phao c\u00f3 th\u1ec3 ph\u00e1t hi\u1ec7n m\u1ee9c d\u1ea7u v\u00e0 g\u1eedi t\u00edn hi\u1ec7u.<br \/>\n4. \u0110\u1ed3ng h\u1ed3 \u0111o \u00e1p su\u1ea5t c\u00f3 th\u1ec3 ph\u00e1t hi\u1ec7n \u00e1p su\u1ea5t m\u1ea1ch d\u1ea7u.<br \/>\n5. C\u00f3 th\u1ec3 c\u00e0i \u0111\u1eb7t b\u1ed9 h\u1eb9n gi\u1edd v\u00e0 c\u00f3 ch\u1ee9c n\u0103ng t\u1ef1 kh\u00f3a, th\u1eddi gian LUB: 1-999 gi\u00e2y (ph\u00fat), th\u1eddi gian ng\u1eaft qu\u00e3ng: 1-999 ph\u00fat (gi\u00e2y\/gi\u1edd\/chu k\u1ef3).<br \/>\n6. B\u1ea3ng ch\u1ec9 b\u00e1o hi\u1ec3n th\u1ecb tr\u1ea1ng th\u00e1i b\u00f4i tr\u01a1n v\u00e0 chu k\u1ef3 c\u1ee7a m\u00e1y b\u01a1m.<br \/>\n7. N\u00fat \u201cRST\u201d c\u00f3 th\u1ec3 \u00e9p b\u00f4i tr\u01a1n ho\u1eb7c lo\u1ea1i b\u1ecf c\u00e1c t\u00edn hi\u1ec7u b\u1ea5t th\u01b0\u1eddng.<br \/>\n8. Th\u1eddi gian b\u00f4i tr\u01a1n ph\u1ea3i \u00edt h\u01a1n 2 ph\u00fat, th\u1eddi gian gi\u00e3n c\u00e1ch ph\u1ea3i l\u1edbn h\u01a1n 5 l\u1ea7n th\u1eddi gian b\u00f4i tr\u01a1n \u0111\u1ec3 tr\u00e1nh k\u00edch ho\u1ea1t thi\u1ebft b\u1ecb b\u1ea3o v\u1ec7 nhi\u1ec7t \u0111\u1ed9 cao.<\/p>\n<h2>\u0110\u1eb7c \u0111i\u1ec3m k\u1ef9 thu\u1eadt<\/h2>\n<table>\n<tbody>\n<tr>\n<td>Ng\u01b0\u1eddi m\u1eabu<\/td>\n<td>JDL1<\/td>\n<\/tr>\n<tr>\n<td>Th\u1eddi gian b\u00f4i tr\u01a1n<\/td>\n<td>1-999 ph\u00fat<\/td>\n<\/tr>\n<tr>\n<td>Kho\u1ea3ng th\u1eddi gian<\/td>\n<td>1-999 ph\u00fat<\/td>\n<\/tr>\n<tr>\n<td>Nhi\u1ec7t \u0111\u1ed9 ho\u1ea1t \u0111\u1ed9ng<\/td>\n<td>0~+50\u00b0C<\/td>\n<\/tr>\n<tr>\n<td>S\u1ed1 l\u01b0\u1ee3ng c\u1eeda h\u00e0ng<\/td>\n<td>1<\/td>\n<\/tr>\n<tr>\n<td>S\u1ee9c ch\u1ee9a h\u1ed3 ch\u1ee9a<\/td>\n<td>2L, 3L, 4L, 8L<\/td>\n<\/tr>\n<tr>\n<td>N\u1ea1p l\u1ea1i<\/td>\n<td>T\u1eeb tr\u00ean xu\u1ed1ng<\/td>\n<\/tr>\n<tr>\n<td>Ch\u1ea5t b\u00f4i tr\u01a1n<\/td>\n<td>32-68cSt@40\u2103<\/td>\n<\/tr>\n<tr>\n<td>C\u00f4ng su\u1ea5t \u0111\u1ed9ng c\u01a1<\/td>\n<td>30W<\/td>\n<\/tr>\n<tr>\n<td>Ph\u00f3ng \u0111i\u1ec7n<\/td>\n<td>150mL\/ph\u00fat<\/td>\n<\/tr>\n<tr>\n<td>\u00c1p su\u1ea5t v\u1eadn h\u00e0nh t\u1ed1i \u0111a<\/td>\n<td>1,5MPa<\/td>\n<\/tr>\n<tr>\n<td>Ch\u1ee7 \u0111\u1ec1 k\u1ebft n\u1ed1i<\/td>\n<td>\u0110\u1ea7u ra \u03a66<\/td>\n<\/tr>\n<tr>\n<td>\u0110i\u1ec7n \u00e1p ho\u1ea1t \u0111\u1ed9ng<\/td>\n<td>110VAC, 220VAC<\/td>\n<\/tr>\n<tr>\n<td>Ch\u1ee9ng nh\u1eadn<\/td>\n<td>Ti\u00eau chu\u1ea9n<\/td>\n<\/tr>\n<tr>\n<td>C\u00f4ng t\u1eafc m\u1ee9c th\u1ea5p<\/td>\n<td>Li\u00ean h\u1ec7 NC<\/td>\n<\/tr>\n<\/tbody>\n<\/table>\n<h2>\u1ee8ng d\u1ee5ng<\/h2>\n<p>1. B\u00f4i tr\u01a1n \u1ed5 tr\u1ee5c: \u0111\u1eb7c bi\u1ec7t l\u00e0 \u1ed5 tr\u1ee5c tr\u1ee5c ch\u00ednh ch\u1ea1y b\u1eb1ng \u0111i\u1ec7n t\u1ed1c \u0111\u1ed9 cao.<br \/>\n2. B\u00f4i tr\u01a1n m\u00e1y truy\u1ec1n \u0111\u1ed9ng: th\u00edch h\u1ee3p cho b\u1ed9 ph\u1eadn truy\u1ec1n \u0111\u1ed9ng c\u1ee7a nhi\u1ec1u thi\u1ebft b\u1ecb c\u01a1 kh\u00ed.<br \/>\n3. B\u00f4i tr\u01a1n thanh ray v\u00e0 gi\u00e1 \u0111\u1ee1 tr\u01b0\u1ee3t: \u0111\u1ea3m b\u1ea3o ho\u1ea1t \u0111\u1ed9ng tr\u01a1n tru c\u1ee7a thi\u1ebft b\u1ecb c\u01a1 kh\u00ed.<br \/>\n4. B\u00f4i tr\u01a1n trong su\u1ed1t qu\u00e1 tr\u00ecnh g\u1eb7p g\u1ee1 v\u00e0 x\u1eed l\u00fd: n\u00e2ng cao hi\u1ec7u su\u1ea5t s\u1ea3n xu\u1ea5t v\u00e0 tu\u1ed5i th\u1ecd c\u1ee7a thi\u1ebft b\u1ecb.<br \/>\n5. B\u00e1nh r\u0103ng, ray d\u1eabn h\u01b0\u1edbng, x\u00edch v\u00e0 nhi\u1ec1u lo\u1ea1i kh\u00e1c. C\u1ee7a m\u00e1y c\u00f4ng c\u1ee5 CNC, m\u00e1y ti\u1ec7n, m\u00e1y d\u1ec7t, thang m\u00e1y v\u00e0 m\u00e1y ch\u1ebf bi\u1ebfn g\u1ed7.<br \/>\n6. Thi\u1ebft b\u1ecb b\u00f4i tr\u01a1n t\u1eadp trung cho c\u00e1c thi\u1ebft b\u1ecb t\u1ef1 \u0111\u1ed9ng h\u00f3a nh\u01b0 m\u00e1y \u00e9p phun, m\u00e1y \u0111\u00fac khu\u00f4n, m\u00e1y cao su v\u00e0 c\u00e1c c\u00f4ng c\u1ee5 ti\u1ec7n \u00edch CNC.<\/p>\n<h2>H\u01b0\u1edbng d\u1eabn s\u1eed d\u1ee5ng<\/h2>\n<div class=\"sdm_download_button_box_default\"><div class=\"sdm_download_link\"><a href=\"https:\/\/www.jinpinlub.com\/vi\/?sdm_process_download=1&download_id=3000\" class=\"sdm_download white\" title=\"Ri\u00eang t\u01b0: JDL1 Resistance Pump\" target=\"&quot;_blank&quot;\">Xem B\u1ea3ng d\u1eef li\u1ec7u - B\u01a1m JDL1<\/a><\/div><\/div>","protected":false},"excerpt":{"rendered":"<p>B\u01a1m b\u00f4i tr\u01a1n \u0111i\u1ec7n tr\u1edf JDL1 \u0111\u01b0\u1ee3c d\u1eabn \u0111\u1ed9ng b\u1eb1ng \u0111\u1ed9ng c\u01a1 \u0111i\u1ec7n \u0111\u1ec3 \u0111\u1ea1t \u0111\u01b0\u1ee3c l\u1ef1c h\u00fat v\u00e0 ph\u00e2n ph\u1ed1i d\u1ea7u. Thi\u1ebft k\u1ebf c\u1ee7a b\u01a1m b\u00e1nh r\u0103ng cho ph\u00e9p cung c\u1ea5p \u00e1p su\u1ea5t v\u00e0 l\u01b0u l\u01b0\u1ee3ng \u0111\u1ea7u ra \u1ed5n \u0111\u1ecbnh, ph\u00f9 h\u1ee3p v\u1edbi nh\u1eefng tr\u01b0\u1eddng h\u1ee3p c\u1ea7n b\u00f4i tr\u01a1n theo th\u1eddi gian v\u00e0 \u0111\u1ecbnh l\u01b0\u1ee3ng.<\/p>","protected":false},"featured_media":2994,"template":"","meta":{"ocean_post_layout":"","ocean_both_sidebars_style":"","ocean_both_sidebars_content_width":0,"ocean_both_sidebars_sidebars_width":0,"ocean_sidebar":"0","ocean_second_sidebar":"0","ocean_disable_margins":"enable","ocean_add_body_class":"","ocean_shortcode_before_top_bar":"","ocean_shortcode_after_top_bar":"","ocean_shortcode_before_header":"","ocean_shortcode_after_header":"","ocean_has_shortcode":"","ocean_shortcode_after_title":"","ocean_shortcode_before_footer_widgets":"","ocean_shortcode_after_footer_widgets":"","ocean_shortcode_before_footer_bottom":"","ocean_shortcode_after_footer_bottom":"","ocean_display_top_bar":"default","ocean_display_header":"default","ocean_header_style":"","ocean_center_header_left_menu":"0","ocean_custom_header_template":"0","ocean_custom_logo":0,"ocean_custom_retina_logo":0,"ocean_custom_logo_max_width":0,"ocean_custom_logo_tablet_max_width":0,"ocean_custom_logo_mobile_max_width":0,"ocean_custom_logo_max_height":0,"ocean_custom_logo_tablet_max_height":0,"ocean_custom_logo_mobile_max_height":0,"ocean_header_custom_menu":"0","ocean_menu_typo_font_family":"0","ocean_menu_typo_font_subset":"","ocean_menu_typo_font_size":0,"ocean_menu_typo_font_size_tablet":0,"ocean_menu_typo_font_size_mobile":0,"ocean_menu_typo_font_size_unit":"px","ocean_menu_typo_font_weight":"","ocean_menu_typo_font_weight_tablet":"","ocean_menu_typo_font_weight_mobile":"","ocean_menu_typo_transform":"","ocean_menu_typo_transform_tablet":"","ocean_menu_typo_transform_mobile":"","ocean_menu_typo_line_height":0,"ocean_menu_typo_line_height_tablet":0,"ocean_menu_typo_line_height_mobile":0,"ocean_menu_typo_line_height_unit":"","ocean_menu_typo_spacing":0,"ocean_menu_typo_spacing_tablet":0,"ocean_menu_typo_spacing_mobile":0,"ocean_menu_typo_spacing_unit":"","ocean_menu_link_color":"","ocean_menu_link_color_hover":"","ocean_menu_link_color_active":"","ocean_menu_link_background":"","ocean_menu_link_hover_background":"","ocean_menu_link_active_background":"","ocean_menu_social_links_bg":"","ocean_menu_social_hover_links_bg":"","ocean_menu_social_links_color":"","ocean_menu_social_hover_links_color":"","ocean_disable_title":"default","ocean_disable_heading":"default","ocean_post_title":"","ocean_post_subheading":"","ocean_post_title_style":"","ocean_post_title_background_color":"","ocean_post_title_background":0,"ocean_post_title_bg_image_position":"","ocean_post_title_bg_image_attachment":"","ocean_post_title_bg_image_repeat":"","ocean_post_title_bg_image_size":"","ocean_post_title_height":0,"ocean_post_title_bg_overlay":0.5,"ocean_post_title_bg_overlay_color":"","ocean_disable_breadcrumbs":"default","ocean_breadcrumbs_color":"","ocean_breadcrumbs_separator_color":"","ocean_breadcrumbs_links_color":"","ocean_breadcrumbs_links_hover_color":"","ocean_display_footer_widgets":"default","ocean_display_footer_bottom":"default","ocean_custom_footer_template":"0","osh_disable_topbar_sticky":"default","osh_disable_header_sticky":"default","osh_sticky_header_style":"default","osh_sticky_header_effect":"","osh_custom_sticky_logo":0,"osh_custom_retina_sticky_logo":0,"osh_custom_sticky_logo_height":0,"osh_background_color":"","osh_links_color":"","osh_links_hover_color":"","osh_links_active_color":"","osh_links_bg_color":"","osh_links_hover_bg_color":"","osh_links_active_bg_color":"","osh_menu_social_links_color":"","osh_menu_social_hover_links_color":""},"product_brand":[],"product_cat":[51,50],"product_tag":[109,108,110],"class_list":{"0":"post-2989","1":"product","2":"type-product","3":"status-publish","4":"has-post-thumbnail","6":"product_cat-electric-resistance-pumps","7":"product_cat-resistance-thin-oil-systems","8":"product_tag-electric-gear-pump","9":"product_tag-resistance-lubrication-pump","10":"product_tag-resistance-lubrication-system","12":"entry","13":"has-media","15":"first","16":"instock","17":"featured","18":"shipping-taxable","19":"product-type-external","20":"col","21":"span_1_of_3","22":"owp-content-center","23":"owp-thumbs-layout-horizontal","24":"owp-btn-very-big","25":"owp-tabs-layout-horizontal"},"_links":{"self":[{"href":"https:\/\/www.jinpinlub.com\/vi\/wp-json\/wp\/v2\/product\/2989","targetHints":{"allow":["GET"]}}],"collection":[{"href":"https:\/\/www.jinpinlub.com\/vi\/wp-json\/wp\/v2\/product"}],"about":[{"href":"https:\/\/www.jinpinlub.com\/vi\/wp-json\/wp\/v2\/types\/product"}],"wp:featuredmedia":[{"embeddable":true,"href":"https:\/\/www.jinpinlub.com\/vi\/wp-json\/wp\/v2\/media\/2994"}],"wp:attachment":[{"href":"https:\/\/www.jinpinlub.com\/vi\/wp-json\/wp\/v2\/media?parent=2989"}],"wp:term":[{"taxonomy":"product_brand","embeddable":true,"href":"https:\/\/www.jinpinlub.com\/vi\/wp-json\/wp\/v2\/product_brand?post=2989"},{"taxonomy":"product_cat","embeddable":true,"href":"https:\/\/www.jinpinlub.com\/vi\/wp-json\/wp\/v2\/product_cat?post=2989"},{"taxonomy":"product_tag","embeddable":true,"href":"https:\/\/www.jinpinlub.com\/vi\/wp-json\/wp\/v2\/product_tag?post=2989"}],"curies":[{"name":"wp","href":"https:\/\/api.w.org\/{rel}","templated":true}]}}