{"id":3009,"date":"2024-08-06T08:05:14","date_gmt":"2024-08-06T08:05:14","guid":{"rendered":"https:\/\/www.jinpinlub.com\/?post_type=product&#038;p=3009"},"modified":"2024-08-29T05:36:12","modified_gmt":"2024-08-28T21:36:12","slug":"bom-dau-boi-tron-banh-rang-dien-tro-jdl2-co-dong-co","status":"publish","type":"product","link":"https:\/\/www.jinpinlub.com\/vi\/product\/jdl2-electric-resistance-gear-lubrication-oil-pump-with-motor\/","title":{"rendered":"B\u01a1m d\u1ea7u b\u00f4i tr\u01a1n b\u00e1nh r\u0103ng \u0111i\u1ec7n tr\u1edf JDL2 c\u00f3 \u0111\u1ed9ng c\u01a1"},"content":{"rendered":"<h2>\u0110\u1eb7c tr\u01b0ng<\/h2>\n<p>1. Th\u1eddi gian b\u00f4i tr\u01a1n v\u00e0 kho\u1ea3ng c\u00e1ch \u0111\u01b0\u1ee3c ki\u1ec3m so\u00e1t b\u1edfi PLC ch\u1ee7.<br \/>\n2. C\u00f3 th\u1ec3 l\u1eafp c\u00f4ng t\u1eafc \u00e1p su\u1ea5t \u0111\u1ec3 ph\u00e1t hi\u1ec7n xem m\u1ea1ch d\u1ea7u c\u00f3 b\u1ecb h\u1ecfng hay kh\u00f4ng.<br \/>\n3. C\u00f3 g\u1eafn c\u00f4ng t\u1eafc n\u1ed5i \u0111\u1ec3 ph\u00e1t hi\u1ec7n m\u1ee9c ch\u1ea5t l\u1ecfng v\u00e0 t\u1ef1 \u0111\u1ed9ng g\u1eedi t\u00edn hi\u1ec7u.<br \/>\n4. \u0110\u1ed3ng h\u1ed3 \u0111o \u00e1p su\u1ea5t \u0111\u01b0\u1ee3c g\u1eafn v\u00e0o \u0111\u1ec3 ph\u00e1t hi\u1ec7n \u00e1p su\u1ea5t ho\u1ea1t \u0111\u1ed9ng c\u1ee7a b\u01a1m d\u1ea7u.<br \/>\n5. G\u1eafn kh\u00f3a cung c\u1ea5p d\u1ea7u c\u01b0\u1ee1ng b\u1ee9c \u0111\u1ec3 b\u00f4i tr\u01a1n li\u00ean t\u1ee5c trong th\u1eddi gian d\u01b0\u1edbi 3 ph\u00fat nh\u1eb1m tr\u00e1nh qu\u00e1 t\u1ea3i \u0111\u1ed9ng c\u01a1.<br \/>\n6. Nhi\u1ec7t \u0111\u1ed9 cao c\u1ee7a \u0111\u1ed9ng c\u01a1 s\u1ebd k\u00edch ho\u1ea1t thi\u1ebft b\u1ecb b\u1ea3o v\u1ec7 ki\u1ec3m so\u00e1t nhi\u1ec7t \u0111\u1ed9 v\u00e0 s\u1ebd t\u1eaft trong kho\u1ea3ng 10 ph\u00fat.<br \/>\n7. C\u00f3 th\u1ec3 th\u00eam b\u1ed9 kh\u1eed tia l\u1eeda \u0111\u1ec3 ng\u0103n ch\u1eb7n s\u1ef1 can thi\u1ec7p c\u1ee7a \u0111i\u1ec7n \u00e1p v\u00e0 tia l\u1eeda tr\u00ean PLC.<br \/>\n8. Van tr\u00e0n \u0111\u01b0\u1ee3c cung c\u1ea5p \u0111\u1ec3 ng\u0103n ch\u1eb7n b\u01a1m b\u00f4i tr\u01a1n v\u00e0 \u0111\u01b0\u1eddng \u1ed1ng b\u1ecb \u00e1p su\u1ea5t qu\u00e1 m\u1ee9c.<\/p>\n<h2>\u0110\u1eb7c \u0111i\u1ec3m k\u1ef9 thu\u1eadt<\/h2>\n<table>\n<tbody>\n<tr>\n<td>Ng\u01b0\u1eddi m\u1eabu<\/td>\n<td>JDL2<\/td>\n<\/tr>\n<tr>\n<td>B\u1ed9 \u0111\u1ebfm th\u1eddi gian<\/td>\n<td>B\u1ed9 \u0111i\u1ec1u khi\u1ec3n PLC<\/td>\n<\/tr>\n<tr>\n<td>Nhi\u1ec7t \u0111\u1ed9 ho\u1ea1t \u0111\u1ed9ng<\/td>\n<td>0~+50\u00b0C<\/td>\n<\/tr>\n<tr>\n<td>S\u1ed1 l\u01b0\u1ee3ng c\u1eeda h\u00e0ng<\/td>\n<td>1<\/td>\n<\/tr>\n<tr>\n<td>S\u1ee9c ch\u1ee9a h\u1ed3 ch\u1ee9a<\/td>\n<td>2L, 3L, 4L, 8L<\/td>\n<\/tr>\n<tr>\n<td>N\u1ea1p l\u1ea1i<\/td>\n<td>T\u1eeb tr\u00ean xu\u1ed1ng<\/td>\n<\/tr>\n<tr>\n<td>Ch\u1ea5t b\u00f4i tr\u01a1n<\/td>\n<td>32-68cSt@40\u2103<\/td>\n<\/tr>\n<tr>\n<td>C\u00f4ng su\u1ea5t \u0111\u1ed9ng c\u01a1<\/td>\n<td>30W<\/td>\n<\/tr>\n<tr>\n<td>Ph\u00f3ng \u0111i\u1ec7n<\/td>\n<td>150mL\/ph\u00fat<\/td>\n<\/tr>\n<tr>\n<td>\u00c1p su\u1ea5t v\u1eadn h\u00e0nh t\u1ed1i \u0111a<\/td>\n<td>1,5MPa<\/td>\n<\/tr>\n<tr>\n<td>Ch\u1ee7 \u0111\u1ec1 k\u1ebft n\u1ed1i<\/td>\n<td>\u0110\u1ea7u ra \u03a66<\/td>\n<\/tr>\n<tr>\n<td>\u0110i\u1ec7n \u00e1p ho\u1ea1t \u0111\u1ed9ng<\/td>\n<td>110VAC, 220VAC<\/td>\n<\/tr>\n<tr>\n<td>Ch\u1ee9ng nh\u1eadn<\/td>\n<td>Ti\u00eau chu\u1ea9n<\/td>\n<\/tr>\n<tr>\n<td>V\u1ecb tr\u00ed l\u1eafp \u0111\u1eb7t<\/td>\n<td>th\u1eb3ng \u0111\u1ee9ng<\/td>\n<\/tr>\n<\/tbody>\n<\/table>\n<h2>\u1ee8ng d\u1ee5ng<\/h2>\n<p><span id=\"input-sentence~0\">B\u01a1m d\u1ea7u \u0111i\u1ec7n \u0111\u01b0\u1ee3c s\u1eed d\u1ee5ng r\u1ed9ng r\u00e3i trong vi\u1ec7c b\u00f4i tr\u01a1n t\u1eadp trung c\u00e1c thi\u1ebft b\u1ecb t\u1ef1 \u0111\u1ed9ng h\u00f3a.<br \/>\nH\u1ec7 th\u1ed1ng \u00e9p phun: \u0111\u01b0\u1ee3c s\u1eed d\u1ee5ng \u0111\u1ec3 b\u00f4i tr\u01a1n nhi\u1ec1u b\u1ed9 ph\u1eadn chuy\u1ec3n \u0111\u1ed9ng c\u1ee7a thi\u1ebft b\u1ecb \u00e9p phun nh\u1eb1m \u0111\u1ea3m b\u1ea3o ho\u1ea1t \u0111\u1ed9ng s\u1ea1ch s\u1ebd.<br \/>\nH\u1ec7 th\u1ed1ng \u0111\u00fac khu\u00f4n: cung c\u1ea5p kh\u1ea3 n\u0103ng b\u00f4i tr\u01a1n quan tr\u1ecdng trong su\u1ed1t qu\u00e1 tr\u00ecnh \u0111\u00fac khu\u00f4n \u0111\u1ec3 gi\u1ea3m ma s\u00e1t v\u00e0 m\u00e0i m\u00f2n.<\/span><span id=\"input-sentence~1\"><br \/>\nThi\u1ebft b\u1ecb cao su: d\u00f9ng \u0111\u1ec3 b\u00f4i tr\u01a1n thi\u1ebft b\u1ecb x\u1eed l\u00fd cao su nh\u1eb1m k\u00e9o d\u00e0i th\u1eddi gian s\u1eed d\u1ee5ng c\u1ee7a h\u1ec7 th\u1ed1ng.<br \/>\nD\u1ee5ng c\u1ee5 thi\u1ebft b\u1ecb CNC: cung c\u1ea5p ch\u1ea5t b\u00f4i tr\u01a1n chuy\u00ean d\u1ee5ng cho c\u00e1c d\u1ee5ng c\u1ee5 h\u1ec7 th\u1ed1ng CNC \u0111\u1ec3 \u0111\u1ea3m b\u1ea3o \u0111\u1ed9 ch\u00ednh x\u00e1c v\u00e0 hi\u1ec7u su\u1ea5t gia c\u00f4ng.<br \/>\nB\u01a1m b\u00f4i tr\u01a1n b\u00e1nh r\u0103ng \u0111i\u1ec7n th\u01b0\u1eddng th\u00e2n thi\u1ec7n v\u1edbi m\u00f4i tr\u01b0\u1eddng, t\u00edch h\u1ee3p v\u00e0 ti\u1ebft ki\u1ec7m chi ph\u00ed, ph\u00f9 h\u1ee3p v\u1edbi nhi\u1ec1u h\u1ec7 th\u1ed1ng t\u1ef1 \u0111\u1ed9ng h\u00f3a doanh nghi\u1ec7p kh\u00e1c nhau.<\/span><\/p>\n<h2>H\u01b0\u1edbng d\u1eabn s\u1eed d\u1ee5ng<\/h2>\n<div class=\"sdm_download_button_box_default\"><div class=\"sdm_download_link\"><a href=\"https:\/\/www.jinpinlub.com\/vi\/?sdm_process_download=1&download_id=3010\" class=\"sdm_download white\" title=\"Ri\u00eang t\u01b0: JDL2 Resistance Pump\" target=\"&quot;_blank&quot;\">Xem B\u1ea3ng d\u1eef li\u1ec7u - B\u01a1m JDL2<\/a><\/div><\/div>","protected":false},"excerpt":{"rendered":"<p>B\u01a1m b\u00f4i tr\u01a1n b\u00e1nh r\u0103ng d\u1ea7u \u0111i\u1ec7n l\u00e0 thi\u1ebft b\u1ecb \u0111\u01b0\u1ee3c thi\u1ebft k\u1ebf chuy\u00ean d\u1ee5ng \u0111\u1ec3 cung c\u1ea5p d\u1ea7u b\u00f4i tr\u01a1n cho nhi\u1ec1u thi\u1ebft b\u1ecb c\u01a1 kh\u00ed kh\u00e1c nhau, \u0111\u01b0\u1ee3c s\u1eed d\u1ee5ng r\u1ed9ng r\u00e3i trong m\u00e1y m\u00f3c CNC, trung t\u00e2m gia c\u00f4ng, d\u00e2y chuy\u1ec1n s\u1ea3n xu\u1ea5t, d\u1ec7t may, nh\u1ef1a, in \u1ea5n, h\u00f3a ch\u1ea5t, ch\u1ebf bi\u1ebfn g\u1ed7, th\u1ef1c ph\u1ea9m v\u00e0 c\u00e1c ng\u00e0nh c\u00f4ng nghi\u1ec7p kh\u00e1c.<\/p>","protected":false},"featured_media":3011,"template":"","meta":{"ocean_post_layout":"","ocean_both_sidebars_style":"","ocean_both_sidebars_content_width":0,"ocean_both_sidebars_sidebars_width":0,"ocean_sidebar":"0","ocean_second_sidebar":"0","ocean_disable_margins":"enable","ocean_add_body_class":"","ocean_shortcode_before_top_bar":"","ocean_shortcode_after_top_bar":"","ocean_shortcode_before_header":"","ocean_shortcode_after_header":"","ocean_has_shortcode":"","ocean_shortcode_after_title":"","ocean_shortcode_before_footer_widgets":"","ocean_shortcode_after_footer_widgets":"","ocean_shortcode_before_footer_bottom":"","ocean_shortcode_after_footer_bottom":"","ocean_display_top_bar":"default","ocean_display_header":"default","ocean_header_style":"","ocean_center_header_left_menu":"0","ocean_custom_header_template":"0","ocean_custom_logo":0,"ocean_custom_retina_logo":0,"ocean_custom_logo_max_width":0,"ocean_custom_logo_tablet_max_width":0,"ocean_custom_logo_mobile_max_width":0,"ocean_custom_logo_max_height":0,"ocean_custom_logo_tablet_max_height":0,"ocean_custom_logo_mobile_max_height":0,"ocean_header_custom_menu":"0","ocean_menu_typo_font_family":"0","ocean_menu_typo_font_subset":"","ocean_menu_typo_font_size":0,"ocean_menu_typo_font_size_tablet":0,"ocean_menu_typo_font_size_mobile":0,"ocean_menu_typo_font_size_unit":"px","ocean_menu_typo_font_weight":"","ocean_menu_typo_font_weight_tablet":"","ocean_menu_typo_font_weight_mobile":"","ocean_menu_typo_transform":"","ocean_menu_typo_transform_tablet":"","ocean_menu_typo_transform_mobile":"","ocean_menu_typo_line_height":0,"ocean_menu_typo_line_height_tablet":0,"ocean_menu_typo_line_height_mobile":0,"ocean_menu_typo_line_height_unit":"","ocean_menu_typo_spacing":0,"ocean_menu_typo_spacing_tablet":0,"ocean_menu_typo_spacing_mobile":0,"ocean_menu_typo_spacing_unit":"","ocean_menu_link_color":"","ocean_menu_link_color_hover":"","ocean_menu_link_color_active":"","ocean_menu_link_background":"","ocean_menu_link_hover_background":"","ocean_menu_link_active_background":"","ocean_menu_social_links_bg":"","ocean_menu_social_hover_links_bg":"","ocean_menu_social_links_color":"","ocean_menu_social_hover_links_color":"","ocean_disable_title":"default","ocean_disable_heading":"default","ocean_post_title":"","ocean_post_subheading":"","ocean_post_title_style":"","ocean_post_title_background_color":"","ocean_post_title_background":0,"ocean_post_title_bg_image_position":"","ocean_post_title_bg_image_attachment":"","ocean_post_title_bg_image_repeat":"","ocean_post_title_bg_image_size":"","ocean_post_title_height":0,"ocean_post_title_bg_overlay":0.5,"ocean_post_title_bg_overlay_color":"","ocean_disable_breadcrumbs":"default","ocean_breadcrumbs_color":"","ocean_breadcrumbs_separator_color":"","ocean_breadcrumbs_links_color":"","ocean_breadcrumbs_links_hover_color":"","ocean_display_footer_widgets":"default","ocean_display_footer_bottom":"default","ocean_custom_footer_template":"0","osh_disable_topbar_sticky":"default","osh_disable_header_sticky":"default","osh_sticky_header_style":"default","osh_sticky_header_effect":"","osh_custom_sticky_logo":0,"osh_custom_retina_sticky_logo":0,"osh_custom_sticky_logo_height":0,"osh_background_color":"","osh_links_color":"","osh_links_hover_color":"","osh_links_active_color":"","osh_links_bg_color":"","osh_links_hover_bg_color":"","osh_links_active_bg_color":"","osh_menu_social_links_color":"","osh_menu_social_hover_links_color":""},"product_brand":[],"product_cat":[51,50],"product_tag":[112,113,111],"class_list":{"0":"post-3009","1":"product","2":"type-product","3":"status-publish","4":"has-post-thumbnail","6":"product_cat-electric-resistance-pumps","7":"product_cat-resistance-thin-oil-systems","8":"product_tag-centralized-lubrication-system","9":"product_tag-motor-lubrication-pump","10":"product_tag-oil-lubrication-pump","12":"entry","13":"has-media","15":"first","16":"instock","17":"shipping-taxable","18":"product-type-external","19":"col","20":"span_1_of_3","21":"owp-content-center","22":"owp-thumbs-layout-horizontal","23":"owp-btn-very-big","24":"owp-tabs-layout-horizontal"},"_links":{"self":[{"href":"https:\/\/www.jinpinlub.com\/vi\/wp-json\/wp\/v2\/product\/3009","targetHints":{"allow":["GET"]}}],"collection":[{"href":"https:\/\/www.jinpinlub.com\/vi\/wp-json\/wp\/v2\/product"}],"about":[{"href":"https:\/\/www.jinpinlub.com\/vi\/wp-json\/wp\/v2\/types\/product"}],"wp:featuredmedia":[{"embeddable":true,"href":"https:\/\/www.jinpinlub.com\/vi\/wp-json\/wp\/v2\/media\/3011"}],"wp:attachment":[{"href":"https:\/\/www.jinpinlub.com\/vi\/wp-json\/wp\/v2\/media?parent=3009"}],"wp:term":[{"taxonomy":"product_brand","embeddable":true,"href":"https:\/\/www.jinpinlub.com\/vi\/wp-json\/wp\/v2\/product_brand?post=3009"},{"taxonomy":"product_cat","embeddable":true,"href":"https:\/\/www.jinpinlub.com\/vi\/wp-json\/wp\/v2\/product_cat?post=3009"},{"taxonomy":"product_tag","embeddable":true,"href":"https:\/\/www.jinpinlub.com\/vi\/wp-json\/wp\/v2\/product_tag?post=3009"}],"curies":[{"name":"wp","href":"https:\/\/api.w.org\/{rel}","templated":true}]}}