{"id":3016,"date":"2024-08-06T09:33:15","date_gmt":"2024-08-06T09:33:15","guid":{"rendered":"https:\/\/www.jinpinlub.com\/?post_type=product&#038;p=3016"},"modified":"2024-08-29T05:36:28","modified_gmt":"2024-08-28T21:36:28","slug":"bom-dau-boi-tron-banh-rang-dien-dich-chuyen-tich-cuc-jdl3","status":"publish","type":"product","link":"https:\/\/www.jinpinlub.com\/vi\/product\/jdl3-positive-displacement-electric-gear-oil-lubrication-pump\/","title":{"rendered":"B\u01a1m b\u00f4i tr\u01a1n d\u1ea7u b\u00e1nh r\u0103ng \u0111i\u1ec7n d\u1ecbch chuy\u1ec3n t\u00edch c\u1ef1c JDL3"},"content":{"rendered":"<h2>\u0110\u1eb7c tr\u01b0ng<\/h2>\n<p>1. B\u1ed9 h\u1eb9n gi\u1edd c\u00f3 th\u1ec3 \u0111\u01b0\u1ee3c c\u00e0i \u0111\u1eb7t \u1edf hai ch\u1ebf \u0111\u1ed9 ho\u1ea1t \u0111\u1ed9ng:<br \/>\n\u2460 B\u00f4i tr\u01a1n: th\u1eddi gian b\u00f4i tr\u01a1n \u0111\u01b0\u1ee3c th\u1ef1c hi\u1ec7n \u0111\u1ea7u ti\u00ean khi m\u00e1y \u0111\u01b0\u1ee3c b\u1eadt.<br \/>\n\u2461 B\u1ed9 nh\u1edb: ti\u1ebfp t\u1ee5c th\u1ef1c hi\u1ec7n kho\u1ea3ng th\u1eddi gian tr\u01b0\u1edbc \u0111\u00f3 khi b\u1eadt l\u1ea1i ngu\u1ed3n.<br \/>\n2. V\u1edbi c\u00f4ng t\u1eafc \u00e1p su\u1ea5t, c\u00f3 th\u1ec3 ph\u00e1t hi\u1ec7n xem m\u1ea1ch d\u1ea7u c\u00f3 b\u1ecb h\u1ecfng hay kh\u00f4ng.<br \/>\n3. V\u1edbi c\u00f4ng t\u1eafc n\u1ed5i, n\u00f3 c\u00f3 th\u1ec3 ph\u00e1t hi\u1ec7n m\u1ee9c ch\u1ea5t l\u1ecfng v\u00e0 t\u1ef1 \u0111\u1ed9ng g\u1eedi t\u00edn hi\u1ec7u.<br \/>\n4. V\u1edbi \u0111\u1ed3ng h\u1ed3 \u0111o \u00e1p su\u1ea5t, n\u00f3 c\u00f3 th\u1ec3 ph\u00e1t hi\u1ec7n \u00e1p su\u1ea5t ho\u1ea1t \u0111\u1ed9ng c\u1ee7a b\u01a1m d\u1ea7u.<br \/>\n5. C\u00f3 th\u1ec3 c\u00e0i \u0111\u1eb7t th\u1eddi gian h\u1eb9n gi\u1edd v\u00e0 c\u00f3 ch\u1ee9c n\u0103ng t\u1ef1 kh\u00f3a \u0111\u1ec3 ng\u0103n ng\u01b0\u1eddi kh\u00e1c t\u00f9y \u00fd s\u1eed d\u1ee5ng.<br \/>\n6. H\u1ec7 th\u1ed1ng c\u00f3 th\u1ec3 s\u1eed d\u1ee5ng ph\u00edm \u201cRST\u201d \u0111\u1ec3 \u00e9p b\u00f4i tr\u01a1n ho\u1eb7c lo\u1ea1i b\u1ecf c\u00e1c t\u00edn hi\u1ec7u b\u00e1o \u0111\u1ed9ng b\u1ea5t th\u01b0\u1eddng.<br \/>\n7. Th\u1eddi gian b\u00f4i tr\u01a1n \u0111\u01a1n t\u1ed1i \u0111a nh\u1ecf h\u01a1n ho\u1eb7c b\u1eb1ng 2 ph\u00fat v\u00e0 th\u1eddi gian gi\u00e3n c\u00e1ch l\u1edbn h\u01a1n 5 l\u1ea7n th\u1eddi gian b\u00f4i tr\u01a1n \u0111\u1ec3 tr\u00e1nh qu\u00e1 t\u1ea3i \u0111\u1ed9ng c\u01a1.<br \/>\n8. Nhi\u1ec7t \u0111\u1ed9 cao c\u1ee7a \u0111\u1ed9ng c\u01a1 s\u1ebd k\u00edch ho\u1ea1t thi\u1ebft b\u1ecb b\u1ea3o v\u1ec7 ki\u1ec3m so\u00e1t nhi\u1ec7t \u0111\u1ed9 v\u00e0 s\u1ebd d\u1eebng l\u1ea1i trong kho\u1ea3ng 10 ph\u00fat.<\/p>\n<h2>\u0110\u1eb7c \u0111i\u1ec3m k\u1ef9 thu\u1eadt<\/h2>\n<table>\n<tbody>\n<tr>\n<td>Ng\u01b0\u1eddi m\u1eabu<\/td>\n<td>JDL3<\/td>\n<\/tr>\n<tr>\n<td>Th\u1eddi gian b\u00f4i tr\u01a1n<\/td>\n<td>1-999 ph\u00fat<\/td>\n<\/tr>\n<tr>\n<td>Kho\u1ea3ng th\u1eddi gian<\/td>\n<td>1-999 ph\u00fat<\/td>\n<\/tr>\n<tr>\n<td>Nhi\u1ec7t \u0111\u1ed9 ho\u1ea1t \u0111\u1ed9ng<\/td>\n<td>0~+50\u00b0C<\/td>\n<\/tr>\n<tr>\n<td>S\u1ed1 l\u01b0\u1ee3ng c\u1eeda h\u00e0ng<\/td>\n<td>1<\/td>\n<\/tr>\n<tr>\n<td>S\u1ee9c ch\u1ee9a h\u1ed3 ch\u1ee9a<\/td>\n<td>2L, 3L, 4L, 8L<\/td>\n<\/tr>\n<tr>\n<td>N\u1ea1p l\u1ea1i<\/td>\n<td>T\u1eeb tr\u00ean xu\u1ed1ng<\/td>\n<\/tr>\n<tr>\n<td>Ch\u1ea5t b\u00f4i tr\u01a1n<\/td>\n<td>32-68cSt@40\u2103<\/td>\n<\/tr>\n<tr>\n<td>C\u00f4ng su\u1ea5t \u0111\u1ed9ng c\u01a1<\/td>\n<td>30W<\/td>\n<\/tr>\n<tr>\n<td>Ph\u00f3ng \u0111i\u1ec7n<\/td>\n<td>150mL\/ph\u00fat<\/td>\n<\/tr>\n<tr>\n<td>\u00c1p su\u1ea5t v\u1eadn h\u00e0nh t\u1ed1i \u0111a<\/td>\n<td>1,8MPa<\/td>\n<\/tr>\n<tr>\n<td>Ch\u1ee7 \u0111\u1ec1 k\u1ebft n\u1ed1i<\/td>\n<td>\u0110\u1ea7u ra \u03a66<\/td>\n<\/tr>\n<tr>\n<td>\u0110i\u1ec7n \u00e1p ho\u1ea1t \u0111\u1ed9ng<\/td>\n<td>110VAC, 220VAC<\/td>\n<\/tr>\n<tr>\n<td>Ch\u1ee9ng nh\u1eadn<\/td>\n<td>Ti\u00eau chu\u1ea9n<\/td>\n<\/tr>\n<tr>\n<td>C\u00f4ng t\u1eafc m\u1ee9c th\u1ea5p<\/td>\n<td>Li\u00ean h\u1ec7 NC<\/td>\n<\/tr>\n<\/tbody>\n<\/table>\n<h2>\u1ee8ng d\u1ee5ng<\/h2>\n<p><span id=\"input-sentence~0\">B\u01a1m b\u00f4i tr\u01a1n d\u1ea7u d\u1ecbch chuy\u1ec3n t\u00edch c\u1ef1c JDL3 c\u00f3 \u1ee9ng d\u1ee5ng r\u1ed9ng r\u00e3i trong m\u1ecdi lo\u1ea1i thi\u1ebft b\u1ecb c\u01a1 kh\u00ed.<br \/>\n1. M\u00e1y c\u00f4ng c\u1ee5: l\u00e0m tr\u01a1n tru ho\u1ea1t \u0111\u1ed9ng c\u1ee7a c\u00e1c b\u1ed9 ph\u1eadn chuy\u1ec3n \u0111\u1ed9ng kh\u00e1c nhau c\u1ee7a m\u00e1y c\u00f4ng c\u1ee5 b\u1eb1ng c\u00e1ch b\u00f4i tr\u01a1n ch\u00fang.<br \/>\n2. M\u00e1y m\u00f3c p\u00edt t\u00f4ng: b\u01a1m b\u00f4i tr\u01a1n d\u1ea7u d\u1ecbch chuy\u1ec3n t\u00edch c\u1ef1c \u0111\u1ea3m b\u1ea3o b\u00f4i tr\u01a1n \u1ed5n \u0111\u1ecbnh v\u00e0 gi\u1ea3m m\u00e0i m\u00f2n do ma s\u00e1t trong m\u00e1y m\u00f3c p\u00edt t\u00f4ng.<\/span><span id=\"input-sentence~1\"><br \/>\n3. Thi\u1ebft b\u1ecb \u0111\u00fac khu\u00f4n: trong qu\u00e1 tr\u00ecnh \u0111\u00fac khu\u00f4n \u1edf nhi\u1ec7t \u0111\u1ed9 cao, \u00e1p su\u1ea5t cao, b\u01a1m b\u00f4i tr\u01a1n c\u00f3 th\u1ec3 gi\u1ea3m ma s\u00e1t v\u00e0 t\u00edch t\u1ee5 nhi\u1ec7t hi\u1ec7u qu\u1ea3.<br \/>\n4. M\u00e1y m\u00f3c d\u1ec7t: d\u00f9ng \u0111\u1ec3 b\u00f4i tr\u01a1n m\u00e1y m\u00f3c d\u1ec7t nh\u1eb1m \u0111\u1ea3m b\u1ea3o ho\u1ea1t \u0111\u1ed9ng tr\u01a1n tru, b\u1ec1n b\u1ec9 v\u1edbi t\u1ed1c \u0111\u1ed9 cao.<br \/>\n5. M\u00e1y ch\u1ebf bi\u1ebfn g\u1ed7: Trong m\u00e1y ch\u1ebf bi\u1ebfn g\u1ed7, b\u01a1m b\u00f4i tr\u01a1n c\u00f3 th\u1ec3 k\u00e9o d\u00e0i tu\u1ed5i th\u1ecd c\u1ee7a thi\u1ebft b\u1ecb.<br \/>\n6. M\u00e1y in: \u0110\u1ea3m b\u1ea3o b\u00f4i tr\u01a1n \u0111\u1ea7y \u0111\u1ee7 t\u1ea5t c\u1ea3 c\u00e1c b\u1ed9 ph\u1eadn c\u1ee7a m\u00e1y in \u1edf t\u1ed1c \u0111\u1ed9 cao.<br \/>\n7. M\u00e1y m\u00f3c th\u1ef1c ph\u1ea9m v\u00e0 \u0111\u00f3ng g\u00f3i: B\u01a1m b\u00f4i tr\u01a1n c\u00f3 th\u1ec3 gi\u00fap m\u00e1y m\u00f3c th\u1ef1c ph\u1ea9m v\u00e0 \u0111\u00f3ng g\u00f3i s\u1ea1ch s\u1ebd v\u00e0 ho\u1ea1t \u0111\u1ed9ng hi\u1ec7u qu\u1ea3.<\/span><\/p>\n<h2>H\u01b0\u1edbng d\u1eabn s\u1eed d\u1ee5ng<\/h2>\n<div class=\"sdm_download_button_box_default\"><div class=\"sdm_download_link\"><a href=\"https:\/\/www.jinpinlub.com\/vi\/?sdm_process_download=1&download_id=3015\" class=\"sdm_download white\" title=\"Ri\u00eang t\u01b0: JDL3 Volumetric Oil Pump\" target=\"&quot;_blank&quot;\">Xem B\u1ea3ng d\u1eef li\u1ec7u - B\u01a1m JDL3<\/a><\/div><\/div>","protected":false},"excerpt":{"rendered":"<p>B\u01a1m b\u00f4i tr\u01a1n d\u1ea7u d\u1ecbch chuy\u1ec3n t\u00edch c\u1ef1c JDL3 l\u00e0 h\u1ec7 th\u1ed1ng b\u00f4i tr\u01a1n \u0111\u01b0\u1ee3c s\u1eed d\u1ee5ng trong thi\u1ebft b\u1ecb c\u01a1 kh\u00ed. T\u00ednh n\u0103ng ch\u00ednh c\u1ee7a n\u00f3 l\u00e0 ki\u1ec3m so\u00e1t ch\u00ednh x\u00e1c ngu\u1ed3n cung c\u1ea5p d\u1ea7u b\u00f4i tr\u01a1n th\u00f4ng qua b\u1ed9 ph\u00e2n ph\u1ed1i d\u1ecbch chuy\u1ec3n t\u00edch c\u1ef1c.<\/p>","protected":false},"featured_media":3017,"template":"","meta":{"ocean_post_layout":"","ocean_both_sidebars_style":"","ocean_both_sidebars_content_width":0,"ocean_both_sidebars_sidebars_width":0,"ocean_sidebar":"0","ocean_second_sidebar":"0","ocean_disable_margins":"enable","ocean_add_body_class":"","ocean_shortcode_before_top_bar":"","ocean_shortcode_after_top_bar":"","ocean_shortcode_before_header":"","ocean_shortcode_after_header":"","ocean_has_shortcode":"","ocean_shortcode_after_title":"","ocean_shortcode_before_footer_widgets":"","ocean_shortcode_after_footer_widgets":"","ocean_shortcode_before_footer_bottom":"","ocean_shortcode_after_footer_bottom":"","ocean_display_top_bar":"default","ocean_display_header":"default","ocean_header_style":"","ocean_center_header_left_menu":"0","ocean_custom_header_template":"0","ocean_custom_logo":0,"ocean_custom_retina_logo":0,"ocean_custom_logo_max_width":0,"ocean_custom_logo_tablet_max_width":0,"ocean_custom_logo_mobile_max_width":0,"ocean_custom_logo_max_height":0,"ocean_custom_logo_tablet_max_height":0,"ocean_custom_logo_mobile_max_height":0,"ocean_header_custom_menu":"0","ocean_menu_typo_font_family":"0","ocean_menu_typo_font_subset":"","ocean_menu_typo_font_size":0,"ocean_menu_typo_font_size_tablet":0,"ocean_menu_typo_font_size_mobile":0,"ocean_menu_typo_font_size_unit":"px","ocean_menu_typo_font_weight":"","ocean_menu_typo_font_weight_tablet":"","ocean_menu_typo_font_weight_mobile":"","ocean_menu_typo_transform":"","ocean_menu_typo_transform_tablet":"","ocean_menu_typo_transform_mobile":"","ocean_menu_typo_line_height":0,"ocean_menu_typo_line_height_tablet":0,"ocean_menu_typo_line_height_mobile":0,"ocean_menu_typo_line_height_unit":"","ocean_menu_typo_spacing":0,"ocean_menu_typo_spacing_tablet":0,"ocean_menu_typo_spacing_mobile":0,"ocean_menu_typo_spacing_unit":"","ocean_menu_link_color":"","ocean_menu_link_color_hover":"","ocean_menu_link_color_active":"","ocean_menu_link_background":"","ocean_menu_link_hover_background":"","ocean_menu_link_active_background":"","ocean_menu_social_links_bg":"","ocean_menu_social_hover_links_bg":"","ocean_menu_social_links_color":"","ocean_menu_social_hover_links_color":"","ocean_disable_title":"default","ocean_disable_heading":"default","ocean_post_title":"","ocean_post_subheading":"","ocean_post_title_style":"","ocean_post_title_background_color":"","ocean_post_title_background":0,"ocean_post_title_bg_image_position":"","ocean_post_title_bg_image_attachment":"","ocean_post_title_bg_image_repeat":"","ocean_post_title_bg_image_size":"","ocean_post_title_height":0,"ocean_post_title_bg_overlay":0.5,"ocean_post_title_bg_overlay_color":"","ocean_disable_breadcrumbs":"default","ocean_breadcrumbs_color":"","ocean_breadcrumbs_separator_color":"","ocean_breadcrumbs_links_color":"","ocean_breadcrumbs_links_hover_color":"","ocean_display_footer_widgets":"default","ocean_display_footer_bottom":"default","ocean_custom_footer_template":"0","osh_disable_topbar_sticky":"default","osh_disable_header_sticky":"default","osh_sticky_header_style":"default","osh_sticky_header_effect":"","osh_custom_sticky_logo":0,"osh_custom_retina_sticky_logo":0,"osh_custom_sticky_logo_height":0,"osh_background_color":"","osh_links_color":"","osh_links_hover_color":"","osh_links_active_color":"","osh_links_bg_color":"","osh_links_hover_bg_color":"","osh_links_active_bg_color":"","osh_menu_social_links_color":"","osh_menu_social_hover_links_color":""},"product_brand":[],"product_cat":[48,47],"product_tag":[111,114,96],"class_list":{"0":"post-3016","1":"product","2":"type-product","3":"status-publish","4":"has-post-thumbnail","6":"product_cat-electric-volumetric-pumps","7":"product_cat-volumetric-thin-oil-systems","8":"product_tag-oil-lubrication-pump","9":"product_tag-oil-lubrication-system","10":"product_tag-volumetric-lubrication-pump","12":"entry","13":"has-media","15":"first","16":"instock","17":"shipping-taxable","18":"product-type-external","19":"col","20":"span_1_of_3","21":"owp-content-center","22":"owp-thumbs-layout-horizontal","23":"owp-btn-very-big","24":"owp-tabs-layout-horizontal"},"_links":{"self":[{"href":"https:\/\/www.jinpinlub.com\/vi\/wp-json\/wp\/v2\/product\/3016","targetHints":{"allow":["GET"]}}],"collection":[{"href":"https:\/\/www.jinpinlub.com\/vi\/wp-json\/wp\/v2\/product"}],"about":[{"href":"https:\/\/www.jinpinlub.com\/vi\/wp-json\/wp\/v2\/types\/product"}],"wp:featuredmedia":[{"embeddable":true,"href":"https:\/\/www.jinpinlub.com\/vi\/wp-json\/wp\/v2\/media\/3017"}],"wp:attachment":[{"href":"https:\/\/www.jinpinlub.com\/vi\/wp-json\/wp\/v2\/media?parent=3016"}],"wp:term":[{"taxonomy":"product_brand","embeddable":true,"href":"https:\/\/www.jinpinlub.com\/vi\/wp-json\/wp\/v2\/product_brand?post=3016"},{"taxonomy":"product_cat","embeddable":true,"href":"https:\/\/www.jinpinlub.com\/vi\/wp-json\/wp\/v2\/product_cat?post=3016"},{"taxonomy":"product_tag","embeddable":true,"href":"https:\/\/www.jinpinlub.com\/vi\/wp-json\/wp\/v2\/product_tag?post=3016"}],"curies":[{"name":"wp","href":"https:\/\/api.w.org\/{rel}","templated":true}]}}