{"id":3021,"date":"2024-08-06T10:21:32","date_gmt":"2024-08-06T10:21:32","guid":{"rendered":"https:\/\/www.jinpinlub.com\/?post_type=product&#038;p=3021"},"modified":"2024-08-06T15:27:20","modified_gmt":"2024-08-06T15:27:20","slug":"may-phun-boi-tron-lam-mat-tu-moi-gs-cho-may-cong-cu","status":"publish","type":"product","link":"https:\/\/www.jinpinlub.com\/vi\/product\/gs-self-priming-cooling-lubrication-sprayer-for-machine-tools\/","title":{"rendered":"M\u00e1y phun b\u00f4i tr\u01a1n l\u00e0m m\u00e1t t\u1ef1 m\u1ed3i GS cho m\u00e1y c\u00f4ng c\u1ee5"},"content":{"rendered":"<h2>\u0110\u1eb7c tr\u01b0ng<\/h2>\n<p>GS c\u00f3 t\u00e1c d\u1ee5ng l\u00e0m m\u00e1t t\u1ed1t, \u0111\u1ed3ng th\u1eddi cung c\u1ea5p ch\u1ee9c n\u0103ng b\u00f4i tr\u01a1n, lo\u1ea1i b\u1ecf phoi, l\u00e0m s\u1ea1ch v\u00e0 c\u00e1c ch\u1ee9c n\u0103ng kh\u00e1c \u0111\u1ec3 n\u00e2ng cao hi\u1ec7u qu\u1ea3 s\u1ea3n xu\u1ea5t v\u00e0 ch\u1ea5t l\u01b0\u1ee3ng gia c\u00f4ng, gi\u1ea3m t\u1ed5n th\u1ea5t d\u1ee5ng c\u1ee5 c\u01a1 kh\u00ed v\u00e0 gi\u1ea3m \u00f4 nhi\u1ec5m trong x\u01b0\u1edfng.<br \/>\n1. M\u00e1y phun c\u00f3 th\u1ec3 l\u00e0m m\u00e1t, b\u00f4i tr\u01a1n v\u00e0 th\u1ed5i bay c\u00e1c phoi s\u1eaft c\u00f9ng m\u1ed9t l\u00fac trong qu\u00e1 tr\u00ecnh x\u1eed l\u00fd.<br \/>\n2. M\u00e1y phun c\u00f3 th\u1ec3 t\u0103ng t\u1ed1c \u0111\u1ed9 x\u1eed l\u00fd, ti\u1ebft ki\u1ec7m th\u1eddi gian x\u1eed l\u00fd v\u00e0 gi\u1ea3m hao m\u00f2n d\u1ee5ng c\u1ee5.<br \/>\n3. B\u00f4i tr\u01a1n c\u00f3 th\u1ec3 \u0111\u1ea3m b\u1ea3o ch\u1ea5t l\u01b0\u1ee3ng ho\u00e0n thi\u1ec7n c\u1ee7a ph\u00f4i v\u00e0 s\u1eed d\u1ee5ng d\u1ee5ng c\u1ee5 t\u1ed1t nh\u1ea5t.<br \/>\n4. Gia c\u00f4ng h\u1ee3p kim ho\u1eb7c v\u1eadt li\u1ec7u si\u00eau c\u1ee9ng c\u0169ng c\u00f3 th\u1ec3 \u0111\u1ea1t \u0111\u01b0\u1ee3c b\u1ec1 m\u1eb7t nh\u1eb5n v\u00e0 c\u00f3 \u0111\u1ed9 ch\u00ednh x\u00e1c cao.<br \/>\n5. M\u00e1y phun c\u00f3 \u0111\u01b0\u1eddng \u1ed1ng d\u1eabn kh\u00edt m\u1edbi gi\u00fap tr\u00e1nh r\u00f2 r\u1ec9 d\u1ea7u b\u00ean trong v\u00e0 k\u00e9o d\u00e0i tu\u1ed5i th\u1ecd.<br \/>\n6. L\u01b0\u1ee3ng kh\u00ed v\u00e0 ch\u1ea5t l\u00e0m m\u00e1t tr\u00ean m\u00e1y phun c\u00f3 th\u1ec3 \u0111\u01b0\u1ee3c \u0111i\u1ec1u ch\u1ec9nh \u0111\u1ec3 th\u00edch \u1ee9ng v\u1edbi c\u00e1c \u0111i\u1ec1u ki\u1ec7n x\u1eed l\u00fd kh\u00e1c nhau.<br \/>\n7. C\u00f3 nhi\u1ec1u lo\u1ea1i \u0111\u01b0\u1eddng \u1ed1ng c\u1ed1 \u0111\u1ecbnh kh\u00e1c nhau \u0111\u1ec3 l\u1ef1a ch\u1ecdn nh\u1eb1m t\u1ea1o \u0111i\u1ec1u ki\u1ec7n thu\u1eadn l\u1ee3i cho vi\u1ec7c l\u1eafp \u0111\u1eb7t v\u00e0 c\u1ed1 \u0111\u1ecbnh c\u1ee7a kh\u00e1ch h\u00e0ng.<\/p>\n<h2>\u0110\u1eb7c \u0111i\u1ec3m k\u1ef9 thu\u1eadt<\/h2>\n<p>1. Ph\u1ea3i s\u1eed d\u1ee5ng ch\u1ea5t l\u1ecfng s\u1ea1ch.<br \/>\n2. Kh\u00f4ng s\u1eed d\u1ee5ng ch\u1ea5t l\u1ecfng \u0103n m\u00f2n.<br \/>\n3. Ph\u1ea1m vi \u00e1p su\u1ea5t ngu\u1ed3n kh\u00f4ng kh\u00ed l\u00e0 5-7kgf\/cm\u00b2 (li\u00ean quan \u0111\u1ebfn th\u1ec3 t\u00edch kh\u00ed phun v\u00e0 \u00e1p su\u1ea5t kh\u00f4ng kh\u00ed)<br \/>\n4. \u0110\u1ed9 nh\u1edbt c\u1ee7a ch\u1ea5t l\u1ecfng s\u1eed d\u1ee5ng ph\u1ea3i d\u01b0\u1edbi 68cSt.<br \/>\n5. \u1ee8ng d\u1ee5ng: m\u00e1y c\u01b0a, m\u00e1y ti\u1ec7n, m\u00e1y m\u00e0i, m\u00e1y taro, trung t\u00e2m gia c\u00f4ng CNC, m\u00e1y \u0111\u1ed9t d\u1eadp, m\u00e1y ch\u1ebf bi\u1ebfn g\u1ed7 v\u00e0 c\u00e1c thi\u1ebft b\u1ecb c\u1eaft v\u00e0 gia c\u00f4ng kh\u00e1c.<\/p>\n<h2>H\u01b0\u1edbng d\u1eabn s\u1eed d\u1ee5ng<\/h2>\n<div class=\"sdm_download_button_box_default\"><div class=\"sdm_download_link\"><a href=\"https:\/\/www.jinpinlub.com\/vi\/?sdm_process_download=1&download_id=3022\" class=\"sdm_download white\" title=\"Ri\u00eang t\u01b0: GS Lubrication Spray\" target=\"&quot;_blank&quot;\">Xem B\u1ea3ng d\u1eef li\u1ec7u - GS Sprayer<\/a><\/div><\/div>","protected":false},"excerpt":{"rendered":"<p>M\u00e1y phun GS s\u1eed d\u1ee5ng m\u00e1y n\u00e9n kh\u00ed l\u00e0m ngu\u1ed3n n\u0103ng l\u01b0\u1ee3ng, \u00e1p d\u1ee5ng nguy\u00ean l\u00fd t\u1ef1 m\u1ed3i ch\u00e2n kh\u00f4ng \u0111\u1ec3 tr\u1ed9n ch\u1ea5t l\u1ecfng v\u1edbi kh\u00f4ng kh\u00ed qua v\u00f2i phun v\u00e0 phun th\u00e0nh d\u1ea1ng s\u01b0\u01a1ng, phun v\u00e0o c\u00e1c \u0111i\u1ec3m b\u00f4i tr\u01a1n nh\u01b0 ph\u00f4i, d\u1ee5ng c\u1ee5 ho\u1eb7c \u1ed5 tr\u1ee5c.<\/p>","protected":false},"featured_media":3024,"template":"","meta":{"ocean_post_layout":"","ocean_both_sidebars_style":"","ocean_both_sidebars_content_width":0,"ocean_both_sidebars_sidebars_width":0,"ocean_sidebar":"0","ocean_second_sidebar":"0","ocean_disable_margins":"enable","ocean_add_body_class":"","ocean_shortcode_before_top_bar":"","ocean_shortcode_after_top_bar":"","ocean_shortcode_before_header":"","ocean_shortcode_after_header":"","ocean_has_shortcode":"","ocean_shortcode_after_title":"","ocean_shortcode_before_footer_widgets":"","ocean_shortcode_after_footer_widgets":"","ocean_shortcode_before_footer_bottom":"","ocean_shortcode_after_footer_bottom":"","ocean_display_top_bar":"default","ocean_display_header":"default","ocean_header_style":"","ocean_center_header_left_menu":"0","ocean_custom_header_template":"0","ocean_custom_logo":0,"ocean_custom_retina_logo":0,"ocean_custom_logo_max_width":0,"ocean_custom_logo_tablet_max_width":0,"ocean_custom_logo_mobile_max_width":0,"ocean_custom_logo_max_height":0,"ocean_custom_logo_tablet_max_height":0,"ocean_custom_logo_mobile_max_height":0,"ocean_header_custom_menu":"0","ocean_menu_typo_font_family":"0","ocean_menu_typo_font_subset":"","ocean_menu_typo_font_size":0,"ocean_menu_typo_font_size_tablet":0,"ocean_menu_typo_font_size_mobile":0,"ocean_menu_typo_font_size_unit":"px","ocean_menu_typo_font_weight":"","ocean_menu_typo_font_weight_tablet":"","ocean_menu_typo_font_weight_mobile":"","ocean_menu_typo_transform":"","ocean_menu_typo_transform_tablet":"","ocean_menu_typo_transform_mobile":"","ocean_menu_typo_line_height":0,"ocean_menu_typo_line_height_tablet":0,"ocean_menu_typo_line_height_mobile":0,"ocean_menu_typo_line_height_unit":"","ocean_menu_typo_spacing":0,"ocean_menu_typo_spacing_tablet":0,"ocean_menu_typo_spacing_mobile":0,"ocean_menu_typo_spacing_unit":"","ocean_menu_link_color":"","ocean_menu_link_color_hover":"","ocean_menu_link_color_active":"","ocean_menu_link_background":"","ocean_menu_link_hover_background":"","ocean_menu_link_active_background":"","ocean_menu_social_links_bg":"","ocean_menu_social_hover_links_bg":"","ocean_menu_social_links_color":"","ocean_menu_social_hover_links_color":"","ocean_disable_title":"default","ocean_disable_heading":"default","ocean_post_title":"","ocean_post_subheading":"","ocean_post_title_style":"","ocean_post_title_background_color":"","ocean_post_title_background":0,"ocean_post_title_bg_image_position":"","ocean_post_title_bg_image_attachment":"","ocean_post_title_bg_image_repeat":"","ocean_post_title_bg_image_size":"","ocean_post_title_height":0,"ocean_post_title_bg_overlay":0.5,"ocean_post_title_bg_overlay_color":"","ocean_disable_breadcrumbs":"default","ocean_breadcrumbs_color":"","ocean_breadcrumbs_separator_color":"","ocean_breadcrumbs_links_color":"","ocean_breadcrumbs_links_hover_color":"","ocean_display_footer_widgets":"default","ocean_display_footer_bottom":"default","ocean_custom_footer_template":"0","osh_disable_topbar_sticky":"default","osh_disable_header_sticky":"default","osh_sticky_header_style":"default","osh_sticky_header_effect":"","osh_custom_sticky_logo":0,"osh_custom_retina_sticky_logo":0,"osh_custom_sticky_logo_height":0,"osh_background_color":"","osh_links_color":"","osh_links_hover_color":"","osh_links_active_color":"","osh_links_bg_color":"","osh_links_hover_bg_color":"","osh_links_active_bg_color":"","osh_menu_social_links_color":"","osh_menu_social_hover_links_color":""},"product_brand":[],"product_cat":[46],"product_tag":[115,72,116],"class_list":{"0":"post-3021","1":"product","2":"type-product","3":"status-publish","4":"has-post-thumbnail","6":"product_cat-oil-mist-lubrication-systems","7":"product_tag-lubricating-sprayer","8":"product_tag-lubrication-system","9":"product_tag-oil-mist-lubrication","11":"entry","12":"has-media","14":"first","15":"instock","16":"shipping-taxable","17":"product-type-external","18":"col","19":"span_1_of_3","20":"owp-content-center","21":"owp-thumbs-layout-horizontal","22":"owp-btn-very-big","23":"owp-tabs-layout-horizontal"},"_links":{"self":[{"href":"https:\/\/www.jinpinlub.com\/vi\/wp-json\/wp\/v2\/product\/3021","targetHints":{"allow":["GET"]}}],"collection":[{"href":"https:\/\/www.jinpinlub.com\/vi\/wp-json\/wp\/v2\/product"}],"about":[{"href":"https:\/\/www.jinpinlub.com\/vi\/wp-json\/wp\/v2\/types\/product"}],"wp:featuredmedia":[{"embeddable":true,"href":"https:\/\/www.jinpinlub.com\/vi\/wp-json\/wp\/v2\/media\/3024"}],"wp:attachment":[{"href":"https:\/\/www.jinpinlub.com\/vi\/wp-json\/wp\/v2\/media?parent=3021"}],"wp:term":[{"taxonomy":"product_brand","embeddable":true,"href":"https:\/\/www.jinpinlub.com\/vi\/wp-json\/wp\/v2\/product_brand?post=3021"},{"taxonomy":"product_cat","embeddable":true,"href":"https:\/\/www.jinpinlub.com\/vi\/wp-json\/wp\/v2\/product_cat?post=3021"},{"taxonomy":"product_tag","embeddable":true,"href":"https:\/\/www.jinpinlub.com\/vi\/wp-json\/wp\/v2\/product_tag?post=3021"}],"curies":[{"name":"wp","href":"https:\/\/api.w.org\/{rel}","templated":true}]}}