{"id":3028,"date":"2024-08-06T15:50:15","date_gmt":"2024-08-06T15:50:15","guid":{"rendered":"https:\/\/www.jinpinlub.com\/?post_type=product&#038;p=3028"},"modified":"2024-08-06T16:32:32","modified_gmt":"2024-08-06T16:32:32","slug":"ong-boi-tron-nhua-soi-ba-lop-hgh-84-mpa-ap-suat-cao","status":"publish","type":"product","link":"https:\/\/www.jinpinlub.com\/vi\/product\/hgh-84-mpa-three-layer-fiber-resin-lubricant-high-pressure-hose\/","title":{"rendered":"\u1ed0ng d\u1eabn \u00e1p su\u1ea5t cao ch\u1ea5t b\u00f4i tr\u01a1n s\u1ee3i nh\u1ef1a ba l\u1edbp HGH 84MPa"},"content":{"rendered":"<h2>\u0110\u1eb7c tr\u01b0ng<\/h2>\n<p>\u1ed0ng d\u1eabn m\u1ee1 \u00e1p su\u1ea5t cao HGH 84MPa l\u00e0 \u1ed1ng \u0111\u01b0\u1ee3c thi\u1ebft k\u1ebf chuy\u00ean d\u1ee5ng cho c\u00e1c \u1ee9ng d\u1ee5ng \u00e1p su\u1ea5t cao, th\u01b0\u1eddng \u0111\u01b0\u1ee3c s\u1eed d\u1ee5ng trong h\u1ec7 th\u1ed1ng th\u1ee7y l\u1ef1c, h\u1ec7 th\u1ed1ng b\u00f4i tr\u01a1n v\u00e0 c\u00e1c tr\u01b0\u1eddng h\u1ee3p kh\u00e1c y\u00eau c\u1ea7u truy\u1ec1n \u00e1p su\u1ea5t cao.<br \/>\n1. Kh\u1ea3 n\u0103ng ch\u1ecbu \u00e1p su\u1ea5t cao: c\u00f3 th\u1ec3 ch\u1ecbu \u0111\u01b0\u1ee3c \u00e1p su\u1ea5t l\u00e0m vi\u1ec7c l\u00ean t\u1edbi 84 MPa.<br \/>\n2. Ch\u1ed1ng \u0103n m\u00f2n: th\u01b0\u1eddng \u0111\u01b0\u1ee3c l\u00e0m b\u1eb1ng v\u1eadt li\u1ec7u ch\u1ed1ng \u0103n m\u00f2n, ph\u00f9 h\u1ee3p v\u1edbi nhi\u1ec1u m\u00f4i tr\u01b0\u1eddng kh\u1eafc nghi\u1ec7t.<br \/>\n3. T\u00ednh linh ho\u1ea1t: c\u00f3 t\u00ednh linh ho\u1ea1t t\u1ed1t, d\u1ec5 l\u1eafp \u0111\u1eb7t v\u00e0 s\u1eed d\u1ee5ng.<br \/>\n4. Tu\u1ed5i th\u1ecd cao: \u0111\u01b0\u1ee3c thi\u1ebft k\u1ebf v\u1edbi tu\u1ed5i th\u1ecd cao, c\u00f3 th\u1ec3 s\u1eed d\u1ee5ng l\u00e2u d\u00e0i trong m\u00f4i tr\u01b0\u1eddng \u00e1p su\u1ea5t cao.<\/p>\n<h2>\u0110\u1eb7c \u0111i\u1ec3m k\u1ef9 thu\u1eadt<\/h2>\n<table>\n<tbody>\n<tr>\n<td>Ng\u01b0\u1eddi m\u1eabu<\/td>\n<td>HGH40, HGH63<\/td>\n<\/tr>\n<tr>\n<td>\u0110\u1ed9 d\u00e0y c\u1ee7a \u1ed1ng<\/td>\n<td>HGH40-2.3mm, HGH63-2.45mm<\/td>\n<\/tr>\n<tr>\n<td>\u0110\u01b0\u1eddng k\u00ednh b\u00ean trong c\u1ee7a \u1ed1ng<\/td>\n<td>HGH40-4.0mm, HGH63-6.3mm<\/td>\n<\/tr>\n<tr>\n<td>\u0110\u01b0\u1eddng k\u00ednh ngo\u00e0i c\u1ee7a \u1ed1ng<\/td>\n<td>HGH40-8.6mm, HGH63-11.3mm<\/td>\n<\/tr>\n<tr>\n<td>Tr\u1ecdng l\u01b0\u1ee3ng m\u1ed7i m\u00e9t<\/td>\n<td>HGH40-53g, HGH63-79g<\/td>\n<\/tr>\n<tr>\n<td>Chi\u1ec1u d\u00e0i cu\u1ed9n<\/td>\n<td>200m\/cu\u1ed9n<\/td>\n<\/tr>\n<tr>\n<td>Nhi\u1ec7t \u0111\u1ed9 ho\u1ea1t \u0111\u1ed9ng<\/td>\n<td>(-40\u2103 +80\u2103)<\/td>\n<\/tr>\n<tr>\n<td>\u00c1p su\u1ea5t n\u1ed5 t\u1ed1i thi\u1ec3u<\/td>\n<td>84MPa<\/td>\n<\/tr>\n<\/tbody>\n<\/table>\n<h2>\u1ee8ng d\u1ee5ng<\/h2>\n<p>1. H\u1ec7 th\u1ed1ng th\u1ee7y l\u1ef1c: H\u1ec7 th\u1ed1ng truy\u1ec1n \u0111\u1ed9ng d\u1ea7u th\u1ee7y l\u1ef1c \u00e1p su\u1ea5t cao \u0111\u01b0\u1ee3c \u1ee9ng d\u1ee5ng r\u1ed9ng r\u00e3i trong m\u00e1y m\u00f3c k\u1ef9 thu\u1eadt, thi\u1ebft b\u1ecb x\u00e2y d\u1ef1ng v\u00e0 h\u1ec7 th\u1ed1ng t\u1ef1 \u0111\u1ed9ng h\u00f3a c\u00f4ng nghi\u1ec7p.<br \/>\n2. H\u1ec7 th\u1ed1ng b\u00f4i tr\u01a1n: M\u1ee5c \u0111\u00edch l\u00e0 b\u00f4i tr\u01a1n \u00e1p su\u1ea5t cao, ch\u1ee7 y\u1ebfu \u0111\u01b0\u1ee3c s\u1eed d\u1ee5ng cho c\u00e1c thi\u1ebft b\u1ecb cao c\u1ea5p nh\u01b0 m\u00e1y m\u00f3c l\u1edbn v\u00e0 thi\u1ebft b\u1ecb c\u00f4ng nghi\u1ec7p.<br \/>\n3. Khoan v\u00e0 khai th\u00e1c: truy\u1ec1n ch\u1ea5t b\u00f4i tr\u01a1n \u00e1p su\u1ea5t cao \u0111\u1ea3m b\u1ea3o thi\u1ebft b\u1ecb ho\u1ea1t \u0111\u1ed9ng b\u00ecnh th\u01b0\u1eddng trong m\u00f4i tr\u01b0\u1eddng kh\u1eafc nghi\u1ec7t.<br \/>\n4. Ng\u00e0nh d\u1ea7u kh\u00ed: d\u00f9ng \u0111\u1ec3 truy\u1ec1n t\u1ea3i \u00e1p su\u1ea5t cao c\u00e1c lo\u1ea1i d\u1ea7u, kh\u00ed v\u00e0 h\u00f3a ch\u1ea5t kh\u00e1c nh\u1eb1m th\u00edch \u1ee9ng v\u1edbi \u0111i\u1ec1u ki\u1ec7n l\u00e0m vi\u1ec7c kh\u1eafc nghi\u1ec7t.<br \/>\n5. C\u00f4ng nghi\u1ec7p h\u00f3a ch\u1ea5t: d\u00f9ng \u0111\u1ec3 truy\u1ec1n t\u1ea3i \u00e1p su\u1ea5t cao c\u00e1c ch\u1ea5t l\u1ecfng v\u00e0 kh\u00ed \u0103n m\u00f2n, \u0111\u1ea3m b\u1ea3o an to\u00e0n v\u00e0 hi\u1ec7u qu\u1ea3.<\/p>\n<h2>H\u01b0\u1edbng d\u1eabn s\u1eed d\u1ee5ng<\/h2>\n<div class=\"sdm_download_button_box_default\"><div class=\"sdm_download_link\"><a href=\"https:\/\/www.jinpinlub.com\/vi\/?sdm_process_download=1&download_id=3029\" class=\"sdm_download white\" title=\"Ri\u00eang t\u01b0: HGH high-pressure hose\" target=\"&quot;_blank&quot;\">Xem B\u1ea3ng d\u1eef li\u1ec7u - \u1ed0ng HGH<\/a><\/div><\/div>","protected":false},"excerpt":{"rendered":"<p>\u1ed0ng m\u1ec1m bao g\u1ed3m m\u1ed9t \u1ed1ng b\u00ean trong (nylon PA11), m\u1ed9t l\u1edbp gi\u1eefa (s\u1ee3i t\u1ed5ng h\u1ee3p) v\u00e0 m\u1ed9t l\u1edbp ngo\u00e0i (polyurethane m\u1ec1m d\u1ebbo). \u1ed0ng m\u1ec1m nh\u1eb9 v\u00e0 m\u1ec1m, c\u00f3 \u1ed1ng b\u00ean trong tr\u01a1n tru, kh\u1ea3 n\u0103ng ch\u1ed1ng d\u00f2ng ch\u1ea3y trung b\u00ecnh th\u1ea5p v\u00e0 kh\u1ea3 n\u0103ng ch\u1ed1ng h\u00f3a ch\u1ea5t v\u00e0 ch\u1ed1ng va \u0111\u1eadp t\u1ed1t.<\/p>","protected":false},"featured_media":3031,"template":"","meta":{"ocean_post_layout":"","ocean_both_sidebars_style":"","ocean_both_sidebars_content_width":0,"ocean_both_sidebars_sidebars_width":0,"ocean_sidebar":"0","ocean_second_sidebar":"0","ocean_disable_margins":"enable","ocean_add_body_class":"","ocean_shortcode_before_top_bar":"","ocean_shortcode_after_top_bar":"","ocean_shortcode_before_header":"","ocean_shortcode_after_header":"","ocean_has_shortcode":"","ocean_shortcode_after_title":"","ocean_shortcode_before_footer_widgets":"","ocean_shortcode_after_footer_widgets":"","ocean_shortcode_before_footer_bottom":"","ocean_shortcode_after_footer_bottom":"","ocean_display_top_bar":"default","ocean_display_header":"default","ocean_header_style":"","ocean_center_header_left_menu":"0","ocean_custom_header_template":"0","ocean_custom_logo":0,"ocean_custom_retina_logo":0,"ocean_custom_logo_max_width":0,"ocean_custom_logo_tablet_max_width":0,"ocean_custom_logo_mobile_max_width":0,"ocean_custom_logo_max_height":0,"ocean_custom_logo_tablet_max_height":0,"ocean_custom_logo_mobile_max_height":0,"ocean_header_custom_menu":"0","ocean_menu_typo_font_family":"0","ocean_menu_typo_font_subset":"","ocean_menu_typo_font_size":0,"ocean_menu_typo_font_size_tablet":0,"ocean_menu_typo_font_size_mobile":0,"ocean_menu_typo_font_size_unit":"px","ocean_menu_typo_font_weight":"","ocean_menu_typo_font_weight_tablet":"","ocean_menu_typo_font_weight_mobile":"","ocean_menu_typo_transform":"","ocean_menu_typo_transform_tablet":"","ocean_menu_typo_transform_mobile":"","ocean_menu_typo_line_height":0,"ocean_menu_typo_line_height_tablet":0,"ocean_menu_typo_line_height_mobile":0,"ocean_menu_typo_line_height_unit":"","ocean_menu_typo_spacing":0,"ocean_menu_typo_spacing_tablet":0,"ocean_menu_typo_spacing_mobile":0,"ocean_menu_typo_spacing_unit":"","ocean_menu_link_color":"","ocean_menu_link_color_hover":"","ocean_menu_link_color_active":"","ocean_menu_link_background":"","ocean_menu_link_hover_background":"","ocean_menu_link_active_background":"","ocean_menu_social_links_bg":"","ocean_menu_social_hover_links_bg":"","ocean_menu_social_links_color":"","ocean_menu_social_hover_links_color":"","ocean_disable_title":"default","ocean_disable_heading":"default","ocean_post_title":"","ocean_post_subheading":"","ocean_post_title_style":"","ocean_post_title_background_color":"","ocean_post_title_background":0,"ocean_post_title_bg_image_position":"","ocean_post_title_bg_image_attachment":"","ocean_post_title_bg_image_repeat":"","ocean_post_title_bg_image_size":"","ocean_post_title_height":0,"ocean_post_title_bg_overlay":0.5,"ocean_post_title_bg_overlay_color":"","ocean_disable_breadcrumbs":"default","ocean_breadcrumbs_color":"","ocean_breadcrumbs_separator_color":"","ocean_breadcrumbs_links_color":"","ocean_breadcrumbs_links_hover_color":"","ocean_display_footer_widgets":"default","ocean_display_footer_bottom":"default","ocean_custom_footer_template":"0","osh_disable_topbar_sticky":"default","osh_disable_header_sticky":"default","osh_sticky_header_style":"default","osh_sticky_header_effect":"","osh_custom_sticky_logo":0,"osh_custom_retina_sticky_logo":0,"osh_custom_sticky_logo_height":0,"osh_background_color":"","osh_links_color":"","osh_links_hover_color":"","osh_links_active_color":"","osh_links_bg_color":"","osh_links_hover_bg_color":"","osh_links_active_bg_color":"","osh_menu_social_links_color":"","osh_menu_social_hover_links_color":""},"product_brand":[],"product_cat":[31],"product_tag":[117,119,118],"class_list":{"0":"post-3028","1":"product","2":"type-product","3":"status-publish","4":"has-post-thumbnail","6":"product_cat-lube-system-accessories","7":"product_tag-grease-hose","8":"product_tag-high-pressure-hose","9":"product_tag-lubrication-system-hose","11":"entry","12":"has-media","14":"first","15":"instock","16":"shipping-taxable","17":"product-type-external","18":"col","19":"span_1_of_3","20":"owp-content-center","21":"owp-thumbs-layout-horizontal","22":"owp-btn-very-big","23":"owp-tabs-layout-horizontal"},"_links":{"self":[{"href":"https:\/\/www.jinpinlub.com\/vi\/wp-json\/wp\/v2\/product\/3028","targetHints":{"allow":["GET"]}}],"collection":[{"href":"https:\/\/www.jinpinlub.com\/vi\/wp-json\/wp\/v2\/product"}],"about":[{"href":"https:\/\/www.jinpinlub.com\/vi\/wp-json\/wp\/v2\/types\/product"}],"wp:featuredmedia":[{"embeddable":true,"href":"https:\/\/www.jinpinlub.com\/vi\/wp-json\/wp\/v2\/media\/3031"}],"wp:attachment":[{"href":"https:\/\/www.jinpinlub.com\/vi\/wp-json\/wp\/v2\/media?parent=3028"}],"wp:term":[{"taxonomy":"product_brand","embeddable":true,"href":"https:\/\/www.jinpinlub.com\/vi\/wp-json\/wp\/v2\/product_brand?post=3028"},{"taxonomy":"product_cat","embeddable":true,"href":"https:\/\/www.jinpinlub.com\/vi\/wp-json\/wp\/v2\/product_cat?post=3028"},{"taxonomy":"product_tag","embeddable":true,"href":"https:\/\/www.jinpinlub.com\/vi\/wp-json\/wp\/v2\/product_tag?post=3028"}],"curies":[{"name":"wp","href":"https:\/\/api.w.org\/{rel}","templated":true}]}}