{"id":3045,"date":"2024-08-06T18:35:44","date_gmt":"2024-08-06T18:35:44","guid":{"rendered":"https:\/\/www.jinpinlub.com\/?post_type=product&#038;p=3045"},"modified":"2025-04-15T20:35:48","modified_gmt":"2025-04-15T12:35:48","slug":"bom-mo-boi-tron-giam-ap-jgh3-van-hanh-thu-cong","status":"publish","type":"product","link":"https:\/\/www.jinpinlub.com\/vi\/product\/jgh3-pressure-relief-manually-operate-grease-lubrication-pump\/","title":{"rendered":"B\u01a1m m\u1ee1 b\u00f4i tr\u01a1n gi\u1ea3m \u00e1p EGH3 v\u1eadn h\u00e0nh th\u1ee7 c\u00f4ng"},"content":{"rendered":"<h2>\u0110\u1eb7c tr\u01b0ng<\/h2>\n<p>1. K\u00e9o tay c\u1ea7m \u0111\u1ec3 \u0111\u01b0a d\u1ea7u b\u00f4i tr\u01a1n, d\u1ec5 v\u1eadn h\u00e0nh.<br \/>\n2. Kh\u1ed1i \u00e9p d\u1ea7u c\u00f3 \u0111\u1ed9 k\u00edn t\u1ed1t, b\u01a1 kh\u00f4ng b\u1ecb \u0111\u1ecdng l\u1ea1i trong c\u1ed1c \u0111\u1ef1ng d\u1ea7u.<br \/>\n3. L\u1ed7 x\u1ea3 d\u1ea7u c\u00f3 th\u1ec3 \u0111\u01b0\u1ee3c \u0111\u1eb7t \u1edf b\u00ean tr\u00e1i ho\u1eb7c b\u00ean ph\u1ea3i tay c\u1ea7m t\u00f9y theo nhu c\u1ea7u v\u00e0 d\u1ea7u c\u0169ng c\u00f3 th\u1ec3 \u0111\u01b0\u1ee3c x\u1ea3 ra t\u1eeb c\u1ea3 hai b\u00ean.<br \/>\n4. EGH3 l\u00e0 b\u01a1m tay gi\u1ea3m \u00e1p. Sau khi \u00e1p su\u1ea5t \u0111\u1ea1t \u0111\u1ebfn gi\u00e1 tr\u1ecb \u0111\u1ecbnh m\u1ee9c, h\u00e3y \u0111\u1ea3m b\u1ea3o tr\u1ea3 c\u1ea7n \u0111i\u1ec1u khi\u1ec3n v\u1ec1 v\u1ecb tr\u00ed kh\u00f3a \u0111\u1ec3 gi\u1ea3i ph\u00f3ng \u00e1p su\u1ea5t h\u1ec7 th\u1ed1ng.<br \/>\n5. Th\u00edch h\u1ee3p cho c\u00e1c thi\u1ebft b\u1ecb c\u01a1 kh\u00ed c\u1ea7n b\u00f4i tr\u01a1n b\u1ea5t c\u1ee9 l\u00fac n\u00e0o, ch\u1eb3ng h\u1ea1n nh\u01b0 m\u00e1y \u0111\u1ed9t d\u1eadp, m\u00e1y ch\u1ebf bi\u1ebfn g\u1ed7, v.v.<\/p>\n<h2>\u0110\u1eb7c \u0111i\u1ec3m k\u1ef9 thu\u1eadt<\/h2>\n<table>\n<tbody>\n<tr>\n<td>Nhi\u1ec7t \u0111\u1ed9 ho\u1ea1t \u0111\u1ed9ng<\/td>\n<td>(-20~+55\u00b0C)<\/td>\n<\/tr>\n<tr>\n<td>S\u1ed1 l\u01b0\u1ee3ng c\u1eeda h\u00e0ng<\/td>\n<td>1, 2<\/td>\n<\/tr>\n<tr>\n<td>S\u1ee9c ch\u1ee9a h\u1ed3 ch\u1ee9a<\/td>\n<td>300mL, 800mL<\/td>\n<\/tr>\n<tr>\n<td>Nguy\u00ean l\u00fd ch\u1ee9c n\u0103ng<\/td>\n<td>B\u01a1m v\u1eadn h\u00e0nh b\u1eb1ng tay<\/td>\n<\/tr>\n<tr>\n<td>Ch\u1ea5t b\u00f4i tr\u01a1n<\/td>\n<td>M\u1ee1 b\u00f4i tr\u01a1n NLGI 000~0#<\/td>\n<\/tr>\n<tr>\n<td>Ph\u00f3ng \u0111i\u1ec7n<\/td>\n<td>2mL\/chu k\u1ef3<\/td>\n<\/tr>\n<tr>\n<td>\u00c1p su\u1ea5t v\u1eadn h\u00e0nh t\u1ed1i \u0111a<\/td>\n<td>10MPa<\/td>\n<\/tr>\n<tr>\n<td>Ch\u1ee7 \u0111\u1ec1 k\u1ebft n\u1ed1i<\/td>\n<td>\u0110\u1ea7u ra \u03a64, \u03a66, \u03a68, PT1\/8<\/td>\n<\/tr>\n<tr>\n<td>Ch\u1ee9ng nh\u1eadn<\/td>\n<td>Ti\u00eau chu\u1ea9n<\/td>\n<\/tr>\n<tr>\n<td>V\u1ecb tr\u00ed l\u1eafp \u0111\u1eb7t<\/td>\n<td>D\u1ecdc ho\u1eb7c ngang<\/td>\n<\/tr>\n<\/tbody>\n<\/table>\n<h2>\u1ee8ng d\u1ee5ng<\/h2>\n<p>1. M\u00e1y m\u00f3c c\u00f4ng nghi\u1ec7p: bao g\u1ed3m c\u00e1c thi\u1ebft b\u1ecb nh\u01b0 m\u00e1y ti\u1ec7n, m\u00e1y phay v\u00e0 c\u00e1c thi\u1ebft b\u1ecb c\u01a1 kh\u00ed h\u1ea1ng n\u1eb7ng kh\u00e1c c\u1ea7n \u0111\u01b0\u1ee3c b\u00f4i tr\u01a1n \u0111\u1ecbnh k\u1ef3.<br \/>\n2. M\u00e1y m\u00f3c n\u00f4ng nghi\u1ec7p: m\u00e1y k\u00e9o, m\u00e1y gieo h\u1ea1t, c\u00e1c lo\u1ea1i m\u00e1y m\u00f3c n\u00f4ng nghi\u1ec7p kh\u00e1c ho\u1ea1t \u0111\u1ed9ng b\u00ecnh th\u01b0\u1eddng trong \u0111i\u1ec1u ki\u1ec7n kh\u1eafc nghi\u1ec7t.<br \/>\n3. M\u00e1y m\u00f3c x\u00e2y d\u1ef1ng: nh\u01b0 m\u00e1y \u0111\u00e0o, m\u00e1y \u1ee7i, v.v., ph\u1ea3i \u0111\u1ea3m b\u1ea3o c\u00e1c thi\u1ebft b\u1ecb n\u00e0y \u0111\u01b0\u1ee3c b\u00f4i tr\u01a1n \u0111\u1ea7y \u0111\u1ee7 khi l\u00e0m vi\u1ec7c d\u01b0\u1edbi t\u1ea3i tr\u1ecdng cao.<br \/>\n4. B\u1ea3o d\u01b0\u1ee1ng xe: Bao g\u1ed3m vi\u1ec7c b\u00f4i tr\u01a1n \u1ed5 tr\u1ee5c v\u00e0 c\u00e1c b\u1ed9 ph\u1eadn chuy\u1ec3n \u0111\u1ed9ng kh\u00e1c c\u1ee7a c\u00e1c lo\u1ea1i xe l\u1edbn, bao g\u1ed3m xe t\u1ea3i v\u00e0 xe bu\u00fdt.<\/p>\n<h2>H\u01b0\u1edbng d\u1eabn s\u1eed d\u1ee5ng<\/h2>\n<div class=\"sdm_download_button_box_default\"><div class=\"sdm_download_link\"><a href=\"https:\/\/www.jinpinlub.com\/vi\/?sdm_process_download=1&download_id=3040\" class=\"sdm_download white\" title=\"Ri\u00eang t\u01b0: EGH3 Pressure relief hand pump\" target=\"&quot;_blank&quot;\">View Datasheet - EGH3 Manual Pump<\/a><\/div><\/div>","protected":false},"excerpt":{"rendered":"<p>EGH3 manual lubrication pump is a device used for lubrication of mechanical equipment, with manual operation and pressure relief functions. It is usually used in situations where regular lubrication is required but is not suitable for automatic lubrication systems.<\/p>","protected":false},"featured_media":3050,"template":"","meta":{"ocean_post_layout":"","ocean_both_sidebars_style":"","ocean_both_sidebars_content_width":0,"ocean_both_sidebars_sidebars_width":0,"ocean_sidebar":"0","ocean_second_sidebar":"0","ocean_disable_margins":"enable","ocean_add_body_class":"","ocean_shortcode_before_top_bar":"","ocean_shortcode_after_top_bar":"","ocean_shortcode_before_header":"","ocean_shortcode_after_header":"","ocean_has_shortcode":"","ocean_shortcode_after_title":"","ocean_shortcode_before_footer_widgets":"","ocean_shortcode_after_footer_widgets":"","ocean_shortcode_before_footer_bottom":"","ocean_shortcode_after_footer_bottom":"","ocean_display_top_bar":"default","ocean_display_header":"default","ocean_header_style":"","ocean_center_header_left_menu":"0","ocean_custom_header_template":"0","ocean_custom_logo":0,"ocean_custom_retina_logo":0,"ocean_custom_logo_max_width":0,"ocean_custom_logo_tablet_max_width":0,"ocean_custom_logo_mobile_max_width":0,"ocean_custom_logo_max_height":0,"ocean_custom_logo_tablet_max_height":0,"ocean_custom_logo_mobile_max_height":0,"ocean_header_custom_menu":"0","ocean_menu_typo_font_family":"0","ocean_menu_typo_font_subset":"","ocean_menu_typo_font_size":0,"ocean_menu_typo_font_size_tablet":0,"ocean_menu_typo_font_size_mobile":0,"ocean_menu_typo_font_size_unit":"px","ocean_menu_typo_font_weight":"","ocean_menu_typo_font_weight_tablet":"","ocean_menu_typo_font_weight_mobile":"","ocean_menu_typo_transform":"","ocean_menu_typo_transform_tablet":"","ocean_menu_typo_transform_mobile":"","ocean_menu_typo_line_height":0,"ocean_menu_typo_line_height_tablet":0,"ocean_menu_typo_line_height_mobile":0,"ocean_menu_typo_line_height_unit":"","ocean_menu_typo_spacing":0,"ocean_menu_typo_spacing_tablet":0,"ocean_menu_typo_spacing_mobile":0,"ocean_menu_typo_spacing_unit":"","ocean_menu_link_color":"","ocean_menu_link_color_hover":"","ocean_menu_link_color_active":"","ocean_menu_link_background":"","ocean_menu_link_hover_background":"","ocean_menu_link_active_background":"","ocean_menu_social_links_bg":"","ocean_menu_social_hover_links_bg":"","ocean_menu_social_links_color":"","ocean_menu_social_hover_links_color":"","ocean_disable_title":"default","ocean_disable_heading":"default","ocean_post_title":"","ocean_post_subheading":"","ocean_post_title_style":"","ocean_post_title_background_color":"","ocean_post_title_background":0,"ocean_post_title_bg_image_position":"","ocean_post_title_bg_image_attachment":"","ocean_post_title_bg_image_repeat":"","ocean_post_title_bg_image_size":"","ocean_post_title_height":0,"ocean_post_title_bg_overlay":0.5,"ocean_post_title_bg_overlay_color":"","ocean_disable_breadcrumbs":"default","ocean_breadcrumbs_color":"","ocean_breadcrumbs_separator_color":"","ocean_breadcrumbs_links_color":"","ocean_breadcrumbs_links_hover_color":"","ocean_display_footer_widgets":"default","ocean_display_footer_bottom":"default","ocean_custom_footer_template":"0","osh_disable_topbar_sticky":"default","osh_disable_header_sticky":"default","osh_sticky_header_style":"default","osh_sticky_header_effect":"","osh_custom_sticky_logo":0,"osh_custom_retina_sticky_logo":0,"osh_custom_sticky_logo_height":0,"osh_background_color":"","osh_links_color":"","osh_links_hover_color":"","osh_links_active_color":"","osh_links_bg_color":"","osh_links_hover_bg_color":"","osh_links_active_bg_color":"","osh_menu_social_links_color":"","osh_menu_social_hover_links_color":""},"product_brand":[],"product_cat":[39,37],"product_tag":[77,120,92],"class_list":{"0":"post-3045","1":"product","2":"type-product","3":"status-publish","4":"has-post-thumbnail","6":"product_cat-manual-pressure-relief-pumps","7":"product_cat-single-line-grease-systems","8":"product_tag-grease-lubrication-pump","9":"product_tag-manual-lubrication-pump","10":"product_tag-single-line-lubrication-pump","12":"entry","13":"has-media","15":"first","16":"instock","17":"shipping-taxable","18":"product-type-external","19":"col","20":"span_1_of_3","21":"owp-content-center","22":"owp-thumbs-layout-horizontal","23":"owp-btn-very-big","24":"owp-tabs-layout-horizontal"},"_links":{"self":[{"href":"https:\/\/www.jinpinlub.com\/vi\/wp-json\/wp\/v2\/product\/3045","targetHints":{"allow":["GET"]}}],"collection":[{"href":"https:\/\/www.jinpinlub.com\/vi\/wp-json\/wp\/v2\/product"}],"about":[{"href":"https:\/\/www.jinpinlub.com\/vi\/wp-json\/wp\/v2\/types\/product"}],"wp:featuredmedia":[{"embeddable":true,"href":"https:\/\/www.jinpinlub.com\/vi\/wp-json\/wp\/v2\/media\/3050"}],"wp:attachment":[{"href":"https:\/\/www.jinpinlub.com\/vi\/wp-json\/wp\/v2\/media?parent=3045"}],"wp:term":[{"taxonomy":"product_brand","embeddable":true,"href":"https:\/\/www.jinpinlub.com\/vi\/wp-json\/wp\/v2\/product_brand?post=3045"},{"taxonomy":"product_cat","embeddable":true,"href":"https:\/\/www.jinpinlub.com\/vi\/wp-json\/wp\/v2\/product_cat?post=3045"},{"taxonomy":"product_tag","embeddable":true,"href":"https:\/\/www.jinpinlub.com\/vi\/wp-json\/wp\/v2\/product_tag?post=3045"}],"curies":[{"name":"wp","href":"https:\/\/api.w.org\/{rel}","templated":true}]}}