{"id":3056,"date":"2024-08-07T08:19:42","date_gmt":"2024-08-07T08:19:42","guid":{"rendered":"https:\/\/www.jinpinlub.com\/?post_type=product&#038;p=3056"},"modified":"2024-08-07T09:29:22","modified_gmt":"2024-08-07T09:29:22","slug":"bo-phan-phoi-khoi-tien-bo-jvb12s-cho-he-thong-tien-bo","status":"publish","type":"product","link":"https:\/\/www.jinpinlub.com\/vi\/product\/jvb12s-progressive-block-distributor-for-progressive-system\/","title":{"rendered":"B\u1ed9 ph\u00e2n ph\u1ed1i kh\u1ed1i ti\u1ebfn b\u1ed9 JVB12S cho h\u1ec7 th\u1ed1ng ti\u1ebfn b\u1ed9"},"content":{"rendered":"<h2>\u0110\u1eb7c tr\u01b0ng<\/h2>\n<p>1. T\u1ed1c \u0111\u1ed9 d\u00f2ng ch\u1ea3y c\u1ed1 \u0111\u1ecbnh v\u00e0 th\u1ec3 t\u00edch \u0111\u1ea7u ra c\u1ee7a m\u1ed7i l\u1ed7 trong m\u1ed7i chu k\u1ef3 l\u00e0 0,17 mL.<br \/>\n2. Kh\u00f4ng th\u1ec3 ch\u1eb7n c\u00e1c \u0111\u1ea7u ra 1 v\u00e0 2, c\u00e1c \u0111\u1ea7u ra kh\u00e1c c\u00f3 th\u1ec3 b\u1ecb ch\u1eb7n b\u1eb1ng c\u00e1c \u0111\u1ea7u n\u1ed1i chuy\u00ean d\u1ee5ng, l\u01b0u l\u01b0\u1ee3ng c\u1ee7a c\u00e1c \u0111\u1ea7u ra li\u1ec1n k\u1ec1 s\u1ebd t\u0103ng g\u1ea5p \u0111\u00f4i.<br \/>\n3. C\u1eeda x\u1ea3 d\u1ea7u \u0111\u01b0\u1ee3c trang b\u1ecb \u0111\u1ea7u n\u1ed1i van m\u1ed9t chi\u1ec1u \u0111\u1ec3 ng\u0103n d\u1ea7u ch\u1ea3y ng\u01b0\u1ee3c.<br \/>\n4. C\u00f3 th\u1ec3 l\u1ef1a ch\u1ecdn nh\u00e0 ph\u00e2n ph\u1ed1i c\u00f3 t\u1eeb 6-20 c\u1eeda h\u00e0ng.<br \/>\n5. D\u1ec5 d\u00e0ng theo d\u00f5i v\u00e0 thay th\u1ebf m\u00e0 kh\u00f4ng \u1ea3nh h\u01b0\u1edfng \u0111\u1ebfn c\u00e1c m\u1ea1ch d\u1ea7u kh\u00e1c.<br \/>\n6. C\u00f3 th\u1ec3 gi\u00e1m s\u00e1t b\u1eb1ng h\u00ecnh \u1ea3nh ho\u1eb7c gi\u00e1m s\u00e1t \u0111i\u1ec7n t\u1eed.<br \/>\n7. Ch\u1ea5t b\u00f4i tr\u01a1n t\u01b0\u01a1ng th\u00edch: m\u1ee1 000#-2#, d\u1ea7u \u0111\u1ed9ng c\u01a1 32-220cSt@40\u2103.<br \/>\n8. Nhi\u1ec7t \u0111\u1ed9 ho\u1ea1t \u0111\u1ed9ng -20\u2103~+80\u2103.<\/p>\n<h2>\u0110\u1eb7c \u0111i\u1ec3m k\u1ef9 thu\u1eadt<\/h2>\n<table>\n<tbody>\n<tr>\n<td>Nguy\u00ean l\u00fd ch\u1ee9c n\u0103ng<\/td>\n<td>Thi\u1ebft b\u1ecb \u0111o l\u01b0\u1eddng<\/td>\n<\/tr>\n<tr>\n<td>S\u1ed1 l\u01b0\u1ee3ng c\u1eeda h\u00e0ng<\/td>\n<td>6-20<\/td>\n<\/tr>\n<tr>\n<td>\u0110o l\u01b0\u1eddng s\u1ed1 l\u01b0\u1ee3ng<\/td>\n<td>0,17mL\/chu k\u1ef3<\/td>\n<\/tr>\n<tr>\n<td>Ch\u1ea5t b\u00f4i tr\u01a1n<\/td>\n<td>M\u1ee1 b\u00f4i tr\u01a1n l\u00ean \u0111\u1ebfn NLGI 2, d\u1ea7u 32-220cSt@40\u2103<\/td>\n<\/tr>\n<tr>\n<td>Nhi\u1ec7t \u0111\u1ed9 ho\u1ea1t \u0111\u1ed9ng<\/td>\n<td>\u201320 \u0111\u1ebfn +80 \u00b0C<\/td>\n<\/tr>\n<tr>\n<td>\u00c1p su\u1ea5t ho\u1ea1t \u0111\u1ed9ng<\/td>\n<td>T\u1ed1i \u0111a 350 bar<\/td>\n<\/tr>\n<tr>\n<td>V\u1eadt li\u1ec7u<\/td>\n<td>M\u1ea1 k\u1ebdm \u0111en<\/td>\n<\/tr>\n<tr>\n<td>\u0110\u1ea7u v\u00e0o k\u1ebft n\u1ed1i<\/td>\n<td>\u03a66(M10x1.0), \u03a68(M10x1.0)<\/td>\n<\/tr>\n<tr>\n<td>\u1ed4 c\u1eafm k\u1ebft n\u1ed1i<\/td>\n<td>\u03a66(M10x1.0), \u03a68(M10x1.0)<\/td>\n<\/tr>\n<tr>\n<td>V\u1ecb tr\u00ed l\u1eafp \u0111\u1eb7t<\/td>\n<td>B\u1ea5t k\u00ec<\/td>\n<\/tr>\n<\/tbody>\n<\/table>\n<h2>\u1ee8ng d\u1ee5ng<\/h2>\n<p>Thi\u1ebft b\u1ecb gia c\u00f4ng c\u01a1 kh\u00ed: ch\u1eb3ng h\u1ea1n nh\u01b0 m\u00e1y c\u00f4ng c\u1ee5 v\u00e0 m\u00e1y gia c\u00f4ng.<br \/>\nK\u1ef9 thu\u1eadt c\u01a1 kh\u00ed n\u00f3i chung: \u0111\u01b0\u1ee3c s\u1eed d\u1ee5ng r\u1ed9ng r\u00e3i trong nhi\u1ec1u thi\u1ebft b\u1ecb c\u01a1 kh\u00ed kh\u00e1c nhau.<br \/>\nM\u00e1y \u00e9p: ph\u00f9 h\u1ee3p v\u1edbi nhi\u1ec1u lo\u1ea1i m\u00e1y \u00e9p kh\u00e1c nhau.<br \/>\nM\u00e1y m\u00f3c ch\u1ebf bi\u1ebfn nh\u1ef1a v\u00e0 gi\u1ea5y: cung c\u1ea5p kh\u1ea3 n\u0103ng b\u00f4i tr\u01a1n \u0111\u00e1ng tin c\u1eady trong c\u00e1c ng\u00e0nh c\u00f4ng nghi\u1ec7p n\u00e0y.<br \/>\nM\u00e1y m\u00f3c d\u1ec7t: \u0111\u1ea3m b\u1ea3o ho\u1ea1t \u0111\u1ed9ng tr\u01a1n tru c\u1ee7a thi\u1ebft b\u1ecb d\u1ec7t.<br \/>\nM\u00e1y in v\u00e0 \u0111\u00f3ng g\u00f3i: cung c\u1ea5p kh\u1ea3 n\u0103ng b\u00f4i tr\u01a1n li\u00ean t\u1ee5c cho c\u00e1c thi\u1ebft b\u1ecb t\u1ed1c \u0111\u1ed9 cao n\u00e0y.<\/p>\n<h2>H\u01b0\u1edbng d\u1eabn s\u1eed d\u1ee5ng<\/h2>\n<div class=\"sdm_download_button_box_default\"><div class=\"sdm_download_link\"><a href=\"https:\/\/www.jinpinlub.com\/vi\/?sdm_process_download=1&download_id=3055\" class=\"sdm_download white\" title=\"Ri\u00eang t\u01b0: JVB Progressive Divider\" target=\"&quot;_blank&quot;\">Xem B\u1ea3ng d\u1eef li\u1ec7u - Nh\u00e0 ph\u00e2n ph\u1ed1i JVB<\/a><\/div><\/div>","protected":false},"excerpt":{"rendered":"<p>B\u1ed9 ph\u00e2n ph\u1ed1i PVB ch\u1ee7 y\u1ebfu cung c\u1ea5p ch\u1ea5t b\u00f4i tr\u01a1n theo s\u1ed1 l\u01b0\u1ee3ng \u0111\u01b0\u1ee3c \u0111o chu\u1ea9n h\u00f3a v\u00e0 ph\u00e2n ph\u1ed1i d\u1ea7n ch\u1ea5t b\u00f4i tr\u01a1n \u0111\u1ebfn c\u00e1c \u0111i\u1ec3m b\u00f4i tr\u01a1n \u0111\u01b0\u1ee3c k\u1ebft n\u1ed1i th\u00f4ng qua piston b\u1ecbt k\u00edn b\u1eb1ng kim lo\u1ea1i, \u0111\u1ea3m b\u1ea3o r\u1eb1ng m\u1ed7i \u0111i\u1ec3m b\u00f4i tr\u01a1n \u0111\u01b0\u1ee3c b\u00f4i tr\u01a1n \u0111\u1ec1u.<\/p>","protected":false},"featured_media":3057,"template":"","meta":{"ocean_post_layout":"","ocean_both_sidebars_style":"","ocean_both_sidebars_content_width":0,"ocean_both_sidebars_sidebars_width":0,"ocean_sidebar":"0","ocean_second_sidebar":"0","ocean_disable_margins":"enable","ocean_add_body_class":"","ocean_shortcode_before_top_bar":"","ocean_shortcode_after_top_bar":"","ocean_shortcode_before_header":"","ocean_shortcode_after_header":"","ocean_has_shortcode":"","ocean_shortcode_after_title":"","ocean_shortcode_before_footer_widgets":"","ocean_shortcode_after_footer_widgets":"","ocean_shortcode_before_footer_bottom":"","ocean_shortcode_after_footer_bottom":"","ocean_display_top_bar":"default","ocean_display_header":"default","ocean_header_style":"","ocean_center_header_left_menu":"0","ocean_custom_header_template":"0","ocean_custom_logo":0,"ocean_custom_retina_logo":0,"ocean_custom_logo_max_width":0,"ocean_custom_logo_tablet_max_width":0,"ocean_custom_logo_mobile_max_width":0,"ocean_custom_logo_max_height":0,"ocean_custom_logo_tablet_max_height":0,"ocean_custom_logo_mobile_max_height":0,"ocean_header_custom_menu":"0","ocean_menu_typo_font_family":"0","ocean_menu_typo_font_subset":"","ocean_menu_typo_font_size":0,"ocean_menu_typo_font_size_tablet":0,"ocean_menu_typo_font_size_mobile":0,"ocean_menu_typo_font_size_unit":"px","ocean_menu_typo_font_weight":"","ocean_menu_typo_font_weight_tablet":"","ocean_menu_typo_font_weight_mobile":"","ocean_menu_typo_transform":"","ocean_menu_typo_transform_tablet":"","ocean_menu_typo_transform_mobile":"","ocean_menu_typo_line_height":0,"ocean_menu_typo_line_height_tablet":0,"ocean_menu_typo_line_height_mobile":0,"ocean_menu_typo_line_height_unit":"","ocean_menu_typo_spacing":0,"ocean_menu_typo_spacing_tablet":0,"ocean_menu_typo_spacing_mobile":0,"ocean_menu_typo_spacing_unit":"","ocean_menu_link_color":"","ocean_menu_link_color_hover":"","ocean_menu_link_color_active":"","ocean_menu_link_background":"","ocean_menu_link_hover_background":"","ocean_menu_link_active_background":"","ocean_menu_social_links_bg":"","ocean_menu_social_hover_links_bg":"","ocean_menu_social_links_color":"","ocean_menu_social_hover_links_color":"","ocean_disable_title":"default","ocean_disable_heading":"default","ocean_post_title":"","ocean_post_subheading":"","ocean_post_title_style":"","ocean_post_title_background_color":"","ocean_post_title_background":0,"ocean_post_title_bg_image_position":"","ocean_post_title_bg_image_attachment":"","ocean_post_title_bg_image_repeat":"","ocean_post_title_bg_image_size":"","ocean_post_title_height":0,"ocean_post_title_bg_overlay":0.5,"ocean_post_title_bg_overlay_color":"","ocean_disable_breadcrumbs":"default","ocean_breadcrumbs_color":"","ocean_breadcrumbs_separator_color":"","ocean_breadcrumbs_links_color":"","ocean_breadcrumbs_links_hover_color":"","ocean_display_footer_widgets":"default","ocean_display_footer_bottom":"default","ocean_custom_footer_template":"0","osh_disable_topbar_sticky":"default","osh_disable_header_sticky":"default","osh_sticky_header_style":"default","osh_sticky_header_effect":"","osh_custom_sticky_logo":0,"osh_custom_retina_sticky_logo":0,"osh_custom_sticky_logo_height":0,"osh_background_color":"","osh_links_color":"","osh_links_hover_color":"","osh_links_active_color":"","osh_links_bg_color":"","osh_links_hover_bg_color":"","osh_links_active_bg_color":"","osh_menu_social_links_color":"","osh_menu_social_hover_links_color":""},"product_brand":[],"product_cat":[44,41],"product_tag":[87,99,122],"class_list":{"0":"post-3056","1":"product","2":"type-product","3":"status-publish","4":"has-post-thumbnail","6":"product_cat-progressive-grease-dividers","7":"product_cat-progressive-grease-systems","8":"product_tag-grease-distributor","9":"product_tag-progressive-distributor","10":"product_tag-progressive-divider","12":"entry","13":"has-media","15":"first","16":"instock","17":"shipping-taxable","18":"product-type-external","19":"col","20":"span_1_of_3","21":"owp-content-center","22":"owp-thumbs-layout-horizontal","23":"owp-btn-very-big","24":"owp-tabs-layout-horizontal"},"_links":{"self":[{"href":"https:\/\/www.jinpinlub.com\/vi\/wp-json\/wp\/v2\/product\/3056","targetHints":{"allow":["GET"]}}],"collection":[{"href":"https:\/\/www.jinpinlub.com\/vi\/wp-json\/wp\/v2\/product"}],"about":[{"href":"https:\/\/www.jinpinlub.com\/vi\/wp-json\/wp\/v2\/types\/product"}],"wp:featuredmedia":[{"embeddable":true,"href":"https:\/\/www.jinpinlub.com\/vi\/wp-json\/wp\/v2\/media\/3057"}],"wp:attachment":[{"href":"https:\/\/www.jinpinlub.com\/vi\/wp-json\/wp\/v2\/media?parent=3056"}],"wp:term":[{"taxonomy":"product_brand","embeddable":true,"href":"https:\/\/www.jinpinlub.com\/vi\/wp-json\/wp\/v2\/product_brand?post=3056"},{"taxonomy":"product_cat","embeddable":true,"href":"https:\/\/www.jinpinlub.com\/vi\/wp-json\/wp\/v2\/product_cat?post=3056"},{"taxonomy":"product_tag","embeddable":true,"href":"https:\/\/www.jinpinlub.com\/vi\/wp-json\/wp\/v2\/product_tag?post=3056"}],"curies":[{"name":"wp","href":"https:\/\/api.w.org\/{rel}","templated":true}]}}