{"id":3064,"date":"2024-08-08T15:40:21","date_gmt":"2024-08-08T15:40:21","guid":{"rendered":"https:\/\/www.jinpinlub.com\/?post_type=product&#038;p=3064"},"modified":"2024-11-28T17:59:45","modified_gmt":"2024-11-28T09:59:45","slug":"ao-5-bo-tron-dau-khi-phan-phoi-dinh-luong-cho-he-thong-boi-tron","status":"publish","type":"product","link":"https:\/\/www.jinpinlub.com\/vi\/product\/ao-5-oil-air-mixer-metering-distributor-for-lubrication-system\/","title":{"rendered":"B\u1ed9 ph\u00e2n ph\u1ed1i \u0111\u1ecbnh l\u01b0\u1ee3ng tr\u1ed9n d\u1ea7u-kh\u00f4ng kh\u00ed AO-5 cho h\u1ec7 th\u1ed1ng b\u00f4i tr\u01a1n"},"content":{"rendered":"<h2>\u0110\u1eb7c tr\u01b0ng<\/h2>\n<p>AO l\u00e0 m\u00e1y tr\u1ed9n b\u00f4i tr\u01a1n d\u1ea7u-kh\u00ed \u0111\u1ecbnh l\u01b0\u1ee3ng \u0111\u01b0\u1ee3c ph\u00e1t tri\u1ec3n d\u1ef1a tr\u00ean c\u00f4ng ngh\u1ec7 tr\u1ed9n d\u1ea7u-kh\u00ed ti\u00ean ti\u1ebfn.<br \/>\nTh\u1ec3 t\u00edch x\u1ea3 c\u00f3 b\u1ed1n th\u00f4ng s\u1ed1 k\u1ef9 thu\u1eadt: 0,03, 0,06, 0,1 v\u00e0 0,16 mL\/chu k\u1ef3.<br \/>\nM\u1ed7i \u1ed5 c\u1eafm c\u00f3 th\u1ec3 \u0111\u01b0\u1ee3c l\u1ef1a ch\u1ecdn cho c\u00e1c \u0111\u01b0\u1eddng x\u1ea3 kh\u00e1c nhau v\u00e0 l\u1eafp r\u00e1p t\u00edch h\u1ee3p, v\u1edbi 1 \u0111\u1ebfn 5 \u1ed5 c\u1eafm k\u1ebft h\u1ee3p.<br \/>\nM\u00e1y tr\u1ed9n \u0111\u1ecbnh l\u01b0\u1ee3ng b\u00f4i tr\u01a1n d\u1ea7u-kh\u00f4ng kh\u00ed \u0111\u01b0\u1ee3c trang b\u1ecb v\u00edt \u0111i\u1ec1u ch\u1ec9nh l\u01b0u l\u01b0\u1ee3ng kh\u00ed \u0111\u1ec3 \u0111i\u1ec1u ch\u1ec9nh l\u01b0u l\u01b0\u1ee3ng kh\u00ed.<br \/>\nL\u01b0\u1ee3ng d\u1ea7u nh\u1ecf, t\u1ef7 l\u1ec7 s\u1eed d\u1ee5ng d\u1ea7u cao.<br \/>\n\u0110\u1ed9 nh\u1edbt d\u1ea7u t\u01b0\u01a1ng th\u00edch 10-90cSt@40\u2103.<\/p>\n<h2>\u0110\u1eb7c \u0111i\u1ec3m k\u1ef9 thu\u1eadt<\/h2>\n<table>\n<tbody>\n<tr>\n<td>Nguy\u00ean l\u00fd ch\u1ee9c n\u0103ng<\/td>\n<td>Thi\u1ebft b\u1ecb \u0111o l\u01b0\u1eddng<\/td>\n<\/tr>\n<tr>\n<td>S\u1ed1 l\u01b0\u1ee3ng c\u1eeda h\u00e0ng<\/td>\n<td>1-5<\/td>\n<\/tr>\n<tr>\n<td>\u0110o l\u01b0\u1eddng s\u1ed1 l\u01b0\u1ee3ng<\/td>\n<td>0,03, 0,06, 0,10, 0,16 mL\/chu k\u1ef3<\/td>\n<\/tr>\n<tr>\n<td>Ch\u1ea5t b\u00f4i tr\u01a1n<\/td>\n<td>D\u1ea7u 10-90cSt@40\u2103<\/td>\n<\/tr>\n<tr>\n<td>Nhi\u1ec7t \u0111\u1ed9 ho\u1ea1t \u0111\u1ed9ng<\/td>\n<td>0 \u0111\u1ebfn +40 \u00b0C<\/td>\n<\/tr>\n<tr>\n<td>\u00c1p su\u1ea5t d\u1ea7u<\/td>\n<td>15-30bar<\/td>\n<\/tr>\n<tr>\n<td>V\u1eadt li\u1ec7u<\/td>\n<td>H\u1ee3p kim<\/td>\n<\/tr>\n<tr>\n<td>C\u1eeda v\u00e0o kh\u00f4ng kh\u00ed<\/td>\n<td>\u03a66(PT1\/8)<\/td>\n<\/tr>\n<tr>\n<td>\u0110\u1ea7u v\u00e0o d\u1ea7u<\/td>\n<td>\u03a66(M10x1)<\/td>\n<\/tr>\n<tr>\n<td>\u0110\u1ea7u ra d\u1ea7u-kh\u00f4ng kh\u00ed<\/td>\n<td>\u03a64(M8x1)<\/td>\n<\/tr>\n<\/tbody>\n<\/table>\n<h2>\u1ee8ng d\u1ee5ng<\/h2>\n<p>Thi\u1ebft b\u1ecb c\u01a1 kh\u00ed: Ch\u1eb3ng h\u1ea1n nh\u01b0 m\u00e1y c\u00f4ng c\u1ee5 CNC, trung t\u00e2m gia c\u00f4ng, m\u00e1y m\u00e0i, v.v., \u0111\u1ec3 b\u00f4i tr\u01a1n c\u00e1c b\u1ed9 ph\u1eadn nh\u01b0 \u1ed5 tr\u1ee5c, thanh ray d\u1eabn h\u01b0\u1edbng v\u00e0 b\u00e1nh r\u0103ng.<br \/>\nNg\u00e0nh c\u00f4ng nghi\u1ec7p \u00f4 t\u00f4 s\u1eed d\u1ee5ng d\u1ea7u n\u00e0y \u0111\u1ec3 b\u00f4i tr\u01a1n c\u00e1c thi\u1ebft b\u1ecb c\u01a1 kh\u00ed kh\u00e1c nhau tr\u00ean d\u00e2y chuy\u1ec1n s\u1ea3n xu\u1ea5t \u00f4 t\u00f4 nh\u1eb1m \u0111\u1ea3m b\u1ea3o d\u00e2y chuy\u1ec1n s\u1ea3n xu\u1ea5t ho\u1ea1t \u0111\u1ed9ng tr\u01a1n tru.<br \/>\nTrong ng\u00e0nh c\u00f4ng nghi\u1ec7p th\u00e9p, n\u00f3 \u0111\u01b0\u1ee3c \u1ee9ng d\u1ee5ng trong c\u00e1c nh\u00e0 m\u00e1y c\u00e1n, m\u00e1y \u0111\u00fac li\u00ean t\u1ee5c v\u00e0 c\u00e1c thi\u1ebft b\u1ecb kh\u00e1c, nh\u01b0 m\u1ed9t ph\u01b0\u01a1ng ti\u1ec7n gi\u1ea3m m\u00e0i m\u00f2n thi\u1ebft b\u1ecb \u0111\u1ec3 n\u00e2ng cao hi\u1ec7u qu\u1ea3 s\u1ea3n xu\u1ea5t.<br \/>\nTrong ng\u00e0nh s\u1ea3n xu\u1ea5t gi\u1ea5y, n\u00f3 \u0111\u01b0\u1ee3c \u00e1p d\u1ee5ng cho t\u1ea5t c\u1ea3 c\u00e1c lo\u1ea1i b\u1ed9 ph\u1eadn chuy\u1ec3n \u0111\u1ed9ng c\u1ee7a m\u00e1y m\u00f3c s\u1ea3n xu\u1ea5t gi\u1ea5y \u0111\u1ec3 k\u00e9o d\u00e0i tu\u1ed5i th\u1ecd c\u1ee7a thi\u1ebft b\u1ecb.<\/p>\n<h2>H\u01b0\u1edbng d\u1eabn s\u1eed d\u1ee5ng<\/h2>\n<div class=\"sdm_download_button_box_default\"><div class=\"sdm_download_link\"><a href=\"https:\/\/www.jinpinlub.com\/vi\/?sdm_process_download=1&download_id=3069\" class=\"sdm_download white\" title=\"Ri\u00eang t\u01b0: AO Oil-air Distributor\" target=\"&quot;_blank&quot;\">Xem B\u1ea3ng d\u1eef li\u1ec7u - Nh\u00e0 ph\u00e2n ph\u1ed1i AO<\/a><\/div><\/div>","protected":false},"excerpt":{"rendered":"<p>B\u1ed9 ph\u00e2n ph\u1ed1i d\u1ea7u-kh\u00ed AO l\u00e0 van \u0111\u1ecbnh l\u01b0\u1ee3ng \u0111\u01b0\u1ee3c s\u1eed d\u1ee5ng trong h\u1ec7 th\u1ed1ng b\u00f4i tr\u01a1n d\u1ea7u-kh\u00ed, c\u00f3 ch\u1ee9c n\u0103ng tr\u1ed9n d\u1ea7u v\u00e0 kh\u00ed \u0111\u1ec3 cung c\u1ea5p \u0111\u1ed3ng \u0111\u1ec1u t\u1ea1i c\u00e1c \u0111i\u1ec3m b\u00f4i tr\u01a1n kh\u00e1c nhau. C\u00f3 th\u1ec3 l\u1ef1a ch\u1ecdn \u0111\u1ea7u ra d\u1ea7u-kh\u00ed h\u1ed7n h\u1ee3p d\u1ef1a tr\u00ean c\u00e1c y\u00eau c\u1ea7u \u1ee9ng d\u1ee5ng kh\u00e1c nhau.<\/p>","protected":false},"featured_media":3065,"template":"","meta":{"ocean_post_layout":"","ocean_both_sidebars_style":"","ocean_both_sidebars_content_width":0,"ocean_both_sidebars_sidebars_width":0,"ocean_sidebar":"0","ocean_second_sidebar":"0","ocean_disable_margins":"enable","ocean_add_body_class":"","ocean_shortcode_before_top_bar":"","ocean_shortcode_after_top_bar":"","ocean_shortcode_before_header":"","ocean_shortcode_after_header":"","ocean_has_shortcode":"","ocean_shortcode_after_title":"","ocean_shortcode_before_footer_widgets":"","ocean_shortcode_after_footer_widgets":"","ocean_shortcode_before_footer_bottom":"","ocean_shortcode_after_footer_bottom":"","ocean_display_top_bar":"default","ocean_display_header":"default","ocean_header_style":"","ocean_center_header_left_menu":"0","ocean_custom_header_template":"0","ocean_custom_logo":0,"ocean_custom_retina_logo":0,"ocean_custom_logo_max_width":0,"ocean_custom_logo_tablet_max_width":0,"ocean_custom_logo_mobile_max_width":0,"ocean_custom_logo_max_height":0,"ocean_custom_logo_tablet_max_height":0,"ocean_custom_logo_mobile_max_height":0,"ocean_header_custom_menu":"0","ocean_menu_typo_font_family":"0","ocean_menu_typo_font_subset":"","ocean_menu_typo_font_size":0,"ocean_menu_typo_font_size_tablet":0,"ocean_menu_typo_font_size_mobile":0,"ocean_menu_typo_font_size_unit":"px","ocean_menu_typo_font_weight":"","ocean_menu_typo_font_weight_tablet":"","ocean_menu_typo_font_weight_mobile":"","ocean_menu_typo_transform":"","ocean_menu_typo_transform_tablet":"","ocean_menu_typo_transform_mobile":"","ocean_menu_typo_line_height":0,"ocean_menu_typo_line_height_tablet":0,"ocean_menu_typo_line_height_mobile":0,"ocean_menu_typo_line_height_unit":"","ocean_menu_typo_spacing":0,"ocean_menu_typo_spacing_tablet":0,"ocean_menu_typo_spacing_mobile":0,"ocean_menu_typo_spacing_unit":"","ocean_menu_link_color":"","ocean_menu_link_color_hover":"","ocean_menu_link_color_active":"","ocean_menu_link_background":"","ocean_menu_link_hover_background":"","ocean_menu_link_active_background":"","ocean_menu_social_links_bg":"","ocean_menu_social_hover_links_bg":"","ocean_menu_social_links_color":"","ocean_menu_social_hover_links_color":"","ocean_disable_title":"default","ocean_disable_heading":"default","ocean_post_title":"","ocean_post_subheading":"","ocean_post_title_style":"","ocean_post_title_background_color":"","ocean_post_title_background":0,"ocean_post_title_bg_image_position":"","ocean_post_title_bg_image_attachment":"","ocean_post_title_bg_image_repeat":"","ocean_post_title_bg_image_size":"","ocean_post_title_height":0,"ocean_post_title_bg_overlay":0.5,"ocean_post_title_bg_overlay_color":"","ocean_disable_breadcrumbs":"default","ocean_breadcrumbs_color":"","ocean_breadcrumbs_separator_color":"","ocean_breadcrumbs_links_color":"","ocean_breadcrumbs_links_hover_color":"","ocean_display_footer_widgets":"default","ocean_display_footer_bottom":"default","ocean_custom_footer_template":"0","osh_disable_topbar_sticky":"default","osh_disable_header_sticky":"default","osh_sticky_header_style":"default","osh_sticky_header_effect":"","osh_custom_sticky_logo":0,"osh_custom_retina_sticky_logo":0,"osh_custom_sticky_logo_height":0,"osh_background_color":"","osh_links_color":"","osh_links_hover_color":"","osh_links_active_color":"","osh_links_bg_color":"","osh_links_hover_bg_color":"","osh_links_active_bg_color":"","osh_menu_social_links_color":"","osh_menu_social_hover_links_color":""},"product_brand":[],"product_cat":[45],"product_tag":[133,134,135],"class_list":{"0":"post-3064","1":"product","2":"type-product","3":"status-publish","4":"has-post-thumbnail","6":"product_cat-oil-air-lubrication-systems","7":"product_tag-oil-air-distributor","8":"product_tag-oil-air-lubrication-system","9":"product_tag-oil-air-metering-valve","11":"entry","12":"has-media","14":"first","15":"instock","16":"shipping-taxable","17":"product-type-external","18":"col","19":"span_1_of_3","20":"owp-content-center","21":"owp-thumbs-layout-horizontal","22":"owp-btn-very-big","23":"owp-tabs-layout-horizontal"},"_links":{"self":[{"href":"https:\/\/www.jinpinlub.com\/vi\/wp-json\/wp\/v2\/product\/3064","targetHints":{"allow":["GET"]}}],"collection":[{"href":"https:\/\/www.jinpinlub.com\/vi\/wp-json\/wp\/v2\/product"}],"about":[{"href":"https:\/\/www.jinpinlub.com\/vi\/wp-json\/wp\/v2\/types\/product"}],"wp:featuredmedia":[{"embeddable":true,"href":"https:\/\/www.jinpinlub.com\/vi\/wp-json\/wp\/v2\/media\/3065"}],"wp:attachment":[{"href":"https:\/\/www.jinpinlub.com\/vi\/wp-json\/wp\/v2\/media?parent=3064"}],"wp:term":[{"taxonomy":"product_brand","embeddable":true,"href":"https:\/\/www.jinpinlub.com\/vi\/wp-json\/wp\/v2\/product_brand?post=3064"},{"taxonomy":"product_cat","embeddable":true,"href":"https:\/\/www.jinpinlub.com\/vi\/wp-json\/wp\/v2\/product_cat?post=3064"},{"taxonomy":"product_tag","embeddable":true,"href":"https:\/\/www.jinpinlub.com\/vi\/wp-json\/wp\/v2\/product_tag?post=3064"}],"curies":[{"name":"wp","href":"https:\/\/api.w.org\/{rel}","templated":true}]}}