{"id":3071,"date":"2024-08-08T16:22:50","date_gmt":"2024-08-08T16:22:50","guid":{"rendered":"https:\/\/www.jinpinlub.com\/?post_type=product&#038;p=3071"},"modified":"2024-08-08T16:51:35","modified_gmt":"2024-08-08T16:51:35","slug":"van-dinh-luong-mo-muk-cho-he-thong-boi-tron-mot-duong","status":"publish","type":"product","link":"https:\/\/www.jinpinlub.com\/vi\/product\/muk-grease-metering-valve-for-single-line-lubrication-system\/","title":{"rendered":"Van \u0111\u1ecbnh l\u01b0\u1ee3ng m\u1ee1 MUK cho h\u1ec7 th\u1ed1ng b\u00f4i tr\u01a1n m\u1ed9t \u0111\u01b0\u1eddng"},"content":{"rendered":"<h2>\u0110\u1eb7c tr\u01b0ng<\/h2>\n<p>1. MU l\u00e0 van \u0111\u1ecbnh l\u01b0\u1ee3ng t\u00e1c \u0111\u1ed9ng \u00e1p su\u1ea5t tr\u1ef1c ti\u1ebfp.<br \/>\nCh\u1ea5t b\u00f4i tr\u01a1n \u00e1p su\u1ea5t do b\u01a1m cung c\u1ea5p \u0111\u1ea9y piston trong van \u0111\u1ecbnh l\u01b0\u1ee3ng \u0111\u1ec3 x\u1ea3 ch\u1ea5t b\u00f4i tr\u01a1n m\u1ed9t c\u00e1ch c\u01b0\u1ee1ng b\u1ee9c. Khi b\u01a1m ng\u1eebng ho\u1ea1t \u0111\u1ed9ng, piston ph\u1ee5c h\u1ed3i d\u01b0\u1edbi t\u00e1c \u0111\u1ed9ng c\u1ee7a l\u1ef1c l\u00f2 xo v\u00e0 ch\u1ea5t b\u00f4i tr\u01a1n \u0111\u01b0\u1ee3c l\u01b0u tr\u1eef.<br \/>\n2. X\u1ea3 ch\u00ednh x\u00e1c, m\u1ed9t chu k\u1ef3 \u0111o ch\u1ec9 x\u1ea3 m\u1ed9t l\u1ea7n. Cho d\u00f9 b\u1ed9 ph\u00e2n ph\u1ed1i \u1edf xa, g\u1ea7n, cao hay th\u1ea5p trong h\u1ec7 th\u1ed1ng b\u00f4i tr\u01a1n, l\u1eafp \u0111\u1eb7t theo chi\u1ec1u ngang hay chi\u1ec1u d\u1ecdc \u0111\u1ec1u kh\u00f4ng \u1ea3nh h\u01b0\u1edfng \u0111\u1ebfn x\u1ea3 c\u1ee7a van \u0111o.<br \/>\n3. X\u1ea3 c\u01b0\u1ee1ng b\u1ee9c, t\u00e1c \u0111\u1ed9ng nh\u1ea1y c\u1ea3m, c\u00f3 2 l\u1edbp gio\u0103ng ng\u0103n kh\u00f4ng cho ch\u1ea5t th\u1ea3i ch\u1ea3y ng\u01b0\u1ee3c.<br \/>\n4. Van \u0111\u1ecbnh l\u01b0\u1ee3ng v\u00e0 kh\u1ed1i k\u1ebft n\u1ed1i \u0111\u1ed9c l\u1eadp. D\u1ef1a tr\u00ean l\u01b0\u1ee3ng b\u00f4i tr\u01a1n c\u1ee7a c\u00e1c \u0111i\u1ec3m b\u00f4i tr\u01a1n, van \u0111\u1ecbnh l\u01b0\u1ee3ng c\u00f3 th\u1ec3 \u0111\u01b0\u1ee3c k\u1ebft h\u1ee3p t\u1ef1 do v\u1edbi kh\u1ed1i k\u1ebft n\u1ed1i MU v\u00e0 MUJ v\u00e0 c\u00f3 th\u1ec3 \u0111\u01b0\u1ee3c s\u1eed d\u1ee5ng n\u1ed1i ti\u1ebfp ho\u1eb7c song song.<br \/>\n5. C\u00e1c ph\u1ee5 ki\u1ec7n \u0111\u1ea7u ra c\u1ee7a van \u0111\u1ecbnh l\u01b0\u1ee3ng l\u00e0 \u03a64, c\u00f3 hai lo\u1ea1i.<br \/>\nKi\u1ec3u v\u1eb7n v\u00edt: c\u1ea5u t\u1ea1o t\u1eeb PA4 v\u00e0 PB4.<br \/>\nKi\u1ec3u \u0111\u1ea9y v\u00e0o: l\u1eafp tr\u1ef1c ti\u1ebfp \u1ed1ng \u03a64.<br \/>\n6. T\u01b0\u01a1ng th\u00edch v\u1edbi ch\u1ea5t b\u00f4i tr\u01a1n NLGI 000 #, 00 #, 0 #<\/p>\n<h2>\u0110\u1eb7c \u0111i\u1ec3m k\u1ef9 thu\u1eadt<\/h2>\n<table>\n<tbody>\n<tr>\n<td>Nguy\u00ean l\u00fd ch\u1ee9c n\u0103ng<\/td>\n<td>Thi\u1ebft b\u1ecb \u0111o l\u01b0\u1eddng<\/td>\n<\/tr>\n<tr>\n<td>S\u1ed1 l\u01b0\u1ee3ng c\u1eeda h\u00e0ng<\/td>\n<td>1-12<\/td>\n<\/tr>\n<tr>\n<td>\u0110o l\u01b0\u1eddng s\u1ed1 l\u01b0\u1ee3ng<\/td>\n<td>0,05, 0,10, 0,20, 0,30, 0,50 mL\/chu k\u1ef3<\/td>\n<\/tr>\n<tr>\n<td>Ch\u1ea5t b\u00f4i tr\u01a1n<\/td>\n<td>NLGI 000 #, 00 #, 0 #<\/td>\n<\/tr>\n<tr>\n<td>Nhi\u1ec7t \u0111\u1ed9 ho\u1ea1t \u0111\u1ed9ng<\/td>\n<td>0 \u0111\u1ebfn +80 \u00b0C<\/td>\n<\/tr>\n<tr>\n<td>\u00c1p su\u1ea5t ho\u1ea1t \u0111\u1ed9ng<\/td>\n<td>\u22651,5MPa<\/td>\n<\/tr>\n<tr>\n<td>\u0110\u1eb7t l\u1ea1i \u00e1p su\u1ea5t<\/td>\n<td>\u22640,5MPa<\/td>\n<\/tr>\n<tr>\n<td>Ph\u1ee5 ki\u1ec7n k\u1ebft n\u1ed1i<\/td>\n<td>Lo\u1ea1i v\u1eb7n v\u00edt, Lo\u1ea1i \u0111\u1ea9y<\/td>\n<\/tr>\n<tr>\n<td>Ch\u1ea5t li\u1ec7u<\/td>\n<td>H\u1ee3p kim nh\u00f4m + \u0111\u1ed3ng<\/td>\n<\/tr>\n<tr>\n<td>V\u1ecb tr\u00ed l\u1eafp \u0111\u1eb7t<\/td>\n<td>B\u1ea5t k\u00ec<\/td>\n<\/tr>\n<\/tbody>\n<\/table>\n<h2>\u1ee8ng d\u1ee5ng<\/h2>\n<p>H\u1ec7 th\u1ed1ng b\u00f4i tr\u01a1n: \u0110\u1eb7c bi\u1ec7t trong c\u00e1c h\u1ec7 th\u1ed1ng m\u00e1y c\u00f4ng c\u1ee5, n\u00f3 \u0111\u01b0\u1ee3c s\u1eed d\u1ee5ng \u0111\u1ec3 ki\u1ec3m so\u00e1t ch\u00ednh x\u00e1c d\u00f2ng ch\u1ea3y c\u1ee7a d\u1ea7u b\u00f4i tr\u01a1n ho\u1eb7c m\u1ee1.<br \/>\nNg\u00e0nh c\u00f4ng nghi\u1ec7p t\u1ef1 \u0111\u1ed9ng h\u00f3a kh\u00f4ng theo ti\u00eau chu\u1ea9n: C\u00f3 th\u1ec3 s\u1eed d\u1ee5ng cho nhi\u1ec1u lo\u1ea1i m\u00e1y t\u1ef1 \u0111\u1ed9ng h\u00f3a kh\u00f4ng theo ti\u00eau chu\u1ea9n \u0111\u00f2i h\u1ecfi ph\u1ea3i b\u00f4i tr\u01a1n b\u1eb1ng d\u1ea7u ch\u00ednh x\u00e1c.<br \/>\nNg\u00e0nh c\u00f4ng nghi\u1ec7p h\u00f3a ch\u1ea5t v\u00e0 d\u01b0\u1ee3c ph\u1ea9m: \u0110\u01b0\u1ee3c s\u1eed d\u1ee5ng \u0111\u1ec3 \u0111o l\u01b0\u1eddng v\u00e0 ph\u00e2n ph\u1ed1i h\u00f3a ch\u1ea5t v\u00e0 thu\u1ed1c m\u1ed9t c\u00e1ch ch\u00ednh x\u00e1c.<br \/>\nPh\u00f2ng th\u00ed nghi\u1ec7m v\u00e0 vi\u1ec7n nghi\u00ean c\u1ee9u: \u0110\u01b0\u1ee3c s\u1eed d\u1ee5ng trong nh\u1eefng tr\u01b0\u1eddng h\u1ee3p c\u1ea7n ki\u1ec3m so\u00e1t ch\u00ednh x\u00e1c d\u00f2ng ch\u1ea3y ch\u1ea5t l\u1ecfng trong qu\u00e1 tr\u00ecnh th\u00ed nghi\u1ec7m.<\/p>\n<h2>H\u01b0\u1edbng d\u1eabn s\u1eed d\u1ee5ng<\/h2>\n<div class=\"sdm_download_button_box_default\"><div class=\"sdm_download_link\"><a href=\"https:\/\/www.jinpinlub.com\/vi\/?sdm_process_download=1&download_id=3070\" class=\"sdm_download white\" title=\"Ri\u00eang t\u01b0: MUK Pressure-relief Distributor\" target=\"&quot;_blank&quot;\">Xem B\u1ea3ng d\u1eef li\u1ec7u - Nh\u00e0 ph\u00e2n ph\u1ed1i MUK<\/a><\/div><\/div>","protected":false},"excerpt":{"rendered":"<p>Thi\u1ebft b\u1ecb \u0111o MUK ch\u1ee7 y\u1ebfu \u0111\u01b0\u1ee3c s\u1eed d\u1ee5ng \u0111\u1ec3 gi\u1ea3m \u00e1p su\u1ea5t h\u1ec7 th\u1ed1ng b\u00f4i tr\u01a1n m\u1ee1 m\u1ed9t d\u00f2ng. Ch\u00fang ch\u1ee7 y\u1ebfu \u0111\u01b0\u1ee3c s\u1eed d\u1ee5ng cho thi\u1ebft b\u1ecb c\u01a1 kh\u00ed c\u00f3 y\u00eau c\u1ea7u b\u00f4i tr\u01a1n ch\u00ednh x\u00e1c. \u01afu \u0111i\u1ec3m l\u00e0 l\u01b0u l\u01b0\u1ee3ng c\u1ee7a m\u1ed7i \u0111i\u1ec3m b\u00f4i tr\u01a1n c\u00f3 th\u1ec3 \u0111\u01b0\u1ee3c \u0111i\u1ec1u ch\u1ec9nh theo nhu c\u1ea7u.<\/p>","protected":false},"featured_media":3073,"template":"","meta":{"ocean_post_layout":"","ocean_both_sidebars_style":"","ocean_both_sidebars_content_width":0,"ocean_both_sidebars_sidebars_width":0,"ocean_sidebar":"0","ocean_second_sidebar":"0","ocean_disable_margins":"enable","ocean_add_body_class":"","ocean_shortcode_before_top_bar":"","ocean_shortcode_after_top_bar":"","ocean_shortcode_before_header":"","ocean_shortcode_after_header":"","ocean_has_shortcode":"","ocean_shortcode_after_title":"","ocean_shortcode_before_footer_widgets":"","ocean_shortcode_after_footer_widgets":"","ocean_shortcode_before_footer_bottom":"","ocean_shortcode_after_footer_bottom":"","ocean_display_top_bar":"default","ocean_display_header":"default","ocean_header_style":"","ocean_center_header_left_menu":"0","ocean_custom_header_template":"0","ocean_custom_logo":0,"ocean_custom_retina_logo":0,"ocean_custom_logo_max_width":0,"ocean_custom_logo_tablet_max_width":0,"ocean_custom_logo_mobile_max_width":0,"ocean_custom_logo_max_height":0,"ocean_custom_logo_tablet_max_height":0,"ocean_custom_logo_mobile_max_height":0,"ocean_header_custom_menu":"0","ocean_menu_typo_font_family":"0","ocean_menu_typo_font_subset":"","ocean_menu_typo_font_size":0,"ocean_menu_typo_font_size_tablet":0,"ocean_menu_typo_font_size_mobile":0,"ocean_menu_typo_font_size_unit":"px","ocean_menu_typo_font_weight":"","ocean_menu_typo_font_weight_tablet":"","ocean_menu_typo_font_weight_mobile":"","ocean_menu_typo_transform":"","ocean_menu_typo_transform_tablet":"","ocean_menu_typo_transform_mobile":"","ocean_menu_typo_line_height":0,"ocean_menu_typo_line_height_tablet":0,"ocean_menu_typo_line_height_mobile":0,"ocean_menu_typo_line_height_unit":"","ocean_menu_typo_spacing":0,"ocean_menu_typo_spacing_tablet":0,"ocean_menu_typo_spacing_mobile":0,"ocean_menu_typo_spacing_unit":"","ocean_menu_link_color":"","ocean_menu_link_color_hover":"","ocean_menu_link_color_active":"","ocean_menu_link_background":"","ocean_menu_link_hover_background":"","ocean_menu_link_active_background":"","ocean_menu_social_links_bg":"","ocean_menu_social_hover_links_bg":"","ocean_menu_social_links_color":"","ocean_menu_social_hover_links_color":"","ocean_disable_title":"default","ocean_disable_heading":"default","ocean_post_title":"","ocean_post_subheading":"","ocean_post_title_style":"","ocean_post_title_background_color":"","ocean_post_title_background":0,"ocean_post_title_bg_image_position":"","ocean_post_title_bg_image_attachment":"","ocean_post_title_bg_image_repeat":"","ocean_post_title_bg_image_size":"","ocean_post_title_height":0,"ocean_post_title_bg_overlay":0.5,"ocean_post_title_bg_overlay_color":"","ocean_disable_breadcrumbs":"default","ocean_breadcrumbs_color":"","ocean_breadcrumbs_separator_color":"","ocean_breadcrumbs_links_color":"","ocean_breadcrumbs_links_hover_color":"","ocean_display_footer_widgets":"default","ocean_display_footer_bottom":"default","ocean_custom_footer_template":"0","osh_disable_topbar_sticky":"default","osh_disable_header_sticky":"default","osh_sticky_header_style":"default","osh_sticky_header_effect":"","osh_custom_sticky_logo":0,"osh_custom_retina_sticky_logo":0,"osh_custom_sticky_logo_height":0,"osh_background_color":"","osh_links_color":"","osh_links_hover_color":"","osh_links_active_color":"","osh_links_bg_color":"","osh_links_hover_bg_color":"","osh_links_active_bg_color":"","osh_menu_social_links_color":"","osh_menu_social_hover_links_color":""},"product_brand":[],"product_cat":[40,37],"product_tag":[87,83,136],"class_list":{"0":"post-3071","1":"product","2":"type-product","3":"status-publish","4":"has-post-thumbnail","6":"product_cat-pressure-relief-metering-valves","7":"product_cat-single-line-grease-systems","8":"product_tag-grease-distributor","9":"product_tag-pressure-relief-distributor","10":"product_tag-single-line-system-distributor","12":"entry","13":"has-media","15":"first","16":"instock","17":"shipping-taxable","18":"product-type-external","19":"col","20":"span_1_of_3","21":"owp-content-center","22":"owp-thumbs-layout-horizontal","23":"owp-btn-very-big","24":"owp-tabs-layout-horizontal"},"_links":{"self":[{"href":"https:\/\/www.jinpinlub.com\/vi\/wp-json\/wp\/v2\/product\/3071","targetHints":{"allow":["GET"]}}],"collection":[{"href":"https:\/\/www.jinpinlub.com\/vi\/wp-json\/wp\/v2\/product"}],"about":[{"href":"https:\/\/www.jinpinlub.com\/vi\/wp-json\/wp\/v2\/types\/product"}],"wp:featuredmedia":[{"embeddable":true,"href":"https:\/\/www.jinpinlub.com\/vi\/wp-json\/wp\/v2\/media\/3073"}],"wp:attachment":[{"href":"https:\/\/www.jinpinlub.com\/vi\/wp-json\/wp\/v2\/media?parent=3071"}],"wp:term":[{"taxonomy":"product_brand","embeddable":true,"href":"https:\/\/www.jinpinlub.com\/vi\/wp-json\/wp\/v2\/product_brand?post=3071"},{"taxonomy":"product_cat","embeddable":true,"href":"https:\/\/www.jinpinlub.com\/vi\/wp-json\/wp\/v2\/product_cat?post=3071"},{"taxonomy":"product_tag","embeddable":true,"href":"https:\/\/www.jinpinlub.com\/vi\/wp-json\/wp\/v2\/product_tag?post=3071"}],"curies":[{"name":"wp","href":"https:\/\/api.w.org\/{rel}","templated":true}]}}