{"id":3177,"date":"2024-08-10T03:16:23","date_gmt":"2024-08-10T03:16:23","guid":{"rendered":"https:\/\/www.jinpinlub.com\/?post_type=product&#038;p=3177"},"modified":"2024-08-10T03:27:35","modified_gmt":"2024-08-10T03:27:35","slug":"hop-kim-kem-khang-loai-phan-phoi-dau-boi-tron","status":"publish","type":"product","link":"https:\/\/www.jinpinlub.com\/vi\/product\/zinc-alloy-resistance-a-type-oil-distributor-for-lubrication\/","title":{"rendered":"B\u1ed9 ph\u00e2n ph\u1ed1i d\u1ea7u lo\u1ea1i A ch\u1ed1ng h\u1ee3p kim k\u1ebdm \u0111\u1ec3 b\u00f4i tr\u01a1n"},"content":{"rendered":"<h2>\u0110\u1eb7c tr\u01b0ng<\/h2>\n<p>1. Ch\u1ea5t li\u1ec7u tuy\u1ec7t v\u1eddi: \u0110\u01b0\u1ee3c l\u00e0m b\u1eb1ng ch\u1ea5t li\u1ec7u h\u1ee3p kim k\u1ebdm ch\u1ea5t l\u01b0\u1ee3ng cao, c\u00f3 \u0111\u1ed9 b\u1ec1n c\u01a1 h\u1ecdc v\u00e0 kh\u1ea3 n\u0103ng ch\u1ed1ng m\u00e0i m\u00f2n t\u1ed1t.<br \/>\n2. Kh\u1ea3 n\u0103ng ch\u1ed1ng \u0103n m\u00f2n m\u1ea1nh: B\u1ea3n th\u00e2n h\u1ee3p kim k\u1ebdm c\u00f3 kh\u1ea3 n\u0103ng ch\u1ed1ng \u0103n m\u00f2n t\u1ed1t v\u00e0 c\u00f3 th\u1ec3 ho\u1ea1t \u0111\u1ed9ng \u1ed5n \u0111\u1ecbnh trong th\u1eddi gian d\u00e0i trong m\u00f4i tr\u01b0\u1eddng kh\u1eafc nghi\u1ec7t.<br \/>\n3. C\u1ea5u tr\u00fac nh\u1ecf g\u1ecdn: B\u1ed9 ph\u00e2n ph\u1ed1i lo\u1ea1i A c\u00f3 thi\u1ebft k\u1ebf nh\u1ecf g\u1ecdn, chi\u1ebfm \u00edt kh\u00f4ng gian, d\u1ec5 l\u1eafp \u0111\u1eb7t v\u00e0 b\u1ea3o tr\u00ec.<br \/>\n4. \u0110\u1ed9 ch\u00ednh x\u00e1c cao: C\u00e1c th\u00e0nh ph\u1ea7n kh\u00e1c nhau c\u1ee7a b\u1ed9 ph\u00e2n ph\u1ed1i \u0111\u01b0\u1ee3c x\u1eed l\u00fd ch\u00ednh x\u00e1c \u0111\u1ec3 \u0111\u1ea3m b\u1ea3o \u0111\u1ed9 ch\u00ednh x\u00e1c v\u00e0 \u1ed5n \u0111\u1ecbnh c\u1ee7a vi\u1ec7c ph\u00e2n ph\u1ed1i ch\u1ea5t l\u1ecfng.<\/p>\n<h2>\u0110\u1eb7c \u0111i\u1ec3m k\u1ef9 thu\u1eadt<\/h2>\n<table>\n<tbody>\n<tr>\n<td>Nguy\u00ean l\u00fd ch\u1ee9c n\u0103ng<\/td>\n<td>M\u1ed1i n\u1ed1i h\u1ee3p kim k\u1ebdm<\/td>\n<\/tr>\n<tr>\n<td>S\u1ed1 l\u01b0\u1ee3ng c\u1eeda h\u00e0ng<\/td>\n<td>2, 3, 4, 5, 6,7, 8, 10<\/td>\n<\/tr>\n<tr>\n<td>Ch\u1ea5t b\u00f4i tr\u01a1n<\/td>\n<td>M\u1ee1 ho\u1eb7c d\u1ea7u<\/td>\n<\/tr>\n<tr>\n<td>Nhi\u1ec7t \u0111\u1ed9 ho\u1ea1t \u0111\u1ed9ng<\/td>\n<td>(-20\u2103 \u0111\u1ebfn +60 \u00b0C)<\/td>\n<\/tr>\n<tr>\n<td>\u00c1p su\u1ea5t ho\u1ea1t \u0111\u1ed9ng<\/td>\n<td>T\u1ed1i \u0111a 420 bar<\/td>\n<\/tr>\n<tr>\n<td>V\u1eadt li\u1ec7u<\/td>\n<td>V\u1eadt li\u1ec7u h\u1ee3p kim k\u1ebdm<\/td>\n<\/tr>\n<tr>\n<td>\u0110\u01b0\u1eddng d\u00e2y ch\u00ednh k\u1ebft n\u1ed1i<\/td>\n<td>\u03a64(M8x1), \u03a66(M10x1)<\/td>\n<\/tr>\n<tr>\n<td>\u1ed4 c\u1eafm k\u1ebft n\u1ed1i<\/td>\n<td>\u03a64(M8x1), \u03a66(M10x1)<\/td>\n<\/tr>\n<tr>\n<td>V\u1ecb tr\u00ed l\u1eafp \u0111\u1eb7t<\/td>\n<td>B\u1ea5t k\u00ec<\/td>\n<\/tr>\n<\/tbody>\n<\/table>\n<h2>\u1ee8ng d\u1ee5ng<\/h2>\n<p>L\u1eafp \u0111\u1eb7t: Theo y\u00eau c\u1ea7u c\u1ee5 th\u1ec3 c\u1ee7a thi\u1ebft b\u1ecb v\u00e0 k\u00edch th\u01b0\u1edbc c\u1ee7a m\u00e1y chi\u1ebft r\u00f3t, h\u00e3y ch\u1ecdn v\u1ecb tr\u00ed v\u00e0 ph\u01b0\u01a1ng ph\u00e1p l\u1eafp \u0111\u1eb7t ph\u00f9 h\u1ee3p \u0111\u1ec3 \u0111\u1ea3m b\u1ea3o m\u00e1y chi\u1ebft r\u00f3t \u0111\u01b0\u1ee3c l\u1eafp \u0111\u1eb7t ch\u1eafc ch\u1eafn v\u00e0 \u1ed5n \u0111\u1ecbnh.<br \/>\nB\u1ea3o d\u01b0\u1ee1ng: Th\u01b0\u1eddng xuy\u00ean ki\u1ec3m tra xem c\u00e1c b\u1ed9 ph\u1eadn c\u1ee7a m\u00e1y ph\u00e2n ph\u1ed1i lo\u1ea1i A c\u00f3 c\u00f2n nguy\u00ean v\u1eb9n kh\u00f4ng v\u00e0 c\u00f3 b\u1ecb m\u00f2n hay h\u01b0 h\u1ecfng kh\u00f4ng. N\u1ebfu c\u00f3 b\u1ea5t k\u1ef3 v\u1ea5n \u0111\u1ec1 n\u00e0o, h\u00e3y thay th\u1ebf ho\u1eb7c s\u1eeda ch\u1eefa k\u1ecbp th\u1eddi. Gi\u1eef b\u1ec1 m\u1eb7t m\u00e1y ph\u00e2n ph\u1ed1i s\u1ea1ch s\u1ebd \u0111\u1ec3 tr\u00e1nh b\u00e1m b\u1ee5i v\u00e0 t\u1ea1p ch\u1ea5t.<\/p>\n<h2>H\u01b0\u1edbng d\u1eabn s\u1eed d\u1ee5ng<\/h2>\n<div class=\"sdm_download_button_box_default\"><div class=\"sdm_download_link\"><a href=\"https:\/\/www.jinpinlub.com\/vi\/?sdm_process_download=1&download_id=3176\" class=\"sdm_download white\" title=\"Ri\u00eang t\u01b0: Type-A Distributor\" target=\"&quot;_blank&quot;\">Xem B\u1ea3ng d\u1eef li\u1ec7u - B\u1ed9 ph\u00e2n ph\u1ed1i lo\u1ea1i A<\/a><\/div><\/div>","protected":false},"excerpt":{"rendered":"<p>B\u1ed9 ph\u00e2n ph\u1ed1i h\u1ee3p kim k\u1ebdm lo\u1ea1i A l\u00e0 m\u1ed9t lo\u1ea1i ph\u1ee5 ki\u1ec7n ch\u00ednh x\u00e1c \u0111\u01b0\u1ee3c l\u00e0m t\u1eeb h\u1ee3p kim k\u1ebdm ch\u1ea5t l\u01b0\u1ee3ng cao. N\u00f3 \u0111\u01b0\u1ee3c \u1ee9ng d\u1ee5ng cho c\u00e1c h\u1ec7 th\u1ed1ng b\u00f4i tr\u01a1n c\u1ee7a nhi\u1ec1u lo\u1ea1i thi\u1ebft b\u1ecb c\u01a1 kh\u00ed v\u00ec t\u00ednh ch\u1ea5t c\u01a1 h\u1ecdc tuy\u1ec7t v\u1eddi, kh\u1ea3 n\u0103ng ch\u1ed1ng \u0103n m\u00f2n v\u00e0 v\u1ebb ngo\u00e0i \u0111\u1eb9p.<\/p>","protected":false},"featured_media":3083,"template":"","meta":{"ocean_post_layout":"","ocean_both_sidebars_style":"","ocean_both_sidebars_content_width":0,"ocean_both_sidebars_sidebars_width":0,"ocean_sidebar":"0","ocean_second_sidebar":"0","ocean_disable_margins":"enable","ocean_add_body_class":"","ocean_shortcode_before_top_bar":"","ocean_shortcode_after_top_bar":"","ocean_shortcode_before_header":"","ocean_shortcode_after_header":"","ocean_has_shortcode":"","ocean_shortcode_after_title":"","ocean_shortcode_before_footer_widgets":"","ocean_shortcode_after_footer_widgets":"","ocean_shortcode_before_footer_bottom":"","ocean_shortcode_after_footer_bottom":"","ocean_display_top_bar":"default","ocean_display_header":"default","ocean_header_style":"","ocean_center_header_left_menu":"0","ocean_custom_header_template":"0","ocean_custom_logo":0,"ocean_custom_retina_logo":0,"ocean_custom_logo_max_width":0,"ocean_custom_logo_tablet_max_width":0,"ocean_custom_logo_mobile_max_width":0,"ocean_custom_logo_max_height":0,"ocean_custom_logo_tablet_max_height":0,"ocean_custom_logo_mobile_max_height":0,"ocean_header_custom_menu":"0","ocean_menu_typo_font_family":"0","ocean_menu_typo_font_subset":"","ocean_menu_typo_font_size":0,"ocean_menu_typo_font_size_tablet":0,"ocean_menu_typo_font_size_mobile":0,"ocean_menu_typo_font_size_unit":"px","ocean_menu_typo_font_weight":"","ocean_menu_typo_font_weight_tablet":"","ocean_menu_typo_font_weight_mobile":"","ocean_menu_typo_transform":"","ocean_menu_typo_transform_tablet":"","ocean_menu_typo_transform_mobile":"","ocean_menu_typo_line_height":0,"ocean_menu_typo_line_height_tablet":0,"ocean_menu_typo_line_height_mobile":0,"ocean_menu_typo_line_height_unit":"","ocean_menu_typo_spacing":0,"ocean_menu_typo_spacing_tablet":0,"ocean_menu_typo_spacing_mobile":0,"ocean_menu_typo_spacing_unit":"","ocean_menu_link_color":"","ocean_menu_link_color_hover":"","ocean_menu_link_color_active":"","ocean_menu_link_background":"","ocean_menu_link_hover_background":"","ocean_menu_link_active_background":"","ocean_menu_social_links_bg":"","ocean_menu_social_hover_links_bg":"","ocean_menu_social_links_color":"","ocean_menu_social_hover_links_color":"","ocean_disable_title":"default","ocean_disable_heading":"default","ocean_post_title":"","ocean_post_subheading":"","ocean_post_title_style":"","ocean_post_title_background_color":"","ocean_post_title_background":0,"ocean_post_title_bg_image_position":"","ocean_post_title_bg_image_attachment":"","ocean_post_title_bg_image_repeat":"","ocean_post_title_bg_image_size":"","ocean_post_title_height":0,"ocean_post_title_bg_overlay":0.5,"ocean_post_title_bg_overlay_color":"","ocean_disable_breadcrumbs":"default","ocean_breadcrumbs_color":"","ocean_breadcrumbs_separator_color":"","ocean_breadcrumbs_links_color":"","ocean_breadcrumbs_links_hover_color":"","ocean_display_footer_widgets":"default","ocean_display_footer_bottom":"default","ocean_custom_footer_template":"0","osh_disable_topbar_sticky":"default","osh_disable_header_sticky":"default","osh_sticky_header_style":"default","osh_sticky_header_effect":"","osh_custom_sticky_logo":0,"osh_custom_retina_sticky_logo":0,"osh_custom_sticky_logo_height":0,"osh_background_color":"","osh_links_color":"","osh_links_hover_color":"","osh_links_active_color":"","osh_links_bg_color":"","osh_links_hover_bg_color":"","osh_links_active_bg_color":"","osh_menu_social_links_color":"","osh_menu_social_hover_links_color":""},"product_brand":[],"product_cat":[53,50],"product_tag":[139,138,137],"class_list":{"0":"post-3177","1":"product","2":"type-product","3":"status-publish","4":"has-post-thumbnail","6":"product_cat-resistance-oil-distributors","7":"product_cat-resistance-thin-oil-systems","8":"product_tag-oil-distributor","9":"product_tag-pipeline-connector","10":"product_tag-resistance-distributor","12":"entry","13":"has-media","15":"first","16":"instock","17":"shipping-taxable","18":"product-type-external","19":"col","20":"span_1_of_3","21":"owp-content-center","22":"owp-thumbs-layout-horizontal","23":"owp-btn-very-big","24":"owp-tabs-layout-horizontal"},"_links":{"self":[{"href":"https:\/\/www.jinpinlub.com\/vi\/wp-json\/wp\/v2\/product\/3177","targetHints":{"allow":["GET"]}}],"collection":[{"href":"https:\/\/www.jinpinlub.com\/vi\/wp-json\/wp\/v2\/product"}],"about":[{"href":"https:\/\/www.jinpinlub.com\/vi\/wp-json\/wp\/v2\/types\/product"}],"wp:featuredmedia":[{"embeddable":true,"href":"https:\/\/www.jinpinlub.com\/vi\/wp-json\/wp\/v2\/media\/3083"}],"wp:attachment":[{"href":"https:\/\/www.jinpinlub.com\/vi\/wp-json\/wp\/v2\/media?parent=3177"}],"wp:term":[{"taxonomy":"product_brand","embeddable":true,"href":"https:\/\/www.jinpinlub.com\/vi\/wp-json\/wp\/v2\/product_brand?post=3177"},{"taxonomy":"product_cat","embeddable":true,"href":"https:\/\/www.jinpinlub.com\/vi\/wp-json\/wp\/v2\/product_cat?post=3177"},{"taxonomy":"product_tag","embeddable":true,"href":"https:\/\/www.jinpinlub.com\/vi\/wp-json\/wp\/v2\/product_tag?post=3177"}],"curies":[{"name":"wp","href":"https:\/\/api.w.org\/{rel}","templated":true}]}}