{"id":3180,"date":"2024-08-10T09:33:30","date_gmt":"2024-08-10T09:33:30","guid":{"rendered":"https:\/\/www.jinpinlub.com\/?post_type=product&#038;p=3180"},"modified":"2024-08-10T09:43:43","modified_gmt":"2024-08-10T09:43:43","slug":"hop-kim-kem-loai-moi-noi-phan-phoi-cho-van-dinh-luong","status":"publish","type":"product","link":"https:\/\/www.jinpinlub.com\/vi\/product\/zinc-alloy-a-type-distributor-junction-for-quantitative-valve\/","title":{"rendered":"\u0110\u1ea7u n\u1ed1i ph\u00e2n ph\u1ed1i lo\u1ea1i A b\u1eb1ng h\u1ee3p kim k\u1ebdm cho van \u0111\u1ecbnh l\u01b0\u1ee3ng"},"content":{"rendered":"<h2>\u0110\u1eb7c tr\u01b0ng<\/h2>\n<p><span id=\"input-sentence~1\">1. C\u00f3 th\u1ec3 ch\u1ecbu \u0111\u01b0\u1ee3c \u00e1p su\u1ea5t l\u00e0m vi\u1ec7c nh\u1ea5t \u0111\u1ecbnh \u0111\u1ec3 \u0111\u1ea3m b\u1ea3o h\u1ec7 th\u1ed1ng \u0111\u01b0\u1eddng \u1ed1ng b\u00f4i tr\u01a1n ho\u1ea1t \u0111\u1ed9ng \u1ed5n \u0111\u1ecbnh.<br \/>\n2. B\u1ed9 ph\u00e2n ph\u1ed1i lo\u1ea1i A \u0111\u01b0\u1ee3c s\u1eed d\u1ee5ng k\u1ebft h\u1ee3p v\u1edbi \u1ed1ng l\u00f3t n\u00e9n v\u00e0 \u1ed1ng l\u00f3t n\u00e9n \u0111\u1ec3 c\u1ed1 \u0111\u1ecbnh \u1ed1ng d\u1eabn d\u1ea7u.<\/span><span id=\"input-sentence~2\"><br \/>\n3. B\u1ed9 ph\u00e2n ph\u1ed1i lo\u1ea1i A c\u00f3 th\u1ec3 \u0111\u01b0\u1ee3c k\u1ebft n\u1ed1i v\u1edbi van \u0111\u1ecbnh l\u01b0\u1ee3ng m\u1ed9t chi\u1ec1u ho\u1eb7c kh\u1edbp x\u1ea3 t\u1ef7 l\u1ec7 \u0111\u1ec3 t\u1ea1o th\u00e0nh b\u1ed9 ph\u00e2n ph\u1ed1i \u0111i\u1ec7n tr\u1edf.<br \/>\n4. B\u1ed9 ph\u00e2n ph\u1ed1i lo\u1ea1i A c\u00f3 kh\u1edbp n\u1ed1i ferrule kh\u00f4ng c\u00f3 y\u00eau c\u1ea7u v\u1ec1 v\u1eadt li\u1ec7u \u1ed1ng. \u1ed0ng nylon, \u1ed1ng \u0111\u1ed3ng v\u00e0 \u1ed1ng nh\u00f4m \u0111\u1ec1u c\u00f3 th\u1ec3 s\u1eed d\u1ee5ng.<\/span><\/p>\n<h2>\u0110\u1eb7c \u0111i\u1ec3m k\u1ef9 thu\u1eadt<\/h2>\n<table>\n<tbody>\n<tr>\n<td>Nguy\u00ean l\u00fd ch\u1ee9c n\u0103ng<\/td>\n<td>M\u1ed1i n\u1ed1i h\u1ee3p kim k\u1ebdm<\/td>\n<\/tr>\n<tr>\n<td>S\u1ed1 l\u01b0\u1ee3ng c\u1eeda h\u00e0ng<\/td>\n<td>2, 3, 4, 5, 6,7, 8, 10<\/td>\n<\/tr>\n<tr>\n<td>Ch\u1ea5t b\u00f4i tr\u01a1n<\/td>\n<td>M\u1ee1 ho\u1eb7c d\u1ea7u<\/td>\n<\/tr>\n<tr>\n<td>Nhi\u1ec7t \u0111\u1ed9 ho\u1ea1t \u0111\u1ed9ng<\/td>\n<td>(-20\u2103 \u0111\u1ebfn +60 \u00b0C)<\/td>\n<\/tr>\n<tr>\n<td>\u00c1p su\u1ea5t ho\u1ea1t \u0111\u1ed9ng<\/td>\n<td>T\u1ed1i \u0111a 420 bar<\/td>\n<\/tr>\n<tr>\n<td>V\u1eadt li\u1ec7u<\/td>\n<td>V\u1eadt li\u1ec7u h\u1ee3p kim k\u1ebdm<\/td>\n<\/tr>\n<tr>\n<td>\u0110\u01b0\u1eddng d\u00e2y ch\u00ednh k\u1ebft n\u1ed1i<\/td>\n<td>\u03a64(M8x1), \u03a66(M10x1)<\/td>\n<\/tr>\n<tr>\n<td>\u1ed4 c\u1eafm k\u1ebft n\u1ed1i<\/td>\n<td>\u03a64(M8x1), \u03a66(M10x1)<\/td>\n<\/tr>\n<tr>\n<td>V\u1ecb tr\u00ed l\u1eafp \u0111\u1eb7t<\/td>\n<td>B\u1ea5t k\u00ec<\/td>\n<\/tr>\n<\/tbody>\n<\/table>\n<h2>\u1ee8ng d\u1ee5ng<\/h2>\n<p>Thi\u1ebft b\u1ecb c\u01a1 kh\u00ed n\u00e0y \u0111\u01b0\u1ee3c s\u1eed d\u1ee5ng r\u1ed9ng r\u00e3i nh\u01b0 m\u1ed9t thi\u1ebft b\u1ecb ph\u00e2n ph\u1ed1i d\u1ea7u th\u00f4ng th\u01b0\u1eddng trong h\u1ec7 th\u1ed1ng b\u00f4i tr\u01a1n t\u1eadp trung c\u1ee7a m\u00e1y ti\u1ec7n, m\u00e1y phay, m\u00e1y \u00e9p phun v\u00e0 m\u00e1y \u0111\u1ed9t d\u1eadp.<br \/>\nD\u00f9ng \u0111\u1ec3 k\u1ebft n\u1ed1i c\u00e1c \u0111\u01b0\u1eddng \u1ed1ng d\u1eabn d\u1ea7u kh\u00e1c nhau, sau \u0111\u00f3 ph\u00e2n ph\u1ed1i d\u1ea7u b\u00f4i tr\u01a1n. \u0110\u1ea3m b\u1ea3o cung c\u1ea5p d\u1ea7u tr\u01a1n tru \u0111\u1ebfn m\u1ecdi \u0111i\u1ec3m b\u00f4i tr\u01a1n, do \u0111\u00f3 n\u00e2ng cao tu\u1ed5i th\u1ecd c\u1ee7a thi\u1ebft b\u1ecb.<\/p>\n<h2>H\u01b0\u1edbng d\u1eabn s\u1eed d\u1ee5ng<\/h2>\n<div class=\"sdm_download_button_box_default\"><div class=\"sdm_download_link\"><a href=\"https:\/\/www.jinpinlub.com\/vi\/?sdm_process_download=1&download_id=3176\" class=\"sdm_download white\" title=\"Ri\u00eang t\u01b0: Type-A Distributor\" target=\"&quot;_blank&quot;\">Xem B\u1ea3ng d\u1eef li\u1ec7u - B\u1ed9 ph\u00e2n ph\u1ed1i lo\u1ea1i A<\/a><\/div><\/div>","protected":false},"excerpt":{"rendered":"<p>B\u1ed9 ph\u00e2n ph\u1ed1i lo\u1ea1i A l\u00e0 b\u1ed9 ph\u00e2n ph\u1ed1i \u0111\u01b0\u1ee3c s\u1eed d\u1ee5ng trong \u0111\u01b0\u1eddng \u1ed1ng b\u00f4i tr\u01a1n. N\u00f3 \u0111\u01b0\u1ee3c s\u1eed d\u1ee5ng trong c\u00e1c h\u1ec7 th\u1ed1ng b\u00f4i tr\u01a1n c\u1ee7a m\u00e1y \u00e9p phun, in \u1ea5n, \u0111\u00f3ng g\u00f3i, ti\u1ec7n v\u00e0 phay v\u00e0 c\u00e1c thi\u1ebft b\u1ecb kh\u00e1c, n\u00f3 c\u00f3 \u01b0u \u0111i\u1ec3m l\u00e0 ch\u1ed1ng \u0103n m\u00f2n v\u00e0 ch\u1ed1ng g\u1ec9.<\/p>","protected":false},"featured_media":3098,"template":"","meta":{"ocean_post_layout":"","ocean_both_sidebars_style":"","ocean_both_sidebars_content_width":0,"ocean_both_sidebars_sidebars_width":0,"ocean_sidebar":"0","ocean_second_sidebar":"0","ocean_disable_margins":"enable","ocean_add_body_class":"","ocean_shortcode_before_top_bar":"","ocean_shortcode_after_top_bar":"","ocean_shortcode_before_header":"","ocean_shortcode_after_header":"","ocean_has_shortcode":"","ocean_shortcode_after_title":"","ocean_shortcode_before_footer_widgets":"","ocean_shortcode_after_footer_widgets":"","ocean_shortcode_before_footer_bottom":"","ocean_shortcode_after_footer_bottom":"","ocean_display_top_bar":"default","ocean_display_header":"default","ocean_header_style":"","ocean_center_header_left_menu":"0","ocean_custom_header_template":"0","ocean_custom_logo":0,"ocean_custom_retina_logo":0,"ocean_custom_logo_max_width":0,"ocean_custom_logo_tablet_max_width":0,"ocean_custom_logo_mobile_max_width":0,"ocean_custom_logo_max_height":0,"ocean_custom_logo_tablet_max_height":0,"ocean_custom_logo_mobile_max_height":0,"ocean_header_custom_menu":"0","ocean_menu_typo_font_family":"0","ocean_menu_typo_font_subset":"","ocean_menu_typo_font_size":0,"ocean_menu_typo_font_size_tablet":0,"ocean_menu_typo_font_size_mobile":0,"ocean_menu_typo_font_size_unit":"px","ocean_menu_typo_font_weight":"","ocean_menu_typo_font_weight_tablet":"","ocean_menu_typo_font_weight_mobile":"","ocean_menu_typo_transform":"","ocean_menu_typo_transform_tablet":"","ocean_menu_typo_transform_mobile":"","ocean_menu_typo_line_height":0,"ocean_menu_typo_line_height_tablet":0,"ocean_menu_typo_line_height_mobile":0,"ocean_menu_typo_line_height_unit":"","ocean_menu_typo_spacing":0,"ocean_menu_typo_spacing_tablet":0,"ocean_menu_typo_spacing_mobile":0,"ocean_menu_typo_spacing_unit":"","ocean_menu_link_color":"","ocean_menu_link_color_hover":"","ocean_menu_link_color_active":"","ocean_menu_link_background":"","ocean_menu_link_hover_background":"","ocean_menu_link_active_background":"","ocean_menu_social_links_bg":"","ocean_menu_social_hover_links_bg":"","ocean_menu_social_links_color":"","ocean_menu_social_hover_links_color":"","ocean_disable_title":"default","ocean_disable_heading":"default","ocean_post_title":"","ocean_post_subheading":"","ocean_post_title_style":"","ocean_post_title_background_color":"","ocean_post_title_background":0,"ocean_post_title_bg_image_position":"","ocean_post_title_bg_image_attachment":"","ocean_post_title_bg_image_repeat":"","ocean_post_title_bg_image_size":"","ocean_post_title_height":0,"ocean_post_title_bg_overlay":0.5,"ocean_post_title_bg_overlay_color":"","ocean_disable_breadcrumbs":"default","ocean_breadcrumbs_color":"","ocean_breadcrumbs_separator_color":"","ocean_breadcrumbs_links_color":"","ocean_breadcrumbs_links_hover_color":"","ocean_display_footer_widgets":"default","ocean_display_footer_bottom":"default","ocean_custom_footer_template":"0","osh_disable_topbar_sticky":"default","osh_disable_header_sticky":"default","osh_sticky_header_style":"default","osh_sticky_header_effect":"","osh_custom_sticky_logo":0,"osh_custom_retina_sticky_logo":0,"osh_custom_sticky_logo_height":0,"osh_background_color":"","osh_links_color":"","osh_links_hover_color":"","osh_links_active_color":"","osh_links_bg_color":"","osh_links_hover_bg_color":"","osh_links_active_bg_color":"","osh_menu_social_links_color":"","osh_menu_social_hover_links_color":""},"product_brand":[],"product_cat":[53,50],"product_tag":[145,146,137],"class_list":{"0":"post-3180","1":"product","2":"type-product","3":"status-publish","4":"has-post-thumbnail","6":"product_cat-resistance-oil-distributors","7":"product_cat-resistance-thin-oil-systems","8":"product_tag-lubricating-oil-block","9":"product_tag-oil-circuit-accessories","10":"product_tag-resistance-distributor","12":"entry","13":"has-media","15":"first","16":"instock","17":"shipping-taxable","18":"product-type-external","19":"col","20":"span_1_of_3","21":"owp-content-center","22":"owp-thumbs-layout-horizontal","23":"owp-btn-very-big","24":"owp-tabs-layout-horizontal"},"_links":{"self":[{"href":"https:\/\/www.jinpinlub.com\/vi\/wp-json\/wp\/v2\/product\/3180","targetHints":{"allow":["GET"]}}],"collection":[{"href":"https:\/\/www.jinpinlub.com\/vi\/wp-json\/wp\/v2\/product"}],"about":[{"href":"https:\/\/www.jinpinlub.com\/vi\/wp-json\/wp\/v2\/types\/product"}],"wp:featuredmedia":[{"embeddable":true,"href":"https:\/\/www.jinpinlub.com\/vi\/wp-json\/wp\/v2\/media\/3098"}],"wp:attachment":[{"href":"https:\/\/www.jinpinlub.com\/vi\/wp-json\/wp\/v2\/media?parent=3180"}],"wp:term":[{"taxonomy":"product_brand","embeddable":true,"href":"https:\/\/www.jinpinlub.com\/vi\/wp-json\/wp\/v2\/product_brand?post=3180"},{"taxonomy":"product_cat","embeddable":true,"href":"https:\/\/www.jinpinlub.com\/vi\/wp-json\/wp\/v2\/product_cat?post=3180"},{"taxonomy":"product_tag","embeddable":true,"href":"https:\/\/www.jinpinlub.com\/vi\/wp-json\/wp\/v2\/product_tag?post=3180"}],"curies":[{"name":"wp","href":"https:\/\/api.w.org\/{rel}","templated":true}]}}