{"id":3184,"date":"2024-08-11T14:31:27","date_gmt":"2024-08-11T14:31:27","guid":{"rendered":"https:\/\/www.jinpinlub.com\/?post_type=product&#038;p=3184"},"modified":"2024-08-14T19:35:42","modified_gmt":"2024-08-14T19:35:42","slug":"vit-trong-phu-kien-voi-van-kiem-tra-cho-nha-phan-phoi-ssv-ssvd","status":"publish","type":"product","link":"https:\/\/www.jinpinlub.com\/vi\/product\/screw-in-fittings-with-check-valve-for-ssv-ssvd-distributors\/","title":{"rendered":"Ph\u1ee5 ki\u1ec7n v\u1eb7n v\u00edt c\u00f3 van ki\u1ec3m tra cho nh\u00e0 ph\u00e2n ph\u1ed1i SSV SSVD"},"content":{"rendered":"<h2>\u0110\u1eb7c tr\u01b0ng<\/h2>\n<p>1. L\u1eafp \u0111\u1eb7t nhanh ch\u00f3ng v\u00e0 ti\u1ec7n l\u1ee3i: \u0110\u1ea7u n\u1ed1i van m\u1ed9t chi\u1ec1u c\u1eafm APV \u0111\u01b0\u1ee3c thi\u1ebft k\u1ebf \u0111\u1ec3 gi\u00fap qu\u00e1 tr\u00ecnh l\u1eafp \u0111\u1eb7t v\u00e0 th\u00e1o r\u1eddi di\u1ec5n ra v\u1edbi t\u1ed1c \u0111\u1ed9 r\u1ea5t cao, do \u0111\u00f3 c\u1ea3i thi\u1ec7n \u0111\u00e1ng k\u1ec3 hi\u1ec7u qu\u1ea3 c\u00f4ng vi\u1ec7c.<br \/>\n2. \u0110\u1ed9 k\u00edn \u0111\u00e1ng tin c\u1eady: \u0110\u1ea7u n\u1ed1i van ki\u1ec3m tra c\u1eafm nhanh SSV s\u1ebd \u0111\u00f3ng ch\u1eb7t m\u00f4i ch\u1ea5t v\u00e0 ng\u0103n ng\u1eeba r\u00f2 r\u1ec9 hi\u1ec7u qu\u1ea3 nh\u1edd c\u00e1c th\u00e0nh ph\u1ea7n c\u1ed1t l\u00f5i bao g\u1ed3m v\u00f2ng \u0111\u1ec7m v\u00e0 v\u00f2ng gi\u1eef \u0111\u01b0\u1ee3c thi\u1ebft k\u1ebf ch\u00ednh x\u00e1c.<br \/>\n3. Ng\u0103n ch\u1ea5t l\u1ecfng ch\u1ea3y ng\u01b0\u1ee3c: Thi\u1ebft k\u1ebf c\u1ee7a van m\u1ed9t chi\u1ec1u APV \u0111\u1ea3m b\u1ea3o ch\u1ea5t l\u1ecfng s\u1ebd kh\u00f4ng ch\u1ea3y ng\u01b0\u1ee3c l\u1ea1i khi ng\u1eaft k\u1ebft n\u1ed1i, \u0111i\u1ec1u n\u00e0y r\u1ea5t quan tr\u1ecdng \u0111\u1ec3 duy tr\u00ec \u00e1p su\u1ea5t h\u1ec7 th\u1ed1ng b\u00f4i tr\u01a1n v\u00e0 ng\u0103n ng\u1eeba \u00f4 nhi\u1ec5m.<\/p>\n<h2>\u0110\u1eb7c \u0111i\u1ec3m k\u1ef9 thu\u1eadt<\/h2>\n<table>\n<tbody>\n<tr>\n<td>Ng\u01b0\u1eddi m\u1eabu<\/td>\n<td>\u1ed0ng<\/td>\n<td>Ch\u1ee7 \u0111\u1ec1 M<\/td>\n<td>Ch\u1ee7 \u0111\u1ec1<\/td>\n<td>Chi\u1ec1u d\u00e0i<\/td>\n<\/tr>\n<tr>\n<td>APV4<\/td>\n<td>\u03a64<\/td>\n<td>M10x1<\/td>\n<td>10mm<\/td>\n<td>30mm<\/td>\n<\/tr>\n<tr>\n<td>APV6<\/td>\n<td>\u03a66<\/td>\n<td>M10x1<\/td>\n<td>10mm<\/td>\n<td>30mm<\/td>\n<\/tr>\n<tr>\n<td>APV8<\/td>\n<td>\u03a68<\/td>\n<td>M10x1<\/td>\n<td>10mm<\/td>\n<td>30mm<\/td>\n<\/tr>\n<tr>\n<td>APV10<\/td>\n<td>\u03a610<\/td>\n<td>M10x1<\/td>\n<td>10mm<\/td>\n<td>30mm<\/td>\n<\/tr>\n<\/tbody>\n<\/table>\n<h2>\u1ee8ng d\u1ee5ng<\/h2>\n<p>\u0110\u1ea7u n\u1ed1i van ki\u1ec3m tra c\u1eafm nhanh APV ch\u1ee7 y\u1ebfu \u0111\u01b0\u1ee3c s\u1eed d\u1ee5ng tr\u00ean c\u00e1c b\u1ed9 ph\u00e2n ph\u1ed1i ti\u1ebfn b\u1ed9 SSV, SSV-E, SSVD. S\u1ea3n ph\u1ea9m n\u00e0y \u0111\u01b0\u1ee3c \u1ee9ng d\u1ee5ng trong nhi\u1ec1u l\u0129nh v\u1ef1c nh\u01b0 c\u00f4ng nghi\u1ec7p, \u00f4 t\u00f4, h\u00e0ng kh\u00f4ng v\u0169 tr\u1ee5 v\u00e0 thi\u1ebft b\u1ecb y t\u1ebf.<\/p>\n<h2>H\u01b0\u1edbng d\u1eabn s\u1eed d\u1ee5ng<\/h2>\n<div class=\"sdm_download_button_box_default\"><div class=\"sdm_download_link\"><a href=\"https:\/\/www.jinpinlub.com\/vi\/?sdm_process_download=1&download_id=3173\" class=\"sdm_download white\" title=\"Ri\u00eang t\u01b0: PG\/FCB\/PDSV\/APV\" target=\"&quot;_blank&quot;\">Xem B\u1ea3ng d\u1eef li\u1ec7u - PG\/FCB\/PDSV\/APV<\/a><\/div><\/div>","protected":false},"excerpt":{"rendered":"<p>\u0110\u1ea7u n\u1ed1i van m\u1ed9t chi\u1ec1u c\u1eafm nhanh SSV l\u00e0 \u0111\u1ea7u n\u1ed1i nhanh c\u00f3 th\u1ec3 k\u1ebft n\u1ed1i ho\u1eb7c ng\u1eaft k\u1ebft n\u1ed1i \u0111\u01b0\u1eddng \u1ed1ng m\u00e0 kh\u00f4ng c\u1ea7n d\u1ee5ng c\u1ee5 v\u00e0 th\u00edch h\u1ee3p \u0111\u1ec3 ng\u0103n ch\u1ea5t l\u1ecfng ch\u1ea3y ng\u01b0\u1ee3c.<\/p>","protected":false},"featured_media":3099,"template":"","meta":{"ocean_post_layout":"","ocean_both_sidebars_style":"","ocean_both_sidebars_content_width":0,"ocean_both_sidebars_sidebars_width":0,"ocean_sidebar":"0","ocean_second_sidebar":"0","ocean_disable_margins":"enable","ocean_add_body_class":"","ocean_shortcode_before_top_bar":"","ocean_shortcode_after_top_bar":"","ocean_shortcode_before_header":"","ocean_shortcode_after_header":"","ocean_has_shortcode":"","ocean_shortcode_after_title":"","ocean_shortcode_before_footer_widgets":"","ocean_shortcode_after_footer_widgets":"","ocean_shortcode_before_footer_bottom":"","ocean_shortcode_after_footer_bottom":"","ocean_display_top_bar":"default","ocean_display_header":"default","ocean_header_style":"","ocean_center_header_left_menu":"0","ocean_custom_header_template":"0","ocean_custom_logo":0,"ocean_custom_retina_logo":0,"ocean_custom_logo_max_width":0,"ocean_custom_logo_tablet_max_width":0,"ocean_custom_logo_mobile_max_width":0,"ocean_custom_logo_max_height":0,"ocean_custom_logo_tablet_max_height":0,"ocean_custom_logo_mobile_max_height":0,"ocean_header_custom_menu":"0","ocean_menu_typo_font_family":"0","ocean_menu_typo_font_subset":"","ocean_menu_typo_font_size":0,"ocean_menu_typo_font_size_tablet":0,"ocean_menu_typo_font_size_mobile":0,"ocean_menu_typo_font_size_unit":"px","ocean_menu_typo_font_weight":"","ocean_menu_typo_font_weight_tablet":"","ocean_menu_typo_font_weight_mobile":"","ocean_menu_typo_transform":"","ocean_menu_typo_transform_tablet":"","ocean_menu_typo_transform_mobile":"","ocean_menu_typo_line_height":0,"ocean_menu_typo_line_height_tablet":0,"ocean_menu_typo_line_height_mobile":0,"ocean_menu_typo_line_height_unit":"","ocean_menu_typo_spacing":0,"ocean_menu_typo_spacing_tablet":0,"ocean_menu_typo_spacing_mobile":0,"ocean_menu_typo_spacing_unit":"","ocean_menu_link_color":"","ocean_menu_link_color_hover":"","ocean_menu_link_color_active":"","ocean_menu_link_background":"","ocean_menu_link_hover_background":"","ocean_menu_link_active_background":"","ocean_menu_social_links_bg":"","ocean_menu_social_hover_links_bg":"","ocean_menu_social_links_color":"","ocean_menu_social_hover_links_color":"","ocean_disable_title":"default","ocean_disable_heading":"default","ocean_post_title":"","ocean_post_subheading":"","ocean_post_title_style":"","ocean_post_title_background_color":"","ocean_post_title_background":0,"ocean_post_title_bg_image_position":"","ocean_post_title_bg_image_attachment":"","ocean_post_title_bg_image_repeat":"","ocean_post_title_bg_image_size":"","ocean_post_title_height":0,"ocean_post_title_bg_overlay":0.5,"ocean_post_title_bg_overlay_color":"","ocean_disable_breadcrumbs":"default","ocean_breadcrumbs_color":"","ocean_breadcrumbs_separator_color":"","ocean_breadcrumbs_links_color":"","ocean_breadcrumbs_links_hover_color":"","ocean_display_footer_widgets":"default","ocean_display_footer_bottom":"default","ocean_custom_footer_template":"0","osh_disable_topbar_sticky":"default","osh_disable_header_sticky":"default","osh_sticky_header_style":"default","osh_sticky_header_effect":"","osh_custom_sticky_logo":0,"osh_custom_retina_sticky_logo":0,"osh_custom_sticky_logo_height":0,"osh_background_color":"","osh_links_color":"","osh_links_hover_color":"","osh_links_active_color":"","osh_links_bg_color":"","osh_links_hover_bg_color":"","osh_links_active_bg_color":"","osh_menu_social_links_color":"","osh_menu_social_hover_links_color":""},"product_brand":[],"product_cat":[31],"product_tag":[148,149,147],"class_list":{"0":"post-3184","1":"product","2":"type-product","3":"status-publish","4":"has-post-thumbnail","6":"product_cat-lube-system-accessories","7":"product_tag-distributor-check-valve","8":"product_tag-ssv-distributor","9":"product_tag-ssv-pipe-fittings","11":"entry","12":"has-media","14":"first","15":"instock","16":"shipping-taxable","17":"product-type-external","18":"col","19":"span_1_of_3","20":"owp-content-center","21":"owp-thumbs-layout-horizontal","22":"owp-btn-very-big","23":"owp-tabs-layout-horizontal"},"_links":{"self":[{"href":"https:\/\/www.jinpinlub.com\/vi\/wp-json\/wp\/v2\/product\/3184","targetHints":{"allow":["GET"]}}],"collection":[{"href":"https:\/\/www.jinpinlub.com\/vi\/wp-json\/wp\/v2\/product"}],"about":[{"href":"https:\/\/www.jinpinlub.com\/vi\/wp-json\/wp\/v2\/types\/product"}],"wp:featuredmedia":[{"embeddable":true,"href":"https:\/\/www.jinpinlub.com\/vi\/wp-json\/wp\/v2\/media\/3099"}],"wp:attachment":[{"href":"https:\/\/www.jinpinlub.com\/vi\/wp-json\/wp\/v2\/media?parent=3184"}],"wp:term":[{"taxonomy":"product_brand","embeddable":true,"href":"https:\/\/www.jinpinlub.com\/vi\/wp-json\/wp\/v2\/product_brand?post=3184"},{"taxonomy":"product_cat","embeddable":true,"href":"https:\/\/www.jinpinlub.com\/vi\/wp-json\/wp\/v2\/product_cat?post=3184"},{"taxonomy":"product_tag","embeddable":true,"href":"https:\/\/www.jinpinlub.com\/vi\/wp-json\/wp\/v2\/product_tag?post=3184"}],"curies":[{"name":"wp","href":"https:\/\/api.w.org\/{rel}","templated":true}]}}