{"id":3189,"date":"2024-08-11T17:36:24","date_gmt":"2024-08-11T17:36:24","guid":{"rendered":"https:\/\/www.jinpinlub.com\/?post_type=product&#038;p=3189"},"modified":"2024-08-14T19:37:57","modified_gmt":"2024-08-14T19:37:57","slug":"mb40-ren-dong-thau-ket-noi-day-dong-ho-do-ap-suat-mau-den","status":"publish","type":"product","link":"https:\/\/www.jinpinlub.com\/vi\/product\/mb40-brass-thread-bottom-connection-black-pressure-gauge\/","title":{"rendered":"MB40 K\u1ebft n\u1ed1i ren \u0111\u1ed3ng thau ph\u00eda d\u01b0\u1edbi \u0110\u1ed3ng h\u1ed3 \u0111o \u00e1p su\u1ea5t m\u00e0u \u0111en"},"content":{"rendered":"<h2>\u0110\u1eb7c tr\u01b0ng<\/h2>\n<p>C\u00e0i \u0111\u1eb7t v\u00e0 \u0111i\u1ec1u ch\u1ec9nh:<br \/>\nC\u1ea5p \u0111\u1ed9 ch\u00ednh x\u00e1c: D\u1ef1a tr\u00ean c\u00e1c th\u00f4ng s\u1ed1 c\u1ee5 th\u1ec3 c\u1ee7a \u1ee9ng d\u1ee5ng trong h\u1ec7 th\u1ed1ng b\u01a1m b\u00f4i tr\u01a1n, h\u00e3y ch\u1ecdn \u0111\u1ed3ng h\u1ed3 \u0111o \u00e1p su\u1ea5t c\u00f3 c\u1ea5p \u0111\u1ed9 ch\u00ednh x\u00e1c c\u1ea7n thi\u1ebft.<br \/>\nV\u1ecb tr\u00ed l\u1eafp \u0111\u1eb7t: \u0110\u1ed3ng h\u1ed3 \u0111o \u00e1p su\u1ea5t ph\u1ea3i \u0111\u01b0\u1ee3c l\u1eafp tr\u00ean b\u01a1m b\u00f4i tr\u01a1n \u1edf v\u1ecb tr\u00ed th\u00edch h\u1ee3p \u0111\u1ec3 ch\u1ec9 b\u00e1o ph\u1ea3n \u00e1nh ch\u00ednh x\u00e1c \u00e1p su\u1ea5t v\u1eadn h\u00e0nh c\u1ee7a h\u1ec7 th\u1ed1ng.<br \/>\nQuy tr\u00ecnh \u0111i\u1ec1u ch\u1ec9nh: Thay \u0111\u1ed5i \u00e1p su\u1ea5t h\u1ec7 th\u1ed1ng b\u1eb1ng c\u00e1ch \u0111i\u1ec1u ch\u1ec9nh van \u0111i\u1ec1u ch\u1ec9nh \u00e1p su\u1ea5t c\u1ee7a b\u01a1m b\u00f4i tr\u01a1n. Xoay theo chi\u1ec1u kim \u0111\u1ed3ng h\u1ed3 s\u1ebd l\u00e0m t\u0103ng \u00e1p su\u1ea5t; xoay theo h\u01b0\u1edbng ng\u01b0\u1ee3c chi\u1ec1u kim \u0111\u1ed3ng h\u1ed3 s\u1ebd l\u00e0m gi\u1ea3m \u00e1p su\u1ea5t. \u0110i\u1ec1u ch\u1ec9nh t\u1eeb t\u1eeb \u0111\u1ec3 tr\u00e1nh h\u1ec7 th\u1ed1ng t\u0103ng \u0111\u1ed9t bi\u1ebfn.<\/p>\n<h2>\u0110\u1eb7c \u0111i\u1ec3m k\u1ef9 thu\u1eadt<\/h2>\n<table>\n<tbody>\n<tr>\n<td>Ng\u01b0\u1eddi m\u1eabu<\/td>\n<td>Thanh<\/td>\n<td>Chi\u1ec1u r\u1ed9ng<\/td>\n<td>Chi\u1ec1u d\u00e0i<\/td>\n<td>Ki\u1ec3u<\/td>\n<\/tr>\n<tr>\n<td>M-15<\/td>\n<td>15<\/td>\n<td>40mm<\/td>\n<td>38mm<\/td>\n<td>Kh\u00f4<\/td>\n<\/tr>\n<tr>\n<td>M-40<\/td>\n<td>40<\/td>\n<td>40mm<\/td>\n<td>38mm<\/td>\n<td>Kh\u00f4<\/td>\n<\/tr>\n<tr>\n<td>MB-40<\/td>\n<td>40<\/td>\n<td>47mm<\/td>\n<td>60mm<\/td>\n<td>D\u1ea7u<\/td>\n<\/tr>\n<tr>\n<td>MB-60<\/td>\n<td>60<\/td>\n<td>47mm<\/td>\n<td>60mm<\/td>\n<td>D\u1ea7u<\/td>\n<\/tr>\n<tr>\n<td>MB-100<\/td>\n<td>100<\/td>\n<td>47mm<\/td>\n<td>60mm<\/td>\n<td>D\u1ea7u<\/td>\n<\/tr>\n<tr>\n<td>MB-250<\/td>\n<td>250<\/td>\n<td>58mm<\/td>\n<td>75mm<\/td>\n<td>D\u1ea7u<\/td>\n<\/tr>\n<tr>\n<td>MB-400<\/td>\n<td>400<\/td>\n<td>58mm<\/td>\n<td>75mm<\/td>\n<td>D\u1ea7u<\/td>\n<\/tr>\n<tr>\n<td>MB-600<\/td>\n<td>600<\/td>\n<td>58mm<\/td>\n<td>75mm<\/td>\n<td>D\u1ea7u<\/td>\n<\/tr>\n<tr>\n<td>MB-700<\/td>\n<td>700<\/td>\n<td>58mm<\/td>\n<td>75mm<\/td>\n<td>D\u1ea7u<\/td>\n<\/tr>\n<\/tbody>\n<\/table>\n<h2>Nguy\u00ean t\u1eafc<\/h2>\n<p>1. \u00c1p su\u1ea5t t\u1eeb b\u01a1m b\u00f4i tr\u01a1n, t\u00e1c d\u1ee5ng l\u00ean ph\u1ea7n t\u1eed \u0111\u00e0n h\u1ed3i trong \u0111\u1ed3ng h\u1ed3 \u0111o \u00e1p su\u1ea5t, s\u1ebd bi\u1ebfn d\u1ea1ng \u0111\u00e0n h\u1ed3i theo t\u1ef7 l\u1ec7 v\u1edbi \u00e1p su\u1ea5t \u0111\u00f3.<br \/>\n2. Khi c\u01a1 c\u1ea5u truy\u1ec1n \u0111\u1ed9ng di chuy\u1ec3n, kim s\u1ebd di chuy\u1ec3n d\u1ecdc theo m\u1eb7t \u0111\u1ed3ng h\u1ed3 \u0111o \u00e1p su\u1ea5t v\u00e0 cu\u1ed1i c\u00f9ng d\u1eebng l\u1ea1i \u1edf gi\u00e1 tr\u1ecb thang \u0111o bi\u1ec3u th\u1ecb \u00e1p su\u1ea5t b\u01a1m.<br \/>\n3. \u201cD\u1ea7u nh\u00fang\u201d c\u00f3 ngh\u0129a l\u00e0 b\u00ean trong \u0111\u1ed3ng h\u1ed3 \u0111o \u00e1p su\u1ea5t \u0111\u01b0\u1ee3c \u0111\u1ed5 \u0111\u1ea7y d\u1ea7u. \u0110\u00e2y l\u00e0 thi\u1ebft k\u1ebf h\u1eefu \u00edch \u0111\u1ec3 gi\u1ea3m qu\u00e1 tr\u00ecnh oxy h\u00f3a v\u00e0 \u0103n m\u00f2n c\u1ee7a th\u00e0nh ph\u1ea7n \u0111\u00e0n h\u1ed3i, do \u0111\u00f3 c\u1ea3i thi\u1ec7n \u0111\u1ed9 \u1ed5n \u0111\u1ecbnh v\u00e0 tu\u1ed5i th\u1ecd c\u1ee7a \u0111\u1ed3ng h\u1ed3 \u0111o \u00e1p su\u1ea5t. M\u1eb7t kh\u00e1c, d\u1ea7u c\u00f3 th\u1ec3 \u0111\u1ec7m s\u1ed1c v\u00e0 gi\u1ea3m s\u1ed1c v\u00e0 l\u00e0m cho vi\u1ec7c \u0111\u1ecdc \u0111\u1ed3ng h\u1ed3 \u0111o \u00e1p su\u1ea5t ch\u00ednh x\u00e1c h\u01a1n.<\/p>\n<h2>H\u01b0\u1edbng d\u1eabn s\u1eed d\u1ee5ng<\/h2>\n<div class=\"sdm_download_button_box_default\"><div class=\"sdm_download_link\"><a href=\"https:\/\/www.jinpinlub.com\/vi\/?sdm_process_download=1&download_id=3175\" class=\"sdm_download white\" title=\"Ri\u00eang t\u01b0: PS\/F\/MF\/MFB\/M\/MB\" target=\"&quot;_blank&quot;\">Xem B\u1ea3ng d\u1eef li\u1ec7u - PS\/F\/MF\/MFB\/M\/MB<\/a><\/div><\/div>","protected":false},"excerpt":{"rendered":"<p>\u0110\u1ed3ng h\u1ed3 \u0111o \u00e1p su\u1ea5t 4MPa \u0111\u01b0\u1ee3c s\u1eed d\u1ee5ng \u0111\u1ec3 theo d\u00f5i \u00e1p su\u1ea5t l\u00e0m vi\u1ec7c c\u1ee7a b\u01a1m b\u00f4i tr\u01a1n nh\u1eb1m \u0111\u1ea3m b\u1ea3o \u00e1p su\u1ea5t c\u1ee7a h\u1ec7 th\u1ed1ng n\u1eb1m trong ph\u1ea1m vi an to\u00e0n, do \u0111\u00f3 \u0111\u1ea3m b\u1ea3o hi\u1ec7u qu\u1ea3 b\u00f4i tr\u01a1n v\u00e0 v\u1eadn h\u00e0nh an to\u00e0n cho thi\u1ebft b\u1ecb.<\/p>","protected":false},"featured_media":3112,"template":"","meta":{"ocean_post_layout":"","ocean_both_sidebars_style":"","ocean_both_sidebars_content_width":0,"ocean_both_sidebars_sidebars_width":0,"ocean_sidebar":"0","ocean_second_sidebar":"0","ocean_disable_margins":"enable","ocean_add_body_class":"","ocean_shortcode_before_top_bar":"","ocean_shortcode_after_top_bar":"","ocean_shortcode_before_header":"","ocean_shortcode_after_header":"","ocean_has_shortcode":"","ocean_shortcode_after_title":"","ocean_shortcode_before_footer_widgets":"","ocean_shortcode_after_footer_widgets":"","ocean_shortcode_before_footer_bottom":"","ocean_shortcode_after_footer_bottom":"","ocean_display_top_bar":"default","ocean_display_header":"default","ocean_header_style":"","ocean_center_header_left_menu":"0","ocean_custom_header_template":"0","ocean_custom_logo":0,"ocean_custom_retina_logo":0,"ocean_custom_logo_max_width":0,"ocean_custom_logo_tablet_max_width":0,"ocean_custom_logo_mobile_max_width":0,"ocean_custom_logo_max_height":0,"ocean_custom_logo_tablet_max_height":0,"ocean_custom_logo_mobile_max_height":0,"ocean_header_custom_menu":"0","ocean_menu_typo_font_family":"0","ocean_menu_typo_font_subset":"","ocean_menu_typo_font_size":0,"ocean_menu_typo_font_size_tablet":0,"ocean_menu_typo_font_size_mobile":0,"ocean_menu_typo_font_size_unit":"px","ocean_menu_typo_font_weight":"","ocean_menu_typo_font_weight_tablet":"","ocean_menu_typo_font_weight_mobile":"","ocean_menu_typo_transform":"","ocean_menu_typo_transform_tablet":"","ocean_menu_typo_transform_mobile":"","ocean_menu_typo_line_height":0,"ocean_menu_typo_line_height_tablet":0,"ocean_menu_typo_line_height_mobile":0,"ocean_menu_typo_line_height_unit":"","ocean_menu_typo_spacing":0,"ocean_menu_typo_spacing_tablet":0,"ocean_menu_typo_spacing_mobile":0,"ocean_menu_typo_spacing_unit":"","ocean_menu_link_color":"","ocean_menu_link_color_hover":"","ocean_menu_link_color_active":"","ocean_menu_link_background":"","ocean_menu_link_hover_background":"","ocean_menu_link_active_background":"","ocean_menu_social_links_bg":"","ocean_menu_social_hover_links_bg":"","ocean_menu_social_links_color":"","ocean_menu_social_hover_links_color":"","ocean_disable_title":"default","ocean_disable_heading":"default","ocean_post_title":"","ocean_post_subheading":"","ocean_post_title_style":"","ocean_post_title_background_color":"","ocean_post_title_background":0,"ocean_post_title_bg_image_position":"","ocean_post_title_bg_image_attachment":"","ocean_post_title_bg_image_repeat":"","ocean_post_title_bg_image_size":"","ocean_post_title_height":0,"ocean_post_title_bg_overlay":0.5,"ocean_post_title_bg_overlay_color":"","ocean_disable_breadcrumbs":"default","ocean_breadcrumbs_color":"","ocean_breadcrumbs_separator_color":"","ocean_breadcrumbs_links_color":"","ocean_breadcrumbs_links_hover_color":"","ocean_display_footer_widgets":"default","ocean_display_footer_bottom":"default","ocean_custom_footer_template":"0","osh_disable_topbar_sticky":"default","osh_disable_header_sticky":"default","osh_sticky_header_style":"default","osh_sticky_header_effect":"","osh_custom_sticky_logo":0,"osh_custom_retina_sticky_logo":0,"osh_custom_sticky_logo_height":0,"osh_background_color":"","osh_links_color":"","osh_links_hover_color":"","osh_links_active_color":"","osh_links_bg_color":"","osh_links_hover_bg_color":"","osh_links_active_bg_color":"","osh_menu_social_links_color":"","osh_menu_social_hover_links_color":""},"product_brand":[],"product_cat":[31],"product_tag":[155,154,151],"class_list":{"0":"post-3189","1":"product","2":"type-product","3":"status-publish","4":"has-post-thumbnail","6":"product_cat-lube-system-accessories","7":"product_tag-lubrication-pump-pressure-gauge","8":"product_tag-lubrication-system-pressure-gauge","9":"product_tag-pressure-gauge","11":"entry","12":"has-media","14":"first","15":"instock","16":"shipping-taxable","17":"product-type-external","18":"col","19":"span_1_of_3","20":"owp-content-center","21":"owp-thumbs-layout-horizontal","22":"owp-btn-very-big","23":"owp-tabs-layout-horizontal"},"_links":{"self":[{"href":"https:\/\/www.jinpinlub.com\/vi\/wp-json\/wp\/v2\/product\/3189","targetHints":{"allow":["GET"]}}],"collection":[{"href":"https:\/\/www.jinpinlub.com\/vi\/wp-json\/wp\/v2\/product"}],"about":[{"href":"https:\/\/www.jinpinlub.com\/vi\/wp-json\/wp\/v2\/types\/product"}],"wp:featuredmedia":[{"embeddable":true,"href":"https:\/\/www.jinpinlub.com\/vi\/wp-json\/wp\/v2\/media\/3112"}],"wp:attachment":[{"href":"https:\/\/www.jinpinlub.com\/vi\/wp-json\/wp\/v2\/media?parent=3189"}],"wp:term":[{"taxonomy":"product_brand","embeddable":true,"href":"https:\/\/www.jinpinlub.com\/vi\/wp-json\/wp\/v2\/product_brand?post=3189"},{"taxonomy":"product_cat","embeddable":true,"href":"https:\/\/www.jinpinlub.com\/vi\/wp-json\/wp\/v2\/product_cat?post=3189"},{"taxonomy":"product_tag","embeddable":true,"href":"https:\/\/www.jinpinlub.com\/vi\/wp-json\/wp\/v2\/product_tag?post=3189"}],"curies":[{"name":"wp","href":"https:\/\/api.w.org\/{rel}","templated":true}]}}