{"id":3190,"date":"2024-08-11T17:46:04","date_gmt":"2024-08-11T17:46:04","guid":{"rendered":"https:\/\/www.jinpinlub.com\/?post_type=product&#038;p=3190"},"modified":"2024-08-14T19:37:48","modified_gmt":"2024-08-14T19:37:48","slug":"dong-ho-do-ap-suat-thang-dung-nhung-10mpa-cho-bom-boi-tron","status":"publish","type":"product","link":"https:\/\/www.jinpinlub.com\/vi\/product\/10mpa-immersion-vertical-pressure-gauge-for-lubrication-pump\/","title":{"rendered":"\u0110\u1ed3ng h\u1ed3 \u0111o \u00e1p su\u1ea5t th\u1eb3ng \u0111\u1ee9ng nh\u00fang 10MPa cho b\u01a1m b\u00f4i tr\u01a1n"},"content":{"rendered":"<h2>\u0110\u1eb7c tr\u01b0ng<\/h2>\n<p><span id=\"input-sentence~0\">1. \u0110\u1ed3ng h\u1ed3 \u0111o \u00e1p su\u1ea5t \u0111\u01b0\u1ee3c s\u1eed d\u1ee5ng \u1ed5n \u0111\u1ecbnh v\u00e0 \u0111\u00e1ng tin c\u1eady: c\u00f3 \u0111\u01b0\u1eddng k\u00ednh nh\u1ecf v\u00e0 v\u1ebb ngo\u00e0i nh\u1ecf g\u1ecdn, kh\u00e1 ph\u00f9 h\u1ee3p \u0111\u1ec3 s\u1eed d\u1ee5ng trong b\u01a1m b\u00f4i tr\u01a1n.<\/span><span id=\"input-sentence~1\"><br \/>\n2. \u0110\u1ed3ng h\u1ed3 \u0111o \u00e1p su\u1ea5t M100 \u0111\u01b0\u1ee3c trang b\u1ecb n\u1eafp \u0111\u00e8n b\u1eb1ng acrylic trong su\u1ed1t, c\u00f3 \u0111\u1ed9 b\u1ec1n cao.<br \/>\n3. M\u1ed1i n\u1ed1i c\u1ee7a \u0111\u1ed3ng h\u1ed3 \u0111o \u00e1p su\u1ea5t \u0111\u01b0\u1ee3c l\u00e0m b\u1eb1ng \u0111\u1ed3ng nguy\u00ean ch\u1ea5t lo\u1ea1i A.<br \/>\n4. \u0110\u1ed3ng h\u1ed3 \u0111o \u00e1p su\u1ea5t M100 c\u00f3 l\u1edbp v\u1ecf s\u1eaft \u0111\u01b0\u1ee3c ph\u1ee7 \u0111i\u1ec7n c\u1ef1c, c\u00f3 th\u1ec3 gi\u00fap b\u1ea3o v\u1ec7 thi\u1ebft b\u1ecb kh\u1ecfi h\u1ea7u h\u1ebft m\u1ecdi lo\u1ea1i \u0103n m\u00f2n.<br \/>\n5. \u0110\u1ed3ng h\u1ed3 \u0111o \u00e1p su\u1ea5t l\u00e0 lo\u1ea1i ch\u1ed1ng rung nh\u00fang th\u1eb3ng \u0111\u1ee9ng c\u00f3 ch\u1ec9 b\u00e1o ch\u00ednh x\u00e1c theo thang \u0111o.<\/span><\/p>\n<h2>\u0110\u1eb7c \u0111i\u1ec3m k\u1ef9 thu\u1eadt<\/h2>\n<table>\n<tbody>\n<tr>\n<td>Ng\u01b0\u1eddi m\u1eabu<\/td>\n<td>Thanh<\/td>\n<td>Chi\u1ec1u r\u1ed9ng<\/td>\n<td>Chi\u1ec1u d\u00e0i<\/td>\n<td>Ki\u1ec3u<\/td>\n<\/tr>\n<tr>\n<td>M-15<\/td>\n<td>15<\/td>\n<td>40mm<\/td>\n<td>38mm<\/td>\n<td>Kh\u00f4<\/td>\n<\/tr>\n<tr>\n<td>M-40<\/td>\n<td>40<\/td>\n<td>40mm<\/td>\n<td>38mm<\/td>\n<td>Kh\u00f4<\/td>\n<\/tr>\n<tr>\n<td>MB-40<\/td>\n<td>40<\/td>\n<td>47mm<\/td>\n<td>60mm<\/td>\n<td>D\u1ea7u<\/td>\n<\/tr>\n<tr>\n<td>MB-60<\/td>\n<td>60<\/td>\n<td>47mm<\/td>\n<td>60mm<\/td>\n<td>D\u1ea7u<\/td>\n<\/tr>\n<tr>\n<td>MB-100<\/td>\n<td>100<\/td>\n<td>47mm<\/td>\n<td>60mm<\/td>\n<td>D\u1ea7u<\/td>\n<\/tr>\n<tr>\n<td>MB-250<\/td>\n<td>250<\/td>\n<td>58mm<\/td>\n<td>75mm<\/td>\n<td>D\u1ea7u<\/td>\n<\/tr>\n<tr>\n<td>MB-400<\/td>\n<td>400<\/td>\n<td>58mm<\/td>\n<td>75mm<\/td>\n<td>D\u1ea7u<\/td>\n<\/tr>\n<tr>\n<td>MB-600<\/td>\n<td>600<\/td>\n<td>58mm<\/td>\n<td>75mm<\/td>\n<td>D\u1ea7u<\/td>\n<\/tr>\n<tr>\n<td>MB-700<\/td>\n<td>700<\/td>\n<td>58mm<\/td>\n<td>75mm<\/td>\n<td>D\u1ea7u<\/td>\n<\/tr>\n<\/tbody>\n<\/table>\n<h2>Nguy\u00ean t\u1eafc<\/h2>\n<p>Ngo\u00e0i \u1ee9ng d\u1ee5ng quan tr\u1ecdng trong b\u01a1m b\u00f4i tr\u01a1n, MB100 c\u00f2n \u0111\u01b0\u1ee3c s\u1eed d\u1ee5ng r\u1ed9ng r\u00e3i trong v\u1eadt li\u1ec7u x\u00e2y d\u1ef1ng, nh\u00e0 x\u01b0\u1edfng, x\u01b0\u1edfng s\u1eeda ch\u1eefa c\u01a1 kh\u00ed, nh\u00e0 m\u00e1y s\u1ea3n xu\u1ea5t, n\u0103ng l\u01b0\u1ee3ng v\u00e0 khai th\u00e1c m\u1ecf, d\u1ef1 \u00e1n x\u00e2y d\u1ef1ng, ph\u1ee5 t\u00f9ng \u00f4 t\u00f4, ph\u1ee5 ki\u1ec7n m\u00e1y c\u00f4ng c\u1ee5, v.v.<\/p>\n<h2>H\u01b0\u1edbng d\u1eabn s\u1eed d\u1ee5ng<\/h2>\n<div class=\"sdm_download_button_box_default\"><div class=\"sdm_download_link\"><a href=\"https:\/\/www.jinpinlub.com\/vi\/?sdm_process_download=1&download_id=3175\" class=\"sdm_download white\" title=\"Ri\u00eang t\u01b0: PS\/F\/MF\/MFB\/M\/MB\" target=\"&quot;_blank&quot;\">Xem B\u1ea3ng d\u1eef li\u1ec7u - PS\/F\/MF\/MFB\/M\/MB<\/a><\/div><\/div>","protected":false},"excerpt":{"rendered":"<p>\u0110\u1ed3ng h\u1ed3 \u0111o \u00e1p su\u1ea5t 10 Mpa ch\u1ee7 y\u1ebfu \u0111\u01b0\u1ee3c s\u1eed d\u1ee5ng trong m\u00e1y b\u01a1m m\u1ee1 b\u00f4i tr\u01a1n \u0111i\u1ec7n v\u00e0 m\u00e1y b\u01a1m m\u1ee1 b\u00f4i tr\u01a1n th\u1ee7 c\u00f4ng cho ph\u1ee5 ki\u1ec7n h\u1ec7 th\u1ed1ng \u00e1p su\u1ea5t y\u00eau c\u1ea7u \u00e1p su\u1ea5t cao h\u01a1n. Ch\u00fang ch\u1ee9a \u0111\u1ea7y d\u1ea7u v\u00e0 c\u00f3 th\u1ec3 \u0111\u01b0\u1ee3c s\u1eed d\u1ee5ng tr\u00ean m\u00e1y rung.<\/p>","protected":false},"featured_media":3115,"template":"","meta":{"ocean_post_layout":"","ocean_both_sidebars_style":"","ocean_both_sidebars_content_width":0,"ocean_both_sidebars_sidebars_width":0,"ocean_sidebar":"0","ocean_second_sidebar":"0","ocean_disable_margins":"enable","ocean_add_body_class":"","ocean_shortcode_before_top_bar":"","ocean_shortcode_after_top_bar":"","ocean_shortcode_before_header":"","ocean_shortcode_after_header":"","ocean_has_shortcode":"","ocean_shortcode_after_title":"","ocean_shortcode_before_footer_widgets":"","ocean_shortcode_after_footer_widgets":"","ocean_shortcode_before_footer_bottom":"","ocean_shortcode_after_footer_bottom":"","ocean_display_top_bar":"default","ocean_display_header":"default","ocean_header_style":"","ocean_center_header_left_menu":"0","ocean_custom_header_template":"0","ocean_custom_logo":0,"ocean_custom_retina_logo":0,"ocean_custom_logo_max_width":0,"ocean_custom_logo_tablet_max_width":0,"ocean_custom_logo_mobile_max_width":0,"ocean_custom_logo_max_height":0,"ocean_custom_logo_tablet_max_height":0,"ocean_custom_logo_mobile_max_height":0,"ocean_header_custom_menu":"0","ocean_menu_typo_font_family":"0","ocean_menu_typo_font_subset":"","ocean_menu_typo_font_size":0,"ocean_menu_typo_font_size_tablet":0,"ocean_menu_typo_font_size_mobile":0,"ocean_menu_typo_font_size_unit":"px","ocean_menu_typo_font_weight":"","ocean_menu_typo_font_weight_tablet":"","ocean_menu_typo_font_weight_mobile":"","ocean_menu_typo_transform":"","ocean_menu_typo_transform_tablet":"","ocean_menu_typo_transform_mobile":"","ocean_menu_typo_line_height":0,"ocean_menu_typo_line_height_tablet":0,"ocean_menu_typo_line_height_mobile":0,"ocean_menu_typo_line_height_unit":"","ocean_menu_typo_spacing":0,"ocean_menu_typo_spacing_tablet":0,"ocean_menu_typo_spacing_mobile":0,"ocean_menu_typo_spacing_unit":"","ocean_menu_link_color":"","ocean_menu_link_color_hover":"","ocean_menu_link_color_active":"","ocean_menu_link_background":"","ocean_menu_link_hover_background":"","ocean_menu_link_active_background":"","ocean_menu_social_links_bg":"","ocean_menu_social_hover_links_bg":"","ocean_menu_social_links_color":"","ocean_menu_social_hover_links_color":"","ocean_disable_title":"default","ocean_disable_heading":"default","ocean_post_title":"","ocean_post_subheading":"","ocean_post_title_style":"","ocean_post_title_background_color":"","ocean_post_title_background":0,"ocean_post_title_bg_image_position":"","ocean_post_title_bg_image_attachment":"","ocean_post_title_bg_image_repeat":"","ocean_post_title_bg_image_size":"","ocean_post_title_height":0,"ocean_post_title_bg_overlay":0.5,"ocean_post_title_bg_overlay_color":"","ocean_disable_breadcrumbs":"default","ocean_breadcrumbs_color":"","ocean_breadcrumbs_separator_color":"","ocean_breadcrumbs_links_color":"","ocean_breadcrumbs_links_hover_color":"","ocean_display_footer_widgets":"default","ocean_display_footer_bottom":"default","ocean_custom_footer_template":"0","osh_disable_topbar_sticky":"default","osh_disable_header_sticky":"default","osh_sticky_header_style":"default","osh_sticky_header_effect":"","osh_custom_sticky_logo":0,"osh_custom_retina_sticky_logo":0,"osh_custom_sticky_logo_height":0,"osh_background_color":"","osh_links_color":"","osh_links_hover_color":"","osh_links_active_color":"","osh_links_bg_color":"","osh_links_hover_bg_color":"","osh_links_active_bg_color":"","osh_menu_social_links_color":"","osh_menu_social_hover_links_color":""},"product_brand":[],"product_cat":[31],"product_tag":[158,156,157],"class_list":{"0":"post-3190","1":"product","2":"type-product","3":"status-publish","4":"has-post-thumbnail","6":"product_cat-lube-system-accessories","7":"product_tag-grease-pressure-gauge","8":"product_tag-oil-immersed-pressure-gauge","9":"product_tag-oil-pressure-gauge","11":"entry","12":"has-media","14":"first","15":"instock","16":"shipping-taxable","17":"product-type-external","18":"col","19":"span_1_of_3","20":"owp-content-center","21":"owp-thumbs-layout-horizontal","22":"owp-btn-very-big","23":"owp-tabs-layout-horizontal"},"_links":{"self":[{"href":"https:\/\/www.jinpinlub.com\/vi\/wp-json\/wp\/v2\/product\/3190","targetHints":{"allow":["GET"]}}],"collection":[{"href":"https:\/\/www.jinpinlub.com\/vi\/wp-json\/wp\/v2\/product"}],"about":[{"href":"https:\/\/www.jinpinlub.com\/vi\/wp-json\/wp\/v2\/types\/product"}],"wp:featuredmedia":[{"embeddable":true,"href":"https:\/\/www.jinpinlub.com\/vi\/wp-json\/wp\/v2\/media\/3115"}],"wp:attachment":[{"href":"https:\/\/www.jinpinlub.com\/vi\/wp-json\/wp\/v2\/media?parent=3190"}],"wp:term":[{"taxonomy":"product_brand","embeddable":true,"href":"https:\/\/www.jinpinlub.com\/vi\/wp-json\/wp\/v2\/product_brand?post=3190"},{"taxonomy":"product_cat","embeddable":true,"href":"https:\/\/www.jinpinlub.com\/vi\/wp-json\/wp\/v2\/product_cat?post=3190"},{"taxonomy":"product_tag","embeddable":true,"href":"https:\/\/www.jinpinlub.com\/vi\/wp-json\/wp\/v2\/product_tag?post=3190"}],"curies":[{"name":"wp","href":"https:\/\/api.w.org\/{rel}","templated":true}]}}