{"id":3191,"date":"2024-08-11T18:34:16","date_gmt":"2024-08-11T18:34:16","guid":{"rendered":"https:\/\/www.jinpinlub.com\/?post_type=product&#038;p=3191"},"modified":"2024-08-14T19:38:40","modified_gmt":"2024-08-14T19:38:40","slug":"dong-ho-do-ap-suat-chua-chat-long-truc-mfb-160-160bar","status":"publish","type":"product","link":"https:\/\/www.jinpinlub.com\/vi\/product\/mfb-160-160bar-axial-liquid-filled-pressure-gauge-manometer\/","title":{"rendered":"\u0110\u1ed3ng h\u1ed3 \u0111o \u00e1p su\u1ea5t ch\u1ee9a ch\u1ea5t l\u1ecfng tr\u1ee5c MFB-160 160bar"},"content":{"rendered":"<h2>\u0110\u1eb7c tr\u01b0ng<\/h2>\n<p>1. S\u1ef1 thay \u0111\u1ed5i \u00e1p su\u1ea5t \u0111o \u0111\u01b0\u1ee3c \u0111\u01b0\u1ee3c \u0111i\u1ec1u khi\u1ec3n b\u1edfi thanh truy\u1ec1n \u0111\u1ec3 quay kim ch\u1ec9 \u1edf \u0111\u1ea7u b\u00e1nh r\u0103ng h\u00ecnh qu\u1ea1t, ch\u1ec9 ra gi\u00e1 tr\u1ecb \u00e1p su\u1ea5t t\u01b0\u01a1ng \u1ee9ng.<br \/>\n2. \u0110\u1ed3ng h\u1ed3 \u0111o \u00e1p su\u1ea5t c\u00f3 \u0111\u1ed9 ch\u00ednh x\u00e1c \u0111o l\u01b0\u1eddng l\u00e0 2,5 m\u1ee9c, v\u1edbi sai s\u1ed1 nh\u1ecf h\u01a1n v\u00e0 \u0111\u1ed9 ch\u00ednh x\u00e1c cao h\u01a1n.<br \/>\n3. K\u00edch th\u01b0\u1edbc ti\u00eau chu\u1ea9n c\u1ee7a m\u1ed1i n\u1ed1i v\u1eadt li\u1ec7u \u0111\u1ed3ng cho \u0111\u1ed3ng h\u1ed3 \u0111o \u00e1p su\u1ea5t n\u00e0y l\u00e0 PT1\/8.<br \/>\n4. MFB-160 s\u1eed d\u1ee5ng v\u1ecf ho\u00e0n to\u00e0n b\u1eb1ng th\u00e9p kh\u00f4ng g\u1ec9 c\u00f3 \u0111\u1ed9 c\u1ee9ng cao v\u00e0 k\u1ebft c\u1ea5u ch\u1eafc ch\u1eafn, kh\u00f4ng d\u1ec5 b\u1ecb \u0103n m\u00f2n.<br \/>\n5. \u0110\u1ed3ng h\u1ed3 \u0111o \u00e1p su\u1ea5t ch\u1ed1ng s\u1ed1c ch\u1ee9a \u0111\u1ea7y glycerin v\u00e0 ch\u1ecbu \u0111\u01b0\u1ee3c m\u00f4i tr\u01b0\u1eddng l\u00e0m vi\u1ec7c rung \u0111\u1ed9ng.<\/p>\n<h2>\u0110\u1eb7c \u0111i\u1ec3m k\u1ef9 thu\u1eadt<\/h2>\n<table>\n<tbody>\n<tr>\n<td>Ng\u01b0\u1eddi m\u1eabu<\/td>\n<td>Thanh<\/td>\n<td>Chi\u1ec1u r\u1ed9ng<\/td>\n<td>Chi\u1ec1u d\u00e0i<\/td>\n<td>Ki\u1ec3u<\/td>\n<\/tr>\n<tr>\n<td>MF-15<\/td>\n<td>15<\/td>\n<td>42mm<\/td>\n<td>38mm<\/td>\n<td>Kh\u00f4<\/td>\n<\/tr>\n<tr>\n<td>MF-40<\/td>\n<td>40<\/td>\n<td>42mm<\/td>\n<td>38mm<\/td>\n<td>Kh\u00f4<\/td>\n<\/tr>\n<tr>\n<td>MFB-40<\/td>\n<td>40<\/td>\n<td>47mm<\/td>\n<td>45mm<\/td>\n<td>D\u1ea7u<\/td>\n<\/tr>\n<tr>\n<td>MFB-60<\/td>\n<td>60<\/td>\n<td>47mm<\/td>\n<td>45mm<\/td>\n<td>D\u1ea7u<\/td>\n<\/tr>\n<tr>\n<td>MFB-100<\/td>\n<td>100<\/td>\n<td>47mm<\/td>\n<td>45mm<\/td>\n<td>D\u1ea7u<\/td>\n<\/tr>\n<tr>\n<td>MFB-160<\/td>\n<td>160<\/td>\n<td>47mm<\/td>\n<td>45mm<\/td>\n<td>D\u1ea7u<\/td>\n<\/tr>\n<\/tbody>\n<\/table>\n<h2>B\u1ea2O TR\u00cc<\/h2>\n<p>L\u1eafp \u0111\u1eb7t v\u00e0 v\u1eadn h\u00e0nh: \u0110\u1ea3m b\u1ea3o \u0111\u1ed3ng h\u1ed3 \u0111o \u00e1p su\u1ea5t \u0111\u01b0\u1ee3c l\u1eafp \u0111\u1eb7t \u0111\u00fang c\u00e1ch, duy tr\u00ec k\u1ebft n\u1ed1i t\u1ed1t gi\u1eefa \u0111\u1ed3ng h\u1ed3 \u0111o \u00e1p su\u1ea5t v\u00e0 m\u00f4i tr\u01b0\u1eddng \u0111\u01b0\u1ee3c \u0111o, tr\u00e1nh r\u00f2 r\u1ec9 v\u00e0 l\u1ecfng l\u1ebbo.<br \/>\nXem x\u00e9t c\u00e1c y\u1ebfu t\u1ed1 m\u00f4i tr\u01b0\u1eddng: Tr\u01b0\u1edbc khi \u0111o, c\u1ea7n xem x\u00e9t t\u00e1c \u0111\u1ed9ng c\u1ee7a c\u00e1c y\u1ebfu t\u1ed1 m\u00f4i tr\u01b0\u1eddng \u0111\u1ebfn \u00e1p su\u1ea5t, ch\u1eb3ng h\u1ea1n nh\u01b0 thay \u0111\u1ed5i nhi\u1ec7t \u0111\u1ed9, \u0111\u1ed9 \u1ea9m v\u00e0 \u0111\u1ed9 rung, c\u00f3 th\u1ec3 g\u00e2y ra l\u1ed7i \u0111o l\u01b0\u1eddng<br \/>\nM\u00f4i tr\u01b0\u1eddng \u00e1p su\u1ea5t: \u0110\u1ea3m b\u1ea3o ch\u1ecdn \u0111\u1ed3ng h\u1ed3 \u0111o \u00e1p su\u1ea5t ph\u00f9 h\u1ee3p v\u1edbi m\u00f4i tr\u01b0\u1eddng v\u00e0 ch\u00fa \u00fd \u0111\u1ebfn t\u00ednh ch\u1ea5t c\u0169ng nh\u01b0 kh\u1ea3 n\u0103ng \u0103n m\u00f2n c\u1ee7a m\u00f4i tr\u01b0\u1eddng \u0111\u1ec3 tr\u00e1nh h\u01b0 h\u1ecfng.<\/p>\n<h2>H\u01b0\u1edbng d\u1eabn s\u1eed d\u1ee5ng<\/h2>\n<div class=\"sdm_download_button_box_default\"><div class=\"sdm_download_link\"><a href=\"https:\/\/www.jinpinlub.com\/vi\/?sdm_process_download=1&download_id=3175\" class=\"sdm_download white\" title=\"Ri\u00eang t\u01b0: PS\/F\/MF\/MFB\/M\/MB\" target=\"&quot;_blank&quot;\">Xem B\u1ea3ng d\u1eef li\u1ec7u - PS\/F\/MF\/MFB\/M\/MB<\/a><\/div><\/div>","protected":false},"excerpt":{"rendered":"<p>\u0110\u1ed3ng h\u1ed3 \u0111o \u00e1p su\u1ea5t c\u01a1 h\u1ecdc ng\u00e2m trong d\u1ea7u MFB-160 l\u00e0 d\u1ee5ng c\u1ee5 d\u00f9ng \u0111\u1ec3 \u0111o \u00e1p su\u1ea5t ch\u1ea5t l\u1ecfng v\u00e0 nguy\u00ean l\u00fd ho\u1ea1t \u0111\u1ed9ng c\u1ee7a n\u00f3 ch\u1ee7 y\u1ebfu d\u1ef1a tr\u00ean nguy\u00ean l\u00fd c\u00e1c th\u00e0nh ph\u1ea7n \u0111\u00e0n h\u1ed3i (nh\u01b0 \u1ed1ng l\u00f2 xo) b\u1ecb bi\u1ebfn d\u1ea1ng khi ch\u1ecbu \u00e1p su\u1ea5t ch\u1ea5t l\u1ecfng.<\/p>","protected":false},"featured_media":3123,"template":"","meta":{"ocean_post_layout":"","ocean_both_sidebars_style":"","ocean_both_sidebars_content_width":0,"ocean_both_sidebars_sidebars_width":0,"ocean_sidebar":"0","ocean_second_sidebar":"0","ocean_disable_margins":"enable","ocean_add_body_class":"","ocean_shortcode_before_top_bar":"","ocean_shortcode_after_top_bar":"","ocean_shortcode_before_header":"","ocean_shortcode_after_header":"","ocean_has_shortcode":"","ocean_shortcode_after_title":"","ocean_shortcode_before_footer_widgets":"","ocean_shortcode_after_footer_widgets":"","ocean_shortcode_before_footer_bottom":"","ocean_shortcode_after_footer_bottom":"","ocean_display_top_bar":"default","ocean_display_header":"default","ocean_header_style":"","ocean_center_header_left_menu":"0","ocean_custom_header_template":"0","ocean_custom_logo":0,"ocean_custom_retina_logo":0,"ocean_custom_logo_max_width":0,"ocean_custom_logo_tablet_max_width":0,"ocean_custom_logo_mobile_max_width":0,"ocean_custom_logo_max_height":0,"ocean_custom_logo_tablet_max_height":0,"ocean_custom_logo_mobile_max_height":0,"ocean_header_custom_menu":"0","ocean_menu_typo_font_family":"0","ocean_menu_typo_font_subset":"","ocean_menu_typo_font_size":0,"ocean_menu_typo_font_size_tablet":0,"ocean_menu_typo_font_size_mobile":0,"ocean_menu_typo_font_size_unit":"px","ocean_menu_typo_font_weight":"","ocean_menu_typo_font_weight_tablet":"","ocean_menu_typo_font_weight_mobile":"","ocean_menu_typo_transform":"","ocean_menu_typo_transform_tablet":"","ocean_menu_typo_transform_mobile":"","ocean_menu_typo_line_height":0,"ocean_menu_typo_line_height_tablet":0,"ocean_menu_typo_line_height_mobile":0,"ocean_menu_typo_line_height_unit":"","ocean_menu_typo_spacing":0,"ocean_menu_typo_spacing_tablet":0,"ocean_menu_typo_spacing_mobile":0,"ocean_menu_typo_spacing_unit":"","ocean_menu_link_color":"","ocean_menu_link_color_hover":"","ocean_menu_link_color_active":"","ocean_menu_link_background":"","ocean_menu_link_hover_background":"","ocean_menu_link_active_background":"","ocean_menu_social_links_bg":"","ocean_menu_social_hover_links_bg":"","ocean_menu_social_links_color":"","ocean_menu_social_hover_links_color":"","ocean_disable_title":"default","ocean_disable_heading":"default","ocean_post_title":"","ocean_post_subheading":"","ocean_post_title_style":"","ocean_post_title_background_color":"","ocean_post_title_background":0,"ocean_post_title_bg_image_position":"","ocean_post_title_bg_image_attachment":"","ocean_post_title_bg_image_repeat":"","ocean_post_title_bg_image_size":"","ocean_post_title_height":0,"ocean_post_title_bg_overlay":0.5,"ocean_post_title_bg_overlay_color":"","ocean_disable_breadcrumbs":"default","ocean_breadcrumbs_color":"","ocean_breadcrumbs_separator_color":"","ocean_breadcrumbs_links_color":"","ocean_breadcrumbs_links_hover_color":"","ocean_display_footer_widgets":"default","ocean_display_footer_bottom":"default","ocean_custom_footer_template":"0","osh_disable_topbar_sticky":"default","osh_disable_header_sticky":"default","osh_sticky_header_style":"default","osh_sticky_header_effect":"","osh_custom_sticky_logo":0,"osh_custom_retina_sticky_logo":0,"osh_custom_sticky_logo_height":0,"osh_background_color":"","osh_links_color":"","osh_links_hover_color":"","osh_links_active_color":"","osh_links_bg_color":"","osh_links_hover_bg_color":"","osh_links_active_bg_color":"","osh_menu_social_links_color":"","osh_menu_social_hover_links_color":""},"product_brand":[],"product_cat":[31],"product_tag":[162,156,163],"class_list":{"0":"post-3191","1":"product","2":"type-product","3":"status-publish","4":"has-post-thumbnail","6":"product_cat-lube-system-accessories","7":"product_tag-axial-pressure-gauge","8":"product_tag-oil-immersed-pressure-gauge","9":"product_tag-pump-pressure-gauge","11":"entry","12":"has-media","14":"first","15":"instock","16":"shipping-taxable","17":"product-type-external","18":"col","19":"span_1_of_3","20":"owp-content-center","21":"owp-thumbs-layout-horizontal","22":"owp-btn-very-big","23":"owp-tabs-layout-horizontal"},"_links":{"self":[{"href":"https:\/\/www.jinpinlub.com\/vi\/wp-json\/wp\/v2\/product\/3191","targetHints":{"allow":["GET"]}}],"collection":[{"href":"https:\/\/www.jinpinlub.com\/vi\/wp-json\/wp\/v2\/product"}],"about":[{"href":"https:\/\/www.jinpinlub.com\/vi\/wp-json\/wp\/v2\/types\/product"}],"wp:featuredmedia":[{"embeddable":true,"href":"https:\/\/www.jinpinlub.com\/vi\/wp-json\/wp\/v2\/media\/3123"}],"wp:attachment":[{"href":"https:\/\/www.jinpinlub.com\/vi\/wp-json\/wp\/v2\/media?parent=3191"}],"wp:term":[{"taxonomy":"product_brand","embeddable":true,"href":"https:\/\/www.jinpinlub.com\/vi\/wp-json\/wp\/v2\/product_brand?post=3191"},{"taxonomy":"product_cat","embeddable":true,"href":"https:\/\/www.jinpinlub.com\/vi\/wp-json\/wp\/v2\/product_cat?post=3191"},{"taxonomy":"product_tag","embeddable":true,"href":"https:\/\/www.jinpinlub.com\/vi\/wp-json\/wp\/v2\/product_tag?post=3191"}],"curies":[{"name":"wp","href":"https:\/\/api.w.org\/{rel}","templated":true}]}}