{"id":3195,"date":"2024-08-12T08:42:34","date_gmt":"2024-08-12T08:42:34","guid":{"rendered":"https:\/\/www.jinpinlub.com\/?post_type=product&#038;p=3195"},"modified":"2024-08-12T09:09:59","modified_gmt":"2024-08-12T09:09:59","slug":"khoi-noi-3-chieu-hop-kim-nhom-mgj-3-cho-van-do","status":"publish","type":"product","link":"https:\/\/www.jinpinlub.com\/vi\/product\/mgj-3-aluminum-alloy-3-way-junction-block-for-metering-valve\/","title":{"rendered":"Kh\u1ed1i n\u1ed1i 3 chi\u1ec1u b\u1eb1ng h\u1ee3p kim nh\u00f4m MGJ-3 cho van \u0111o"},"content":{"rendered":"<h2>\u0110\u1eb7c tr\u01b0ng<\/h2>\n<p>\u0110\u01b0\u1eddng v\u00e0o: n\u1ed1i v\u1edbi \u0111\u01b0\u1eddng \u1ed1ng cung c\u1ea5p d\u1ea7u ch\u00ednh, ti\u1ebfp nh\u1eadn d\u1ea7u b\u00f4i tr\u01a1n t\u1eeb tr\u1ea1m b\u01a1m.<br \/>\n\u0110\u1ea7u ra: \u0111\u01b0\u1ee3c k\u1ebft n\u1ed1i v\u1edbi m\u1ed7i \u0111i\u1ec3m b\u00f4i tr\u01a1n, cung c\u1ea5p d\u1ea7u b\u00f4i tr\u01a1n.<br \/>\nThi\u1ebft b\u1ecb \u0111o l\u01b0\u1eddng: Thi\u1ebft b\u1ecb \u0111o l\u01b0\u1eddng b\u00ean trong \u0111\u1ea3m b\u1ea3o l\u01b0\u1ee3ng d\u1ea7u b\u00f4i tr\u01a1n ph\u00e2n ph\u1ed1i t\u1edbi m\u1ed7i \u0111\u1ea7u ra lu\u00f4n ch\u00ednh x\u00e1c m\u1ed7i l\u1ea7n.<br \/>\n\u0110\u01b0\u1ee3c l\u00e0m b\u1eb1ng h\u1ee3p kim nh\u00f4m, b\u1ec1 m\u1eb7t \u0111\u01b0\u1ee3c anot h\u00f3a, v\u1ebb ngo\u00e0i \u0111\u1eb9p m\u1eaft. C\u00e1c l\u1ed7 l\u1eafp c\u00f3 th\u1ec3 \u0111\u01b0\u1ee3c gia c\u00f4ng theo nhu c\u1ea7u.<\/p>\n<h2>\u0110\u1eb7c \u0111i\u1ec3m k\u1ef9 thu\u1eadt<\/h2>\n<figure id=\"attachment_3197\" aria-describedby=\"caption-attachment-3197\" style=\"width: 900px\" class=\"wp-caption alignnone\"><img loading=\"lazy\" decoding=\"async\" class=\"size-full wp-image-3197\" src=\"https:\/\/www.jinpinlub.com\/wp-content\/uploads\/2024\/08\/MGJ-junction.jpg\" alt=\"Ng\u00e3 ba MGJ\" width=\"900\" height=\"584\" srcset=\"https:\/\/www.jinpinlub.com\/wp-content\/uploads\/2024\/08\/MGJ-junction.jpg 900w, https:\/\/www.jinpinlub.com\/wp-content\/uploads\/2024\/08\/MGJ-junction-300x195.jpg 300w, https:\/\/www.jinpinlub.com\/wp-content\/uploads\/2024\/08\/MGJ-junction-768x498.jpg 768w, https:\/\/www.jinpinlub.com\/wp-content\/uploads\/2024\/08\/MGJ-junction-18x12.jpg 18w, https:\/\/www.jinpinlub.com\/wp-content\/uploads\/2024\/08\/MGJ-junction-800x519.jpg 800w\" sizes=\"auto, (max-width: 900px) 100vw, 900px\" \/><figcaption id=\"caption-attachment-3197\" class=\"wp-caption-text\">Ng\u00e3 ba MGJ<\/figcaption><\/figure>\n<table>\n<tbody>\n<tr>\n<td>Ng\u01b0\u1eddi m\u1eabu<\/td>\n<td>C\u00e1c c\u1eeda s\u1ed5<\/td>\n<td>L1<\/td>\n<td>L2<\/td>\n<td>T\u00e2y B\u1eafc(g)<\/td>\n<\/tr>\n<tr>\n<td>MGJ-1R<\/td>\n<td>1<\/td>\n<td>33<\/td>\n<td>22<\/td>\n<td>22<\/td>\n<\/tr>\n<tr>\n<td>MGJ-2R<\/td>\n<td>2<\/td>\n<td>49<\/td>\n<td>38<\/td>\n<td>34<\/td>\n<\/tr>\n<tr>\n<td>MGJ-3R<\/td>\n<td>3<\/td>\n<td>65<\/td>\n<td>54<\/td>\n<td>46<\/td>\n<\/tr>\n<tr>\n<td>MGJ-4R<\/td>\n<td>4<\/td>\n<td>81<\/td>\n<td>70<\/td>\n<td>58<\/td>\n<\/tr>\n<tr>\n<td>MGJ-5R<\/td>\n<td>5<\/td>\n<td>97<\/td>\n<td>86<\/td>\n<td>70<\/td>\n<\/tr>\n<tr>\n<td>MGJ-6R<\/td>\n<td>6<\/td>\n<td>113<\/td>\n<td>102<\/td>\n<td>81<\/td>\n<\/tr>\n<tr>\n<td>MGJ-7R<\/td>\n<td>7<\/td>\n<td>127<\/td>\n<td>116<\/td>\n<td>94<\/td>\n<\/tr>\n<tr>\n<td>MGJ-8R<\/td>\n<td>8<\/td>\n<td>143<\/td>\n<td>132<\/td>\n<td>106<\/td>\n<\/tr>\n<tr>\n<td>MGJ-9R<\/td>\n<td>9<\/td>\n<td>159<\/td>\n<td>148<\/td>\n<td>118<\/td>\n<\/tr>\n<tr>\n<td>MGJ-10R<\/td>\n<td>10<\/td>\n<td>175<\/td>\n<td>164<\/td>\n<td>130<\/td>\n<\/tr>\n<tr>\n<td>MGJ-12R<\/td>\n<td>12<\/td>\n<td>207<\/td>\n<td>196<\/td>\n<td>142<\/td>\n<\/tr>\n<\/tbody>\n<\/table>\n<h2>\u1ee8ng d\u1ee5ng<\/h2>\n<p>S\u1ea3n xu\u1ea5t: M\u00e1y b\u00f4i tr\u01a1n \u0111\u01b0\u1ee3c s\u1eed d\u1ee5ng \u0111\u1ec3 b\u00f4i tr\u01a1n nhi\u1ec1u thi\u1ebft b\u1ecb s\u1ea3n xu\u1ea5t kh\u00e1c nhau.<br \/>\nNg\u00e0nh c\u00f4ng nghi\u1ec7p \u00f4 t\u00f4: Thi\u1ebft b\u1ecb b\u00f4i tr\u01a1n \u0111\u01b0\u1ee3c s\u1eed d\u1ee5ng \u0111\u1ec3 b\u00f4i tr\u01a1n c\u00e1c d\u00e2y chuy\u1ec1n l\u1eafp r\u00e1p v\u00e0 c\u00e1nh tay r\u00f4-b\u1ed1t.<br \/>\nCh\u1ebf bi\u1ebfn th\u1ef1c ph\u1ea9m: D\u00f9ng \u0111\u1ec3 b\u00f4i tr\u01a1n c\u00e1c thi\u1ebft b\u1ecb ch\u1ebf bi\u1ebfn th\u1ef1c ph\u1ea9m nh\u1eb1m \u0111\u1ea3m b\u1ea3o thi\u1ebft b\u1ecb ho\u1ea1t \u0111\u1ed9ng hi\u1ec7u qu\u1ea3 v\u00e0 an to\u00e0n th\u1ef1c ph\u1ea9m.<\/p>\n<h2>H\u01b0\u1edbng d\u1eabn s\u1eed d\u1ee5ng<\/h2>\n<div class=\"sdm_download_button_box_default\"><div class=\"sdm_download_link\"><a href=\"https:\/\/www.jinpinlub.com\/vi\/?sdm_process_download=1&download_id=2470\" class=\"sdm_download white\" title=\"Ri\u00eang t\u01b0: MGK Metering Valve\" target=\"&quot;_blank&quot;\">Xem B\u1ea3ng d\u1eef li\u1ec7u - Van \u0111o MGK<\/a><\/div><\/div>","protected":false},"excerpt":{"rendered":"<p>L\u00e0 m\u1ed9t ph\u1ea7n c\u1ee7a h\u1ec7 th\u1ed1ng ph\u00e2n ph\u1ed1i m\u1ee1 b\u00f4i tr\u01a1n m\u1ed9t d\u00f2ng, MGJ l\u00e0 th\u00e0nh ph\u1ea7n ch\u00ednh c\u1ee7a h\u1ec7 th\u1ed1ng b\u00f4i tr\u01a1n t\u1eadp trung. MGJ c\u00f3 th\u1ec3 ph\u00e2n ph\u1ed1i \u0111\u1ec1u ch\u1ea5t b\u00f4i tr\u01a1n \u0111\u1ebfn nhi\u1ec1u \u0111i\u1ec3m b\u00f4i tr\u01a1n b\u1eb1ng van \u0111\u1ecbnh l\u01b0\u1ee3ng MG.<\/p>","protected":false},"featured_media":3128,"template":"","meta":{"ocean_post_layout":"","ocean_both_sidebars_style":"","ocean_both_sidebars_content_width":0,"ocean_both_sidebars_sidebars_width":0,"ocean_sidebar":"0","ocean_second_sidebar":"0","ocean_disable_margins":"enable","ocean_add_body_class":"","ocean_shortcode_before_top_bar":"","ocean_shortcode_after_top_bar":"","ocean_shortcode_before_header":"","ocean_shortcode_after_header":"","ocean_has_shortcode":"","ocean_shortcode_after_title":"","ocean_shortcode_before_footer_widgets":"","ocean_shortcode_after_footer_widgets":"","ocean_shortcode_before_footer_bottom":"","ocean_shortcode_after_footer_bottom":"","ocean_display_top_bar":"default","ocean_display_header":"default","ocean_header_style":"","ocean_center_header_left_menu":"0","ocean_custom_header_template":"0","ocean_custom_logo":0,"ocean_custom_retina_logo":0,"ocean_custom_logo_max_width":0,"ocean_custom_logo_tablet_max_width":0,"ocean_custom_logo_mobile_max_width":0,"ocean_custom_logo_max_height":0,"ocean_custom_logo_tablet_max_height":0,"ocean_custom_logo_mobile_max_height":0,"ocean_header_custom_menu":"0","ocean_menu_typo_font_family":"0","ocean_menu_typo_font_subset":"","ocean_menu_typo_font_size":0,"ocean_menu_typo_font_size_tablet":0,"ocean_menu_typo_font_size_mobile":0,"ocean_menu_typo_font_size_unit":"px","ocean_menu_typo_font_weight":"","ocean_menu_typo_font_weight_tablet":"","ocean_menu_typo_font_weight_mobile":"","ocean_menu_typo_transform":"","ocean_menu_typo_transform_tablet":"","ocean_menu_typo_transform_mobile":"","ocean_menu_typo_line_height":0,"ocean_menu_typo_line_height_tablet":0,"ocean_menu_typo_line_height_mobile":0,"ocean_menu_typo_line_height_unit":"","ocean_menu_typo_spacing":0,"ocean_menu_typo_spacing_tablet":0,"ocean_menu_typo_spacing_mobile":0,"ocean_menu_typo_spacing_unit":"","ocean_menu_link_color":"","ocean_menu_link_color_hover":"","ocean_menu_link_color_active":"","ocean_menu_link_background":"","ocean_menu_link_hover_background":"","ocean_menu_link_active_background":"","ocean_menu_social_links_bg":"","ocean_menu_social_hover_links_bg":"","ocean_menu_social_links_color":"","ocean_menu_social_hover_links_color":"","ocean_disable_title":"default","ocean_disable_heading":"default","ocean_post_title":"","ocean_post_subheading":"","ocean_post_title_style":"","ocean_post_title_background_color":"","ocean_post_title_background":0,"ocean_post_title_bg_image_position":"","ocean_post_title_bg_image_attachment":"","ocean_post_title_bg_image_repeat":"","ocean_post_title_bg_image_size":"","ocean_post_title_height":0,"ocean_post_title_bg_overlay":0.5,"ocean_post_title_bg_overlay_color":"","ocean_disable_breadcrumbs":"default","ocean_breadcrumbs_color":"","ocean_breadcrumbs_separator_color":"","ocean_breadcrumbs_links_color":"","ocean_breadcrumbs_links_hover_color":"","ocean_display_footer_widgets":"default","ocean_display_footer_bottom":"default","ocean_custom_footer_template":"0","osh_disable_topbar_sticky":"default","osh_disable_header_sticky":"default","osh_sticky_header_style":"default","osh_sticky_header_effect":"","osh_custom_sticky_logo":0,"osh_custom_retina_sticky_logo":0,"osh_custom_sticky_logo_height":0,"osh_background_color":"","osh_links_color":"","osh_links_hover_color":"","osh_links_active_color":"","osh_links_bg_color":"","osh_links_hover_bg_color":"","osh_links_active_bg_color":"","osh_menu_social_links_color":"","osh_menu_social_hover_links_color":""},"product_brand":[],"product_cat":[40,37],"product_tag":[164,87,86],"class_list":{"0":"post-3195","1":"product","2":"type-product","3":"status-publish","4":"has-post-thumbnail","6":"product_cat-pressure-relief-metering-valves","7":"product_cat-single-line-grease-systems","8":"product_tag-distributor-junction","9":"product_tag-grease-distributor","10":"product_tag-single-line-distributor","12":"entry","13":"has-media","15":"first","16":"instock","17":"shipping-taxable","18":"product-type-external","19":"col","20":"span_1_of_3","21":"owp-content-center","22":"owp-thumbs-layout-horizontal","23":"owp-btn-very-big","24":"owp-tabs-layout-horizontal"},"_links":{"self":[{"href":"https:\/\/www.jinpinlub.com\/vi\/wp-json\/wp\/v2\/product\/3195","targetHints":{"allow":["GET"]}}],"collection":[{"href":"https:\/\/www.jinpinlub.com\/vi\/wp-json\/wp\/v2\/product"}],"about":[{"href":"https:\/\/www.jinpinlub.com\/vi\/wp-json\/wp\/v2\/types\/product"}],"wp:featuredmedia":[{"embeddable":true,"href":"https:\/\/www.jinpinlub.com\/vi\/wp-json\/wp\/v2\/media\/3128"}],"wp:attachment":[{"href":"https:\/\/www.jinpinlub.com\/vi\/wp-json\/wp\/v2\/media?parent=3195"}],"wp:term":[{"taxonomy":"product_brand","embeddable":true,"href":"https:\/\/www.jinpinlub.com\/vi\/wp-json\/wp\/v2\/product_brand?post=3195"},{"taxonomy":"product_cat","embeddable":true,"href":"https:\/\/www.jinpinlub.com\/vi\/wp-json\/wp\/v2\/product_cat?post=3195"},{"taxonomy":"product_tag","embeddable":true,"href":"https:\/\/www.jinpinlub.com\/vi\/wp-json\/wp\/v2\/product_tag?post=3195"}],"curies":[{"name":"wp","href":"https:\/\/api.w.org\/{rel}","templated":true}]}}