{"id":3200,"date":"2024-08-12T09:38:49","date_gmt":"2024-08-12T09:38:49","guid":{"rendered":"https:\/\/www.jinpinlub.com\/?post_type=product&#038;p=3200"},"modified":"2024-08-12T09:43:38","modified_gmt":"2024-08-12T09:43:38","slug":"moi-noi-cho-bo-phan-phoi-trong-he-thong-boi-tron-mot-duong","status":"publish","type":"product","link":"https:\/\/www.jinpinlub.com\/vi\/product\/junction-for-distributors-in-single-line-lubrication-system\/","title":{"rendered":"Ng\u00e3 ba cho b\u1ed9 ph\u00e2n ph\u1ed1i trong h\u1ec7 th\u1ed1ng b\u00f4i tr\u01a1n m\u1ed9t d\u00f2ng"},"content":{"rendered":"<h2>\u0110\u1eb7c tr\u01b0ng<\/h2>\n<p>Ph\u00e2n ph\u1ed1i ch\u00ednh x\u00e1c: B\u1ed9 ph\u00e2n ph\u1ed1i MUK c\u00f3 th\u1ec3 ki\u1ec3m so\u00e1t ch\u00ednh x\u00e1c l\u01b0\u1ee3ng m\u1ee1 s\u1eed d\u1ee5ng t\u1ea1i m\u1ed7i \u0111i\u1ec3m b\u00f4i tr\u01a1n theo nhu c\u1ea7u c\u1ee7a thi\u1ebft b\u1ecb.<br \/>\n\u0110\u1ed9 tin c\u1eady cao: B\u1ed9 ph\u00e2n ph\u1ed1i MUK c\u00f3 c\u1ea5u tr\u00fac \u0111\u01a1n gi\u1ea3n, t\u1ef7 l\u1ec7 h\u1ecfng h\u00f3c th\u1ea5p v\u00e0 c\u00f3 th\u1ec3 ho\u1ea1t \u0111\u1ed9ng \u1ed5n \u0111\u1ecbnh trong nhi\u1ec1u \u0111i\u1ec1u ki\u1ec7n l\u00e0m vi\u1ec7c kh\u00e1c nhau.<br \/>\nD\u1ec5 b\u1ea3o tr\u00ec: D\u1ec5 th\u00e1o r\u1eddi v\u00e0 v\u1ec7 sinh, chi ph\u00ed b\u1ea3o tr\u00ec th\u1ea5p.<\/p>\n<h2>\u0110\u1eb7c \u0111i\u1ec3m k\u1ef9 thu\u1eadt<\/h2>\n<p><img loading=\"lazy\" decoding=\"async\" class=\"size-full wp-image-3197\" src=\"https:\/\/www.jinpinlub.com\/wp-content\/uploads\/2024\/08\/MGJ-junction.jpg\" alt=\"Ng\u00e3 ba MGJ\" width=\"900\" height=\"584\" srcset=\"https:\/\/www.jinpinlub.com\/wp-content\/uploads\/2024\/08\/MGJ-junction.jpg 900w, https:\/\/www.jinpinlub.com\/wp-content\/uploads\/2024\/08\/MGJ-junction-300x195.jpg 300w, https:\/\/www.jinpinlub.com\/wp-content\/uploads\/2024\/08\/MGJ-junction-768x498.jpg 768w, https:\/\/www.jinpinlub.com\/wp-content\/uploads\/2024\/08\/MGJ-junction-18x12.jpg 18w, https:\/\/www.jinpinlub.com\/wp-content\/uploads\/2024\/08\/MGJ-junction-800x519.jpg 800w\" sizes=\"auto, (max-width: 900px) 100vw, 900px\" \/><\/p>\n<table>\n<tbody>\n<tr>\n<td>Ng\u01b0\u1eddi m\u1eabu<\/td>\n<td>C\u00e1c c\u1eeda s\u1ed5<\/td>\n<td>L1<\/td>\n<td>L2<\/td>\n<td>T\u00e2y B\u1eafc(g)<\/td>\n<\/tr>\n<tr>\n<td>MUJ-1R<\/td>\n<td>1<\/td>\n<td>31<\/td>\n<td>20<\/td>\n<td>22<\/td>\n<\/tr>\n<tr>\n<td>MUJ-2R<\/td>\n<td>2<\/td>\n<td>47<\/td>\n<td>36<\/td>\n<td>34<\/td>\n<\/tr>\n<tr>\n<td>MUJ-3R<\/td>\n<td>3<\/td>\n<td>63<\/td>\n<td>52<\/td>\n<td>46<\/td>\n<\/tr>\n<tr>\n<td>MUJ-4R<\/td>\n<td>4<\/td>\n<td>79<\/td>\n<td>68<\/td>\n<td>58<\/td>\n<\/tr>\n<tr>\n<td>MUJ-5R<\/td>\n<td>5<\/td>\n<td>95<\/td>\n<td>84<\/td>\n<td>70<\/td>\n<\/tr>\n<tr>\n<td>MUJ-6R<\/td>\n<td>6<\/td>\n<td>111<\/td>\n<td>100<\/td>\n<td>81<\/td>\n<\/tr>\n<tr>\n<td>MUJ-7R<\/td>\n<td>7<\/td>\n<td>127<\/td>\n<td>116<\/td>\n<td>94<\/td>\n<\/tr>\n<tr>\n<td>MUJ-8R<\/td>\n<td>8<\/td>\n<td>143<\/td>\n<td>132<\/td>\n<td>106<\/td>\n<\/tr>\n<tr>\n<td>MUJ-9R<\/td>\n<td>9<\/td>\n<td>159<\/td>\n<td>148<\/td>\n<td>118<\/td>\n<\/tr>\n<tr>\n<td>MUJ-10R<\/td>\n<td>10<\/td>\n<td>175<\/td>\n<td>164<\/td>\n<td>130<\/td>\n<\/tr>\n<tr>\n<td>MUJ-12R<\/td>\n<td>12<\/td>\n<td>207<\/td>\n<td>196<\/td>\n<td>142<\/td>\n<\/tr>\n<\/tbody>\n<\/table>\n<h2>C\u00e1c bi\u1ec7n ph\u00e1p ph\u00f2ng ng\u1eeba<\/h2>\n<p>B\u01a1m b\u00f4i tr\u01a1n ph\u1ea3i \u0111\u01b0\u1ee3c l\u1eafp \u0111\u1eb7t \u1edf n\u01a1i thu\u1eadn ti\u1ec7n cho vi\u1ec7c ti\u1ebfp nhi\u00ean li\u1ec7u, quan s\u00e1t v\u00e0 b\u1ea3o d\u01b0\u1ee1ng. \u0110\u01b0\u1eddng \u1ed1ng ch\u00ednh v\u00e0 \u0111\u01b0\u1eddng \u1ed1ng nh\u00e1nh sau b\u1ed9 ph\u00e2n ph\u1ed1i ph\u1ea3i c\u00e0ng ng\u1eafn c\u00e0ng t\u1ed1t, b\u1ed9 ph\u00e2n ph\u1ed1i ph\u1ea3i \u0111\u01b0\u1ee3c l\u1eafp \u0111\u1eb7t c\u00e0ng g\u1ea7n \u0111i\u1ec3m b\u00f4i tr\u01a1n c\u00e0ng t\u1ed1t. \u0110\u01b0\u1eddng \u1ed1ng c\u1ee7a h\u1ec7 th\u1ed1ng b\u00f4i tr\u01a1n m\u1ed9t \u0111\u01b0\u1eddng ph\u1ea3i \u0111\u01b0\u1ee3c c\u1ed1 \u0111\u1ecbnh ch\u1eafc ch\u1eafn, v\u00e0 c\u00e1c bi\u1ec7n ph\u00e1p b\u1ea3o v\u1ec7 ph\u1ea3i \u0111\u01b0\u1ee3c th\u1ef1c hi\u1ec7n t\u1ea1i c\u00e1c v\u1ecb tr\u00ed d\u1ec5 va ch\u1ea1m v\u00e0 ti\u1ebfp x\u00fac.<\/p>\n<h2>H\u01b0\u1edbng d\u1eabn s\u1eed d\u1ee5ng<\/h2>\n<div class=\"sdm_download_button_box_default\"><div class=\"sdm_download_link\"><a href=\"https:\/\/www.jinpinlub.com\/vi\/?sdm_process_download=1&download_id=3070\" class=\"sdm_download white\" title=\"Ri\u00eang t\u01b0: MUK Pressure-relief Distributor\" target=\"&quot;_blank&quot;\">Xem B\u1ea3ng d\u1eef li\u1ec7u - Nh\u00e0 ph\u00e2n ph\u1ed1i MUK<\/a><\/div><\/div>","protected":false},"excerpt":{"rendered":"<p>B\u1ed9 ph\u00e2n ph\u1ed1i MUK \u0111\u01b0\u1ee3c s\u1eed d\u1ee5ng trong nhi\u1ec1u lo\u1ea1i m\u00e1y m\u00f3c kh\u00e1c nhau, ch\u1eb3ng h\u1ea1n nh\u01b0 m\u00e1y c\u00f4ng c\u1ee5, m\u00e1y m\u00f3c x\u00e2y d\u1ef1ng, thi\u1ebft b\u1ecb khai th\u00e1c m\u1ecf, v.v. N\u00f3 c\u00f3 th\u1ec3 c\u1ea3i thi\u1ec7n hi\u1ec7u qu\u1ea3 b\u00f4i tr\u01a1n c\u1ee7a thi\u1ebft b\u1ecb, k\u00e9o d\u00e0i tu\u1ed5i th\u1ecd c\u1ee7a thi\u1ebft b\u1ecb v\u00e0 gi\u1ea3m t\u1ef7 l\u1ec7 h\u1ecfng h\u00f3c.<\/p>","protected":false},"featured_media":3142,"template":"","meta":{"ocean_post_layout":"","ocean_both_sidebars_style":"","ocean_both_sidebars_content_width":0,"ocean_both_sidebars_sidebars_width":0,"ocean_sidebar":"0","ocean_second_sidebar":"0","ocean_disable_margins":"enable","ocean_add_body_class":"","ocean_shortcode_before_top_bar":"","ocean_shortcode_after_top_bar":"","ocean_shortcode_before_header":"","ocean_shortcode_after_header":"","ocean_has_shortcode":"","ocean_shortcode_after_title":"","ocean_shortcode_before_footer_widgets":"","ocean_shortcode_after_footer_widgets":"","ocean_shortcode_before_footer_bottom":"","ocean_shortcode_after_footer_bottom":"","ocean_display_top_bar":"default","ocean_display_header":"default","ocean_header_style":"","ocean_center_header_left_menu":"0","ocean_custom_header_template":"0","ocean_custom_logo":0,"ocean_custom_retina_logo":0,"ocean_custom_logo_max_width":0,"ocean_custom_logo_tablet_max_width":0,"ocean_custom_logo_mobile_max_width":0,"ocean_custom_logo_max_height":0,"ocean_custom_logo_tablet_max_height":0,"ocean_custom_logo_mobile_max_height":0,"ocean_header_custom_menu":"0","ocean_menu_typo_font_family":"0","ocean_menu_typo_font_subset":"","ocean_menu_typo_font_size":0,"ocean_menu_typo_font_size_tablet":0,"ocean_menu_typo_font_size_mobile":0,"ocean_menu_typo_font_size_unit":"px","ocean_menu_typo_font_weight":"","ocean_menu_typo_font_weight_tablet":"","ocean_menu_typo_font_weight_mobile":"","ocean_menu_typo_transform":"","ocean_menu_typo_transform_tablet":"","ocean_menu_typo_transform_mobile":"","ocean_menu_typo_line_height":0,"ocean_menu_typo_line_height_tablet":0,"ocean_menu_typo_line_height_mobile":0,"ocean_menu_typo_line_height_unit":"","ocean_menu_typo_spacing":0,"ocean_menu_typo_spacing_tablet":0,"ocean_menu_typo_spacing_mobile":0,"ocean_menu_typo_spacing_unit":"","ocean_menu_link_color":"","ocean_menu_link_color_hover":"","ocean_menu_link_color_active":"","ocean_menu_link_background":"","ocean_menu_link_hover_background":"","ocean_menu_link_active_background":"","ocean_menu_social_links_bg":"","ocean_menu_social_hover_links_bg":"","ocean_menu_social_links_color":"","ocean_menu_social_hover_links_color":"","ocean_disable_title":"default","ocean_disable_heading":"default","ocean_post_title":"","ocean_post_subheading":"","ocean_post_title_style":"","ocean_post_title_background_color":"","ocean_post_title_background":0,"ocean_post_title_bg_image_position":"","ocean_post_title_bg_image_attachment":"","ocean_post_title_bg_image_repeat":"","ocean_post_title_bg_image_size":"","ocean_post_title_height":0,"ocean_post_title_bg_overlay":0.5,"ocean_post_title_bg_overlay_color":"","ocean_disable_breadcrumbs":"default","ocean_breadcrumbs_color":"","ocean_breadcrumbs_separator_color":"","ocean_breadcrumbs_links_color":"","ocean_breadcrumbs_links_hover_color":"","ocean_display_footer_widgets":"default","ocean_display_footer_bottom":"default","ocean_custom_footer_template":"0","osh_disable_topbar_sticky":"default","osh_disable_header_sticky":"default","osh_sticky_header_style":"default","osh_sticky_header_effect":"","osh_custom_sticky_logo":0,"osh_custom_retina_sticky_logo":0,"osh_custom_sticky_logo_height":0,"osh_background_color":"","osh_links_color":"","osh_links_hover_color":"","osh_links_active_color":"","osh_links_bg_color":"","osh_links_hover_bg_color":"","osh_links_active_bg_color":"","osh_menu_social_links_color":"","osh_menu_social_hover_links_color":""},"product_brand":[],"product_cat":[40,37],"product_tag":[165,100,86],"class_list":{"0":"post-3200","1":"product","2":"type-product","3":"status-publish","4":"has-post-thumbnail","6":"product_cat-pressure-relief-metering-valves","7":"product_cat-single-line-grease-systems","8":"product_tag-grease-diverter","9":"product_tag-grease-metering-valve","10":"product_tag-single-line-distributor","12":"entry","13":"has-media","15":"first","16":"instock","17":"shipping-taxable","18":"product-type-external","19":"col","20":"span_1_of_3","21":"owp-content-center","22":"owp-thumbs-layout-horizontal","23":"owp-btn-very-big","24":"owp-tabs-layout-horizontal"},"_links":{"self":[{"href":"https:\/\/www.jinpinlub.com\/vi\/wp-json\/wp\/v2\/product\/3200","targetHints":{"allow":["GET"]}}],"collection":[{"href":"https:\/\/www.jinpinlub.com\/vi\/wp-json\/wp\/v2\/product"}],"about":[{"href":"https:\/\/www.jinpinlub.com\/vi\/wp-json\/wp\/v2\/types\/product"}],"wp:featuredmedia":[{"embeddable":true,"href":"https:\/\/www.jinpinlub.com\/vi\/wp-json\/wp\/v2\/media\/3142"}],"wp:attachment":[{"href":"https:\/\/www.jinpinlub.com\/vi\/wp-json\/wp\/v2\/media?parent=3200"}],"wp:term":[{"taxonomy":"product_brand","embeddable":true,"href":"https:\/\/www.jinpinlub.com\/vi\/wp-json\/wp\/v2\/product_brand?post=3200"},{"taxonomy":"product_cat","embeddable":true,"href":"https:\/\/www.jinpinlub.com\/vi\/wp-json\/wp\/v2\/product_cat?post=3200"},{"taxonomy":"product_tag","embeddable":true,"href":"https:\/\/www.jinpinlub.com\/vi\/wp-json\/wp\/v2\/product_tag?post=3200"}],"curies":[{"name":"wp","href":"https:\/\/api.w.org\/{rel}","templated":true}]}}