{"id":3201,"date":"2024-08-12T09:44:12","date_gmt":"2024-08-12T09:44:12","guid":{"rendered":"https:\/\/www.jinpinlub.com\/?post_type=product&#038;p=3201"},"modified":"2024-08-12T09:49:50","modified_gmt":"2024-08-12T09:49:50","slug":"muj-7-hop-kim-nhom-shunt-junction-cho-van-do-mo","status":"publish","type":"product","link":"https:\/\/www.jinpinlub.com\/vi\/product\/muj-7-aluminum-alloy-shunt-junction-for-grease-metering-valve\/","title":{"rendered":"MUJ-7 H\u1ee3p kim nh\u00f4m n\u1ed1i shunt cho van \u0111\u1ecbnh l\u01b0\u1ee3ng m\u1ee1"},"content":{"rendered":"<h2>\u0110\u1eb7c tr\u01b0ng<\/h2>\n<p>1. Kh\u1ed1i k\u1ebft n\u1ed1i chuy\u1ec3n h\u01b0\u1edbng ch\u1ea5t b\u00f4i tr\u01a1n theo m\u1ed9t h\u01b0\u1edbng.<br \/>\n2. \u0110\u01b0\u1ee3c s\u1eed d\u1ee5ng trong h\u1ec7 th\u1ed1ng b\u00f4i tr\u01a1n m\u1ed9t d\u00f2ng d\u1ea7u m\u1ecfng.<br \/>\nVan \u0111o MO \u0111\u01b0\u1ee3c k\u1ebft n\u1ed1i tr\u1ef1c ti\u1ebfp v\u1edbi n\u00f3 v\u00e0 cung c\u1ea5p ch\u1ea5t b\u00f4i tr\u01a1n \u0111\u1ebfn \u0111i\u1ec3m b\u00f4i tr\u01a1n. N\u1ebfu c\u00f3 c\u00e1c \u0111\u1ea7u ra d\u1ef1 ph\u00f2ng, c\u00f3 th\u1ec3 s\u1eed d\u1ee5ng ph\u00edch c\u1eafm \u0111\u00f3ng M10x1 \u0111\u1ec3 \u0111\u00f3ng ch\u00fang.<br \/>\n\u0110\u01b0\u1eddng d\u00e2y ch\u00ednh \u03a66 \u0111\u01b0\u1ee3c k\u1ebft n\u1ed1i v\u1edbi MOJ-M, ren \u0111\u1ea7u ra l\u00e0 M10x1, \u0111\u01b0\u1ee3c s\u1eed d\u1ee5ng k\u1ebft h\u1ee3p v\u1edbi \u0111\u1ea7u n\u1ed1i PA-6 v\u00e0 \u1ed1ng n\u1ed1i h\u00ecnh n\u00f3n \u0111\u00f4i PB-6. C\u1ed5ng cu\u1ed1i c\u1ee7a n\u00f3 c\u00f3 th\u1ec3 \u0111\u01b0\u1ee3c \u0111\u00f3ng b\u1eb1ng ph\u00edch c\u1eafm \u0111\u00f3ng PG06.<br \/>\n\u0110\u01b0\u1eddng d\u00e2y ch\u00ednh \u03a66 \u0111\u01b0\u1ee3c k\u1ebft n\u1ed1i v\u1edbi MOJ-R. Ren \u0111\u1ea7u ra c\u1ee7a n\u00f3 l\u00e0 Rc1\/8, c\u00f3 th\u1ec3 s\u1eed d\u1ee5ng v\u1edbi \u0111\u1ea7u n\u1ed1i th\u1eb3ng. C\u1ed5ng cu\u1ed1i c\u1ee7a n\u00f3 c\u00f3 th\u1ec3 \u0111\u01b0\u1ee3c \u0111\u00f3ng b\u1eb1ng ph\u00edch c\u1eafm \u0111\u00f3ng Rc1\/8.<br \/>\n3. \u0110\u01b0\u1ee3c l\u00e0m b\u1eb1ng h\u1ee3p kim nh\u00f4m, b\u1ec1 m\u1eb7t \u0111\u01b0\u1ee3c anot h\u00f3a, v\u1ebb ngo\u00e0i \u0111\u1eb9p m\u1eaft.<br \/>\n4. Y\u00eau c\u1ea7u \u0111\u1eb7c bi\u1ec7t c\u00f3 th\u1ec3 \u0111\u01b0\u1ee3c t\u00f9y ch\u1ec9nh<br \/>\n5. Theo nhu c\u1ea7u th\u1ef1c t\u1ebf c\u1ee7a h\u1ec7 th\u1ed1ng b\u00f4i tr\u01a1n, c\u00e1c kh\u1ed1i k\u1ebft n\u1ed1i c\u00f3 th\u1ec3 \u0111\u01b0\u1ee3c s\u1eed d\u1ee5ng song song ho\u1eb7c n\u1ed1i ti\u1ebfp.<\/p>\n<h2>\u0110\u1eb7c \u0111i\u1ec3m k\u1ef9 thu\u1eadt<\/h2>\n<p><img loading=\"lazy\" decoding=\"async\" class=\"size-full wp-image-3197\" src=\"https:\/\/www.jinpinlub.com\/wp-content\/uploads\/2024\/08\/MGJ-junction.jpg\" alt=\"Ng\u00e3 ba MGJ\" width=\"900\" height=\"584\" srcset=\"https:\/\/www.jinpinlub.com\/wp-content\/uploads\/2024\/08\/MGJ-junction.jpg 900w, https:\/\/www.jinpinlub.com\/wp-content\/uploads\/2024\/08\/MGJ-junction-300x195.jpg 300w, https:\/\/www.jinpinlub.com\/wp-content\/uploads\/2024\/08\/MGJ-junction-768x498.jpg 768w, https:\/\/www.jinpinlub.com\/wp-content\/uploads\/2024\/08\/MGJ-junction-18x12.jpg 18w, https:\/\/www.jinpinlub.com\/wp-content\/uploads\/2024\/08\/MGJ-junction-800x519.jpg 800w\" sizes=\"auto, (max-width: 900px) 100vw, 900px\" \/><\/p>\n<table>\n<tbody>\n<tr>\n<td>Ng\u01b0\u1eddi m\u1eabu<\/td>\n<td>C\u00e1c c\u1eeda s\u1ed5<\/td>\n<td>L1<\/td>\n<td>L2<\/td>\n<td>T\u00e2y B\u1eafc(g)<\/td>\n<\/tr>\n<tr>\n<td>MUJ-1R<\/td>\n<td>1<\/td>\n<td>31<\/td>\n<td>20<\/td>\n<td>22<\/td>\n<\/tr>\n<tr>\n<td>MUJ-2R<\/td>\n<td>2<\/td>\n<td>47<\/td>\n<td>36<\/td>\n<td>34<\/td>\n<\/tr>\n<tr>\n<td>MUJ-3R<\/td>\n<td>3<\/td>\n<td>63<\/td>\n<td>52<\/td>\n<td>46<\/td>\n<\/tr>\n<tr>\n<td>MUJ-4R<\/td>\n<td>4<\/td>\n<td>79<\/td>\n<td>68<\/td>\n<td>58<\/td>\n<\/tr>\n<tr>\n<td>MUJ-5R<\/td>\n<td>5<\/td>\n<td>95<\/td>\n<td>84<\/td>\n<td>70<\/td>\n<\/tr>\n<tr>\n<td>MUJ-6R<\/td>\n<td>6<\/td>\n<td>111<\/td>\n<td>100<\/td>\n<td>81<\/td>\n<\/tr>\n<tr>\n<td>MUJ-7R<\/td>\n<td>7<\/td>\n<td>127<\/td>\n<td>116<\/td>\n<td>94<\/td>\n<\/tr>\n<tr>\n<td>MUJ-8R<\/td>\n<td>8<\/td>\n<td>143<\/td>\n<td>132<\/td>\n<td>106<\/td>\n<\/tr>\n<tr>\n<td>MUJ-9R<\/td>\n<td>9<\/td>\n<td>159<\/td>\n<td>148<\/td>\n<td>118<\/td>\n<\/tr>\n<tr>\n<td>MUJ-10R<\/td>\n<td>10<\/td>\n<td>175<\/td>\n<td>164<\/td>\n<td>130<\/td>\n<\/tr>\n<tr>\n<td>MUJ-12R<\/td>\n<td>12<\/td>\n<td>207<\/td>\n<td>196<\/td>\n<td>142<\/td>\n<\/tr>\n<\/tbody>\n<\/table>\n<h2>\u1ee8ng d\u1ee5ng<\/h2>\n<p>Ph\u00e1t \u0111i\u1ec7n gi\u00f3: \u0110\u1eb7c bi\u1ec7t, trong vi\u1ec7c b\u00f4i tr\u01a1n \u1ed5 tr\u1ee5c cho tua-bin gi\u00f3 ngo\u00e0i kh\u01a1i, h\u1ec7 th\u1ed1ng b\u00f4i tr\u01a1n m\u1ed9t \u0111\u01b0\u1eddng \u0111\u00e3 tr\u1edf n\u00ean ph\u1ed5 bi\u1ebfn v\u00ec n\u00f3 kh\u00f4ng c\u00f3 nh\u1eefng nh\u01b0\u1ee3c \u0111i\u1ec3m c\u1ee7a h\u1ec7 th\u1ed1ng b\u00f4i tr\u01a1n l\u0169y ti\u1ebfn.<br \/>\nNh\u00e0 m\u00e1y xi m\u0103ng: B\u1ed9 ph\u00e2n ph\u1ed1i m\u1ed9t \u0111\u01b0\u1eddng \u0111\u1ea3m b\u1ea3o th\u1eddi gian t\u1ea1o \u00e1p su\u1ea5t th\u1ea5p cho h\u1ec7 th\u1ed1ng v\u00e0 ho\u1ea1t \u0111\u1ed9ng b\u00ecnh th\u01b0\u1eddng trong m\u00f9a \u0111\u00f4ng, do \u0111\u00f3 c\u1ea3i thi\u1ec7n hi\u1ec7u qu\u1ea3 b\u00f4i tr\u01a1n v\u00e0 \u0111\u1ed9 tin c\u1eady c\u1ee7a thi\u1ebft b\u1ecb.<br \/>\nM\u00e1y \u0111\u00f9n nh\u00f4m: B\u1ed9 ph\u00e2n ph\u1ed1i m\u1ed9t d\u00f2ng MUK\u2014t\u0103ng tu\u1ed5i th\u1ecd v\u00e0 \u0111\u1ed9 tin c\u1eady, c\u1ea3i thi\u1ec7n kh\u1ea3 n\u0103ng duy tr\u00ec \u0111\u1ed9 ch\u00ednh x\u00e1c, gi\u1ea3m m\u1ee9c ti\u00eau th\u1ee5 n\u0103ng l\u01b0\u1ee3ng, gi\u1ea3m chi ph\u00ed b\u1ea3o tr\u00ec thi\u1ebft b\u1ecb.<\/p>\n<h2>H\u01b0\u1edbng d\u1eabn s\u1eed d\u1ee5ng<\/h2>\n<div class=\"sdm_download_button_box_default\"><div class=\"sdm_download_link\"><a href=\"https:\/\/www.jinpinlub.com\/vi\/?sdm_process_download=1&download_id=3070\" class=\"sdm_download white\" title=\"Ri\u00eang t\u01b0: MUK Pressure-relief Distributor\" target=\"&quot;_blank&quot;\">Xem B\u1ea3ng d\u1eef li\u1ec7u - Nh\u00e0 ph\u00e2n ph\u1ed1i MUK<\/a><\/div><\/div>","protected":false},"excerpt":{"rendered":"<p>Ng\u00e3 ba MUJ l\u00e0 m\u1ed9t ph\u1ea7n c\u1ee7a b\u1ed9 ph\u00e2n ph\u1ed1i \u0111\u01b0\u1eddng \u1ed1ng \u0111\u01a1n MUK, bao g\u1ed3m m\u1ed9t \u0111\u1ea7u v\u00e0o \u0111\u01b0\u1ee3c k\u1ebft n\u1ed1i v\u1edbi \u0111\u01b0\u1eddng \u1ed1ng cung c\u1ea5p d\u1ea7u ch\u00ednh, c\u00e1c \u0111\u1ea7u ra \u0111\u01b0\u1ee3c k\u1ebft n\u1ed1i v\u1edbi c\u00e1c \u0111i\u1ec3m b\u00f4i tr\u01a1n kh\u00e1c nhau v\u00e0 m\u1ed9t van \u0111\u1ecbnh l\u01b0\u1ee3ng \u0111\u1ec3 \u0111\u1ea3m b\u1ea3o ph\u00e2n ph\u1ed1i ch\u00ednh x\u00e1c l\u01b0\u1ee3ng ch\u1ea5t b\u00f4i tr\u01a1n.<\/p>","protected":false},"featured_media":3143,"template":"","meta":{"ocean_post_layout":"","ocean_both_sidebars_style":"","ocean_both_sidebars_content_width":0,"ocean_both_sidebars_sidebars_width":0,"ocean_sidebar":"0","ocean_second_sidebar":"0","ocean_disable_margins":"enable","ocean_add_body_class":"","ocean_shortcode_before_top_bar":"","ocean_shortcode_after_top_bar":"","ocean_shortcode_before_header":"","ocean_shortcode_after_header":"","ocean_has_shortcode":"","ocean_shortcode_after_title":"","ocean_shortcode_before_footer_widgets":"","ocean_shortcode_after_footer_widgets":"","ocean_shortcode_before_footer_bottom":"","ocean_shortcode_after_footer_bottom":"","ocean_display_top_bar":"default","ocean_display_header":"default","ocean_header_style":"","ocean_center_header_left_menu":"0","ocean_custom_header_template":"0","ocean_custom_logo":0,"ocean_custom_retina_logo":0,"ocean_custom_logo_max_width":0,"ocean_custom_logo_tablet_max_width":0,"ocean_custom_logo_mobile_max_width":0,"ocean_custom_logo_max_height":0,"ocean_custom_logo_tablet_max_height":0,"ocean_custom_logo_mobile_max_height":0,"ocean_header_custom_menu":"0","ocean_menu_typo_font_family":"0","ocean_menu_typo_font_subset":"","ocean_menu_typo_font_size":0,"ocean_menu_typo_font_size_tablet":0,"ocean_menu_typo_font_size_mobile":0,"ocean_menu_typo_font_size_unit":"px","ocean_menu_typo_font_weight":"","ocean_menu_typo_font_weight_tablet":"","ocean_menu_typo_font_weight_mobile":"","ocean_menu_typo_transform":"","ocean_menu_typo_transform_tablet":"","ocean_menu_typo_transform_mobile":"","ocean_menu_typo_line_height":0,"ocean_menu_typo_line_height_tablet":0,"ocean_menu_typo_line_height_mobile":0,"ocean_menu_typo_line_height_unit":"","ocean_menu_typo_spacing":0,"ocean_menu_typo_spacing_tablet":0,"ocean_menu_typo_spacing_mobile":0,"ocean_menu_typo_spacing_unit":"","ocean_menu_link_color":"","ocean_menu_link_color_hover":"","ocean_menu_link_color_active":"","ocean_menu_link_background":"","ocean_menu_link_hover_background":"","ocean_menu_link_active_background":"","ocean_menu_social_links_bg":"","ocean_menu_social_hover_links_bg":"","ocean_menu_social_links_color":"","ocean_menu_social_hover_links_color":"","ocean_disable_title":"default","ocean_disable_heading":"default","ocean_post_title":"","ocean_post_subheading":"","ocean_post_title_style":"","ocean_post_title_background_color":"","ocean_post_title_background":0,"ocean_post_title_bg_image_position":"","ocean_post_title_bg_image_attachment":"","ocean_post_title_bg_image_repeat":"","ocean_post_title_bg_image_size":"","ocean_post_title_height":0,"ocean_post_title_bg_overlay":0.5,"ocean_post_title_bg_overlay_color":"","ocean_disable_breadcrumbs":"default","ocean_breadcrumbs_color":"","ocean_breadcrumbs_separator_color":"","ocean_breadcrumbs_links_color":"","ocean_breadcrumbs_links_hover_color":"","ocean_display_footer_widgets":"default","ocean_display_footer_bottom":"default","ocean_custom_footer_template":"0","osh_disable_topbar_sticky":"default","osh_disable_header_sticky":"default","osh_sticky_header_style":"default","osh_sticky_header_effect":"","osh_custom_sticky_logo":0,"osh_custom_retina_sticky_logo":0,"osh_custom_sticky_logo_height":0,"osh_background_color":"","osh_links_color":"","osh_links_hover_color":"","osh_links_active_color":"","osh_links_bg_color":"","osh_links_hover_bg_color":"","osh_links_active_bg_color":"","osh_menu_social_links_color":"","osh_menu_social_hover_links_color":""},"product_brand":[],"product_cat":[40,37],"product_tag":[100,167,86],"class_list":{"0":"post-3201","1":"product","2":"type-product","3":"status-publish","4":"has-post-thumbnail","6":"product_cat-pressure-relief-metering-valves","7":"product_cat-single-line-grease-systems","8":"product_tag-grease-metering-valve","9":"product_tag-mu-metering-valve","10":"product_tag-single-line-distributor","12":"entry","13":"has-media","15":"first","16":"instock","17":"shipping-taxable","18":"product-type-external","19":"col","20":"span_1_of_3","21":"owp-content-center","22":"owp-thumbs-layout-horizontal","23":"owp-btn-very-big","24":"owp-tabs-layout-horizontal"},"_links":{"self":[{"href":"https:\/\/www.jinpinlub.com\/vi\/wp-json\/wp\/v2\/product\/3201","targetHints":{"allow":["GET"]}}],"collection":[{"href":"https:\/\/www.jinpinlub.com\/vi\/wp-json\/wp\/v2\/product"}],"about":[{"href":"https:\/\/www.jinpinlub.com\/vi\/wp-json\/wp\/v2\/types\/product"}],"wp:featuredmedia":[{"embeddable":true,"href":"https:\/\/www.jinpinlub.com\/vi\/wp-json\/wp\/v2\/media\/3143"}],"wp:attachment":[{"href":"https:\/\/www.jinpinlub.com\/vi\/wp-json\/wp\/v2\/media?parent=3201"}],"wp:term":[{"taxonomy":"product_brand","embeddable":true,"href":"https:\/\/www.jinpinlub.com\/vi\/wp-json\/wp\/v2\/product_brand?post=3201"},{"taxonomy":"product_cat","embeddable":true,"href":"https:\/\/www.jinpinlub.com\/vi\/wp-json\/wp\/v2\/product_cat?post=3201"},{"taxonomy":"product_tag","embeddable":true,"href":"https:\/\/www.jinpinlub.com\/vi\/wp-json\/wp\/v2\/product_tag?post=3201"}],"curies":[{"name":"wp","href":"https:\/\/api.w.org\/{rel}","templated":true}]}}