{"id":3203,"date":"2024-08-12T10:08:48","date_gmt":"2024-08-12T10:08:48","guid":{"rendered":"https:\/\/www.jinpinlub.com\/?post_type=product&#038;p=3203"},"modified":"2024-08-12T10:35:31","modified_gmt":"2024-08-12T10:35:31","slug":"pd-sleeve-nam-nu-ren-thang-bo-chuyen-doi-cho-duong-ong","status":"publish","type":"product","link":"https:\/\/www.jinpinlub.com\/vi\/product\/pd-sleeve-male-female-threaded-straight-adapter-for-pipeline\/","title":{"rendered":"PD Sleeve Nam N\u1eef Ren B\u1ed9 Chuy\u1ec3n \u0110\u1ed5i Th\u1eb3ng Cho \u0110\u01b0\u1eddng \u1ed0ng"},"content":{"rendered":"<h2>\u0110\u1eb7c tr\u01b0ng<\/h2>\n<p>Thi\u1ebft k\u1ebf b\u00e1nh r\u0103ng ch\u00ednh x\u00e1c c\u1ee7a b\u1ed9 chuy\u1ec3n \u0111\u1ed5i tr\u1ef1c ti\u1ebfp c\u00f3 th\u1ec3 k\u1ebft n\u1ed1i ch\u1eb7t ch\u1ebd v\u1edbi \u1ed1ng b\u00f4i tr\u01a1n, c\u00f3 hi\u1ec7u su\u1ea5t b\u1ecbt k\u00edn m\u1ea1nh m\u1ebd.<br \/>\n\u0110\u1ea7u n\u1ed1i th\u1eb3ng \u0111\u01b0\u1ee3c l\u00e0m b\u1eb1ng v\u1eadt li\u1ec7u \u0111\u1ed3ng, c\u00f3 kh\u1ea3 n\u0103ng ch\u1ed1ng g\u1ec9 v\u00e0 oxy h\u00f3a m\u1ea1nh, ch\u1ed1ng \u0103n m\u00f2n v\u00e0 ch\u1ecbu \u00e1p su\u1ea5t, c\u00f3 th\u1ec3 th\u00edch \u1ee9ng v\u1edbi nhi\u1ec1u m\u00f4i tr\u01b0\u1eddng l\u00e0m vi\u1ec7c kh\u00e1c nhau m\u00e0 kh\u00f4ng b\u1ecb t\u00e1ch r\u1eddi.<br \/>\nC\u00e1c ren c\u1ee7a b\u1ed9 chuy\u1ec3n \u0111\u1ed5i r\u00f5 r\u00e0ng v\u00e0 chu\u1ea9n, m\u1ecbn, kh\u00f4ng c\u00f3 g\u1edd v\u00e0 kh\u00f4ng d\u1ec5 b\u1ecb tr\u01b0\u1ee3t khi si\u1ebft ch\u1eb7t.<\/p>\n<h2>\u0110\u1eb7c \u0111i\u1ec3m k\u1ef9 thu\u1eadt<\/h2>\n<figure id=\"attachment_3205\" aria-describedby=\"caption-attachment-3205\" style=\"width: 800px\" class=\"wp-caption alignnone\"><img loading=\"lazy\" decoding=\"async\" class=\"size-full wp-image-3205\" src=\"https:\/\/www.jinpinlub.com\/wp-content\/uploads\/2024\/08\/PD-specifications.jpg\" alt=\"Th\u00f4ng s\u1ed1 k\u1ef9 thu\u1eadt PD\" width=\"800\" height=\"990\" srcset=\"https:\/\/www.jinpinlub.com\/wp-content\/uploads\/2024\/08\/PD-specifications.jpg 800w, https:\/\/www.jinpinlub.com\/wp-content\/uploads\/2024\/08\/PD-specifications-242x300.jpg 242w, https:\/\/www.jinpinlub.com\/wp-content\/uploads\/2024\/08\/PD-specifications-768x950.jpg 768w, https:\/\/www.jinpinlub.com\/wp-content\/uploads\/2024\/08\/PD-specifications-10x12.jpg 10w\" sizes=\"auto, (max-width: 800px) 100vw, 800px\" \/><figcaption id=\"caption-attachment-3205\" class=\"wp-caption-text\">Th\u00f4ng s\u1ed1 k\u1ef9 thu\u1eadt PD<\/figcaption><\/figure>\n<h2>\u1ee8ng d\u1ee5ng<\/h2>\n<p>\u0110\u1ea7u n\u1ed1i th\u1eb3ng b\u1eb1ng \u0111\u1ed3ng PD ch\u1ee7 y\u1ebfu \u0111\u01b0\u1ee3c s\u1eed d\u1ee5ng trong nhi\u1ec1u lo\u1ea1i \u0111\u01b0\u1eddng \u1ed1ng c\u1ee7a h\u1ec7 th\u1ed1ng b\u00f4i tr\u01a1n t\u1eadp trung, ch\u1eb3ng h\u1ea1n nh\u01b0 k\u1ebft n\u1ed1i gi\u1eefa m\u00e1y b\u01a1m v\u00e0 c\u00e1c lo\u1ea1i \u1ed1ng, \u1ed1ng \u0111\u1ed3ng, \u1ed1ng nh\u00f4m, \u1ed1ng nylon, v.v. N\u00f3 ch\u1ee7 y\u1ebfu \u0111\u01b0\u1ee3c s\u1eed d\u1ee5ng v\u1edbi \u1ed1ng l\u00f3t n\u00e9n, \u1ed1ng l\u00f3t n\u00e9n v\u00e0 \u1ed1ng l\u00f3t \u0111\u1ec3 t\u1ea1o th\u00e0nh ph\u1ee5 ki\u1ec7n \u1ed1ng lo\u1ea1i \u1ed1ng l\u00f3t, \u0111\u01b0\u1ee3c s\u1eed d\u1ee5ng r\u1ed9ng r\u00e3i nh\u1ea5t.<\/p>\n<h2>H\u01b0\u1edbng d\u1eabn s\u1eed d\u1ee5ng<\/h2>\n<div class=\"sdm_download_button_box_default\"><div class=\"sdm_download_link\"><a href=\"https:\/\/www.jinpinlub.com\/vi\/?sdm_process_download=1&download_id=3172\" class=\"sdm_download white\" title=\"Ri\u00eang t\u01b0: PA\/PB\/PD\/Connector\" target=\"&quot;_blank&quot;\">Xem B\u1ea3ng d\u1eef li\u1ec7u - \u0110\u1ea7u n\u1ed1i PA\/PB\/PD<\/a><\/div><\/div>","protected":false},"excerpt":{"rendered":"<p>MB700 \u0111\u1ea1t \u0111\u01b0\u1ee3c ph\u00e9p \u0111o ch\u00ednh x\u00e1c v\u00e0 hi\u1ec3n th\u1ecb tr\u1ef1c quan \u00e1p su\u1ea5t c\u1ee7a h\u1ec7 th\u1ed1ng b\u00f4i tr\u01a1n th\u00f4ng qua s\u1ef1 bi\u1ebfn d\u1ea1ng c\u1ee7a c\u00e1c th\u00e0nh ph\u1ea7n \u0111\u00e0n h\u1ed3i trong \u0111\u1ed3ng h\u1ed3 \u0111o \u00e1p su\u1ea5t, chuy\u1ec3n \u0111\u1ed5i c\u01a1 c\u1ea5u truy\u1ec1n \u0111\u1ed9ng v\u00e0 ch\u1ec9 b\u00e1o b\u1eb1ng con tr\u1ecf.<\/p>","protected":false},"featured_media":3154,"template":"","meta":{"ocean_post_layout":"","ocean_both_sidebars_style":"","ocean_both_sidebars_content_width":0,"ocean_both_sidebars_sidebars_width":0,"ocean_sidebar":"0","ocean_second_sidebar":"0","ocean_disable_margins":"enable","ocean_add_body_class":"","ocean_shortcode_before_top_bar":"","ocean_shortcode_after_top_bar":"","ocean_shortcode_before_header":"","ocean_shortcode_after_header":"","ocean_has_shortcode":"","ocean_shortcode_after_title":"","ocean_shortcode_before_footer_widgets":"","ocean_shortcode_after_footer_widgets":"","ocean_shortcode_before_footer_bottom":"","ocean_shortcode_after_footer_bottom":"","ocean_display_top_bar":"default","ocean_display_header":"default","ocean_header_style":"","ocean_center_header_left_menu":"0","ocean_custom_header_template":"0","ocean_custom_logo":0,"ocean_custom_retina_logo":0,"ocean_custom_logo_max_width":0,"ocean_custom_logo_tablet_max_width":0,"ocean_custom_logo_mobile_max_width":0,"ocean_custom_logo_max_height":0,"ocean_custom_logo_tablet_max_height":0,"ocean_custom_logo_mobile_max_height":0,"ocean_header_custom_menu":"0","ocean_menu_typo_font_family":"0","ocean_menu_typo_font_subset":"","ocean_menu_typo_font_size":0,"ocean_menu_typo_font_size_tablet":0,"ocean_menu_typo_font_size_mobile":0,"ocean_menu_typo_font_size_unit":"px","ocean_menu_typo_font_weight":"","ocean_menu_typo_font_weight_tablet":"","ocean_menu_typo_font_weight_mobile":"","ocean_menu_typo_transform":"","ocean_menu_typo_transform_tablet":"","ocean_menu_typo_transform_mobile":"","ocean_menu_typo_line_height":0,"ocean_menu_typo_line_height_tablet":0,"ocean_menu_typo_line_height_mobile":0,"ocean_menu_typo_line_height_unit":"","ocean_menu_typo_spacing":0,"ocean_menu_typo_spacing_tablet":0,"ocean_menu_typo_spacing_mobile":0,"ocean_menu_typo_spacing_unit":"","ocean_menu_link_color":"","ocean_menu_link_color_hover":"","ocean_menu_link_color_active":"","ocean_menu_link_background":"","ocean_menu_link_hover_background":"","ocean_menu_link_active_background":"","ocean_menu_social_links_bg":"","ocean_menu_social_hover_links_bg":"","ocean_menu_social_links_color":"","ocean_menu_social_hover_links_color":"","ocean_disable_title":"default","ocean_disable_heading":"default","ocean_post_title":"","ocean_post_subheading":"","ocean_post_title_style":"","ocean_post_title_background_color":"","ocean_post_title_background":0,"ocean_post_title_bg_image_position":"","ocean_post_title_bg_image_attachment":"","ocean_post_title_bg_image_repeat":"","ocean_post_title_bg_image_size":"","ocean_post_title_height":0,"ocean_post_title_bg_overlay":0.5,"ocean_post_title_bg_overlay_color":"","ocean_disable_breadcrumbs":"default","ocean_breadcrumbs_color":"","ocean_breadcrumbs_separator_color":"","ocean_breadcrumbs_links_color":"","ocean_breadcrumbs_links_hover_color":"","ocean_display_footer_widgets":"default","ocean_display_footer_bottom":"default","ocean_custom_footer_template":"0","osh_disable_topbar_sticky":"default","osh_disable_header_sticky":"default","osh_sticky_header_style":"default","osh_sticky_header_effect":"","osh_custom_sticky_logo":0,"osh_custom_retina_sticky_logo":0,"osh_custom_sticky_logo_height":0,"osh_background_color":"","osh_links_color":"","osh_links_hover_color":"","osh_links_active_color":"","osh_links_bg_color":"","osh_links_hover_bg_color":"","osh_links_active_bg_color":"","osh_menu_social_links_color":"","osh_menu_social_hover_links_color":""},"product_brand":[],"product_cat":[31],"product_tag":[171,173,172],"class_list":{"0":"post-3203","1":"product","2":"type-product","3":"status-publish","4":"has-post-thumbnail","6":"product_cat-lube-system-accessories","7":"product_tag-oil-tube-connector","8":"product_tag-pd-straight-connector","9":"product_tag-pipeline-adapter","11":"entry","12":"has-media","14":"first","15":"instock","16":"shipping-taxable","17":"product-type-external","18":"col","19":"span_1_of_3","20":"owp-content-center","21":"owp-thumbs-layout-horizontal","22":"owp-btn-very-big","23":"owp-tabs-layout-horizontal"},"_links":{"self":[{"href":"https:\/\/www.jinpinlub.com\/vi\/wp-json\/wp\/v2\/product\/3203","targetHints":{"allow":["GET"]}}],"collection":[{"href":"https:\/\/www.jinpinlub.com\/vi\/wp-json\/wp\/v2\/product"}],"about":[{"href":"https:\/\/www.jinpinlub.com\/vi\/wp-json\/wp\/v2\/types\/product"}],"wp:featuredmedia":[{"embeddable":true,"href":"https:\/\/www.jinpinlub.com\/vi\/wp-json\/wp\/v2\/media\/3154"}],"wp:attachment":[{"href":"https:\/\/www.jinpinlub.com\/vi\/wp-json\/wp\/v2\/media?parent=3203"}],"wp:term":[{"taxonomy":"product_brand","embeddable":true,"href":"https:\/\/www.jinpinlub.com\/vi\/wp-json\/wp\/v2\/product_brand?post=3203"},{"taxonomy":"product_cat","embeddable":true,"href":"https:\/\/www.jinpinlub.com\/vi\/wp-json\/wp\/v2\/product_cat?post=3203"},{"taxonomy":"product_tag","embeddable":true,"href":"https:\/\/www.jinpinlub.com\/vi\/wp-json\/wp\/v2\/product_tag?post=3203"}],"curies":[{"name":"wp","href":"https:\/\/api.w.org\/{rel}","templated":true}]}}