{"id":3206,"date":"2024-08-12T14:57:16","date_gmt":"2024-08-12T14:57:16","guid":{"rendered":"https:\/\/www.jinpinlub.com\/?post_type=product&#038;p=3206"},"modified":"2024-08-12T15:04:37","modified_gmt":"2024-08-12T15:04:37","slug":"ph-dong-ong-khuyu-tay-adapter-cho-mach-dau-boi-tron","status":"publish","type":"product","link":"https:\/\/www.jinpinlub.com\/vi\/product\/ph-copper-sleeve-elbow-adapter-for-lubrication-oil-circuit\/","title":{"rendered":"B\u1ed9 chuy\u1ec3n \u0111\u1ed5i khu\u1ef7u tay \u1ed1ng b\u1ecdc \u0111\u1ed3ng PH cho m\u1ea1ch d\u1ea7u b\u00f4i tr\u01a1n"},"content":{"rendered":"<h2>\u0110\u1eb7c tr\u01b0ng<\/h2>\n<p>\u0110\u1ea7u n\u1ed1i g\u00f3c vu\u00f4ng PH \u0111\u01b0\u1ee3c l\u00e0m b\u1eb1ng v\u1eadt li\u1ec7u \u0111\u1ed3ng thau ch\u1ea5t l\u01b0\u1ee3ng cao, ch\u1eafc ch\u1eafn, b\u1ec1n v\u00e0 kh\u00f4ng d\u1ec5 b\u1ecb m\u00f2n.<br \/>\nC\u00e1c ren c\u1ee7a \u0111\u1ea7u n\u1ed1i \u0111\u01b0\u1ee3c ch\u1ebf t\u1ea1o tinh x\u1ea3o v\u00e0 v\u1eeba kh\u00edt, tu\u00e2n th\u1ee7 theo ti\u00eau chu\u1ea9n.<br \/>\n\u0110\u1ea7u n\u1ed1i b\u1eb1ng \u0111\u1ed3ng c\u00f3 nhi\u1ec1u th\u00f4ng s\u1ed1 k\u1ef9 thu\u1eadt v\u00e0 ki\u1ec3u d\u00e1ng kh\u00e1c nhau. N\u1ebfu c\u1ea7n s\u1ea3n xu\u1ea5t h\u00e0ng lo\u1ea1t, ch\u00fang t\u00f4i h\u1ed7 tr\u1ee3 t\u00f9y ch\u1ec9nh.<br \/>\nB\u1ed9 chuy\u1ec3n \u0111\u1ed5i g\u00f3c vu\u00f4ng tinh t\u1ebf v\u00e0 tr\u01a1n tru. N\u00f3 s\u1ebd kh\u00f4ng d\u1ec5 b\u1ecb k\u1eb9t trong qu\u00e1 tr\u00ecnh l\u1eafp \u0111\u1eb7t v\u00e0 \u0111\u01b0\u1eddng \u1ed1ng s\u1ebd kh\u00f4ng b\u1ecb r\u00f2 r\u1ec9 d\u1ea7u.<\/p>\n<h2>\u0110\u1eb7c \u0111i\u1ec3m k\u1ef9 thu\u1eadt<\/h2>\n<figure id=\"attachment_3207\" aria-describedby=\"caption-attachment-3207\" style=\"width: 800px\" class=\"wp-caption alignnone\"><img loading=\"lazy\" decoding=\"async\" class=\"size-full wp-image-3207\" src=\"https:\/\/www.jinpinlub.com\/wp-content\/uploads\/2024\/08\/PH-specification.jpg\" alt=\"PH-\u0111\u1eb7c \u0111i\u1ec3m k\u1ef9 thu\u1eadt\" width=\"800\" height=\"890\" srcset=\"https:\/\/www.jinpinlub.com\/wp-content\/uploads\/2024\/08\/PH-specification.jpg 800w, https:\/\/www.jinpinlub.com\/wp-content\/uploads\/2024\/08\/PH-specification-270x300.jpg 270w, https:\/\/www.jinpinlub.com\/wp-content\/uploads\/2024\/08\/PH-specification-768x854.jpg 768w, https:\/\/www.jinpinlub.com\/wp-content\/uploads\/2024\/08\/PH-specification-11x12.jpg 11w\" sizes=\"auto, (max-width: 800px) 100vw, 800px\" \/><figcaption id=\"caption-attachment-3207\" class=\"wp-caption-text\">PH-\u0111\u1eb7c \u0111i\u1ec3m k\u1ef9 thu\u1eadt<\/figcaption><\/figure>\n<h2>\u1ee8ng d\u1ee5ng<\/h2>\n<p>\u0110\u1ea7u n\u1ed1i g\u00f3c ph\u1ea3i PH ch\u1ee7 y\u1ebfu \u0111\u01b0\u1ee3c s\u1eed d\u1ee5ng trong c\u00e1c \u0111\u01b0\u1eddng \u1ed1ng kh\u00e1c nhau, \u0111\u1eb7c bi\u1ec7t l\u00e0 \u0111\u01b0\u1eddng \u1ed1ng h\u1ec7 th\u1ed1ng b\u00f4i tr\u01a1n. \u0110\u1ea7u n\u1ed1i g\u00f3c ph\u1ea3i b\u1eb1ng \u0111\u1ed3ng v\u00e0 \u1ed1ng l\u00f3t n\u00e9n, \u1ed1ng l\u00f3t n\u00e9n v\u00e0 \u1ed1ng l\u00f3t t\u1ea1o th\u00e0nh c\u1ee5m \u0111\u1ea7u n\u1ed1i \u1ed1ng l\u00f3t, c\u00f3 th\u1ec3 s\u1eed d\u1ee5ng v\u1edbi \u1ed1ng nylon, \u1ed1ng \u00e1p su\u1ea5t cao, \u1ed1ng \u0111\u1ed3ng, \u1ed1ng nh\u00f4m v\u00e0 c\u00e1c lo\u1ea1i \u1ed1ng kh\u00e1c \u0111\u1ec3 \u0111\u1ea3m b\u1ea3o m\u1ea1ch d\u1ea7u b\u1ecbt k\u00edn ch\u1eb7t ch\u1ebd, kh\u00f4ng b\u1ecb k\u1eb9t v\u00e0 kh\u00f4ng r\u00f2 r\u1ec9 d\u1ea7u. Do \u0111\u00f3, n\u00f3 \u0111\u01b0\u1ee3c s\u1eed d\u1ee5ng r\u1ed9ng r\u00e3i trong ng\u00e0nh c\u00f4ng nghi\u1ec7p \u00f4 t\u00f4, c\u00f4ng nghi\u1ec7p h\u00f3a ch\u1ea5t, c\u00f4ng nghi\u1ec7p in \u1ea5n, c\u00f4ng nghi\u1ec7p d\u1ec7t may, c\u00f4ng nghi\u1ec7p ch\u1ebf bi\u1ebfn, v.v.<\/p>\n<h2>H\u01b0\u1edbng d\u1eabn s\u1eed d\u1ee5ng<\/h2>\n<div class=\"sdm_download_button_box_default\"><div class=\"sdm_download_link\"><a href=\"https:\/\/www.jinpinlub.com\/vi\/?sdm_process_download=1&download_id=3174\" class=\"sdm_download white\" title=\"Ri\u00eang t\u01b0: PH\/PD\/PG\" target=\"&quot;_blank&quot;\">Xem B\u1ea3ng d\u1eef li\u1ec7u - PH\/PD\/PG<\/a><\/div><\/div>","protected":false},"excerpt":{"rendered":"<p>\u0110\u1ea7u n\u1ed1i g\u00f3c vu\u00f4ng PH b\u1eb1ng \u0111\u1ed3ng, \u1ed1ng n\u1ed1i ren \u0111\u1ef1c v\u00e0 c\u00e1i, khu\u1ef7u tay th\u1eb3ng, b\u1ed9 chuy\u1ec3n \u0111\u1ed5i \u1ed1ng d\u1ea7u g\u00f3c vu\u00f4ng, \u0111\u01b0\u1ee3c s\u1eed d\u1ee5ng cho \u0111\u01b0\u1eddng \u1ed1ng h\u1ec7 th\u1ed1ng b\u00f4i tr\u01a1n t\u1eadp trung c\u1ee7a \u1ed1ng \u0111\u1ed3ng, \u1ed1ng nh\u00f4m, \u1ed1ng th\u00e9p, \u1ed1ng nylon v\u00e0 \u1ed1ng m\u1ec1m \u00e1p su\u1ea5t cao.<\/p>","protected":false},"featured_media":3156,"template":"","meta":{"ocean_post_layout":"","ocean_both_sidebars_style":"","ocean_both_sidebars_content_width":0,"ocean_both_sidebars_sidebars_width":0,"ocean_sidebar":"0","ocean_second_sidebar":"0","ocean_disable_margins":"enable","ocean_add_body_class":"","ocean_shortcode_before_top_bar":"","ocean_shortcode_after_top_bar":"","ocean_shortcode_before_header":"","ocean_shortcode_after_header":"","ocean_has_shortcode":"","ocean_shortcode_after_title":"","ocean_shortcode_before_footer_widgets":"","ocean_shortcode_after_footer_widgets":"","ocean_shortcode_before_footer_bottom":"","ocean_shortcode_after_footer_bottom":"","ocean_display_top_bar":"default","ocean_display_header":"default","ocean_header_style":"","ocean_center_header_left_menu":"0","ocean_custom_header_template":"0","ocean_custom_logo":0,"ocean_custom_retina_logo":0,"ocean_custom_logo_max_width":0,"ocean_custom_logo_tablet_max_width":0,"ocean_custom_logo_mobile_max_width":0,"ocean_custom_logo_max_height":0,"ocean_custom_logo_tablet_max_height":0,"ocean_custom_logo_mobile_max_height":0,"ocean_header_custom_menu":"0","ocean_menu_typo_font_family":"0","ocean_menu_typo_font_subset":"","ocean_menu_typo_font_size":0,"ocean_menu_typo_font_size_tablet":0,"ocean_menu_typo_font_size_mobile":0,"ocean_menu_typo_font_size_unit":"px","ocean_menu_typo_font_weight":"","ocean_menu_typo_font_weight_tablet":"","ocean_menu_typo_font_weight_mobile":"","ocean_menu_typo_transform":"","ocean_menu_typo_transform_tablet":"","ocean_menu_typo_transform_mobile":"","ocean_menu_typo_line_height":0,"ocean_menu_typo_line_height_tablet":0,"ocean_menu_typo_line_height_mobile":0,"ocean_menu_typo_line_height_unit":"","ocean_menu_typo_spacing":0,"ocean_menu_typo_spacing_tablet":0,"ocean_menu_typo_spacing_mobile":0,"ocean_menu_typo_spacing_unit":"","ocean_menu_link_color":"","ocean_menu_link_color_hover":"","ocean_menu_link_color_active":"","ocean_menu_link_background":"","ocean_menu_link_hover_background":"","ocean_menu_link_active_background":"","ocean_menu_social_links_bg":"","ocean_menu_social_hover_links_bg":"","ocean_menu_social_links_color":"","ocean_menu_social_hover_links_color":"","ocean_disable_title":"default","ocean_disable_heading":"default","ocean_post_title":"","ocean_post_subheading":"","ocean_post_title_style":"","ocean_post_title_background_color":"","ocean_post_title_background":0,"ocean_post_title_bg_image_position":"","ocean_post_title_bg_image_attachment":"","ocean_post_title_bg_image_repeat":"","ocean_post_title_bg_image_size":"","ocean_post_title_height":0,"ocean_post_title_bg_overlay":0.5,"ocean_post_title_bg_overlay_color":"","ocean_disable_breadcrumbs":"default","ocean_breadcrumbs_color":"","ocean_breadcrumbs_separator_color":"","ocean_breadcrumbs_links_color":"","ocean_breadcrumbs_links_hover_color":"","ocean_display_footer_widgets":"default","ocean_display_footer_bottom":"default","ocean_custom_footer_template":"0","osh_disable_topbar_sticky":"default","osh_disable_header_sticky":"default","osh_sticky_header_style":"default","osh_sticky_header_effect":"","osh_custom_sticky_logo":0,"osh_custom_retina_sticky_logo":0,"osh_custom_sticky_logo_height":0,"osh_background_color":"","osh_links_color":"","osh_links_hover_color":"","osh_links_active_color":"","osh_links_bg_color":"","osh_links_hover_bg_color":"","osh_links_active_bg_color":"","osh_menu_social_links_color":"","osh_menu_social_hover_links_color":""},"product_brand":[],"product_cat":[31],"product_tag":[175,174,176],"class_list":{"0":"post-3206","1":"product","2":"type-product","3":"status-publish","4":"has-post-thumbnail","6":"product_cat-lube-system-accessories","7":"product_tag-copper-connector","8":"product_tag-copper-right-angle-elbow","9":"product_tag-pipe-adapter","11":"entry","12":"has-media","14":"first","15":"instock","16":"shipping-taxable","17":"product-type-external","18":"col","19":"span_1_of_3","20":"owp-content-center","21":"owp-thumbs-layout-horizontal","22":"owp-btn-very-big","23":"owp-tabs-layout-horizontal"},"_links":{"self":[{"href":"https:\/\/www.jinpinlub.com\/vi\/wp-json\/wp\/v2\/product\/3206","targetHints":{"allow":["GET"]}}],"collection":[{"href":"https:\/\/www.jinpinlub.com\/vi\/wp-json\/wp\/v2\/product"}],"about":[{"href":"https:\/\/www.jinpinlub.com\/vi\/wp-json\/wp\/v2\/types\/product"}],"wp:featuredmedia":[{"embeddable":true,"href":"https:\/\/www.jinpinlub.com\/vi\/wp-json\/wp\/v2\/media\/3156"}],"wp:attachment":[{"href":"https:\/\/www.jinpinlub.com\/vi\/wp-json\/wp\/v2\/media?parent=3206"}],"wp:term":[{"taxonomy":"product_brand","embeddable":true,"href":"https:\/\/www.jinpinlub.com\/vi\/wp-json\/wp\/v2\/product_brand?post=3206"},{"taxonomy":"product_cat","embeddable":true,"href":"https:\/\/www.jinpinlub.com\/vi\/wp-json\/wp\/v2\/product_cat?post=3206"},{"taxonomy":"product_tag","embeddable":true,"href":"https:\/\/www.jinpinlub.com\/vi\/wp-json\/wp\/v2\/product_tag?post=3206"}],"curies":[{"name":"wp","href":"https:\/\/api.w.org\/{rel}","templated":true}]}}