{"id":3208,"date":"2024-08-12T15:06:13","date_gmt":"2024-08-12T15:06:13","guid":{"rendered":"https:\/\/www.jinpinlub.com\/?post_type=product&#038;p=3208"},"modified":"2024-08-12T15:25:51","modified_gmt":"2024-08-12T15:25:51","slug":"dau-noi-goc-phai-bang-dong-ph-cho-he-thong-ong-boi-tron","status":"publish","type":"product","link":"https:\/\/www.jinpinlub.com\/vi\/product\/ph-copper-right-angle-connector-for-lubrication-system-pipe\/","title":{"rendered":"\u0110\u1ea7u n\u1ed1i g\u00f3c ph\u1ea3i PH b\u1eb1ng \u0111\u1ed3ng cho h\u1ec7 th\u1ed1ng \u1ed1ng b\u00f4i tr\u01a1n"},"content":{"rendered":"<h2>\u0110\u1eb7c tr\u01b0ng<\/h2>\n<p>V\u1eadt li\u1ec7u gia c\u00f4ng c\u1ee7a khu\u1ef7u tay \u0111\u1ed3ng \u0111\u01b0\u1ee3c l\u00e0m d\u00e0y, th\u00e0nh ph\u1ea9m ch\u1eafc ch\u1eafn, ch\u1ed1ng m\u00e0i m\u00f2n v\u00e0 c\u00f3 tu\u1ed5i th\u1ecd cao h\u01a1n.<br \/>\nQu\u00e1 tr\u00ecnh gia c\u00f4ng \u0111\u1ea7u n\u1ed1i \u0111\u01b0\u1ee3c s\u1ea3n xu\u1ea5t nghi\u00eam ng\u1eb7t theo ti\u00eau chu\u1ea9n qu\u1ed1c t\u1ebf, v\u1edbi ph\u1ea1m vi dung sai nh\u1ecf.<br \/>\n\u0110\u1ea7u n\u1ed1i PH \u0111\u01b0\u1ee3c l\u00e0m b\u1eb1ng \u0111\u1ed3ng thau ch\u1ea5t l\u01b0\u1ee3ng cao, \u0111\u01b0\u1ee3c gia c\u00f4ng tinh x\u1ea3o v\u00e0 ch\u00fa \u00fd \u0111\u1ebfn t\u1eebng chi ti\u1ebft.<br \/>\nTh\u00f4ng s\u1ed1 k\u1ef9 thu\u1eadt \u0111\u1ea7y \u0111\u1ee7, bao g\u1ed3m nhi\u1ec1u k\u00edch c\u1ee1 \u0111\u01b0\u1eddng \u1ed1ng h\u1ec7 th\u1ed1ng b\u00f4i tr\u01a1n kh\u00e1c nhau v\u00e0 c\u00e1c k\u00edch c\u1ee1 c\u1ee5 th\u1ec3 c\u0169ng c\u00f3 th\u1ec3 \u0111\u01b0\u1ee3c t\u00f9y ch\u1ec9nh.<\/p>\n<h2>\u0110\u1eb7c \u0111i\u1ec3m k\u1ef9 thu\u1eadt<\/h2>\n<figure id=\"attachment_3207\" aria-describedby=\"caption-attachment-3207\" style=\"width: 800px\" class=\"wp-caption alignnone\"><img loading=\"lazy\" decoding=\"async\" class=\"size-full wp-image-3207\" src=\"https:\/\/www.jinpinlub.com\/wp-content\/uploads\/2024\/08\/PH-specification.jpg\" alt=\"PH-\u0111\u1eb7c \u0111i\u1ec3m k\u1ef9 thu\u1eadt\" width=\"800\" height=\"890\" srcset=\"https:\/\/www.jinpinlub.com\/wp-content\/uploads\/2024\/08\/PH-specification.jpg 800w, https:\/\/www.jinpinlub.com\/wp-content\/uploads\/2024\/08\/PH-specification-270x300.jpg 270w, https:\/\/www.jinpinlub.com\/wp-content\/uploads\/2024\/08\/PH-specification-768x854.jpg 768w, https:\/\/www.jinpinlub.com\/wp-content\/uploads\/2024\/08\/PH-specification-11x12.jpg 11w\" sizes=\"auto, (max-width: 800px) 100vw, 800px\" \/><figcaption id=\"caption-attachment-3207\" class=\"wp-caption-text\">PH-\u0111\u1eb7c \u0111i\u1ec3m k\u1ef9 thu\u1eadt<\/figcaption><\/figure>\n<h2>\u1ee8ng d\u1ee5ng<\/h2>\n<p>\u0110\u1ea3m b\u1ea3o l\u1eafp \u0111\u1eb7t \u0111\u00fang c\u00e1ch: Ph\u1ea3i k\u1ebft n\u1ed1i \u0111\u00fang v\u1edbi h\u1ec7 th\u1ed1ng b\u00f4i tr\u01a1n v\u00e0 kh\u00f4ng c\u00f3 b\u1ea5t k\u1ef3 r\u00f2 r\u1ec9 ho\u1eb7c k\u1ebft n\u1ed1i k\u00e9m n\u00e0o.<br \/>\nKi\u1ec3m tra th\u01b0\u1eddng xuy\u00ean: Ki\u1ec3m tra th\u01b0\u1eddng xuy\u00ean t\u00ecnh tr\u1ea1ng c\u1ee7a \u0111\u1ea7u n\u1ed1i, bao g\u1ed3m c\u00e1c d\u1ea5u hi\u1ec7u hao m\u00f2n, \u0103n m\u00f2n ho\u1eb7c h\u01b0 h\u1ecfng kh\u00e1c.<br \/>\nTr\u00e1nh v\u1eadn h\u00e0nh qu\u00e1 \u00e1p su\u1ea5t: Kh\u00f4ng v\u01b0\u1ee3t qu\u00e1 \u00e1p su\u1ea5t l\u00e0m vi\u1ec7c t\u1ed1i \u0111a c\u1ee7a \u0111\u1ea7u n\u1ed1i ho\u1eb7c h\u1ec7 th\u1ed1ng b\u00f4i tr\u01a1n.<br \/>\nCh\u00fa \u00fd \u0111\u1ebfn c\u00e1c y\u1ebfu t\u1ed1 m\u00f4i tr\u01b0\u1eddng: Tr\u00e1nh s\u1eed d\u1ee5ng \u0111\u1ea7u n\u1ed1i \u1edf nhi\u1ec7t \u0111\u1ed9 kh\u1eafc nghi\u1ec7t ho\u1eb7c m\u00f4i tr\u01b0\u1eddng c\u00f3 t\u00ednh \u0103n m\u00f2n.<\/p>\n<h2>H\u01b0\u1edbng d\u1eabn s\u1eed d\u1ee5ng<\/h2>\n<div class=\"sdm_download_button_box_default\"><div class=\"sdm_download_link\"><a href=\"https:\/\/www.jinpinlub.com\/vi\/?sdm_process_download=1&download_id=3174\" class=\"sdm_download white\" title=\"Ri\u00eang t\u01b0: PH\/PD\/PG\" target=\"&quot;_blank&quot;\">Xem B\u1ea3ng d\u1eef li\u1ec7u - PH\/PD\/PG<\/a><\/div><\/div>","protected":false},"excerpt":{"rendered":"<p>\u0110\u1ea7u n\u1ed1i g\u00f3c vu\u00f4ng b\u1eb1ng \u0111\u1ed3ng \u1ed1ng \u0111\u00f3ng vai tr\u00f2 quan tr\u1ecdng trong h\u1ec7 th\u1ed1ng b\u00f4i tr\u01a1n. Ch\u00fang ch\u1ee7 y\u1ebfu \u0111\u01b0\u1ee3c s\u1eed d\u1ee5ng \u0111\u1ec3 \u0111\u1ea3m b\u1ea3o ch\u1ea5t b\u00f4i tr\u01a1n c\u00f3 th\u1ec3 \u0111\u01b0\u1ee3c truy\u1ec1n tr\u01a1n tru gi\u1eefa c\u00e1c th\u00e0nh ph\u1ea7n kh\u00e1c nhau v\u00e0 duy tr\u00ec ho\u1ea1t \u0111\u1ed9ng b\u00ecnh th\u01b0\u1eddng c\u1ee7a to\u00e0n b\u1ed9 h\u1ec7 th\u1ed1ng.<\/p>","protected":false},"featured_media":3159,"template":"","meta":{"ocean_post_layout":"","ocean_both_sidebars_style":"","ocean_both_sidebars_content_width":0,"ocean_both_sidebars_sidebars_width":0,"ocean_sidebar":"0","ocean_second_sidebar":"0","ocean_disable_margins":"enable","ocean_add_body_class":"","ocean_shortcode_before_top_bar":"","ocean_shortcode_after_top_bar":"","ocean_shortcode_before_header":"","ocean_shortcode_after_header":"","ocean_has_shortcode":"","ocean_shortcode_after_title":"","ocean_shortcode_before_footer_widgets":"","ocean_shortcode_after_footer_widgets":"","ocean_shortcode_before_footer_bottom":"","ocean_shortcode_after_footer_bottom":"","ocean_display_top_bar":"default","ocean_display_header":"default","ocean_header_style":"","ocean_center_header_left_menu":"0","ocean_custom_header_template":"0","ocean_custom_logo":0,"ocean_custom_retina_logo":0,"ocean_custom_logo_max_width":0,"ocean_custom_logo_tablet_max_width":0,"ocean_custom_logo_mobile_max_width":0,"ocean_custom_logo_max_height":0,"ocean_custom_logo_tablet_max_height":0,"ocean_custom_logo_mobile_max_height":0,"ocean_header_custom_menu":"0","ocean_menu_typo_font_family":"0","ocean_menu_typo_font_subset":"","ocean_menu_typo_font_size":0,"ocean_menu_typo_font_size_tablet":0,"ocean_menu_typo_font_size_mobile":0,"ocean_menu_typo_font_size_unit":"px","ocean_menu_typo_font_weight":"","ocean_menu_typo_font_weight_tablet":"","ocean_menu_typo_font_weight_mobile":"","ocean_menu_typo_transform":"","ocean_menu_typo_transform_tablet":"","ocean_menu_typo_transform_mobile":"","ocean_menu_typo_line_height":0,"ocean_menu_typo_line_height_tablet":0,"ocean_menu_typo_line_height_mobile":0,"ocean_menu_typo_line_height_unit":"","ocean_menu_typo_spacing":0,"ocean_menu_typo_spacing_tablet":0,"ocean_menu_typo_spacing_mobile":0,"ocean_menu_typo_spacing_unit":"","ocean_menu_link_color":"","ocean_menu_link_color_hover":"","ocean_menu_link_color_active":"","ocean_menu_link_background":"","ocean_menu_link_hover_background":"","ocean_menu_link_active_background":"","ocean_menu_social_links_bg":"","ocean_menu_social_hover_links_bg":"","ocean_menu_social_links_color":"","ocean_menu_social_hover_links_color":"","ocean_disable_title":"default","ocean_disable_heading":"default","ocean_post_title":"","ocean_post_subheading":"","ocean_post_title_style":"","ocean_post_title_background_color":"","ocean_post_title_background":0,"ocean_post_title_bg_image_position":"","ocean_post_title_bg_image_attachment":"","ocean_post_title_bg_image_repeat":"","ocean_post_title_bg_image_size":"","ocean_post_title_height":0,"ocean_post_title_bg_overlay":0.5,"ocean_post_title_bg_overlay_color":"","ocean_disable_breadcrumbs":"default","ocean_breadcrumbs_color":"","ocean_breadcrumbs_separator_color":"","ocean_breadcrumbs_links_color":"","ocean_breadcrumbs_links_hover_color":"","ocean_display_footer_widgets":"default","ocean_display_footer_bottom":"default","ocean_custom_footer_template":"0","osh_disable_topbar_sticky":"default","osh_disable_header_sticky":"default","osh_sticky_header_style":"default","osh_sticky_header_effect":"","osh_custom_sticky_logo":0,"osh_custom_retina_sticky_logo":0,"osh_custom_sticky_logo_height":0,"osh_background_color":"","osh_links_color":"","osh_links_hover_color":"","osh_links_active_color":"","osh_links_bg_color":"","osh_links_hover_bg_color":"","osh_links_active_bg_color":"","osh_menu_social_links_color":"","osh_menu_social_hover_links_color":""},"product_brand":[],"product_cat":[31],"product_tag":[177,178,179],"class_list":{"0":"post-3208","1":"product","2":"type-product","3":"status-publish","4":"has-post-thumbnail","6":"product_cat-lube-system-accessories","7":"product_tag-right-angle-connector","8":"product_tag-right-angle-elbow","9":"product_tag-screw-in-connector","11":"entry","12":"has-media","14":"first","15":"instock","16":"shipping-taxable","17":"product-type-external","18":"col","19":"span_1_of_3","20":"owp-content-center","21":"owp-thumbs-layout-horizontal","22":"owp-btn-very-big","23":"owp-tabs-layout-horizontal"},"_links":{"self":[{"href":"https:\/\/www.jinpinlub.com\/vi\/wp-json\/wp\/v2\/product\/3208","targetHints":{"allow":["GET"]}}],"collection":[{"href":"https:\/\/www.jinpinlub.com\/vi\/wp-json\/wp\/v2\/product"}],"about":[{"href":"https:\/\/www.jinpinlub.com\/vi\/wp-json\/wp\/v2\/types\/product"}],"wp:featuredmedia":[{"embeddable":true,"href":"https:\/\/www.jinpinlub.com\/vi\/wp-json\/wp\/v2\/media\/3159"}],"wp:attachment":[{"href":"https:\/\/www.jinpinlub.com\/vi\/wp-json\/wp\/v2\/media?parent=3208"}],"wp:term":[{"taxonomy":"product_brand","embeddable":true,"href":"https:\/\/www.jinpinlub.com\/vi\/wp-json\/wp\/v2\/product_brand?post=3208"},{"taxonomy":"product_cat","embeddable":true,"href":"https:\/\/www.jinpinlub.com\/vi\/wp-json\/wp\/v2\/product_cat?post=3208"},{"taxonomy":"product_tag","embeddable":true,"href":"https:\/\/www.jinpinlub.com\/vi\/wp-json\/wp\/v2\/product_tag?post=3208"}],"curies":[{"name":"wp","href":"https:\/\/api.w.org\/{rel}","templated":true}]}}