{"id":3209,"date":"2024-08-12T15:41:06","date_gmt":"2024-08-12T15:41:06","guid":{"rendered":"https:\/\/www.jinpinlub.com\/?post_type=product&#038;p=3209"},"modified":"2024-08-12T15:54:01","modified_gmt":"2024-08-12T15:54:01","slug":"pkd-6-hop-kim-kem-co-dinh-3-chieu-dau-noi-chu-t-duong-ong-bo-chuyen-doi","status":"publish","type":"product","link":"https:\/\/www.jinpinlub.com\/vi\/product\/pkd-6-zinc-alloy-fixed-3-way-tee-connector-pipeline-adapter\/","title":{"rendered":"B\u1ed9 chuy\u1ec3n \u0111\u1ed5i \u0111\u01b0\u1eddng \u1ed1ng n\u1ed1i ch\u1eef T 3 chi\u1ec1u c\u1ed1 \u0111\u1ecbnh b\u1eb1ng h\u1ee3p kim k\u1ebdm PKD-6"},"content":{"rendered":"<h2>\u0110\u1eb7c tr\u01b0ng<\/h2>\n<p>V\u1eadt li\u1ec7u: Nguy\u00ean li\u1ec7u th\u00f4 \u0111\u01b0\u1ee3c s\u1eed d\u1ee5ng trong qu\u00e1 tr\u00ecnh s\u1ea3n xu\u1ea5t \u0111\u1ea7u n\u1ed1i h\u00ecnh ch\u1eef T ba chi\u1ec1u l\u00e0 h\u1ee3p kim k\u1ebdm. H\u1ee3p kim k\u1ebdm c\u00f3 \u0111\u1eb7c t\u00ednh ch\u1ed1ng \u0103n m\u00f2n tuy\u1ec7t v\u1eddi, c\u00f3 th\u1ec3 ch\u1ed1ng \u0103n m\u00f2n hi\u1ec7u qu\u1ea3 c\u00e1c ph\u01b0\u01a1ng ti\u1ec7n nh\u01b0 n\u01b0\u1edbc v\u00e0 kh\u00ed.<br \/>\nN\u00f3 c\u00f3 thi\u1ebft k\u1ebf c\u1ea5u tr\u00fac h\u00ecnh ch\u1eef T, c\u00f3 th\u1ec3 th\u1ef1c hi\u1ec7n k\u1ebft n\u1ed1i \u0111\u01b0\u1eddng \u1ed1ng theo ba h\u01b0\u1edbng. B\u00ean c\u1ea1nh \u0111\u00f3, n\u00f3 c\u00f3 ch\u1ee9c n\u0103ng c\u1ed1 \u0111\u1ecbnh \u0111\u1ec3 \u0111\u1ea3m b\u1ea3o t\u00ednh \u1ed5n \u0111\u1ecbnh v\u00e0 \u0111\u1ed9 tin c\u1eady c\u1ee7a k\u1ebft n\u1ed1i \u0111\u01b0\u1eddng \u1ed1ng.<br \/>\nTh\u00f4ng s\u1ed1 k\u1ef9 thu\u1eadt: M\u1ed9t s\u1ed1 th\u00f4ng s\u1ed1 k\u1ef9 thu\u1eadt kh\u1edbp n\u1ed1i ch\u1eef T c\u1ed1 \u0111\u1ecbnh b\u1eb1ng h\u1ee3p kim k\u1ebdm c\u00f3 th\u1ec3 \u0111\u01b0\u1ee3c s\u1ea3n xu\u1ea5t theo c\u00e1c \u0111\u01b0\u1eddng k\u00ednh \u1ed1ng v\u00e0 y\u00eau c\u1ea7u k\u1ebft n\u1ed1i kh\u00e1c nhau.<br \/>\nK\u1ebft n\u1ed1i: Lo\u1ea1i m\u1ed1i n\u1ed1i n\u00e0y th\u01b0\u1eddng s\u1eed d\u1ee5ng ph\u01b0\u01a1ng ph\u00e1p k\u1ebft n\u1ed1i ren. Trong qu\u00e1 tr\u00ecnh l\u1eafp \u0111\u1eb7t, c\u1ea7n \u0111\u1ea3m b\u1ea3o kh\u1edbp v\u00e0 b\u1ecbt k\u00edn ren \u0111\u1ec3 \u0111\u1ea3m b\u1ea3o kh\u00f4ng b\u1ecb r\u00f2 r\u1ec9.<\/p>\n<h2>\u0110\u1eb7c \u0111i\u1ec3m k\u1ef9 thu\u1eadt<\/h2>\n<figure id=\"attachment_3210\" aria-describedby=\"caption-attachment-3210\" style=\"width: 800px\" class=\"wp-caption alignnone\"><img loading=\"lazy\" decoding=\"async\" class=\"size-full wp-image-3210\" src=\"https:\/\/www.jinpinlub.com\/wp-content\/uploads\/2024\/08\/PKD-specification.jpg\" alt=\"Th\u00f4ng s\u1ed1 k\u1ef9 thu\u1eadt PKD\" width=\"800\" height=\"390\" srcset=\"https:\/\/www.jinpinlub.com\/wp-content\/uploads\/2024\/08\/PKD-specification.jpg 800w, https:\/\/www.jinpinlub.com\/wp-content\/uploads\/2024\/08\/PKD-specification-300x146.jpg 300w, https:\/\/www.jinpinlub.com\/wp-content\/uploads\/2024\/08\/PKD-specification-768x374.jpg 768w, https:\/\/www.jinpinlub.com\/wp-content\/uploads\/2024\/08\/PKD-specification-18x9.jpg 18w\" sizes=\"auto, (max-width: 800px) 100vw, 800px\" \/><figcaption id=\"caption-attachment-3210\" class=\"wp-caption-text\">Th\u00f4ng s\u1ed1 k\u1ef9 thu\u1eadt PKD<\/figcaption><\/figure>\n<h2>\u1ee8ng d\u1ee5ng<\/h2>\n<p>\u0110\u1ea3m b\u1ea3o th\u00f4ng s\u1ed1 k\u1ef9 thu\u1eadt c\u1ee7a \u0111\u1ea7u n\u1ed1i ba chi\u1ec1u t\u01b0\u01a1ng th\u00edch v\u1edbi th\u00f4ng s\u1ed1 k\u1ef9 thu\u1eadt c\u1ee7a \u0111\u01b0\u1eddng \u1ed1ng.<br \/>\nTr\u01b0\u1edbc khi l\u1eafp \u0111\u1eb7t, h\u00e3y ki\u1ec3m tra xem ren c\u1ee7a kh\u1edbp ch\u1eef T \u0111\u00e3 ho\u00e0n ch\u1ec9nh v\u00e0 kh\u00f4ng b\u1ecb h\u1ecfng ch\u01b0a.<br \/>\nK\u1ebft n\u1ed1i theo \u0111\u00fang k\u1ef9 thu\u1eadt l\u1eafp \u0111\u1eb7t \u0111\u1ec3 \u0111\u1ea3m b\u1ea3o \u0111\u1ed9 k\u00edn v\u00e0 \u0111\u1ed9 \u1ed5n \u0111\u1ecbnh t\u1ed1t.<br \/>\nNgo\u00e0i ra, h\u00e3y \u0111\u1ea3m b\u1ea3o ki\u1ec3m tra v\u00e0 b\u1ea3o tr\u00ec c\u00e1c k\u1ebft n\u1ed1i kh\u1edbp ch\u1eef T th\u01b0\u1eddng xuy\u00ean \u0111\u1ec3 tr\u00e1nh l\u00e0m h\u1ecfng h\u1ec7 th\u1ed1ng.<\/p>\n<h2>H\u01b0\u1edbng d\u1eabn s\u1eed d\u1ee5ng<\/h2>\n<div class=\"sdm_download_button_box_default\"><div class=\"sdm_download_link\"><a href=\"https:\/\/www.jinpinlub.com\/vi\/?sdm_process_download=1&download_id=3171\" class=\"sdm_download white\" title=\"Ri\u00eang t\u01b0: OM\/JD\/PKD\/PJD\/PJDB\" target=\"&quot;_blank&quot;\">Xem b\u1ea3ng d\u1eef li\u1ec7u - OM\/JD\/PKD\/PJD\/PJDB<\/a><\/div><\/div>","protected":false},"excerpt":{"rendered":"<p>Kh\u1edbp n\u1ed1i ch\u1eef T c\u1ed1 \u0111\u1ecbnh b\u1eb1ng h\u1ee3p kim k\u1ebdm l\u00e0 \u0111\u1ea7u n\u1ed1i \u0111\u01b0\u1eddng \u1ed1ng \u0111\u01b0\u1ee3c s\u1eed d\u1ee5ng ph\u1ed5 bi\u1ebfn. C\u00e1c k\u00edch th\u01b0\u1edbc ch\u00fang t\u00f4i cung c\u1ea5p ho\u00e0n to\u00e0n t\u01b0\u01a1ng th\u00edch v\u1edbi \u0111\u01b0\u1eddng \u1ed1ng h\u1ec7 th\u1ed1ng b\u00f4i tr\u01a1n. N\u00f3 \u0111\u01b0\u1ee3c l\u00e0m b\u1eb1ng v\u1eadt li\u1ec7u h\u1ee3p kim k\u1ebdm v\u00e0 c\u00f3 kh\u1ea3 n\u0103ng ch\u1ed1ng \u0103n m\u00f2n v\u00e0 t\u00ednh ch\u1ea5t c\u01a1 h\u1ecdc t\u1ed1t.<\/p>","protected":false},"featured_media":3169,"template":"","meta":{"ocean_post_layout":"","ocean_both_sidebars_style":"","ocean_both_sidebars_content_width":0,"ocean_both_sidebars_sidebars_width":0,"ocean_sidebar":"0","ocean_second_sidebar":"0","ocean_disable_margins":"enable","ocean_add_body_class":"","ocean_shortcode_before_top_bar":"","ocean_shortcode_after_top_bar":"","ocean_shortcode_before_header":"","ocean_shortcode_after_header":"","ocean_has_shortcode":"","ocean_shortcode_after_title":"","ocean_shortcode_before_footer_widgets":"","ocean_shortcode_after_footer_widgets":"","ocean_shortcode_before_footer_bottom":"","ocean_shortcode_after_footer_bottom":"","ocean_display_top_bar":"default","ocean_display_header":"default","ocean_header_style":"","ocean_center_header_left_menu":"0","ocean_custom_header_template":"0","ocean_custom_logo":0,"ocean_custom_retina_logo":0,"ocean_custom_logo_max_width":0,"ocean_custom_logo_tablet_max_width":0,"ocean_custom_logo_mobile_max_width":0,"ocean_custom_logo_max_height":0,"ocean_custom_logo_tablet_max_height":0,"ocean_custom_logo_mobile_max_height":0,"ocean_header_custom_menu":"0","ocean_menu_typo_font_family":"0","ocean_menu_typo_font_subset":"","ocean_menu_typo_font_size":0,"ocean_menu_typo_font_size_tablet":0,"ocean_menu_typo_font_size_mobile":0,"ocean_menu_typo_font_size_unit":"px","ocean_menu_typo_font_weight":"","ocean_menu_typo_font_weight_tablet":"","ocean_menu_typo_font_weight_mobile":"","ocean_menu_typo_transform":"","ocean_menu_typo_transform_tablet":"","ocean_menu_typo_transform_mobile":"","ocean_menu_typo_line_height":0,"ocean_menu_typo_line_height_tablet":0,"ocean_menu_typo_line_height_mobile":0,"ocean_menu_typo_line_height_unit":"","ocean_menu_typo_spacing":0,"ocean_menu_typo_spacing_tablet":0,"ocean_menu_typo_spacing_mobile":0,"ocean_menu_typo_spacing_unit":"","ocean_menu_link_color":"","ocean_menu_link_color_hover":"","ocean_menu_link_color_active":"","ocean_menu_link_background":"","ocean_menu_link_hover_background":"","ocean_menu_link_active_background":"","ocean_menu_social_links_bg":"","ocean_menu_social_hover_links_bg":"","ocean_menu_social_links_color":"","ocean_menu_social_hover_links_color":"","ocean_disable_title":"default","ocean_disable_heading":"default","ocean_post_title":"","ocean_post_subheading":"","ocean_post_title_style":"","ocean_post_title_background_color":"","ocean_post_title_background":0,"ocean_post_title_bg_image_position":"","ocean_post_title_bg_image_attachment":"","ocean_post_title_bg_image_repeat":"","ocean_post_title_bg_image_size":"","ocean_post_title_height":0,"ocean_post_title_bg_overlay":0.5,"ocean_post_title_bg_overlay_color":"","ocean_disable_breadcrumbs":"default","ocean_breadcrumbs_color":"","ocean_breadcrumbs_separator_color":"","ocean_breadcrumbs_links_color":"","ocean_breadcrumbs_links_hover_color":"","ocean_display_footer_widgets":"default","ocean_display_footer_bottom":"default","ocean_custom_footer_template":"0","osh_disable_topbar_sticky":"default","osh_disable_header_sticky":"default","osh_sticky_header_style":"default","osh_sticky_header_effect":"","osh_custom_sticky_logo":0,"osh_custom_retina_sticky_logo":0,"osh_custom_sticky_logo_height":0,"osh_background_color":"","osh_links_color":"","osh_links_hover_color":"","osh_links_active_color":"","osh_links_bg_color":"","osh_links_hover_bg_color":"","osh_links_active_bg_color":"","osh_menu_social_links_color":"","osh_menu_social_hover_links_color":""},"product_brand":[],"product_cat":[31],"product_tag":[180,172,181],"class_list":{"0":"post-3209","1":"product","2":"type-product","3":"status-publish","4":"has-post-thumbnail","6":"product_cat-lube-system-accessories","7":"product_tag-fixed-3-way-adapter","8":"product_tag-pipeline-adapter","9":"product_tag-tee-connector","11":"entry","12":"has-media","14":"first","15":"instock","16":"shipping-taxable","17":"product-type-external","18":"col","19":"span_1_of_3","20":"owp-content-center","21":"owp-thumbs-layout-horizontal","22":"owp-btn-very-big","23":"owp-tabs-layout-horizontal"},"_links":{"self":[{"href":"https:\/\/www.jinpinlub.com\/vi\/wp-json\/wp\/v2\/product\/3209","targetHints":{"allow":["GET"]}}],"collection":[{"href":"https:\/\/www.jinpinlub.com\/vi\/wp-json\/wp\/v2\/product"}],"about":[{"href":"https:\/\/www.jinpinlub.com\/vi\/wp-json\/wp\/v2\/types\/product"}],"wp:featuredmedia":[{"embeddable":true,"href":"https:\/\/www.jinpinlub.com\/vi\/wp-json\/wp\/v2\/media\/3169"}],"wp:attachment":[{"href":"https:\/\/www.jinpinlub.com\/vi\/wp-json\/wp\/v2\/media?parent=3209"}],"wp:term":[{"taxonomy":"product_brand","embeddable":true,"href":"https:\/\/www.jinpinlub.com\/vi\/wp-json\/wp\/v2\/product_brand?post=3209"},{"taxonomy":"product_cat","embeddable":true,"href":"https:\/\/www.jinpinlub.com\/vi\/wp-json\/wp\/v2\/product_cat?post=3209"},{"taxonomy":"product_tag","embeddable":true,"href":"https:\/\/www.jinpinlub.com\/vi\/wp-json\/wp\/v2\/product_tag?post=3209"}],"curies":[{"name":"wp","href":"https:\/\/api.w.org\/{rel}","templated":true}]}}