{"id":3211,"date":"2024-08-12T15:55:10","date_gmt":"2024-08-12T15:55:10","guid":{"rendered":"https:\/\/www.jinpinlub.com\/?post_type=product&#038;p=3211"},"modified":"2024-08-12T16:12:24","modified_gmt":"2024-08-12T16:12:24","slug":"pjd-6-dau-noi-tach-moi-noi-co-dinh-cho-duong-ong","status":"publish","type":"product","link":"https:\/\/www.jinpinlub.com\/vi\/product\/pjd-6-fixed-cross-joint-separation-connector-for-piplelines\/","title":{"rendered":"\u0110\u1ea7u n\u1ed1i t\u00e1ch m\u1ed1i n\u1ed1i c\u1ed1 \u0111\u1ecbnh PJD-6 cho \u0111\u01b0\u1eddng \u1ed1ng"},"content":{"rendered":"<h2>\u0110\u1eb7c tr\u01b0ng<\/h2>\n<p>V\u1eadt li\u1ec7u: H\u1ee3p kim k\u1ebdm c\u00f3 kh\u1ea3 n\u0103ng ch\u1ed1ng \u0103n m\u00f2n m\u1ed9t ph\u1ea7n v\u00e0 b\u1ec1n, m\u1ed1i n\u1ed1i b\u1ed1n chi\u1ec1u b\u1eb1ng h\u1ee3p kim k\u1ebdm c\u00f3 gi\u00e1 tr\u1ecb kinh t\u1ebf.<br \/>\nPh\u01b0\u01a1ng ph\u00e1p k\u1ebft n\u1ed1i: Kh\u1edbp n\u1ed1i b\u1ed1n chi\u1ec1u PJD c\u1ee7a \u0111\u01b0\u1eddng \u1ed1ng b\u00f4i tr\u01a1n chung c\u00f3 th\u1ec3 k\u1ebft n\u1ed1i c\u00e1c \u0111\u01b0\u1eddng \u1ed1ng kh\u00e1c nhau b\u1eb1ng c\u00e1ch ch\u1ec9 l\u1eafp r\u00e1p \u1ed1ng l\u00f3t n\u00e9n, \u1ed1ng l\u00f3t n\u00e9n v\u00e0 \u1ed1ng l\u00f3t \u1ed1ng.<br \/>\nHi\u1ec7u su\u1ea5t chi ph\u00ed cao: M\u1ed1i n\u1ed1i b\u1ed1n chi\u1ec1u c\u1ed1 \u0111\u1ecbnh b\u1eb1ng h\u1ee3p kim k\u1ebdm \u0111\u01b0\u1ee3c s\u1eed d\u1ee5ng trong m\u1ed9t s\u1ed1 \u1ee9ng d\u1ee5ng \u00e1p su\u1ea5t th\u1ea5p, nhi\u1ec7t \u0111\u1ed9 th\u1ea5p ho\u1eb7c \u0111\u00f2i h\u1ecfi chi ph\u00ed cao.<\/p>\n<h2>\u0110\u1eb7c \u0111i\u1ec3m k\u1ef9 thu\u1eadt<\/h2>\n<figure id=\"attachment_3212\" aria-describedby=\"caption-attachment-3212\" style=\"width: 800px\" class=\"wp-caption alignnone\"><img loading=\"lazy\" decoding=\"async\" class=\"size-full wp-image-3212\" src=\"https:\/\/www.jinpinlub.com\/wp-content\/uploads\/2024\/08\/PJD-specification.jpg\" alt=\"Th\u00f4ng s\u1ed1 k\u1ef9 thu\u1eadt PJD\" width=\"800\" height=\"380\" srcset=\"https:\/\/www.jinpinlub.com\/wp-content\/uploads\/2024\/08\/PJD-specification.jpg 800w, https:\/\/www.jinpinlub.com\/wp-content\/uploads\/2024\/08\/PJD-specification-300x143.jpg 300w, https:\/\/www.jinpinlub.com\/wp-content\/uploads\/2024\/08\/PJD-specification-768x365.jpg 768w, https:\/\/www.jinpinlub.com\/wp-content\/uploads\/2024\/08\/PJD-specification-18x9.jpg 18w\" sizes=\"auto, (max-width: 800px) 100vw, 800px\" \/><figcaption id=\"caption-attachment-3212\" class=\"wp-caption-text\">Th\u00f4ng s\u1ed1 k\u1ef9 thu\u1eadt PJD<\/figcaption><\/figure>\n<h2>\u1ee8ng d\u1ee5ng<\/h2>\n<p>\u0110\u1ea7u n\u1ed1i b\u1ed1n chi\u1ec1u PJD \u0111\u01b0\u1ee3c \u1ee9ng d\u1ee5ng cho h\u1ec7 th\u1ed1ng b\u00f4i tr\u01a1n c\u1ee7a nhi\u1ec1u lo\u1ea1i m\u00e1y m\u00f3c v\u00e0 thi\u1ebft b\u1ecb c\u00f4ng nghi\u1ec7p trong c\u00e1c ng\u00e0nh c\u00f4ng nghi\u1ec7p h\u00f3a ch\u1ea5t, d\u1ea7u m\u1ecf, luy\u1ec7n kim, kh\u00ed \u0111\u1ed1t, \u0111i\u1ec7n, \u0111\u00f3ng t\u00e0u, \u00f4 t\u00f4 v\u00e0 x\u00e2y d\u1ef1ng. Ch\u00fang ch\u1ee7 y\u1ebfu k\u1ebft n\u1ed1i b\u1ed1n \u1ed1ng c\u1ee7a h\u1ec7 th\u1ed1ng b\u00f4i tr\u01a1n \u0111\u1ec3 th\u1ef1c hi\u1ec7n vi\u1ec7c cung c\u1ea5p, chuy\u1ec3n h\u01b0\u1edbng ho\u1eb7c quay ch\u1ea5t b\u00f4i tr\u01a1n.<\/p>\n<h2>H\u01b0\u1edbng d\u1eabn s\u1eed d\u1ee5ng<\/h2>\n<div class=\"sdm_download_button_box_default\"><div class=\"sdm_download_link\"><a href=\"https:\/\/www.jinpinlub.com\/vi\/?sdm_process_download=1&download_id=3171\" class=\"sdm_download white\" title=\"Ri\u00eang t\u01b0: OM\/JD\/PKD\/PJD\/PJDB\" target=\"&quot;_blank&quot;\">Xem b\u1ea3ng d\u1eef li\u1ec7u - OM\/JD\/PKD\/PJD\/PJDB<\/a><\/div><\/div>","protected":false},"excerpt":{"rendered":"<p>PJD H\u1ee3p kim k\u1ebdm c\u1ed1 \u0111\u1ecbnh b\u1ed1n chi\u1ec1u kh\u1edbp n\u1ed1i l\u00e0 m\u1ed9t lo\u1ea1i \u0111\u1ea7u n\u1ed1i \u0111\u01b0\u1eddng \u1ed1ng \u0111\u01b0\u1ee3c s\u1eed d\u1ee5ng \u0111\u1ec3 k\u1ebft n\u1ed1i b\u1ed1n \u0111\u01b0\u1eddng \u1ed1ng trong \u0111\u01b0\u1eddng \u1ed1ng b\u00f4i tr\u01a1n. Lo\u1ea1i kh\u1edbp n\u1ed1i n\u00e0y th\u01b0\u1eddng \u0111\u01b0\u1ee3c s\u1eed d\u1ee5ng trong c\u00e1c t\u00ecnh hu\u1ed1ng c\u1ea7n k\u1ebft n\u1ed1i linh ho\u1ea1t ho\u1eb7c l\u00e1i.<\/p>","protected":false},"featured_media":3163,"template":"","meta":{"ocean_post_layout":"","ocean_both_sidebars_style":"","ocean_both_sidebars_content_width":0,"ocean_both_sidebars_sidebars_width":0,"ocean_sidebar":"0","ocean_second_sidebar":"0","ocean_disable_margins":"enable","ocean_add_body_class":"","ocean_shortcode_before_top_bar":"","ocean_shortcode_after_top_bar":"","ocean_shortcode_before_header":"","ocean_shortcode_after_header":"","ocean_has_shortcode":"","ocean_shortcode_after_title":"","ocean_shortcode_before_footer_widgets":"","ocean_shortcode_after_footer_widgets":"","ocean_shortcode_before_footer_bottom":"","ocean_shortcode_after_footer_bottom":"","ocean_display_top_bar":"default","ocean_display_header":"default","ocean_header_style":"","ocean_center_header_left_menu":"0","ocean_custom_header_template":"0","ocean_custom_logo":0,"ocean_custom_retina_logo":0,"ocean_custom_logo_max_width":0,"ocean_custom_logo_tablet_max_width":0,"ocean_custom_logo_mobile_max_width":0,"ocean_custom_logo_max_height":0,"ocean_custom_logo_tablet_max_height":0,"ocean_custom_logo_mobile_max_height":0,"ocean_header_custom_menu":"0","ocean_menu_typo_font_family":"0","ocean_menu_typo_font_subset":"","ocean_menu_typo_font_size":0,"ocean_menu_typo_font_size_tablet":0,"ocean_menu_typo_font_size_mobile":0,"ocean_menu_typo_font_size_unit":"px","ocean_menu_typo_font_weight":"","ocean_menu_typo_font_weight_tablet":"","ocean_menu_typo_font_weight_mobile":"","ocean_menu_typo_transform":"","ocean_menu_typo_transform_tablet":"","ocean_menu_typo_transform_mobile":"","ocean_menu_typo_line_height":0,"ocean_menu_typo_line_height_tablet":0,"ocean_menu_typo_line_height_mobile":0,"ocean_menu_typo_line_height_unit":"","ocean_menu_typo_spacing":0,"ocean_menu_typo_spacing_tablet":0,"ocean_menu_typo_spacing_mobile":0,"ocean_menu_typo_spacing_unit":"","ocean_menu_link_color":"","ocean_menu_link_color_hover":"","ocean_menu_link_color_active":"","ocean_menu_link_background":"","ocean_menu_link_hover_background":"","ocean_menu_link_active_background":"","ocean_menu_social_links_bg":"","ocean_menu_social_hover_links_bg":"","ocean_menu_social_links_color":"","ocean_menu_social_hover_links_color":"","ocean_disable_title":"default","ocean_disable_heading":"default","ocean_post_title":"","ocean_post_subheading":"","ocean_post_title_style":"","ocean_post_title_background_color":"","ocean_post_title_background":0,"ocean_post_title_bg_image_position":"","ocean_post_title_bg_image_attachment":"","ocean_post_title_bg_image_repeat":"","ocean_post_title_bg_image_size":"","ocean_post_title_height":0,"ocean_post_title_bg_overlay":0.5,"ocean_post_title_bg_overlay_color":"","ocean_disable_breadcrumbs":"default","ocean_breadcrumbs_color":"","ocean_breadcrumbs_separator_color":"","ocean_breadcrumbs_links_color":"","ocean_breadcrumbs_links_hover_color":"","ocean_display_footer_widgets":"default","ocean_display_footer_bottom":"default","ocean_custom_footer_template":"0","osh_disable_topbar_sticky":"default","osh_disable_header_sticky":"default","osh_sticky_header_style":"default","osh_sticky_header_effect":"","osh_custom_sticky_logo":0,"osh_custom_retina_sticky_logo":0,"osh_custom_sticky_logo_height":0,"osh_background_color":"","osh_links_color":"","osh_links_hover_color":"","osh_links_active_color":"","osh_links_bg_color":"","osh_links_hover_bg_color":"","osh_links_active_bg_color":"","osh_menu_social_links_color":"","osh_menu_social_hover_links_color":""},"product_brand":[],"product_cat":[31],"product_tag":[182,172,138],"class_list":{"0":"post-3211","1":"product","2":"type-product","3":"status-publish","4":"has-post-thumbnail","6":"product_cat-lube-system-accessories","7":"product_tag-fixed-cross-joint","8":"product_tag-pipeline-adapter","9":"product_tag-pipeline-connector","11":"entry","12":"has-media","14":"first","15":"instock","16":"shipping-taxable","17":"product-type-external","18":"col","19":"span_1_of_3","20":"owp-content-center","21":"owp-thumbs-layout-horizontal","22":"owp-btn-very-big","23":"owp-tabs-layout-horizontal"},"_links":{"self":[{"href":"https:\/\/www.jinpinlub.com\/vi\/wp-json\/wp\/v2\/product\/3211","targetHints":{"allow":["GET"]}}],"collection":[{"href":"https:\/\/www.jinpinlub.com\/vi\/wp-json\/wp\/v2\/product"}],"about":[{"href":"https:\/\/www.jinpinlub.com\/vi\/wp-json\/wp\/v2\/types\/product"}],"wp:featuredmedia":[{"embeddable":true,"href":"https:\/\/www.jinpinlub.com\/vi\/wp-json\/wp\/v2\/media\/3163"}],"wp:attachment":[{"href":"https:\/\/www.jinpinlub.com\/vi\/wp-json\/wp\/v2\/media?parent=3211"}],"wp:term":[{"taxonomy":"product_brand","embeddable":true,"href":"https:\/\/www.jinpinlub.com\/vi\/wp-json\/wp\/v2\/product_brand?post=3211"},{"taxonomy":"product_cat","embeddable":true,"href":"https:\/\/www.jinpinlub.com\/vi\/wp-json\/wp\/v2\/product_cat?post=3211"},{"taxonomy":"product_tag","embeddable":true,"href":"https:\/\/www.jinpinlub.com\/vi\/wp-json\/wp\/v2\/product_tag?post=3211"}],"curies":[{"name":"wp","href":"https:\/\/api.w.org\/{rel}","templated":true}]}}