{"id":3225,"date":"2024-08-15T19:58:29","date_gmt":"2024-08-15T19:58:29","guid":{"rendered":"https:\/\/www.jinpinlub.com\/?post_type=product&#038;p=3225"},"modified":"2024-08-15T21:11:52","modified_gmt":"2024-08-15T21:11:52","slug":"bom-boi-tron-dien-nho-j100-cho-o-truc-dan-huong-tuyen-tinh","status":"publish","type":"product","link":"https:\/\/www.jinpinlub.com\/vi\/product\/j100-small-electric-lubrication-pump-for-bearing-linear-guide\/","title":{"rendered":"B\u01a1m b\u00f4i tr\u01a1n \u0111i\u1ec7n nh\u1ecf J100 cho thanh d\u1eabn h\u01b0\u1edbng tuy\u1ebfn t\u00ednh \u1ed5 tr\u1ee5c"},"content":{"rendered":"<h2>\u0110\u1eb7c tr\u01b0ng<\/h2>\n<p>Hi\u1ec7u qu\u1ea3 v\u1ec1 chi ph\u00ed v\u00e0 \u0111\u1ed9 tin c\u1eady: M\u00e1y b\u01a1m m\u1ee1 \u0111i\u1ec7n J100 cung c\u1ea5p gi\u1ea3i ph\u00e1p b\u00f4i tr\u01a1n t\u1eadp trung hi\u1ec7u qu\u1ea3 v\u1ec1 chi ph\u00ed v\u00e0 \u0111\u1ed9 tin c\u1eady cao cho \u1ed5 tr\u1ee5c v\u00e0 thanh d\u1eabn h\u01b0\u1edbng tuy\u1ebfn t\u00ednh trong thi\u1ebft b\u1ecb c\u01a1 kh\u00ed.<br \/>\nD\u1ec5 v\u1eadn h\u00e0nh: D\u1ec5 l\u1eafp \u0111\u1eb7t v\u00e0 v\u1eadn h\u00e0nh, chu tr\u00ecnh l\u00e0m vi\u1ec7c c\u1ee7a b\u01a1m b\u00f4i tr\u01a1n J100 c\u00f3 th\u1ec3 \u0111\u01b0\u1ee3c \u0111i\u1ec1u khi\u1ec3n b\u1eb1ng PLC ho\u1eb7c b\u1ed9 \u0111i\u1ec1u khi\u1ec3n t\u00edch h\u1ee3p.<br \/>\nT\u01b0\u01a1ng th\u00edch v\u1edbi nhi\u1ec1u th\u00f9ng d\u1ea7u: M\u00e1y b\u00f4i tr\u01a1n m\u1ee1 J100 c\u00f3 th\u1ec3 s\u1eed d\u1ee5ng v\u1edbi h\u1ed9p m\u1ee1 \u0111\u00e3 n\u1ea1p s\u1eb5n ho\u1eb7c v\u1edbi nhi\u1ec1u lo\u1ea1i th\u00f9ng d\u1ea7u b\u1eb1ng nh\u1ef1a c\u00f3 k\u00edch c\u1ee1 kh\u00e1c nhau.<br \/>\nKh\u1ea3 n\u0103ng m\u1edf r\u1ed9ng: T\u00f9y thu\u1ed9c v\u00e0o t\u00ecnh h\u00ecnh c\u1ee5 th\u1ec3 c\u1ee7a h\u1ec7 th\u1ed1ng b\u00f4i tr\u01a1n, b\u01a1m b\u00f4i tr\u01a1n c\u00f3 th\u1ec3 \u0111\u01b0\u1ee3c m\u1edf r\u1ed9ng \u0111\u1ebfn nhi\u1ec1u \u0111i\u1ec3m b\u00f4i tr\u01a1n h\u01a1n v\u00e0 th\u1eadm ch\u00ed c\u00f3 th\u1ec3 chuy\u1ec3n \u0111\u1ed5i b\u01a1m th\u00e0nh b\u01a1m m\u1ed9t \u0111\u01b0\u1eddng ho\u1eb7c b\u01a1m tu\u1ea7n t\u1ef1.<br \/>\nCh\u1ee9c n\u0103ng c\u1ea3nh b\u00e1o s\u1edbm: B\u01a1m b\u00f4i tr\u01a1n c\u00f3 ch\u1ee9c n\u0103ng theo d\u00f5i m\u1ee9c ch\u1ea5t b\u00f4i tr\u01a1n v\u1edbi ch\u1ee9c n\u0103ng c\u1ea3nh b\u00e1o s\u1edbm \u0111\u1ec3 \u0111\u1ea3m b\u1ea3o \u0111\u1ee7 ch\u1ea5t b\u00f4i tr\u01a1n.<\/p>\n<h2>\u0110\u1eb7c \u0111i\u1ec3m k\u1ef9 thu\u1eadt<\/h2>\n<table>\n<tbody>\n<tr>\n<td>Nhi\u1ec7t \u0111\u1ed9 ho\u1ea1t \u0111\u1ed9ng<\/td>\n<td>0~+50\u00b0C<\/td>\n<\/tr>\n<tr>\n<td>S\u1ed1 l\u01b0\u1ee3ng c\u1eeda h\u00e0ng<\/td>\n<td>1, 2<\/td>\n<\/tr>\n<tr>\n<td>S\u1ee9c ch\u1ee9a h\u1ed3 ch\u1ee9a<\/td>\n<td>0,3L, 1,5L(b\u00ecnh ch\u1ee9a), 0,3L, 0,7L(H\u1ed9p m\u1ef1c)<\/td>\n<\/tr>\n<tr>\n<td>N\u1ea1p l\u1ea1i<\/td>\n<td>Ph\u1ee5 ki\u1ec7n b\u00f4i tr\u01a1n th\u1ee7y l\u1ef1c<\/td>\n<\/tr>\n<tr>\n<td>Ch\u1ea5t b\u00f4i tr\u01a1n<\/td>\n<td>M\u1ee1 b\u00f4i tr\u01a1n c\u1ea5p NLGI 000~2#<\/td>\n<\/tr>\n<tr>\n<td>L\u1edbp b\u1ea3o v\u1ec7<\/td>\n<td>IP54<\/td>\n<\/tr>\n<tr>\n<td>Ph\u00f3ng \u0111i\u1ec7n<\/td>\n<td>15mL\/ph\u00fat<\/td>\n<\/tr>\n<tr>\n<td>\u00c1p su\u1ea5t v\u1eadn h\u00e0nh t\u1ed1i \u0111a<\/td>\n<td>8MPa<\/td>\n<\/tr>\n<tr>\n<td>Ch\u1ee7 \u0111\u1ec1 k\u1ebft n\u1ed1i<\/td>\n<td>\u03a66 ho\u1eb7c \u03a68<\/td>\n<\/tr>\n<tr>\n<td>\u0110i\u1ec7n \u00e1p ho\u1ea1t \u0111\u1ed9ng<\/td>\n<td>24VDC<\/td>\n<\/tr>\n<tr>\n<td>Ch\u1ee9ng nh\u1eadn<\/td>\n<td>Ti\u00eau chu\u1ea9n<\/td>\n<\/tr>\n<tr>\n<td>V\u1ecb tr\u00ed l\u1eafp \u0111\u1eb7t<\/td>\n<td>th\u1eb3ng \u0111\u1ee9ng<\/td>\n<\/tr>\n<\/tbody>\n<\/table>\n<h2>\u1ee8ng d\u1ee5ng<\/h2>\n<p>V\u00f2ng bi v\u00e0 d\u1eabn h\u01b0\u1edbng: \u0110i\u1ec1u n\u00e0y c\u00f3 ngh\u0129a l\u00e0 b\u01a1m b\u00f4i tr\u01a1n J100 ph\u00f9 h\u1ee3p v\u1edbi c\u00e1c thi\u1ebft b\u1ecb c\u01a1 kh\u00ed nh\u1ecf c\u1ea7n b\u00f4i tr\u01a1n \u0111\u1ec3 \u0111\u1ea3m b\u1ea3o v\u00f2ng bi v\u00e0 d\u1eabn h\u01b0\u1edbng ho\u1ea1t \u0111\u1ed9ng b\u00ecnh th\u01b0\u1eddng, k\u00e9o d\u00e0i tu\u1ed5i th\u1ecd c\u1ee7a thi\u1ebft b\u1ecb.<br \/>\nNg\u00e0nh c\u00f4ng nghi\u1ec7p m\u00e1y c\u00f4ng c\u1ee5: B\u01a1m b\u00f4i tr\u01a1n J100 c\u00f3 th\u1ec3 \u0111\u01b0\u1ee3c s\u1eed d\u1ee5ng \u0111\u1ec3 b\u00f4i tr\u01a1n c\u00e1c th\u00e0nh ph\u1ea7n ch\u00ednh, ch\u1eb3ng h\u1ea1n nh\u01b0 tr\u1ee5c ch\u00ednh v\u00e0 thanh d\u1eabn h\u01b0\u1edbng c\u1ee7a m\u00e1y c\u00f4ng c\u1ee5 \u0111\u1ec3 c\u1ea3i thi\u1ec7n \u0111\u1ed9 ch\u00ednh x\u00e1c v\u00e0 \u0111\u1ed9 \u1ed5n \u0111\u1ecbnh c\u1ee7a m\u00e1y c\u00f4ng c\u1ee5.<br \/>\nTrong m\u00e1y \u0111\u00f3ng g\u00f3i, m\u00e1y b\u01a1m b\u00f4i tr\u01a1n J100 s\u1ebd \u0111\u1ea3m b\u1ea3o m\u1ecdi \u0111i\u1ec3m b\u00f4i tr\u01a1n d\u1ecdc theo d\u00e2y chuy\u1ec1n s\u1ea3n xu\u1ea5t \u0111\u01b0\u1ee3c b\u00f4i tr\u01a1n k\u1ecbp th\u1eddi v\u00e0 ch\u00ednh x\u00e1c, do \u0111\u00f3 c\u1ea3i thi\u1ec7n hi\u1ec7u qu\u1ea3 s\u1ea3n xu\u1ea5t.<br \/>\nM\u00e1y d\u1ec7t: M\u00e1y b\u01a1m m\u1ee1 J100 \u0111\u01b0\u1ee3c s\u1eed d\u1ee5ng \u0111\u1ec3 b\u00f4i tr\u01a1n c\u00e1c b\u1ed9 ph\u1eadn ch\u00ednh c\u1ee7a m\u00e1y d\u1ec7t nh\u01b0 tr\u1ed1ng k\u00e9o s\u1ee3i v\u00e0 khung c\u1eedi \u0111\u1ec3 \u0111\u1ea3m b\u1ea3o qu\u00e1 tr\u00ecnh s\u1ea3n xu\u1ea5t d\u1ec7t di\u1ec5n ra su\u00f4n s\u1ebb.<\/p>\n<h2>H\u01b0\u1edbng d\u1eabn s\u1eed d\u1ee5ng<\/h2>\n<div class=\"sdm_download_button_box_default\"><div class=\"sdm_download_link\"><a href=\"https:\/\/www.jinpinlub.com\/vi\/?sdm_process_download=1&download_id=2462\" class=\"sdm_download white\" title=\"Ri\u00eang t\u01b0: J100 Grease Pump\" target=\"&quot;_blank&quot;\">Xem B\u1ea3ng d\u1eef li\u1ec7u - B\u01a1m m\u1ee1 J100<\/a><\/div><\/div>","protected":false},"excerpt":{"rendered":"<p>J100 c\u00f3 th\u1ec3 \u0111\u01b0\u1ee3c s\u1eed d\u1ee5ng \u0111\u1ec3 b\u00f4i tr\u01a1n \u1ed5 tr\u1ee5c v\u00e0 thanh d\u1eabn h\u01b0\u1edbng tuy\u1ebfn t\u00ednh. N\u00f3 c\u00f3 th\u1ec3 cung c\u1ea5p gi\u1ea3i ph\u00e1p b\u00f4i tr\u01a1n hi\u1ec7u qu\u1ea3 v\u1ec1 m\u1eb7t chi ph\u00ed v\u00e0 c\u00f3 \u0111\u1ed9 tin c\u1eady cao, ph\u00f9 h\u1ee3p v\u1edbi h\u1ec7 th\u1ed1ng b\u00f4i tr\u01a1n t\u1eadp trung c\u00f3 t\u1edbi 20 \u0111i\u1ec3m b\u00f4i tr\u01a1n v\u00e0 \u0111\u01b0\u1eddng b\u00f4i tr\u01a1n ch\u00ednh d\u00e0i 15 m\u00e9t.<\/p>","protected":false},"featured_media":3226,"template":"","meta":{"ocean_post_layout":"","ocean_both_sidebars_style":"","ocean_both_sidebars_content_width":0,"ocean_both_sidebars_sidebars_width":0,"ocean_sidebar":"0","ocean_second_sidebar":"0","ocean_disable_margins":"enable","ocean_add_body_class":"","ocean_shortcode_before_top_bar":"","ocean_shortcode_after_top_bar":"","ocean_shortcode_before_header":"","ocean_shortcode_after_header":"","ocean_has_shortcode":"","ocean_shortcode_after_title":"","ocean_shortcode_before_footer_widgets":"","ocean_shortcode_after_footer_widgets":"","ocean_shortcode_before_footer_bottom":"","ocean_shortcode_after_footer_bottom":"","ocean_display_top_bar":"default","ocean_display_header":"default","ocean_header_style":"","ocean_center_header_left_menu":"0","ocean_custom_header_template":"0","ocean_custom_logo":0,"ocean_custom_retina_logo":0,"ocean_custom_logo_max_width":0,"ocean_custom_logo_tablet_max_width":0,"ocean_custom_logo_mobile_max_width":0,"ocean_custom_logo_max_height":0,"ocean_custom_logo_tablet_max_height":0,"ocean_custom_logo_mobile_max_height":0,"ocean_header_custom_menu":"0","ocean_menu_typo_font_family":"0","ocean_menu_typo_font_subset":"","ocean_menu_typo_font_size":0,"ocean_menu_typo_font_size_tablet":0,"ocean_menu_typo_font_size_mobile":0,"ocean_menu_typo_font_size_unit":"px","ocean_menu_typo_font_weight":"","ocean_menu_typo_font_weight_tablet":"","ocean_menu_typo_font_weight_mobile":"","ocean_menu_typo_transform":"","ocean_menu_typo_transform_tablet":"","ocean_menu_typo_transform_mobile":"","ocean_menu_typo_line_height":0,"ocean_menu_typo_line_height_tablet":0,"ocean_menu_typo_line_height_mobile":0,"ocean_menu_typo_line_height_unit":"","ocean_menu_typo_spacing":0,"ocean_menu_typo_spacing_tablet":0,"ocean_menu_typo_spacing_mobile":0,"ocean_menu_typo_spacing_unit":"","ocean_menu_link_color":"","ocean_menu_link_color_hover":"","ocean_menu_link_color_active":"","ocean_menu_link_background":"","ocean_menu_link_hover_background":"","ocean_menu_link_active_background":"","ocean_menu_social_links_bg":"","ocean_menu_social_hover_links_bg":"","ocean_menu_social_links_color":"","ocean_menu_social_hover_links_color":"","ocean_disable_title":"default","ocean_disable_heading":"default","ocean_post_title":"","ocean_post_subheading":"","ocean_post_title_style":"","ocean_post_title_background_color":"","ocean_post_title_background":0,"ocean_post_title_bg_image_position":"","ocean_post_title_bg_image_attachment":"","ocean_post_title_bg_image_repeat":"","ocean_post_title_bg_image_size":"","ocean_post_title_height":0,"ocean_post_title_bg_overlay":0.5,"ocean_post_title_bg_overlay_color":"","ocean_disable_breadcrumbs":"default","ocean_breadcrumbs_color":"","ocean_breadcrumbs_separator_color":"","ocean_breadcrumbs_links_color":"","ocean_breadcrumbs_links_hover_color":"","ocean_display_footer_widgets":"default","ocean_display_footer_bottom":"default","ocean_custom_footer_template":"0","osh_disable_topbar_sticky":"default","osh_disable_header_sticky":"default","osh_sticky_header_style":"default","osh_sticky_header_effect":"","osh_custom_sticky_logo":0,"osh_custom_retina_sticky_logo":0,"osh_custom_sticky_logo_height":0,"osh_background_color":"","osh_links_color":"","osh_links_hover_color":"","osh_links_active_color":"","osh_links_bg_color":"","osh_links_hover_bg_color":"","osh_links_active_bg_color":"","osh_menu_social_links_color":"","osh_menu_social_hover_links_color":""},"product_brand":[],"product_cat":[42,41],"product_tag":[185,184,183],"class_list":{"0":"post-3225","1":"product","2":"type-product","3":"status-publish","4":"has-post-thumbnail","6":"product_cat-electric-progressive-pumps","7":"product_cat-progressive-grease-systems","8":"product_tag-electric-grease-pump","9":"product_tag-electric-lube-pump","10":"product_tag-lincoln-electric-grease-pump","12":"entry","13":"has-media","15":"first","16":"instock","17":"shipping-taxable","18":"product-type-external","19":"col","20":"span_1_of_3","21":"owp-content-center","22":"owp-thumbs-layout-horizontal","23":"owp-btn-very-big","24":"owp-tabs-layout-horizontal"},"_links":{"self":[{"href":"https:\/\/www.jinpinlub.com\/vi\/wp-json\/wp\/v2\/product\/3225","targetHints":{"allow":["GET"]}}],"collection":[{"href":"https:\/\/www.jinpinlub.com\/vi\/wp-json\/wp\/v2\/product"}],"about":[{"href":"https:\/\/www.jinpinlub.com\/vi\/wp-json\/wp\/v2\/types\/product"}],"wp:featuredmedia":[{"embeddable":true,"href":"https:\/\/www.jinpinlub.com\/vi\/wp-json\/wp\/v2\/media\/3226"}],"wp:attachment":[{"href":"https:\/\/www.jinpinlub.com\/vi\/wp-json\/wp\/v2\/media?parent=3225"}],"wp:term":[{"taxonomy":"product_brand","embeddable":true,"href":"https:\/\/www.jinpinlub.com\/vi\/wp-json\/wp\/v2\/product_brand?post=3225"},{"taxonomy":"product_cat","embeddable":true,"href":"https:\/\/www.jinpinlub.com\/vi\/wp-json\/wp\/v2\/product_cat?post=3225"},{"taxonomy":"product_tag","embeddable":true,"href":"https:\/\/www.jinpinlub.com\/vi\/wp-json\/wp\/v2\/product_tag?post=3225"}],"curies":[{"name":"wp","href":"https:\/\/api.w.org\/{rel}","templated":true}]}}